{"id":3628,"date":"2023-06-15T07:20:06","date_gmt":"2023-06-15T07:20:06","guid":{"rendered":"https:\/\/www.ttvvalve.com\/%e6%b3%95%e5%be%8b%e5%85%ac%e5%91%8a\/"},"modified":"2023-07-28T08:10:05","modified_gmt":"2023-07-28T08:10:05","slug":"%e6%b3%95%e5%be%8b%e5%85%ac%e5%91%8a","status":"publish","type":"page","link":"https:\/\/www.ttvvalve.com\/zh-hans\/%e6%b3%95%e5%be%8b%e5%85%ac%e5%91%8a\/","title":{"rendered":"\u6cd5\u5f8b\u516c\u544a"},"content":{"rendered":"\t\t<div data-elementor-type=\"wp-page\" data-elementor-id=\"3628\" class=\"elementor elementor-3628 elementor-3207\" data-elementor-post-type=\"page\">\n\t\t\t\t\t\t<section class=\"elementor-section elementor-top-section elementor-element elementor-element-5ba23e6 elementor-section-boxed elementor-section-height-default elementor-section-height-default\" data-id=\"5ba23e6\" data-element_type=\"section\" data-e-type=\"section\">\n\t\t\t\t\t\t<div class=\"elementor-container elementor-column-gap-default\">\n\t\t\t\t\t<div class=\"elementor-column elementor-col-100 elementor-top-column elementor-element elementor-element-b62e41b\" data-id=\"b62e41b\" data-element_type=\"column\" data-e-type=\"column\">\n\t\t\t<div class=\"elementor-widget-wrap elementor-element-populated\">\n\t\t\t\t\t\t<div class=\"elementor-element elementor-element-53d4612 elementor-widget elementor-widget-heading\" data-id=\"53d4612\" data-element_type=\"widget\" data-e-type=\"widget\" data-widget_type=\"heading.default\">\n\t\t\t\t<div class=\"elementor-widget-container\">\n\t\t\t\t\t<h2 class=\"elementor-heading-title elementor-size-xxl\">\u6cd5\u5f8b\u516c\u544a<\/h2>\t\t\t\t<\/div>\n\t\t\t\t<\/div>\n\t\t\t\t<div class=\"elementor-element elementor-element-b270f83 elementor-widget elementor-widget-text-editor\" data-id=\"b270f83\" data-element_type=\"widget\" data-e-type=\"widget\" data-widget_type=\"text-editor.default\">\n\t\t\t\t<div class=\"elementor-widget-container\">\n\t\t\t\t\t\t\t\t\t<p><a href=\"https:\/\/www.ttvvalve.com\">https:\/\/www.ttvvalve.com&nbsp;\u7f51\u7ad9\u6240\u6709\u8005\u662f\u6280\u672f\u8f6c\u6362\u9500\u552e\u6709\u9650\u516c\u53f8\uff0c\u7a0e\u53f7 (CIF) \u662fA28775237\uff0c\u5730\u5740\u662f\u83b1\u52a0\u5185\u65af\u5e02\uff08\u9a6c\u5fb7\u91cc\u81ea\u6cbb\u533a\uff09\u585e\u97e6\u7f57\u2022\u5965\u4e54\u4e9a\u8def11\u53f7\uff0c\u90ae\u653f\u7f16\u780128914\u3002<\/a> &nbsp;\u516c\u53f8\u5728\u201c\u5546\u4e1a\u767b\u8bb0\u5904\u201d\u8fdb\u884c\u6ce8\u518c\u767b\u8bb0\uff0c\u6ce8\u518c\u6570\u636e\u5982\u4e0b\u6240\u793a\uff1a \u9a6c\u5fb7\u91cc\u5546\u4e1a\u767b\u8bb0\u5904\u7b2c4798\u5377\u7b2c1\u9875\u7b2c8\u8282\u7b2c9\u53f7\u6ce8\u518c\u4fe1\u606f\uff08\u9875\u7801\u7f16\u53f7M-78794\uff09\u3002 \u4e3a\u4e86\u8ba9\u7f51\u7ad9\u4f7f\u7528\u7b26\u5408\u900f\u660e\u3001\u6e05\u6670\u548c\u7b80\u5355\u7684\u6807\u51c6\uff0c\u6280\u672f\u8f6c\u6362\u9500\u552e\u6709\u9650\u516c\u53f8\u544a\u77e5\u7528\u6237\uff0c\u6709\u5173\u672c\u6cd5\u5f8b\u516c\u544a\u6216\u7f51\u7ad9\u5176\u4ed6\u4fe1\u606f\u6027\u6587\u4ef6\u7684\u4efb\u4f55\u5efa\u8bae\u3001\u7591\u95ee\u6216\u54a8\u8be2\uff0c\u5c06\u53ef\u4ee5\u901a\u8fc7\u7535\u5b50\u90ae\u7bb1\uff1a&nbsp;<strong><a href=\"mailto:valves@ttv.es\">valves@ttv.es<\/a><\/strong>\u90ae\u7bb1\u8054\u7cfb\u6280\u672f\u8f6c\u6362\u9500\u552e\u6709\u9650\u516c\u53f8\u6c9f\u901a\u89e3\u51b3\u3002<\/p>\n\t\t\t\t\t\t\t\t<\/div>\n\t\t\t\t<\/div>\n\t\t\t\t<div class=\"elementor-element elementor-element-4a59bae elementor-widget elementor-widget-heading\" data-id=\"4a59bae\" data-element_type=\"widget\" data-e-type=\"widget\" data-widget_type=\"heading.default\">\n\t\t\t\t<div class=\"elementor-widget-container\">\n\t\t\t\t\t<h2 class=\"elementor-heading-title elementor-size-default\">\u77e5\u8bc6\u4ea7\u6743<\/h2>\t\t\t\t<\/div>\n\t\t\t\t<\/div>\n\t\t\t\t<div class=\"elementor-element elementor-element-72c863d elementor-widget elementor-widget-text-editor\" data-id=\"72c863d\" data-element_type=\"widget\" data-e-type=\"widget\" data-widget_type=\"text-editor.default\">\n\t\t\t\t<div class=\"elementor-widget-container\">\n\t\t\t\t\t\t\t\t\t<p>\u5728\u672c\u7f51\u7ad9\u4e0a\u663e\u793a\u7684\u6240\u6709\u5185\u5bb9\uff0c\u5c24\u5176\u662f\u5de5\u4e1a\u548c\/\u6216\u5546\u4e1a\u7528\u9014\u7684\u8bbe\u8ba1\u3001\u6587\u672c\u3001\u56fe\u7247\u3001\u5fbd\u6807\u3001\u56fe\u6807\u3001\u5546\u4e1a\u540d\u79f0\u3001\u54c1\u724c\u6216\u5176\u4ed6\u4fe1\u606f\uff0c\u5c06\u53d7\u5230\u76f8\u5e94\u7684\u7248\u6743\u4fdd\u62a4\uff0c\u672a\u7ecf\u5176\u6240\u6709\u8005-\u6280\u672f\u8f6c\u6362\u9500\u552e\u6709\u9650\u516c\u53f8-\u4e8b\u5148\u6388\u6743\uff0c\u4e0d\u5f97\u8fdb\u884c\u590d\u5236\u3001\u4f20\u8f93\u6216\u6ce8\u518c\u4fe1\u606f\u3002 \u4f46\u662f\uff0c\u7528\u6237\u53ef\u4ee5\u5c06\u6240\u63d0\u4f9b\u4fe1\u606f\u7528\u4e8e\u7ba1\u7406\u5176\u8ba2\u5355\u548c\u76f8\u5e94\u7684\u8054\u7cfb\u6570\u636e\u3002<\/p>\n\t\t\t\t\t\t\t\t<\/div>\n\t\t\t\t<\/div>\n\t\t\t\t<div class=\"elementor-element elementor-element-be04bb6 elementor-widget elementor-widget-heading\" data-id=\"be04bb6\" data-element_type=\"widget\" data-e-type=\"widget\" data-widget_type=\"heading.default\">\n\t\t\t\t<div class=\"elementor-widget-container\">\n\t\t\t\t\t<h2 class=\"elementor-heading-title elementor-size-default\">\u94fe\u63a5<\/h2>\t\t\t\t<\/div>\n\t\t\t\t<\/div>\n\t\t\t\t<div class=\"elementor-element elementor-element-9a2ab25 elementor-widget elementor-widget-text-editor\" data-id=\"9a2ab25\" data-element_type=\"widget\" data-e-type=\"widget\" data-widget_type=\"text-editor.default\">\n\t\t\t\t<div class=\"elementor-widget-container\">\n\t\t\t\t\t\t\t\t\t<p>\u6280\u672f\u8f6c\u6362\u9500\u552e\u6709\u9650\u516c\u53f8\u65e0\u6cd5\u63a7\u5236\u672c\u7f51\u7ad9\u4e2d\u53ef\u80fd\u5305\u542b\u7684\u5176\u4ed6\u7f51\u7ad9\u6216\u7f51\u9875\u94fe\u63a5\uff0c\u5bf9\u6b64\u6982\u4e0d\u8d1f\u8d23\u3002\u56e0\u6b64\uff0c\u5728\u5176\u4ed6\u7f51\u7ad9\u6216\u7f51\u9875\u89c4\u5b9a\u4f7f\u7528\u6761\u6b3e\u4e0b\u5bf9\u5176\u5185\u5bb9\u8fdb\u884c\u7684\u8bbf\u95ee\uff0c\u5c06\u7531\u7528\u6237\u5168\u6743\u8d1f\u8d23\u3002<\/p>\n\t\t\t\t\t\t\t\t<\/div>\n\t\t\t\t<\/div>\n\t\t\t\t\t<\/div>\n\t\t<\/div>\n\t\t\t\t\t<\/div>\n\t\t<\/section>\n\t\t\t\t<\/div>\n\t\t","protected":false},"excerpt":{"rendered":"<p>\u6cd5\u5f8b\u516c\u544a https:\/\/www.ttvvalve.com&nbsp;\u7f51\u7ad9\u6240\u6709\u8005\u662f\u6280\u672f\u8f6c\u6362\u9500\u552e\u6709\u9650\u516c\u53f8\uff0c\u7a0e\u53f7  [&hellip;]<\/p>\n","protected":false},"author":1,"featured_media":0,"parent":0,"menu_order":0,"comment_status":"closed","ping_status":"closed","template":"","meta":{"footnotes":""},"class_list":["post-3628","page","type-page","status-publish","hentry"],"yoast_head":"<!-- This site is optimized with the Yoast SEO plugin v27.5 - https:\/\/yoast.com\/product\/yoast-seo-wordpress\/ -->\n<title>\u6cd5\u5f8b\u516c\u544a - TTV<\/title>\n<meta name=\"robots\" content=\"index, follow, max-snippet:-1, max-image-preview:large, max-video-preview:-1\" \/>\n<link rel=\"canonical\" href=\"https:\/\/www.ttvvalve.com\/zh-hans\/\u6cd5\u5f8b\u516c\u544a\/\" \/>\n<meta property=\"og:locale\" content=\"zh_CN\" \/>\n<meta property=\"og:type\" content=\"article\" \/>\n<meta property=\"og:title\" content=\"\u6cd5\u5f8b\u516c\u544a - TTV\" \/>\n<meta property=\"og:description\" content=\"\u6cd5\u5f8b\u516c\u544a https:\/\/www.ttvvalve.com&nbsp;\u7f51\u7ad9\u6240\u6709\u8005\u662f\u6280\u672f\u8f6c\u6362\u9500\u552e\u6709\u9650\u516c\u53f8\uff0c\u7a0e\u53f7 [&hellip;]\" \/>\n<meta property=\"og:url\" content=\"https:\/\/www.ttvvalve.com\/zh-hans\/\u6cd5\u5f8b\u516c\u544a\/\" \/>\n<meta property=\"og:site_name\" content=\"TTV\" \/>\n<meta property=\"article:modified_time\" content=\"2023-07-28T08:10:05+00:00\" \/>\n<meta name=\"twitter:card\" content=\"summary_large_image\" \/>\n<script type=\"application\/ld+json\" class=\"yoast-schema-graph\">{\"@context\":\"https:\\\/\\\/schema.org\",\"@graph\":[{\"@type\":\"WebPage\",\"@id\":\"https:\\\/\\\/www.ttvvalve.com\\\/zh-hans\\\/%e6%b3%95%e5%be%8b%e5%85%ac%e5%91%8a\\\/\",\"url\":\"https:\\\/\\\/www.ttvvalve.com\\\/zh-hans\\\/%e6%b3%95%e5%be%8b%e5%85%ac%e5%91%8a\\\/\",\"name\":\"\u6cd5\u5f8b\u516c\u544a - TTV\",\"isPartOf\":{\"@id\":\"https:\\\/\\\/www.ttvvalve.com\\\/#website\"},\"datePublished\":\"2023-06-15T07:20:06+00:00\",\"dateModified\":\"2023-07-28T08:10:05+00:00\",\"breadcrumb\":{\"@id\":\"https:\\\/\\\/www.ttvvalve.com\\\/zh-hans\\\/%e6%b3%95%e5%be%8b%e5%85%ac%e5%91%8a\\\/#breadcrumb\"},\"inLanguage\":\"zh-Hans\",\"potentialAction\":[{\"@type\":\"ReadAction\",\"target\":[\"https:\\\/\\\/www.ttvvalve.com\\\/zh-hans\\\/%e6%b3%95%e5%be%8b%e5%85%ac%e5%91%8a\\\/\"]}]},{\"@type\":\"BreadcrumbList\",\"@id\":\"https:\\\/\\\/www.ttvvalve.com\\\/zh-hans\\\/%e6%b3%95%e5%be%8b%e5%85%ac%e5%91%8a\\\/#breadcrumb\",\"itemListElement\":[{\"@type\":\"ListItem\",\"position\":1,\"name\":\"Portada\",\"item\":\"https:\\\/\\\/www.ttvvalve.com\\\/zh-hans\\\/\"},{\"@type\":\"ListItem\",\"position\":2,\"name\":\"\u6cd5\u5f8b\u516c\u544a\"}]},{\"@type\":\"WebSite\",\"@id\":\"https:\\\/\\\/www.ttvvalve.com\\\/#website\",\"url\":\"https:\\\/\\\/www.ttvvalve.com\\\/\",\"name\":\"TTV\",\"description\":\"Fabricaci\u00f3n y Distribuci\u00f3n de V\u00e1lvulas\",\"publisher\":{\"@id\":\"https:\\\/\\\/www.ttvvalve.com\\\/#organization\"},\"potentialAction\":[{\"@type\":\"SearchAction\",\"target\":{\"@type\":\"EntryPoint\",\"urlTemplate\":\"https:\\\/\\\/www.ttvvalve.com\\\/?s={search_term_string}\"},\"query-input\":{\"@type\":\"PropertyValueSpecification\",\"valueRequired\":true,\"valueName\":\"search_term_string\"}}],\"inLanguage\":\"zh-Hans\"},{\"@type\":\"Organization\",\"@id\":\"https:\\\/\\\/www.ttvvalve.com\\\/#organization\",\"name\":\"TTV\",\"url\":\"https:\\\/\\\/www.ttvvalve.com\\\/\",\"logo\":{\"@type\":\"ImageObject\",\"inLanguage\":\"zh-Hans\",\"@id\":\"https:\\\/\\\/www.ttvvalve.com\\\/#\\\/schema\\\/logo\\\/image\\\/\",\"url\":\"https:\\\/\\\/www.ttvvalve.com\\\/wp-content\\\/uploads\\\/2022\\\/07\\\/logo-ttv-reducido.jpg\",\"contentUrl\":\"https:\\\/\\\/www.ttvvalve.com\\\/wp-content\\\/uploads\\\/2022\\\/07\\\/logo-ttv-reducido.jpg\",\"width\":100,\"height\":58,\"caption\":\"TTV\"},\"image\":{\"@id\":\"https:\\\/\\\/www.ttvvalve.com\\\/#\\\/schema\\\/logo\\\/image\\\/\"}}]}<\/script>\n<!-- \/ Yoast SEO plugin. -->","yoast_head_json":{"title":"\u6cd5\u5f8b\u516c\u544a - TTV","robots":{"index":"index","follow":"follow","max-snippet":"max-snippet:-1","max-image-preview":"max-image-preview:large","max-video-preview":"max-video-preview:-1"},"canonical":"https:\/\/www.ttvvalve.com\/zh-hans\/\u6cd5\u5f8b\u516c\u544a\/","og_locale":"zh_CN","og_type":"article","og_title":"\u6cd5\u5f8b\u516c\u544a - TTV","og_description":"\u6cd5\u5f8b\u516c\u544a https:\/\/www.ttvvalve.com&nbsp;\u7f51\u7ad9\u6240\u6709\u8005\u662f\u6280\u672f\u8f6c\u6362\u9500\u552e\u6709\u9650\u516c\u53f8\uff0c\u7a0e\u53f7 [&hellip;]","og_url":"https:\/\/www.ttvvalve.com\/zh-hans\/\u6cd5\u5f8b\u516c\u544a\/","og_site_name":"TTV","article_modified_time":"2023-07-28T08:10:05+00:00","twitter_card":"summary_large_image","schema":{"@context":"https:\/\/schema.org","@graph":[{"@type":"WebPage","@id":"https:\/\/www.ttvvalve.com\/zh-hans\/%e6%b3%95%e5%be%8b%e5%85%ac%e5%91%8a\/","url":"https:\/\/www.ttvvalve.com\/zh-hans\/%e6%b3%95%e5%be%8b%e5%85%ac%e5%91%8a\/","name":"\u6cd5\u5f8b\u516c\u544a - TTV","isPartOf":{"@id":"https:\/\/www.ttvvalve.com\/#website"},"datePublished":"2023-06-15T07:20:06+00:00","dateModified":"2023-07-28T08:10:05+00:00","breadcrumb":{"@id":"https:\/\/www.ttvvalve.com\/zh-hans\/%e6%b3%95%e5%be%8b%e5%85%ac%e5%91%8a\/#breadcrumb"},"inLanguage":"zh-Hans","potentialAction":[{"@type":"ReadAction","target":["https:\/\/www.ttvvalve.com\/zh-hans\/%e6%b3%95%e5%be%8b%e5%85%ac%e5%91%8a\/"]}]},{"@type":"BreadcrumbList","@id":"https:\/\/www.ttvvalve.com\/zh-hans\/%e6%b3%95%e5%be%8b%e5%85%ac%e5%91%8a\/#breadcrumb","itemListElement":[{"@type":"ListItem","position":1,"name":"Portada","item":"https:\/\/www.ttvvalve.com\/zh-hans\/"},{"@type":"ListItem","position":2,"name":"\u6cd5\u5f8b\u516c\u544a"}]},{"@type":"WebSite","@id":"https:\/\/www.ttvvalve.com\/#website","url":"https:\/\/www.ttvvalve.com\/","name":"TTV","description":"Fabricaci\u00f3n y Distribuci\u00f3n de V\u00e1lvulas","publisher":{"@id":"https:\/\/www.ttvvalve.com\/#organization"},"potentialAction":[{"@type":"SearchAction","target":{"@type":"EntryPoint","urlTemplate":"https:\/\/www.ttvvalve.com\/?s={search_term_string}"},"query-input":{"@type":"PropertyValueSpecification","valueRequired":true,"valueName":"search_term_string"}}],"inLanguage":"zh-Hans"},{"@type":"Organization","@id":"https:\/\/www.ttvvalve.com\/#organization","name":"TTV","url":"https:\/\/www.ttvvalve.com\/","logo":{"@type":"ImageObject","inLanguage":"zh-Hans","@id":"https:\/\/www.ttvvalve.com\/#\/schema\/logo\/image\/","url":"https:\/\/www.ttvvalve.com\/wp-content\/uploads\/2022\/07\/logo-ttv-reducido.jpg","contentUrl":"https:\/\/www.ttvvalve.com\/wp-content\/uploads\/2022\/07\/logo-ttv-reducido.jpg","width":100,"height":58,"caption":"TTV"},"image":{"@id":"https:\/\/www.ttvvalve.com\/#\/schema\/logo\/image\/"}}]}},"_links":{"self":[{"href":"https:\/\/www.ttvvalve.com\/zh-hans\/wp-json\/wp\/v2\/pages\/3628","targetHints":{"allow":["GET"]}}],"collection":[{"href":"https:\/\/www.ttvvalve.com\/zh-hans\/wp-json\/wp\/v2\/pages"}],"about":[{"href":"https:\/\/www.ttvvalve.com\/zh-hans\/wp-json\/wp\/v2\/types\/page"}],"author":[{"embeddable":true,"href":"https:\/\/www.ttvvalve.com\/zh-hans\/wp-json\/wp\/v2\/users\/1"}],"replies":[{"embeddable":true,"href":"https:\/\/www.ttvvalve.com\/zh-hans\/wp-json\/wp\/v2\/comments?post=3628"}],"version-history":[{"count":2,"href":"https:\/\/www.ttvvalve.com\/zh-hans\/wp-json\/wp\/v2\/pages\/3628\/revisions"}],"predecessor-version":[{"id":4066,"href":"https:\/\/www.ttvvalve.com\/zh-hans\/wp-json\/wp\/v2\/pages\/3628\/revisions\/4066"}],"wp:attachment":[{"href":"https:\/\/www.ttvvalve.com\/zh-hans\/wp-json\/wp\/v2\/media?parent=3628"}],"curies":[{"name":"wp","href":"https:\/\/api.w.org\/{rel}","templated":true}]}}