{"id":3611,"date":"2022-07-06T10:26:05","date_gmt":"2022-07-06T10:26:05","guid":{"rendered":"https:\/\/www.ttvvalve.com\/%e5%88%b6%e8%8d%af\/"},"modified":"2023-07-28T08:09:54","modified_gmt":"2023-07-28T08:09:54","slug":"%e5%88%b6%e8%8d%af","status":"publish","type":"page","link":"https:\/\/www.ttvvalve.com\/zh-hans\/%e5%88%b6%e8%8d%af\/","title":{"rendered":"\u5236\u836f"},"content":{"rendered":"\t\t<div data-elementor-type=\"wp-post\" data-elementor-id=\"3611\" class=\"elementor elementor-3611 elementor-313\" data-elementor-post-type=\"page\">\n\t\t\t\t\t\t<section class=\"elementor-section elementor-top-section elementor-element elementor-element-de36526 elementor-section-height-min-height elementor-section-boxed elementor-section-height-default elementor-section-items-middle\" data-id=\"de36526\" data-element_type=\"section\" data-e-type=\"section\" data-settings=\"{&quot;background_background&quot;:&quot;classic&quot;}\">\n\t\t\t\t\t\t\t<div class=\"elementor-background-overlay\"><\/div>\n\t\t\t\t\t\t\t<div class=\"elementor-container elementor-column-gap-default\">\n\t\t\t\t\t<div class=\"elementor-column elementor-col-100 elementor-top-column elementor-element elementor-element-274e015\" data-id=\"274e015\" data-element_type=\"column\" data-e-type=\"column\">\n\t\t\t<div class=\"elementor-widget-wrap elementor-element-populated\">\n\t\t\t\t\t\t<div class=\"elementor-element elementor-element-b81d69d elementor-widget elementor-widget-heading\" data-id=\"b81d69d\" data-element_type=\"widget\" data-e-type=\"widget\" data-widget_type=\"heading.default\">\n\t\t\t\t<div class=\"elementor-widget-container\">\n\t\t\t\t\t<h2 class=\"elementor-heading-title elementor-size-default\">\u5236\u836f<\/h2>\t\t\t\t<\/div>\n\t\t\t\t<\/div>\n\t\t\t\t\t<\/div>\n\t\t<\/div>\n\t\t\t\t\t<\/div>\n\t\t<\/section>\n\t\t\t\t<section class=\"elementor-section elementor-top-section elementor-element elementor-element-a8aef18 elementor-section-boxed elementor-section-height-default elementor-section-height-default\" data-id=\"a8aef18\" data-element_type=\"section\" data-e-type=\"section\">\n\t\t\t\t\t\t<div class=\"elementor-container elementor-column-gap-default\">\n\t\t\t\t\t<div class=\"elementor-column elementor-col-50 elementor-top-column elementor-element elementor-element-c913a62\" data-id=\"c913a62\" data-element_type=\"column\" data-e-type=\"column\">\n\t\t\t<div class=\"elementor-widget-wrap elementor-element-populated\">\n\t\t\t\t\t\t<div class=\"elementor-element elementor-element-8eb727a elementor-widget elementor-widget-text-editor\" data-id=\"8eb727a\" data-element_type=\"widget\" data-e-type=\"widget\" data-widget_type=\"text-editor.default\">\n\t\t\t\t<div class=\"elementor-widget-container\">\n\t\t\t\t\t\t\t\t\t<p>\u5236\u836f\u884c\u4e1a\u7684\u9996\u8981\u76ee\u6807\u662f\u65b0\u836f\u7269\u7684\u53d1\u73b0\u53ca\u7814\u53d1\uff0c\u65e8\u5728\u6539\u5584\u6709\u5065\u5eb7\u56f0\u6270\u4e4b\u4eba\u7684\u5065\u5eb7\u548c\u751f\u6d3b\u8d28\u91cf\u3002<\/p>\n<p>\u4f46\u662f\uff0c\u5236\u836f\u884c\u4e1a\u4e5f\u6210\u4e3a\u5236\u836f\u516c\u53f8\u6240\u5728\u56fd\u7ecf\u6d4e\u7684\u4e3b\u8981\u52a8\u529b\u4e4b\u4e00\uff0c\u8fd8\u662f\u4e3b\u8981\u7ecf\u6d4e\u548c\u79d1\u6280\u5f15\u64ce\u4e4b\u4e00\uff0c\u662f\u4f18\u8d28\u5c31\u4e1a\u548c\u8d22\u5bcc\u7684\u521b\u9020\u8005\u3002<\/p>\n\t\t\t\t\t\t\t\t<\/div>\n\t\t\t\t<\/div>\n\t\t\t\t\t<\/div>\n\t\t<\/div>\n\t\t\t\t<div class=\"elementor-column elementor-col-50 elementor-top-column elementor-element elementor-element-86ef9bc\" data-id=\"86ef9bc\" data-element_type=\"column\" data-e-type=\"column\">\n\t\t\t<div class=\"elementor-widget-wrap elementor-element-populated\">\n\t\t\t\t\t\t<div class=\"elementor-element elementor-element-9cff16c elementor-widget elementor-widget-text-editor\" data-id=\"9cff16c\" data-element_type=\"widget\" data-e-type=\"widget\" data-widget_type=\"text-editor.default\">\n\t\t\t\t<div class=\"elementor-widget-container\">\n\t\t\t\t\t\t\t\t\t<p>\u56e0\u6b64\uff0c\u6211\u4eec\u5f00\u53d1\u4e86\u4e00\u7cfb\u5217\u4ea7\u54c1\uff0c\u65e2\u7b26\u5408\u5065\u5eb7\u8981\u6c42\u3001\u53c8\u5177\u6709\u7ecf\u6d4e\u7ade\u4e89\u529b\uff0c\u62e5\u6709\u4e00\u79cd\u83b7\u5f97FDA\u6279\u51c6\u7684PTFE\u5ea7\u5c01\u3002<\/p>\n\t\t\t\t\t\t\t\t<\/div>\n\t\t\t\t<\/div>\n\t\t\t\t\t<\/div>\n\t\t<\/div>\n\t\t\t\t\t<\/div>\n\t\t<\/section>\n\t\t\t\t<section class=\"elementor-section elementor-top-section elementor-element elementor-element-818dc9d elementor-section-boxed elementor-section-height-default elementor-section-height-default\" data-id=\"818dc9d\" data-element_type=\"section\" data-e-type=\"section\">\n\t\t\t\t\t\t<div class=\"elementor-container elementor-column-gap-default\">\n\t\t\t\t\t<div class=\"elementor-column elementor-col-100 elementor-top-column elementor-element elementor-element-062c54a\" data-id=\"062c54a\" data-element_type=\"column\" data-e-type=\"column\">\n\t\t\t<div class=\"elementor-widget-wrap elementor-element-populated\">\n\t\t\t\t\t\t<div class=\"elementor-element elementor-element-a0bc524 elementor-widget elementor-widget-heading\" data-id=\"a0bc524\" data-element_type=\"widget\" data-e-type=\"widget\" data-widget_type=\"heading.default\">\n\t\t\t\t<div class=\"elementor-widget-container\">\n\t\t\t\t\t<h3 class=\"elementor-heading-title elementor-size-default\">TTV\u9600\u95e8\u9002\u5408\u884c\u4e1a<\/h3>\t\t\t\t<\/div>\n\t\t\t\t<\/div>\n\t\t\t\t\t<\/div>\n\t\t<\/div>\n\t\t\t\t\t<\/div>\n\t\t<\/section>\n\t\t\t\t<section class=\"elementor-section elementor-top-section elementor-element elementor-element-3d09b54 elementor-section-boxed elementor-section-height-default elementor-section-height-default\" data-id=\"3d09b54\" data-element_type=\"section\" data-e-type=\"section\">\n\t\t\t\t\t\t<div class=\"elementor-container elementor-column-gap-default\">\n\t\t\t\t\t<div class=\"elementor-column elementor-col-50 elementor-top-column elementor-element elementor-element-0199920\" data-id=\"0199920\" data-element_type=\"column\" data-e-type=\"column\">\n\t\t\t<div class=\"elementor-widget-wrap elementor-element-populated\">\n\t\t\t\t\t\t<div class=\"elementor-element elementor-element-972c075 elementor-widget elementor-widget-image\" data-id=\"972c075\" data-element_type=\"widget\" data-e-type=\"widget\" data-widget_type=\"image.default\">\n\t\t\t\t<div class=\"elementor-widget-container\">\n\t\t\t\t\t\t\t\t\t\t\t\t\t\t\t\t<a href=\"https:\/\/www.ttvvalve.com\/zh-hans\/%e4%ba%a7%e5%93%81\/%e5%90%8c%e5%bf%83\/%e5%88%86%e4%bd%93%e5%bc%8f\/\">\n\t\t\t\t\t\t\t<img fetchpriority=\"high\" decoding=\"async\" width=\"325\" height=\"485\" src=\"https:\/\/www.ttvvalve.com\/wp-content\/uploads\/2023\/06\/cuerpo-partido.jpg\" class=\"attachment-full size-full wp-image-3437\" alt=\"\" srcset=\"https:\/\/www.ttvvalve.com\/wp-content\/uploads\/2023\/06\/cuerpo-partido.jpg 325w, https:\/\/www.ttvvalve.com\/wp-content\/uploads\/2023\/06\/cuerpo-partido-201x300.jpg 201w\" sizes=\"(max-width: 325px) 100vw, 325px\" \/>\t\t\t\t\t\t\t\t<\/a>\n\t\t\t\t\t\t\t\t\t\t\t\t\t\t\t<\/div>\n\t\t\t\t<\/div>\n\t\t\t\t<div class=\"elementor-element elementor-element-8825963 elementor-align-center elementor-widget elementor-widget-button\" data-id=\"8825963\" data-element_type=\"widget\" data-e-type=\"widget\" data-widget_type=\"button.default\">\n\t\t\t\t<div class=\"elementor-widget-container\">\n\t\t\t\t\t\t\t\t\t<div class=\"elementor-button-wrapper\">\n\t\t\t\t\t<a class=\"elementor-button elementor-button-link elementor-size-sm\" href=\"https:\/\/www.ttvvalve.com\/zh-hans\/%e4%ba%a7%e5%93%81\/%e5%90%8c%e5%bf%83\/%e5%88%86%e4%bd%93%e5%bc%8f\/\">\n\t\t\t\t\t\t<span class=\"elementor-button-content-wrapper\">\n\t\t\t\t\t\t\t\t\t<span class=\"elementor-button-text\">\u5206\u4f53\u5f0f<\/span>\n\t\t\t\t\t<\/span>\n\t\t\t\t\t<\/a>\n\t\t\t\t<\/div>\n\t\t\t\t\t\t\t\t<\/div>\n\t\t\t\t<\/div>\n\t\t\t\t\t<\/div>\n\t\t<\/div>\n\t\t\t\t<div class=\"elementor-column elementor-col-50 elementor-top-column elementor-element elementor-element-2a7e539\" data-id=\"2a7e539\" data-element_type=\"column\" data-e-type=\"column\">\n\t\t\t<div class=\"elementor-widget-wrap elementor-element-populated\">\n\t\t\t\t\t\t<div class=\"elementor-element elementor-element-c2b70aa elementor-widget elementor-widget-image\" data-id=\"c2b70aa\" data-element_type=\"widget\" data-e-type=\"widget\" data-widget_type=\"image.default\">\n\t\t\t\t<div class=\"elementor-widget-container\">\n\t\t\t\t\t\t\t\t\t\t\t\t\t\t\t\t<a href=\"https:\/\/www.ttvvalve.com\/zh-hans\/%e4%ba%a7%e5%93%81\/%e5%8f%8c%e5%81%8f%e5%bf%83\/colossus-ptfe-r-ptfe\/\">\n\t\t\t\t\t\t\t<img decoding=\"async\" src=\"https:\/\/www.ttvvalve.com\/wp-content\/uploads\/elementor\/thumbs\/ASIENTO-BLANDO_MG_4696-_-AR_reduc_comp-q5wxe3npuf3fi66i2nhz3l1aq5ipcxy2hcjf6twvua.webp\" title=\"ASIENTO BLANDO_MG_4696 _ AR_reduc_comp\" alt=\"ASIENTO BLANDO_MG_4696 _ AR_reduc_comp\" loading=\"lazy\" \/>\t\t\t\t\t\t\t\t<\/a>\n\t\t\t\t\t\t\t\t\t\t\t\t\t\t\t<\/div>\n\t\t\t\t<\/div>\n\t\t\t\t<div class=\"elementor-element elementor-element-7b2ed92 elementor-align-center elementor-widget elementor-widget-button\" data-id=\"7b2ed92\" data-element_type=\"widget\" data-e-type=\"widget\" data-widget_type=\"button.default\">\n\t\t\t\t<div class=\"elementor-widget-container\">\n\t\t\t\t\t\t\t\t\t<div class=\"elementor-button-wrapper\">\n\t\t\t\t\t<a class=\"elementor-button elementor-button-link elementor-size-sm\" href=\"https:\/\/www.ttvvalve.com\/zh-hans\/%e4%ba%a7%e5%93%81\/%e5%8f%8c%e5%81%8f%e5%bf%83\/colossus-ptfe-r-ptfe\/\">\n\t\t\t\t\t\t<span class=\"elementor-button-content-wrapper\">\n\t\t\t\t\t\t\t\t\t<span class=\"elementor-button-text\">Colossus PTFE\/R-PTFE<\/span>\n\t\t\t\t\t<\/span>\n\t\t\t\t\t<\/a>\n\t\t\t\t<\/div>\n\t\t\t\t\t\t\t\t<\/div>\n\t\t\t\t<\/div>\n\t\t\t\t\t<\/div>\n\t\t<\/div>\n\t\t\t\t\t<\/div>\n\t\t<\/section>\n\t\t\t\t<\/div>\n\t\t","protected":false},"excerpt":{"rendered":"<p>\u5236\u836f \u5236\u836f\u884c\u4e1a\u7684\u9996\u8981\u76ee\u6807\u662f\u65b0\u836f\u7269\u7684\u53d1\u73b0\u53ca\u7814\u53d1\uff0c\u65e8\u5728\u6539\u5584\u6709\u5065\u5eb7\u56f0\u6270\u4e4b\u4eba\u7684\u5065\u5eb7\u548c\u751f\u6d3b\u8d28\u91cf\u3002 \u4f46\u662f\uff0c\u5236\u836f\u884c\u4e1a\u4e5f\u6210\u4e3a\u5236 [&hellip;]<\/p>\n","protected":false},"author":1,"featured_media":0,"parent":0,"menu_order":0,"comment_status":"closed","ping_status":"closed","template":"","meta":{"footnotes":""},"class_list":["post-3611","page","type-page","status-publish","hentry"],"yoast_head":"<!-- This site is optimized with the Yoast SEO plugin v27.5 - https:\/\/yoast.com\/product\/yoast-seo-wordpress\/ -->\n<title>\u5236\u836f - TTV<\/title>\n<meta name=\"description\" content=\"\u4f5c\u4e3a\u793e\u4f1a\u3001\u7ecf\u6d4e\u548c\u79d1\u6280\u5f15\u64ce\u4e4b\u4e00\uff0c\u6211\u4eec\u4e3a\u5236\u836f\u884c\u4e1a\u5f00\u53d1\u4e86\u4e00\u7cfb\u5217\u4ea7\u54c1\u3002\" \/>\n<meta name=\"robots\" content=\"index, follow, max-snippet:-1, max-image-preview:large, max-video-preview:-1\" \/>\n<link rel=\"canonical\" href=\"https:\/\/www.ttvvalve.com\/zh-hans\/\u5236\u836f\/\" \/>\n<meta property=\"og:locale\" content=\"zh_CN\" \/>\n<meta property=\"og:type\" content=\"article\" \/>\n<meta property=\"og:title\" content=\"\u5236\u836f - TTV\" \/>\n<meta property=\"og:description\" content=\"\u4f5c\u4e3a\u793e\u4f1a\u3001\u7ecf\u6d4e\u548c\u79d1\u6280\u5f15\u64ce\u4e4b\u4e00\uff0c\u6211\u4eec\u4e3a\u5236\u836f\u884c\u4e1a\u5f00\u53d1\u4e86\u4e00\u7cfb\u5217\u4ea7\u54c1\u3002\" \/>\n<meta property=\"og:url\" content=\"https:\/\/www.ttvvalve.com\/zh-hans\/\u5236\u836f\/\" \/>\n<meta property=\"og:site_name\" content=\"TTV\" \/>\n<meta property=\"article:modified_time\" content=\"2023-07-28T08:09:54+00:00\" \/>\n<meta property=\"og:image\" content=\"https:\/\/www.ttvvalve.com\/wp-content\/uploads\/2023\/06\/cuerpo-partido.jpg\" \/>\n<meta name=\"twitter:card\" content=\"summary_large_image\" \/>\n<script type=\"application\/ld+json\" class=\"yoast-schema-graph\">{\"@context\":\"https:\\\/\\\/schema.org\",\"@graph\":[{\"@type\":\"WebPage\",\"@id\":\"https:\\\/\\\/www.ttvvalve.com\\\/zh-hans\\\/%e5%88%b6%e8%8d%af\\\/\",\"url\":\"https:\\\/\\\/www.ttvvalve.com\\\/zh-hans\\\/%e5%88%b6%e8%8d%af\\\/\",\"name\":\"\u5236\u836f - TTV\",\"isPartOf\":{\"@id\":\"https:\\\/\\\/www.ttvvalve.com\\\/#website\"},\"primaryImageOfPage\":{\"@id\":\"https:\\\/\\\/www.ttvvalve.com\\\/zh-hans\\\/%e5%88%b6%e8%8d%af\\\/#primaryimage\"},\"image\":{\"@id\":\"https:\\\/\\\/www.ttvvalve.com\\\/zh-hans\\\/%e5%88%b6%e8%8d%af\\\/#primaryimage\"},\"thumbnailUrl\":\"https:\\\/\\\/www.ttvvalve.com\\\/wp-content\\\/uploads\\\/2023\\\/06\\\/cuerpo-partido.jpg\",\"datePublished\":\"2022-07-06T10:26:05+00:00\",\"dateModified\":\"2023-07-28T08:09:54+00:00\",\"description\":\"\u4f5c\u4e3a\u793e\u4f1a\u3001\u7ecf\u6d4e\u548c\u79d1\u6280\u5f15\u64ce\u4e4b\u4e00\uff0c\u6211\u4eec\u4e3a\u5236\u836f\u884c\u4e1a\u5f00\u53d1\u4e86\u4e00\u7cfb\u5217\u4ea7\u54c1\u3002\",\"breadcrumb\":{\"@id\":\"https:\\\/\\\/www.ttvvalve.com\\\/zh-hans\\\/%e5%88%b6%e8%8d%af\\\/#breadcrumb\"},\"inLanguage\":\"zh-Hans\",\"potentialAction\":[{\"@type\":\"ReadAction\",\"target\":[\"https:\\\/\\\/www.ttvvalve.com\\\/zh-hans\\\/%e5%88%b6%e8%8d%af\\\/\"]}]},{\"@type\":\"ImageObject\",\"inLanguage\":\"zh-Hans\",\"@id\":\"https:\\\/\\\/www.ttvvalve.com\\\/zh-hans\\\/%e5%88%b6%e8%8d%af\\\/#primaryimage\",\"url\":\"https:\\\/\\\/www.ttvvalve.com\\\/wp-content\\\/uploads\\\/2023\\\/06\\\/cuerpo-partido.jpg\",\"contentUrl\":\"https:\\\/\\\/www.ttvvalve.com\\\/wp-content\\\/uploads\\\/2023\\\/06\\\/cuerpo-partido.jpg\"},{\"@type\":\"BreadcrumbList\",\"@id\":\"https:\\\/\\\/www.ttvvalve.com\\\/zh-hans\\\/%e5%88%b6%e8%8d%af\\\/#breadcrumb\",\"itemListElement\":[{\"@type\":\"ListItem\",\"position\":1,\"name\":\"Portada\",\"item\":\"https:\\\/\\\/www.ttvvalve.com\\\/zh-hans\\\/\"},{\"@type\":\"ListItem\",\"position\":2,\"name\":\"\u5236\u836f\"}]},{\"@type\":\"WebSite\",\"@id\":\"https:\\\/\\\/www.ttvvalve.com\\\/#website\",\"url\":\"https:\\\/\\\/www.ttvvalve.com\\\/\",\"name\":\"TTV\",\"description\":\"Fabricaci\u00f3n y Distribuci\u00f3n de V\u00e1lvulas\",\"publisher\":{\"@id\":\"https:\\\/\\\/www.ttvvalve.com\\\/#organization\"},\"potentialAction\":[{\"@type\":\"SearchAction\",\"target\":{\"@type\":\"EntryPoint\",\"urlTemplate\":\"https:\\\/\\\/www.ttvvalve.com\\\/?s={search_term_string}\"},\"query-input\":{\"@type\":\"PropertyValueSpecification\",\"valueRequired\":true,\"valueName\":\"search_term_string\"}}],\"inLanguage\":\"zh-Hans\"},{\"@type\":\"Organization\",\"@id\":\"https:\\\/\\\/www.ttvvalve.com\\\/#organization\",\"name\":\"TTV\",\"url\":\"https:\\\/\\\/www.ttvvalve.com\\\/\",\"logo\":{\"@type\":\"ImageObject\",\"inLanguage\":\"zh-Hans\",\"@id\":\"https:\\\/\\\/www.ttvvalve.com\\\/#\\\/schema\\\/logo\\\/image\\\/\",\"url\":\"https:\\\/\\\/www.ttvvalve.com\\\/wp-content\\\/uploads\\\/2022\\\/07\\\/logo-ttv-reducido.jpg\",\"contentUrl\":\"https:\\\/\\\/www.ttvvalve.com\\\/wp-content\\\/uploads\\\/2022\\\/07\\\/logo-ttv-reducido.jpg\",\"width\":100,\"height\":58,\"caption\":\"TTV\"},\"image\":{\"@id\":\"https:\\\/\\\/www.ttvvalve.com\\\/#\\\/schema\\\/logo\\\/image\\\/\"}}]}<\/script>\n<!-- \/ Yoast SEO plugin. -->","yoast_head_json":{"title":"\u5236\u836f - TTV","description":"\u4f5c\u4e3a\u793e\u4f1a\u3001\u7ecf\u6d4e\u548c\u79d1\u6280\u5f15\u64ce\u4e4b\u4e00\uff0c\u6211\u4eec\u4e3a\u5236\u836f\u884c\u4e1a\u5f00\u53d1\u4e86\u4e00\u7cfb\u5217\u4ea7\u54c1\u3002","robots":{"index":"index","follow":"follow","max-snippet":"max-snippet:-1","max-image-preview":"max-image-preview:large","max-video-preview":"max-video-preview:-1"},"canonical":"https:\/\/www.ttvvalve.com\/zh-hans\/\u5236\u836f\/","og_locale":"zh_CN","og_type":"article","og_title":"\u5236\u836f - TTV","og_description":"\u4f5c\u4e3a\u793e\u4f1a\u3001\u7ecf\u6d4e\u548c\u79d1\u6280\u5f15\u64ce\u4e4b\u4e00\uff0c\u6211\u4eec\u4e3a\u5236\u836f\u884c\u4e1a\u5f00\u53d1\u4e86\u4e00\u7cfb\u5217\u4ea7\u54c1\u3002","og_url":"https:\/\/www.ttvvalve.com\/zh-hans\/\u5236\u836f\/","og_site_name":"TTV","article_modified_time":"2023-07-28T08:09:54+00:00","og_image":[{"url":"https:\/\/www.ttvvalve.com\/wp-content\/uploads\/2023\/06\/cuerpo-partido.jpg","type":"","width":"","height":""}],"twitter_card":"summary_large_image","schema":{"@context":"https:\/\/schema.org","@graph":[{"@type":"WebPage","@id":"https:\/\/www.ttvvalve.com\/zh-hans\/%e5%88%b6%e8%8d%af\/","url":"https:\/\/www.ttvvalve.com\/zh-hans\/%e5%88%b6%e8%8d%af\/","name":"\u5236\u836f - TTV","isPartOf":{"@id":"https:\/\/www.ttvvalve.com\/#website"},"primaryImageOfPage":{"@id":"https:\/\/www.ttvvalve.com\/zh-hans\/%e5%88%b6%e8%8d%af\/#primaryimage"},"image":{"@id":"https:\/\/www.ttvvalve.com\/zh-hans\/%e5%88%b6%e8%8d%af\/#primaryimage"},"thumbnailUrl":"https:\/\/www.ttvvalve.com\/wp-content\/uploads\/2023\/06\/cuerpo-partido.jpg","datePublished":"2022-07-06T10:26:05+00:00","dateModified":"2023-07-28T08:09:54+00:00","description":"\u4f5c\u4e3a\u793e\u4f1a\u3001\u7ecf\u6d4e\u548c\u79d1\u6280\u5f15\u64ce\u4e4b\u4e00\uff0c\u6211\u4eec\u4e3a\u5236\u836f\u884c\u4e1a\u5f00\u53d1\u4e86\u4e00\u7cfb\u5217\u4ea7\u54c1\u3002","breadcrumb":{"@id":"https:\/\/www.ttvvalve.com\/zh-hans\/%e5%88%b6%e8%8d%af\/#breadcrumb"},"inLanguage":"zh-Hans","potentialAction":[{"@type":"ReadAction","target":["https:\/\/www.ttvvalve.com\/zh-hans\/%e5%88%b6%e8%8d%af\/"]}]},{"@type":"ImageObject","inLanguage":"zh-Hans","@id":"https:\/\/www.ttvvalve.com\/zh-hans\/%e5%88%b6%e8%8d%af\/#primaryimage","url":"https:\/\/www.ttvvalve.com\/wp-content\/uploads\/2023\/06\/cuerpo-partido.jpg","contentUrl":"https:\/\/www.ttvvalve.com\/wp-content\/uploads\/2023\/06\/cuerpo-partido.jpg"},{"@type":"BreadcrumbList","@id":"https:\/\/www.ttvvalve.com\/zh-hans\/%e5%88%b6%e8%8d%af\/#breadcrumb","itemListElement":[{"@type":"ListItem","position":1,"name":"Portada","item":"https:\/\/www.ttvvalve.com\/zh-hans\/"},{"@type":"ListItem","position":2,"name":"\u5236\u836f"}]},{"@type":"WebSite","@id":"https:\/\/www.ttvvalve.com\/#website","url":"https:\/\/www.ttvvalve.com\/","name":"TTV","description":"Fabricaci\u00f3n y Distribuci\u00f3n de V\u00e1lvulas","publisher":{"@id":"https:\/\/www.ttvvalve.com\/#organization"},"potentialAction":[{"@type":"SearchAction","target":{"@type":"EntryPoint","urlTemplate":"https:\/\/www.ttvvalve.com\/?s={search_term_string}"},"query-input":{"@type":"PropertyValueSpecification","valueRequired":true,"valueName":"search_term_string"}}],"inLanguage":"zh-Hans"},{"@type":"Organization","@id":"https:\/\/www.ttvvalve.com\/#organization","name":"TTV","url":"https:\/\/www.ttvvalve.com\/","logo":{"@type":"ImageObject","inLanguage":"zh-Hans","@id":"https:\/\/www.ttvvalve.com\/#\/schema\/logo\/image\/","url":"https:\/\/www.ttvvalve.com\/wp-content\/uploads\/2022\/07\/logo-ttv-reducido.jpg","contentUrl":"https:\/\/www.ttvvalve.com\/wp-content\/uploads\/2022\/07\/logo-ttv-reducido.jpg","width":100,"height":58,"caption":"TTV"},"image":{"@id":"https:\/\/www.ttvvalve.com\/#\/schema\/logo\/image\/"}}]}},"_links":{"self":[{"href":"https:\/\/www.ttvvalve.com\/zh-hans\/wp-json\/wp\/v2\/pages\/3611","targetHints":{"allow":["GET"]}}],"collection":[{"href":"https:\/\/www.ttvvalve.com\/zh-hans\/wp-json\/wp\/v2\/pages"}],"about":[{"href":"https:\/\/www.ttvvalve.com\/zh-hans\/wp-json\/wp\/v2\/types\/page"}],"author":[{"embeddable":true,"href":"https:\/\/www.ttvvalve.com\/zh-hans\/wp-json\/wp\/v2\/users\/1"}],"replies":[{"embeddable":true,"href":"https:\/\/www.ttvvalve.com\/zh-hans\/wp-json\/wp\/v2\/comments?post=3611"}],"version-history":[{"count":2,"href":"https:\/\/www.ttvvalve.com\/zh-hans\/wp-json\/wp\/v2\/pages\/3611\/revisions"}],"predecessor-version":[{"id":4048,"href":"https:\/\/www.ttvvalve.com\/zh-hans\/wp-json\/wp\/v2\/pages\/3611\/revisions\/4048"}],"wp:attachment":[{"href":"https:\/\/www.ttvvalve.com\/zh-hans\/wp-json\/wp\/v2\/media?parent=3611"}],"curies":[{"name":"wp","href":"https:\/\/api.w.org\/{rel}","templated":true}]}}