{"id":3607,"date":"2022-07-06T09:01:43","date_gmt":"2022-07-06T09:01:43","guid":{"rendered":"https:\/\/www.ttvvalve.com\/%e8%81%94%e7%b3%bb%e4%bf%a1%e6%81%af\/"},"modified":"2023-07-28T08:09:53","modified_gmt":"2023-07-28T08:09:53","slug":"%e8%81%94%e7%b3%bb%e4%bf%a1%e6%81%af","status":"publish","type":"page","link":"https:\/\/www.ttvvalve.com\/zh-hans\/%e8%81%94%e7%b3%bb%e4%bf%a1%e6%81%af\/","title":{"rendered":"\u8054\u7cfb\u4fe1\u606f"},"content":{"rendered":"\t\t<div data-elementor-type=\"wp-post\" data-elementor-id=\"3607\" class=\"elementor elementor-3607 elementor-255\" data-elementor-post-type=\"page\">\n\t\t\t\t\t\t<section class=\"elementor-section elementor-top-section elementor-element elementor-element-3deb3b6 elementor-section-boxed elementor-section-height-default elementor-section-height-default\" data-id=\"3deb3b6\" data-element_type=\"section\" data-e-type=\"section\">\n\t\t\t\t\t\t<div class=\"elementor-container elementor-column-gap-default\">\n\t\t\t\t\t<div class=\"elementor-column elementor-col-100 elementor-top-column elementor-element elementor-element-b42ce2a\" data-id=\"b42ce2a\" data-element_type=\"column\" data-e-type=\"column\">\n\t\t\t<div class=\"elementor-widget-wrap elementor-element-populated\">\n\t\t\t\t\t\t<div class=\"elementor-element elementor-element-841db41 elementor-widget elementor-widget-heading\" data-id=\"841db41\" data-element_type=\"widget\" data-e-type=\"widget\" data-widget_type=\"heading.default\">\n\t\t\t\t<div class=\"elementor-widget-container\">\n\t\t\t\t\t<h2 class=\"elementor-heading-title elementor-size-xxl\"><a href=\"#\">TTV\u9600\u95e8<\/a><\/h2>\t\t\t\t<\/div>\n\t\t\t\t<\/div>\n\t\t\t\t<div class=\"elementor-element elementor-element-8894b49 elementor-widget elementor-widget-text-editor\" data-id=\"8894b49\" data-element_type=\"widget\" data-e-type=\"widget\" data-widget_type=\"text-editor.default\">\n\t\t\t\t<div class=\"elementor-widget-container\">\n\t\t\t\t\t\t\t\t\t<h2 style=\"font-size: 20px; margin: 0;\">\u968f\u65f6\u4e3a\u60a8\u670d\u52a1\u3002<\/h2>\n\t\t\t\t\t\t\t\t<\/div>\n\t\t\t\t<\/div>\n\t\t\t\t\t<\/div>\n\t\t<\/div>\n\t\t\t\t\t<\/div>\n\t\t<\/section>\n\t\t\t\t<section class=\"elementor-section elementor-top-section elementor-element elementor-element-a3db495 elementor-section-boxed elementor-section-height-default elementor-section-height-default\" data-id=\"a3db495\" data-element_type=\"section\" data-e-type=\"section\">\n\t\t\t\t\t\t<div class=\"elementor-container elementor-column-gap-default\">\n\t\t\t\t\t<div class=\"elementor-column elementor-col-50 elementor-top-column elementor-element elementor-element-7f6cc1c\" data-id=\"7f6cc1c\" data-element_type=\"column\" data-e-type=\"column\">\n\t\t\t<div class=\"elementor-widget-wrap elementor-element-populated\">\n\t\t\t\t\t\t<div class=\"elementor-element elementor-element-802c603 elementor-widget elementor-widget-text-editor\" data-id=\"802c603\" data-element_type=\"widget\" data-e-type=\"widget\" data-widget_type=\"text-editor.default\">\n\t\t\t\t<div class=\"elementor-widget-container\">\n\t\t\t\t\t\t\t\t\t<h3 style=\"font-size: 18px; font-weight: bold; color: #000;\">TTV\u9600\u95e8\u5382<\/h3>\n<p style=\"margin: 0;\">\u897f\u73ed\u7259<\/p>\n<p style=\"margin: 0;\">\u9a6c\u5fb7\u91cc \u81ea\u6cbb\u533a\u83b1\u52a0\u5185\u65af\u5e02\uff08\u90ae\u653f\u7f16\u780128914\uff09<\/p>\n<p style=\"margin: 0;\">\u5e03\u5854\u5c14\u514b\u5723\u6bcd\u5de5\u4e1a\u533a<\/p>\n<p style=\"margin: 0; padding-bottom: 15px;\">\u585e\u97e6\u7f57\u2022\u5965\u4e54\u4e9a\u8def11\u53f7<\/p>\n<p style=\"margin: 0; padding-bottom: 15px;\"><span style=\"color: #000; font-weight: bold;\">\u7535\u8bdd<\/span>\uff1a+34 916 857 365<\/p>\n<a href=\"mailto:valves@ttv.es\">valves@ttv.es<\/a>\t\t\t\t\t\t\t\t<\/div>\n\t\t\t\t<\/div>\n\t\t\t\t<div class=\"elementor-element elementor-element-6108c88 e-grid-align-left elementor-shape-rounded elementor-grid-0 elementor-widget elementor-widget-social-icons\" data-id=\"6108c88\" data-element_type=\"widget\" data-e-type=\"widget\" data-widget_type=\"social-icons.default\">\n\t\t\t\t<div class=\"elementor-widget-container\">\n\t\t\t\t\t\t\t<div class=\"elementor-social-icons-wrapper elementor-grid\" role=\"list\">\n\t\t\t\t\t\t\t<span class=\"elementor-grid-item\" role=\"listitem\">\n\t\t\t\t\t<a class=\"elementor-icon elementor-social-icon elementor-social-icon-linkedin elementor-repeater-item-57a0797\" href=\"https:\/\/es.linkedin.com\/company\/ttv-v%C3%A1lvulas\" target=\"_blank\">\n\t\t\t\t\t\t<span class=\"elementor-screen-only\">Linkedin<\/span>\n\t\t\t\t\t\t<i aria-hidden=\"true\" class=\"fab fa-linkedin\"><\/i>\t\t\t\t\t<\/a>\n\t\t\t\t<\/span>\n\t\t\t\t\t\t\t<span class=\"elementor-grid-item\" role=\"listitem\">\n\t\t\t\t\t<a class=\"elementor-icon elementor-social-icon elementor-social-icon-instagram elementor-repeater-item-01b8fe6\" href=\"https:\/\/www.instagram.com\/ttv_valves\/\" target=\"_blank\">\n\t\t\t\t\t\t<span class=\"elementor-screen-only\">Instagram<\/span>\n\t\t\t\t\t\t<i aria-hidden=\"true\" class=\"fab fa-instagram\"><\/i>\t\t\t\t\t<\/a>\n\t\t\t\t<\/span>\n\t\t\t\t\t<\/div>\n\t\t\t\t\t\t<\/div>\n\t\t\t\t<\/div>\n\t\t\t\t\t<\/div>\n\t\t<\/div>\n\t\t\t\t<div class=\"elementor-column elementor-col-50 elementor-top-column elementor-element elementor-element-4be6d1c\" data-id=\"4be6d1c\" data-element_type=\"column\" data-e-type=\"column\">\n\t\t\t<div class=\"elementor-widget-wrap elementor-element-populated\">\n\t\t\t\t\t\t<div class=\"elementor-element elementor-element-945d320 elementor-widget elementor-widget-shortcode\" data-id=\"945d320\" data-element_type=\"widget\" data-e-type=\"widget\" data-widget_type=\"shortcode.default\">\n\t\t\t\t<div class=\"elementor-widget-container\">\n\t\t\t\t\t\t\t<div class=\"elementor-shortcode\">\n<div class=\"wpcf7 no-js\" id=\"wpcf7-f4233-o1\" lang=\"zh-CN\" dir=\"ltr\" data-wpcf7-id=\"4233\">\n<div class=\"screen-reader-response\"><p role=\"status\" aria-live=\"polite\" aria-atomic=\"true\"><\/p> <ul><\/ul><\/div>\n<form action=\"\/zh-hans\/wp-json\/wp\/v2\/pages\/3607#wpcf7-f4233-o1\" method=\"post\" class=\"wpcf7-form init\" aria-label=\"\u7559\u8a00\u8868\u5355\" novalidate=\"novalidate\" data-status=\"init\">\n<fieldset class=\"hidden-fields-container\"><input type=\"hidden\" name=\"_wpcf7\" value=\"4233\" \/><input type=\"hidden\" name=\"_wpcf7_version\" value=\"6.1.5\" \/><input type=\"hidden\" name=\"_wpcf7_locale\" value=\"zh_CN\" \/><input type=\"hidden\" name=\"_wpcf7_unit_tag\" value=\"wpcf7-f4233-o1\" \/><input type=\"hidden\" name=\"_wpcf7_container_post\" value=\"0\" \/><input type=\"hidden\" name=\"_wpcf7_posted_data_hash\" value=\"\" \/><input type=\"hidden\" name=\"_wpcf7_recaptcha_response\" value=\"\" \/>\n<\/fieldset>\n<p><label> \u59d3\u540d*<br \/>\n<span class=\"wpcf7-form-control-wrap\" data-name=\"your-name\"><input size=\"40\" maxlength=\"400\" class=\"wpcf7-form-control wpcf7-text wpcf7-validates-as-required\" aria-required=\"true\" aria-invalid=\"false\" value=\"\" type=\"text\" name=\"your-name\" \/><\/span> <\/label>\n<\/p>\n<p><label> \u7535\u5b50\u90ae\u7bb1*<br \/>\n<span class=\"wpcf7-form-control-wrap\" data-name=\"your-email\"><input size=\"40\" maxlength=\"400\" class=\"wpcf7-form-control wpcf7-email wpcf7-validates-as-required wpcf7-text wpcf7-validates-as-email\" aria-required=\"true\" aria-invalid=\"false\" value=\"\" type=\"email\" name=\"your-email\" \/><\/span> <\/label>\n<\/p>\n<p><label> \u516c\u53f8<br \/>\n<span class=\"wpcf7-form-control-wrap\" data-name=\"your-subject\"><input size=\"40\" maxlength=\"400\" class=\"wpcf7-form-control wpcf7-text\" aria-invalid=\"false\" value=\"\" type=\"text\" name=\"your-subject\" \/><\/span> <\/label>\n<\/p>\n<p><label> \u56fd\u5bb6<br \/>\n<span class=\"wpcf7-form-control-wrap\" data-name=\"menu-142\"><select class=\"wpcf7-form-control wpcf7-select\" aria-invalid=\"false\" name=\"menu-142\"><option value=\"\u897f\u73ed\u7259\">\u897f\u73ed\u7259<\/option><option value=\"\u4fc4\u7f57\u65af\">\u4fc4\u7f57\u65af<\/option><option value=\"\u963f\u62c9\u4f2f\u8054\u5408\u914b\u957f\u56fd\">\u963f\u62c9\u4f2f\u8054\u5408\u914b\u957f\u56fd<\/option><option value=\"\u5370\u5ea6\">\u5370\u5ea6<\/option><option value=\"\u4e2d\u56fd\">\u4e2d\u56fd<\/option><option value=\"\u65b0\u52a0\u5761\">\u65b0\u52a0\u5761<\/option><option value=\"\u52a0\u62ff\u5927\">\u52a0\u62ff\u5927<\/option><option value=\"\u6fb3\u5927\u5229\u4e9a\">\u6fb3\u5927\u5229\u4e9a<\/option><\/select><\/span> <\/label>\n<\/p>\n<p><label> \u7559\u8a00*<br \/>\n<span class=\"wpcf7-form-control-wrap\" data-name=\"your-message\"><textarea cols=\"40\" rows=\"10\" maxlength=\"2000\" class=\"wpcf7-form-control wpcf7-textarea wpcf7-validates-as-required\" aria-required=\"true\" aria-invalid=\"false\" name=\"your-message\"><\/textarea><\/span> <\/label>\n<\/p>\n<p><label> *\u5fc5\u586b\u9879 <\/label>\n<\/p>\n<p><span class=\"wpcf7-form-control-wrap\" data-name=\"privacy\"><span class=\"wpcf7-form-control wpcf7-acceptance\"><span class=\"wpcf7-list-item\"><label><input type=\"checkbox\" name=\"privacy\" value=\"1\" aria-invalid=\"false\" \/><span class=\"wpcf7-list-item-label\">\u6211\u5df2\u9605\u8bfb\u5e76\u63a5\u53d7<a href=\"https:\/\/www.ttvvalve.com\/zh-hans\/%e9%9a%90%e7%a7%81%e6%94%bf%e7%ad%96\/\">\u9690\u79c1\u653f\u7b56<\/a><\/span><\/label><\/span><\/span><\/span>\n<\/p>\n<p><input class=\"wpcf7-form-control wpcf7-submit has-spinner\" type=\"submit\" value=\"\u53d1\u9001\" \/>\n<\/p><div class=\"wpcf7-response-output\" aria-hidden=\"true\"><\/div>\n<\/form>\n<\/div>\n<\/div>\n\t\t\t\t\t\t<\/div>\n\t\t\t\t<\/div>\n\t\t\t\t\t<\/div>\n\t\t<\/div>\n\t\t\t\t\t<\/div>\n\t\t<\/section>\n\t\t\t\t<\/div>\n\t\t","protected":false},"excerpt":{"rendered":"<p>TTV\u9600\u95e8 \u968f\u65f6\u4e3a\u60a8\u670d\u52a1\u3002 TTV\u9600\u95e8\u5382 \u897f\u73ed\u7259 \u9a6c\u5fb7\u91cc \u81ea\u6cbb\u533a\u83b1\u52a0\u5185\u65af\u5e02\uff08\u90ae\u653f\u7f16\u780128914\uff09 \u5e03\u5854\u5c14\u514b\u5723\u6bcd [&hellip;]<\/p>\n","protected":false},"author":1,"featured_media":0,"parent":0,"menu_order":0,"comment_status":"closed","ping_status":"closed","template":"","meta":{"footnotes":""},"class_list":["post-3607","page","type-page","status-publish","hentry"],"yoast_head":"<!-- This site is optimized with the Yoast SEO plugin v27.5 - https:\/\/yoast.com\/product\/yoast-seo-wordpress\/ -->\n<title>\u8054\u7cfb\u4fe1\u606f - TTV<\/title>\n<meta name=\"description\" content=\"\u60a8\u5bf9\u6211\u4eec\u7684\u5de5\u4f5c\u611f\u5174\u8da3\u5417\uff1f\u586b\u5199\u8054\u7cfb\u8868\u683c\u4e0e\u6211\u4eec\u8054\u7cfb\uff0c\u6211\u4eec\u5c06\u5c3d\u5feb\u56de\u590d\u60a8\u3002\" \/>\n<meta name=\"robots\" content=\"index, follow, max-snippet:-1, max-image-preview:large, max-video-preview:-1\" \/>\n<link rel=\"canonical\" href=\"https:\/\/www.ttvvalve.com\/zh-hans\/\u8054\u7cfb\u4fe1\u606f\/\" \/>\n<meta property=\"og:locale\" content=\"zh_CN\" \/>\n<meta property=\"og:type\" content=\"article\" \/>\n<meta property=\"og:title\" content=\"\u8054\u7cfb\u4fe1\u606f - TTV\" \/>\n<meta property=\"og:description\" content=\"\u60a8\u5bf9\u6211\u4eec\u7684\u5de5\u4f5c\u611f\u5174\u8da3\u5417\uff1f\u586b\u5199\u8054\u7cfb\u8868\u683c\u4e0e\u6211\u4eec\u8054\u7cfb\uff0c\u6211\u4eec\u5c06\u5c3d\u5feb\u56de\u590d\u60a8\u3002\" \/>\n<meta property=\"og:url\" content=\"https:\/\/www.ttvvalve.com\/zh-hans\/\u8054\u7cfb\u4fe1\u606f\/\" \/>\n<meta property=\"og:site_name\" content=\"TTV\" \/>\n<meta property=\"article:modified_time\" content=\"2023-07-28T08:09:53+00:00\" \/>\n<meta name=\"twitter:card\" content=\"summary_large_image\" \/>\n<script type=\"application\/ld+json\" class=\"yoast-schema-graph\">{\"@context\":\"https:\\\/\\\/schema.org\",\"@graph\":[{\"@type\":\"WebPage\",\"@id\":\"https:\\\/\\\/www.ttvvalve.com\\\/zh-hans\\\/%e8%81%94%e7%b3%bb%e4%bf%a1%e6%81%af\\\/\",\"url\":\"https:\\\/\\\/www.ttvvalve.com\\\/zh-hans\\\/%e8%81%94%e7%b3%bb%e4%bf%a1%e6%81%af\\\/\",\"name\":\"\u8054\u7cfb\u4fe1\u606f - TTV\",\"isPartOf\":{\"@id\":\"https:\\\/\\\/www.ttvvalve.com\\\/#website\"},\"datePublished\":\"2022-07-06T09:01:43+00:00\",\"dateModified\":\"2023-07-28T08:09:53+00:00\",\"description\":\"\u60a8\u5bf9\u6211\u4eec\u7684\u5de5\u4f5c\u611f\u5174\u8da3\u5417\uff1f\u586b\u5199\u8054\u7cfb\u8868\u683c\u4e0e\u6211\u4eec\u8054\u7cfb\uff0c\u6211\u4eec\u5c06\u5c3d\u5feb\u56de\u590d\u60a8\u3002\",\"breadcrumb\":{\"@id\":\"https:\\\/\\\/www.ttvvalve.com\\\/zh-hans\\\/%e8%81%94%e7%b3%bb%e4%bf%a1%e6%81%af\\\/#breadcrumb\"},\"inLanguage\":\"zh-Hans\",\"potentialAction\":[{\"@type\":\"ReadAction\",\"target\":[\"https:\\\/\\\/www.ttvvalve.com\\\/zh-hans\\\/%e8%81%94%e7%b3%bb%e4%bf%a1%e6%81%af\\\/\"]}]},{\"@type\":\"BreadcrumbList\",\"@id\":\"https:\\\/\\\/www.ttvvalve.com\\\/zh-hans\\\/%e8%81%94%e7%b3%bb%e4%bf%a1%e6%81%af\\\/#breadcrumb\",\"itemListElement\":[{\"@type\":\"ListItem\",\"position\":1,\"name\":\"Portada\",\"item\":\"https:\\\/\\\/www.ttvvalve.com\\\/zh-hans\\\/\"},{\"@type\":\"ListItem\",\"position\":2,\"name\":\"\u8054\u7cfb\u4fe1\u606f\"}]},{\"@type\":\"WebSite\",\"@id\":\"https:\\\/\\\/www.ttvvalve.com\\\/#website\",\"url\":\"https:\\\/\\\/www.ttvvalve.com\\\/\",\"name\":\"TTV\",\"description\":\"Fabricaci\u00f3n y Distribuci\u00f3n de V\u00e1lvulas\",\"publisher\":{\"@id\":\"https:\\\/\\\/www.ttvvalve.com\\\/#organization\"},\"potentialAction\":[{\"@type\":\"SearchAction\",\"target\":{\"@type\":\"EntryPoint\",\"urlTemplate\":\"https:\\\/\\\/www.ttvvalve.com\\\/?s={search_term_string}\"},\"query-input\":{\"@type\":\"PropertyValueSpecification\",\"valueRequired\":true,\"valueName\":\"search_term_string\"}}],\"inLanguage\":\"zh-Hans\"},{\"@type\":\"Organization\",\"@id\":\"https:\\\/\\\/www.ttvvalve.com\\\/#organization\",\"name\":\"TTV\",\"url\":\"https:\\\/\\\/www.ttvvalve.com\\\/\",\"logo\":{\"@type\":\"ImageObject\",\"inLanguage\":\"zh-Hans\",\"@id\":\"https:\\\/\\\/www.ttvvalve.com\\\/#\\\/schema\\\/logo\\\/image\\\/\",\"url\":\"https:\\\/\\\/www.ttvvalve.com\\\/wp-content\\\/uploads\\\/2022\\\/07\\\/logo-ttv-reducido.jpg\",\"contentUrl\":\"https:\\\/\\\/www.ttvvalve.com\\\/wp-content\\\/uploads\\\/2022\\\/07\\\/logo-ttv-reducido.jpg\",\"width\":100,\"height\":58,\"caption\":\"TTV\"},\"image\":{\"@id\":\"https:\\\/\\\/www.ttvvalve.com\\\/#\\\/schema\\\/logo\\\/image\\\/\"}}]}<\/script>\n<!-- \/ Yoast SEO plugin. -->","yoast_head_json":{"title":"\u8054\u7cfb\u4fe1\u606f - TTV","description":"\u60a8\u5bf9\u6211\u4eec\u7684\u5de5\u4f5c\u611f\u5174\u8da3\u5417\uff1f\u586b\u5199\u8054\u7cfb\u8868\u683c\u4e0e\u6211\u4eec\u8054\u7cfb\uff0c\u6211\u4eec\u5c06\u5c3d\u5feb\u56de\u590d\u60a8\u3002","robots":{"index":"index","follow":"follow","max-snippet":"max-snippet:-1","max-image-preview":"max-image-preview:large","max-video-preview":"max-video-preview:-1"},"canonical":"https:\/\/www.ttvvalve.com\/zh-hans\/\u8054\u7cfb\u4fe1\u606f\/","og_locale":"zh_CN","og_type":"article","og_title":"\u8054\u7cfb\u4fe1\u606f - TTV","og_description":"\u60a8\u5bf9\u6211\u4eec\u7684\u5de5\u4f5c\u611f\u5174\u8da3\u5417\uff1f\u586b\u5199\u8054\u7cfb\u8868\u683c\u4e0e\u6211\u4eec\u8054\u7cfb\uff0c\u6211\u4eec\u5c06\u5c3d\u5feb\u56de\u590d\u60a8\u3002","og_url":"https:\/\/www.ttvvalve.com\/zh-hans\/\u8054\u7cfb\u4fe1\u606f\/","og_site_name":"TTV","article_modified_time":"2023-07-28T08:09:53+00:00","twitter_card":"summary_large_image","schema":{"@context":"https:\/\/schema.org","@graph":[{"@type":"WebPage","@id":"https:\/\/www.ttvvalve.com\/zh-hans\/%e8%81%94%e7%b3%bb%e4%bf%a1%e6%81%af\/","url":"https:\/\/www.ttvvalve.com\/zh-hans\/%e8%81%94%e7%b3%bb%e4%bf%a1%e6%81%af\/","name":"\u8054\u7cfb\u4fe1\u606f - TTV","isPartOf":{"@id":"https:\/\/www.ttvvalve.com\/#website"},"datePublished":"2022-07-06T09:01:43+00:00","dateModified":"2023-07-28T08:09:53+00:00","description":"\u60a8\u5bf9\u6211\u4eec\u7684\u5de5\u4f5c\u611f\u5174\u8da3\u5417\uff1f\u586b\u5199\u8054\u7cfb\u8868\u683c\u4e0e\u6211\u4eec\u8054\u7cfb\uff0c\u6211\u4eec\u5c06\u5c3d\u5feb\u56de\u590d\u60a8\u3002","breadcrumb":{"@id":"https:\/\/www.ttvvalve.com\/zh-hans\/%e8%81%94%e7%b3%bb%e4%bf%a1%e6%81%af\/#breadcrumb"},"inLanguage":"zh-Hans","potentialAction":[{"@type":"ReadAction","target":["https:\/\/www.ttvvalve.com\/zh-hans\/%e8%81%94%e7%b3%bb%e4%bf%a1%e6%81%af\/"]}]},{"@type":"BreadcrumbList","@id":"https:\/\/www.ttvvalve.com\/zh-hans\/%e8%81%94%e7%b3%bb%e4%bf%a1%e6%81%af\/#breadcrumb","itemListElement":[{"@type":"ListItem","position":1,"name":"Portada","item":"https:\/\/www.ttvvalve.com\/zh-hans\/"},{"@type":"ListItem","position":2,"name":"\u8054\u7cfb\u4fe1\u606f"}]},{"@type":"WebSite","@id":"https:\/\/www.ttvvalve.com\/#website","url":"https:\/\/www.ttvvalve.com\/","name":"TTV","description":"Fabricaci\u00f3n y Distribuci\u00f3n de V\u00e1lvulas","publisher":{"@id":"https:\/\/www.ttvvalve.com\/#organization"},"potentialAction":[{"@type":"SearchAction","target":{"@type":"EntryPoint","urlTemplate":"https:\/\/www.ttvvalve.com\/?s={search_term_string}"},"query-input":{"@type":"PropertyValueSpecification","valueRequired":true,"valueName":"search_term_string"}}],"inLanguage":"zh-Hans"},{"@type":"Organization","@id":"https:\/\/www.ttvvalve.com\/#organization","name":"TTV","url":"https:\/\/www.ttvvalve.com\/","logo":{"@type":"ImageObject","inLanguage":"zh-Hans","@id":"https:\/\/www.ttvvalve.com\/#\/schema\/logo\/image\/","url":"https:\/\/www.ttvvalve.com\/wp-content\/uploads\/2022\/07\/logo-ttv-reducido.jpg","contentUrl":"https:\/\/www.ttvvalve.com\/wp-content\/uploads\/2022\/07\/logo-ttv-reducido.jpg","width":100,"height":58,"caption":"TTV"},"image":{"@id":"https:\/\/www.ttvvalve.com\/#\/schema\/logo\/image\/"}}]}},"_links":{"self":[{"href":"https:\/\/www.ttvvalve.com\/zh-hans\/wp-json\/wp\/v2\/pages\/3607","targetHints":{"allow":["GET"]}}],"collection":[{"href":"https:\/\/www.ttvvalve.com\/zh-hans\/wp-json\/wp\/v2\/pages"}],"about":[{"href":"https:\/\/www.ttvvalve.com\/zh-hans\/wp-json\/wp\/v2\/types\/page"}],"author":[{"embeddable":true,"href":"https:\/\/www.ttvvalve.com\/zh-hans\/wp-json\/wp\/v2\/users\/1"}],"replies":[{"embeddable":true,"href":"https:\/\/www.ttvvalve.com\/zh-hans\/wp-json\/wp\/v2\/comments?post=3607"}],"version-history":[{"count":2,"href":"https:\/\/www.ttvvalve.com\/zh-hans\/wp-json\/wp\/v2\/pages\/3607\/revisions"}],"predecessor-version":[{"id":4034,"href":"https:\/\/www.ttvvalve.com\/zh-hans\/wp-json\/wp\/v2\/pages\/3607\/revisions\/4034"}],"wp:attachment":[{"href":"https:\/\/www.ttvvalve.com\/zh-hans\/wp-json\/wp\/v2\/media?parent=3607"}],"curies":[{"name":"wp","href":"https:\/\/api.w.org\/{rel}","templated":true}]}}