{"id":3603,"date":"2022-05-11T08:12:44","date_gmt":"2022-05-11T08:12:44","guid":{"rendered":"https:\/\/www.ttvvalve.com\/%e6%96%b0%e9%97%bb%e4%bf%a1%e6%81%af\/"},"modified":"2023-07-28T08:09:54","modified_gmt":"2023-07-28T08:09:54","slug":"%e6%96%b0%e9%97%bb%e4%bf%a1%e6%81%af","status":"publish","type":"page","link":"https:\/\/www.ttvvalve.com\/zh-hans\/%e6%96%b0%e9%97%bb%e4%bf%a1%e6%81%af\/","title":{"rendered":"\u65b0\u95fb\u4fe1\u606f"},"content":{"rendered":"\t\t<div data-elementor-type=\"wp-post\" data-elementor-id=\"3603\" class=\"elementor elementor-3603 elementor-7\" data-elementor-post-type=\"page\">\n\t\t\t\t\t\t<section class=\"elementor-section elementor-top-section elementor-element elementor-element-b760fba elementor-section-boxed elementor-section-height-default elementor-section-height-default\" data-id=\"b760fba\" data-element_type=\"section\" data-e-type=\"section\">\n\t\t\t\t\t\t<div class=\"elementor-container elementor-column-gap-default\">\n\t\t\t\t\t<div class=\"elementor-column elementor-col-100 elementor-top-column elementor-element elementor-element-059c0c9\" data-id=\"059c0c9\" data-element_type=\"column\" data-e-type=\"column\">\n\t\t\t<div class=\"elementor-widget-wrap elementor-element-populated\">\n\t\t\t\t\t\t<div class=\"elementor-element elementor-element-efd38a6 elementor-widget elementor-widget-shortcode\" data-id=\"efd38a6\" data-element_type=\"widget\" data-e-type=\"widget\" data-widget_type=\"shortcode.default\">\n\t\t\t\t<div class=\"elementor-widget-container\">\n\t\t\t\t\t\t\t<div class=\"elementor-shortcode\"><div class=\"juicer-feed\" data-feed-id=\"ttv-valvulas\"><\/div><script type=\"text\/javascript\" src=\"\/\/www.juicer.io\/embed\/ttv-valvulas\/wp-plugin-1-12.js?nojquery=true\"><\/script><\/div>\n\t\t\t\t\t\t<\/div>\n\t\t\t\t<\/div>\n\t\t\t\t\t<\/div>\n\t\t<\/div>\n\t\t\t\t\t<\/div>\n\t\t<\/section>\n\t\t\t\t<\/div>\n\t\t","protected":false},"excerpt":{"rendered":"","protected":false},"author":1,"featured_media":0,"parent":0,"menu_order":0,"comment_status":"closed","ping_status":"closed","template":"","meta":{"footnotes":""},"class_list":["post-3603","page","type-page","status-publish","hentry"],"yoast_head":"<!-- This site is optimized with the Yoast SEO plugin v27.5 - https:\/\/yoast.com\/product\/yoast-seo-wordpress\/ -->\n<title>\u65b0\u95fb\u4fe1\u606f - TTV<\/title>\n<meta name=\"description\" content=\"\u67e5\u770b\u6211\u53f8TTV\u53d1\u5e03\u7684\u6240\u6709\u65b0\u95fb\u3002\u67e5\u770b\u6211\u53f8\u8fc4\u4eca\u4e3a\u6b62\u9600\u95e8\u65b9\u9762\u7684\u6709\u5173\u5de5\u4f5c\u548c\u65b0\u95fb\u3002\" \/>\n<meta name=\"robots\" content=\"index, follow, max-snippet:-1, max-image-preview:large, max-video-preview:-1\" \/>\n<link rel=\"canonical\" href=\"https:\/\/www.ttvvalve.com\/zh-hans\/\u65b0\u95fb\u4fe1\u606f\/\" \/>\n<meta property=\"og:locale\" content=\"zh_CN\" \/>\n<meta property=\"og:type\" content=\"article\" \/>\n<meta property=\"og:title\" content=\"\u65b0\u95fb\u4fe1\u606f - TTV\" \/>\n<meta property=\"og:description\" content=\"\u67e5\u770b\u6211\u53f8TTV\u53d1\u5e03\u7684\u6240\u6709\u65b0\u95fb\u3002\u67e5\u770b\u6211\u53f8\u8fc4\u4eca\u4e3a\u6b62\u9600\u95e8\u65b9\u9762\u7684\u6709\u5173\u5de5\u4f5c\u548c\u65b0\u95fb\u3002\" \/>\n<meta property=\"og:url\" content=\"https:\/\/www.ttvvalve.com\/zh-hans\/\u65b0\u95fb\u4fe1\u606f\/\" \/>\n<meta property=\"og:site_name\" content=\"TTV\" \/>\n<meta property=\"article:modified_time\" content=\"2023-07-28T08:09:54+00:00\" \/>\n<meta name=\"twitter:card\" content=\"summary_large_image\" \/>\n<script type=\"application\/ld+json\" class=\"yoast-schema-graph\">{\"@context\":\"https:\\\/\\\/schema.org\",\"@graph\":[{\"@type\":\"WebPage\",\"@id\":\"https:\\\/\\\/www.ttvvalve.com\\\/zh-hans\\\/%e6%96%b0%e9%97%bb%e4%bf%a1%e6%81%af\\\/\",\"url\":\"https:\\\/\\\/www.ttvvalve.com\\\/zh-hans\\\/%e6%96%b0%e9%97%bb%e4%bf%a1%e6%81%af\\\/\",\"name\":\"\u65b0\u95fb\u4fe1\u606f - TTV\",\"isPartOf\":{\"@id\":\"https:\\\/\\\/www.ttvvalve.com\\\/#website\"},\"datePublished\":\"2022-05-11T08:12:44+00:00\",\"dateModified\":\"2023-07-28T08:09:54+00:00\",\"description\":\"\u67e5\u770b\u6211\u53f8TTV\u53d1\u5e03\u7684\u6240\u6709\u65b0\u95fb\u3002\u67e5\u770b\u6211\u53f8\u8fc4\u4eca\u4e3a\u6b62\u9600\u95e8\u65b9\u9762\u7684\u6709\u5173\u5de5\u4f5c\u548c\u65b0\u95fb\u3002\",\"breadcrumb\":{\"@id\":\"https:\\\/\\\/www.ttvvalve.com\\\/zh-hans\\\/%e6%96%b0%e9%97%bb%e4%bf%a1%e6%81%af\\\/#breadcrumb\"},\"inLanguage\":\"zh-Hans\",\"potentialAction\":[{\"@type\":\"ReadAction\",\"target\":[\"https:\\\/\\\/www.ttvvalve.com\\\/zh-hans\\\/%e6%96%b0%e9%97%bb%e4%bf%a1%e6%81%af\\\/\"]}]},{\"@type\":\"BreadcrumbList\",\"@id\":\"https:\\\/\\\/www.ttvvalve.com\\\/zh-hans\\\/%e6%96%b0%e9%97%bb%e4%bf%a1%e6%81%af\\\/#breadcrumb\",\"itemListElement\":[{\"@type\":\"ListItem\",\"position\":1,\"name\":\"Portada\",\"item\":\"https:\\\/\\\/www.ttvvalve.com\\\/zh-hans\\\/\"},{\"@type\":\"ListItem\",\"position\":2,\"name\":\"\u65b0\u95fb\u4fe1\u606f\"}]},{\"@type\":\"WebSite\",\"@id\":\"https:\\\/\\\/www.ttvvalve.com\\\/#website\",\"url\":\"https:\\\/\\\/www.ttvvalve.com\\\/\",\"name\":\"TTV\",\"description\":\"Fabricaci\u00f3n y Distribuci\u00f3n de V\u00e1lvulas\",\"publisher\":{\"@id\":\"https:\\\/\\\/www.ttvvalve.com\\\/#organization\"},\"potentialAction\":[{\"@type\":\"SearchAction\",\"target\":{\"@type\":\"EntryPoint\",\"urlTemplate\":\"https:\\\/\\\/www.ttvvalve.com\\\/?s={search_term_string}\"},\"query-input\":{\"@type\":\"PropertyValueSpecification\",\"valueRequired\":true,\"valueName\":\"search_term_string\"}}],\"inLanguage\":\"zh-Hans\"},{\"@type\":\"Organization\",\"@id\":\"https:\\\/\\\/www.ttvvalve.com\\\/#organization\",\"name\":\"TTV\",\"url\":\"https:\\\/\\\/www.ttvvalve.com\\\/\",\"logo\":{\"@type\":\"ImageObject\",\"inLanguage\":\"zh-Hans\",\"@id\":\"https:\\\/\\\/www.ttvvalve.com\\\/#\\\/schema\\\/logo\\\/image\\\/\",\"url\":\"https:\\\/\\\/www.ttvvalve.com\\\/wp-content\\\/uploads\\\/2022\\\/07\\\/logo-ttv-reducido.jpg\",\"contentUrl\":\"https:\\\/\\\/www.ttvvalve.com\\\/wp-content\\\/uploads\\\/2022\\\/07\\\/logo-ttv-reducido.jpg\",\"width\":100,\"height\":58,\"caption\":\"TTV\"},\"image\":{\"@id\":\"https:\\\/\\\/www.ttvvalve.com\\\/#\\\/schema\\\/logo\\\/image\\\/\"}}]}<\/script>\n<!-- \/ Yoast SEO plugin. -->","yoast_head_json":{"title":"\u65b0\u95fb\u4fe1\u606f - TTV","description":"\u67e5\u770b\u6211\u53f8TTV\u53d1\u5e03\u7684\u6240\u6709\u65b0\u95fb\u3002\u67e5\u770b\u6211\u53f8\u8fc4\u4eca\u4e3a\u6b62\u9600\u95e8\u65b9\u9762\u7684\u6709\u5173\u5de5\u4f5c\u548c\u65b0\u95fb\u3002","robots":{"index":"index","follow":"follow","max-snippet":"max-snippet:-1","max-image-preview":"max-image-preview:large","max-video-preview":"max-video-preview:-1"},"canonical":"https:\/\/www.ttvvalve.com\/zh-hans\/\u65b0\u95fb\u4fe1\u606f\/","og_locale":"zh_CN","og_type":"article","og_title":"\u65b0\u95fb\u4fe1\u606f - TTV","og_description":"\u67e5\u770b\u6211\u53f8TTV\u53d1\u5e03\u7684\u6240\u6709\u65b0\u95fb\u3002\u67e5\u770b\u6211\u53f8\u8fc4\u4eca\u4e3a\u6b62\u9600\u95e8\u65b9\u9762\u7684\u6709\u5173\u5de5\u4f5c\u548c\u65b0\u95fb\u3002","og_url":"https:\/\/www.ttvvalve.com\/zh-hans\/\u65b0\u95fb\u4fe1\u606f\/","og_site_name":"TTV","article_modified_time":"2023-07-28T08:09:54+00:00","twitter_card":"summary_large_image","schema":{"@context":"https:\/\/schema.org","@graph":[{"@type":"WebPage","@id":"https:\/\/www.ttvvalve.com\/zh-hans\/%e6%96%b0%e9%97%bb%e4%bf%a1%e6%81%af\/","url":"https:\/\/www.ttvvalve.com\/zh-hans\/%e6%96%b0%e9%97%bb%e4%bf%a1%e6%81%af\/","name":"\u65b0\u95fb\u4fe1\u606f - TTV","isPartOf":{"@id":"https:\/\/www.ttvvalve.com\/#website"},"datePublished":"2022-05-11T08:12:44+00:00","dateModified":"2023-07-28T08:09:54+00:00","description":"\u67e5\u770b\u6211\u53f8TTV\u53d1\u5e03\u7684\u6240\u6709\u65b0\u95fb\u3002\u67e5\u770b\u6211\u53f8\u8fc4\u4eca\u4e3a\u6b62\u9600\u95e8\u65b9\u9762\u7684\u6709\u5173\u5de5\u4f5c\u548c\u65b0\u95fb\u3002","breadcrumb":{"@id":"https:\/\/www.ttvvalve.com\/zh-hans\/%e6%96%b0%e9%97%bb%e4%bf%a1%e6%81%af\/#breadcrumb"},"inLanguage":"zh-Hans","potentialAction":[{"@type":"ReadAction","target":["https:\/\/www.ttvvalve.com\/zh-hans\/%e6%96%b0%e9%97%bb%e4%bf%a1%e6%81%af\/"]}]},{"@type":"BreadcrumbList","@id":"https:\/\/www.ttvvalve.com\/zh-hans\/%e6%96%b0%e9%97%bb%e4%bf%a1%e6%81%af\/#breadcrumb","itemListElement":[{"@type":"ListItem","position":1,"name":"Portada","item":"https:\/\/www.ttvvalve.com\/zh-hans\/"},{"@type":"ListItem","position":2,"name":"\u65b0\u95fb\u4fe1\u606f"}]},{"@type":"WebSite","@id":"https:\/\/www.ttvvalve.com\/#website","url":"https:\/\/www.ttvvalve.com\/","name":"TTV","description":"Fabricaci\u00f3n y Distribuci\u00f3n de V\u00e1lvulas","publisher":{"@id":"https:\/\/www.ttvvalve.com\/#organization"},"potentialAction":[{"@type":"SearchAction","target":{"@type":"EntryPoint","urlTemplate":"https:\/\/www.ttvvalve.com\/?s={search_term_string}"},"query-input":{"@type":"PropertyValueSpecification","valueRequired":true,"valueName":"search_term_string"}}],"inLanguage":"zh-Hans"},{"@type":"Organization","@id":"https:\/\/www.ttvvalve.com\/#organization","name":"TTV","url":"https:\/\/www.ttvvalve.com\/","logo":{"@type":"ImageObject","inLanguage":"zh-Hans","@id":"https:\/\/www.ttvvalve.com\/#\/schema\/logo\/image\/","url":"https:\/\/www.ttvvalve.com\/wp-content\/uploads\/2022\/07\/logo-ttv-reducido.jpg","contentUrl":"https:\/\/www.ttvvalve.com\/wp-content\/uploads\/2022\/07\/logo-ttv-reducido.jpg","width":100,"height":58,"caption":"TTV"},"image":{"@id":"https:\/\/www.ttvvalve.com\/#\/schema\/logo\/image\/"}}]}},"_links":{"self":[{"href":"https:\/\/www.ttvvalve.com\/zh-hans\/wp-json\/wp\/v2\/pages\/3603","targetHints":{"allow":["GET"]}}],"collection":[{"href":"https:\/\/www.ttvvalve.com\/zh-hans\/wp-json\/wp\/v2\/pages"}],"about":[{"href":"https:\/\/www.ttvvalve.com\/zh-hans\/wp-json\/wp\/v2\/types\/page"}],"author":[{"embeddable":true,"href":"https:\/\/www.ttvvalve.com\/zh-hans\/wp-json\/wp\/v2\/users\/1"}],"replies":[{"embeddable":true,"href":"https:\/\/www.ttvvalve.com\/zh-hans\/wp-json\/wp\/v2\/comments?post=3603"}],"version-history":[{"count":2,"href":"https:\/\/www.ttvvalve.com\/zh-hans\/wp-json\/wp\/v2\/pages\/3603\/revisions"}],"predecessor-version":[{"id":4040,"href":"https:\/\/www.ttvvalve.com\/zh-hans\/wp-json\/wp\/v2\/pages\/3603\/revisions\/4040"}],"wp:attachment":[{"href":"https:\/\/www.ttvvalve.com\/zh-hans\/wp-json\/wp\/v2\/media?parent=3603"}],"curies":[{"name":"wp","href":"https:\/\/api.w.org\/{rel}","templated":true}]}}