{"id":3596,"date":"2022-08-12T08:06:18","date_gmt":"2022-08-12T08:06:18","guid":{"rendered":"https:\/\/www.ttvvalve.com\/%e5%8f%8c%e5%81%8f%e5%bf%83\/"},"modified":"2023-07-28T08:09:55","modified_gmt":"2023-07-28T08:09:55","slug":"%e5%8f%8c%e5%81%8f%e5%bf%83","status":"publish","type":"page","link":"https:\/\/www.ttvvalve.com\/zh-hans\/%e4%ba%a7%e5%93%81\/%e5%8f%8c%e5%81%8f%e5%bf%83\/","title":{"rendered":"\u53cc\u504f\u5fc3"},"content":{"rendered":"\t\t<div data-elementor-type=\"wp-page\" data-elementor-id=\"3596\" class=\"elementor elementor-3596 elementor-382\" data-elementor-post-type=\"page\">\n\t\t\t\t\t\t<section class=\"elementor-section elementor-top-section elementor-element elementor-element-ad13393 elementor-section-full_width elementor-section-height-min-height elementor-section-height-default elementor-section-items-middle\" data-id=\"ad13393\" data-element_type=\"section\" data-e-type=\"section\">\n\t\t\t\t\t\t<div class=\"elementor-container elementor-column-gap-default\">\n\t\t\t\t\t<div class=\"elementor-column elementor-col-100 elementor-top-column elementor-element elementor-element-f4b7a30\" data-id=\"f4b7a30\" data-element_type=\"column\" data-e-type=\"column\">\n\t\t\t<div class=\"elementor-widget-wrap elementor-element-populated\">\n\t\t\t\t\t\t<div class=\"elementor-element elementor-element-1ab2a39 elementor-widget elementor-widget-heading\" data-id=\"1ab2a39\" data-element_type=\"widget\" data-e-type=\"widget\" data-widget_type=\"heading.default\">\n\t\t\t\t<div class=\"elementor-widget-container\">\n\t\t\t\t\t<h2 class=\"elementor-heading-title elementor-size-xxl\"><a href=\"#\"> TTV\u9600\u95e8 - \u53cc\u504f\u5fc3\u9600\u95e8<\/a><\/h2>\t\t\t\t<\/div>\n\t\t\t\t<\/div>\n\t\t\t\t<section class=\"elementor-section elementor-inner-section elementor-element elementor-element-828c93e elementor-section-height-min-height elementor-section-boxed elementor-section-height-default\" data-id=\"828c93e\" data-element_type=\"section\" data-e-type=\"section\">\n\t\t\t\t\t\t<div class=\"elementor-container elementor-column-gap-default\">\n\t\t\t\t\t<div class=\"elementor-column elementor-col-25 elementor-inner-column elementor-element elementor-element-c37f880\" data-id=\"c37f880\" data-element_type=\"column\" data-e-type=\"column\">\n\t\t\t<div class=\"elementor-widget-wrap elementor-element-populated\">\n\t\t\t\t\t\t<div class=\"elementor-element elementor-element-c7220dd elementor-widget elementor-widget-image\" data-id=\"c7220dd\" data-element_type=\"widget\" data-e-type=\"widget\" data-widget_type=\"image.default\">\n\t\t\t\t<div class=\"elementor-widget-container\">\n\t\t\t\t\t\t\t\t\t\t\t\t\t\t\t\t<a href=\"https:\/\/www.ttvvalve.com\/zh-hans\/%e4%ba%a7%e5%93%81\/%e5%8f%8c%e5%81%8f%e5%bf%83\/colossus%e9%87%91%e5%b1%9e\/\">\n\t\t\t\t\t\t\t<img fetchpriority=\"high\" decoding=\"async\" width=\"650\" height=\"971\" src=\"https:\/\/www.ttvvalve.com\/wp-content\/uploads\/2023\/04\/ASIENTO-METAL_comp.webp\" class=\"attachment-full size-full wp-image-3358\" alt=\"\" srcset=\"https:\/\/www.ttvvalve.com\/wp-content\/uploads\/2023\/04\/ASIENTO-METAL_comp.webp 650w, https:\/\/www.ttvvalve.com\/wp-content\/uploads\/2023\/04\/ASIENTO-METAL_comp-201x300.webp 201w\" sizes=\"(max-width: 650px) 100vw, 650px\" \/>\t\t\t\t\t\t\t\t<\/a>\n\t\t\t\t\t\t\t\t\t\t\t\t\t\t\t<\/div>\n\t\t\t\t<\/div>\n\t\t\t\t<div class=\"elementor-element elementor-element-3704df1 elementor-align-center elementor-widget elementor-widget-button\" data-id=\"3704df1\" data-element_type=\"widget\" data-e-type=\"widget\" data-widget_type=\"button.default\">\n\t\t\t\t<div class=\"elementor-widget-container\">\n\t\t\t\t\t\t\t\t\t<div class=\"elementor-button-wrapper\">\n\t\t\t\t\t<a class=\"elementor-button elementor-button-link elementor-size-sm\" href=\"https:\/\/www.ttvvalve.com\/zh-hans\/%e4%ba%a7%e5%93%81\/%e5%8f%8c%e5%81%8f%e5%bf%83\/colossus%e9%87%91%e5%b1%9e\/\">\n\t\t\t\t\t\t<span class=\"elementor-button-content-wrapper\">\n\t\t\t\t\t\t\t\t\t<span class=\"elementor-button-text\">Colossus\u91d1\u5c5e<\/span>\n\t\t\t\t\t<\/span>\n\t\t\t\t\t<\/a>\n\t\t\t\t<\/div>\n\t\t\t\t\t\t\t\t<\/div>\n\t\t\t\t<\/div>\n\t\t\t\t\t<\/div>\n\t\t<\/div>\n\t\t\t\t<div class=\"elementor-column elementor-col-25 elementor-inner-column elementor-element elementor-element-689b9e3\" data-id=\"689b9e3\" data-element_type=\"column\" data-e-type=\"column\">\n\t\t\t<div class=\"elementor-widget-wrap elementor-element-populated\">\n\t\t\t\t\t\t<div class=\"elementor-element elementor-element-a1d3ed0 elementor-widget elementor-widget-image\" data-id=\"a1d3ed0\" data-element_type=\"widget\" data-e-type=\"widget\" data-widget_type=\"image.default\">\n\t\t\t\t<div class=\"elementor-widget-container\">\n\t\t\t\t\t\t\t\t\t\t\t\t\t\t\t\t<a href=\"https:\/\/www.ttvvalve.com\/zh-hans\/%e4%ba%a7%e5%93%81\/%e5%8f%8c%e5%81%8f%e5%bf%83\/colossus-ptfe-r-ptfe\/\">\n\t\t\t\t\t\t\t<img decoding=\"async\" width=\"650\" height=\"971\" src=\"https:\/\/www.ttvvalve.com\/wp-content\/uploads\/2023\/05\/ASIENTO-BLANDO_MG_4696-_-AR_reduc_comp.webp\" class=\"attachment-full size-full wp-image-3378\" alt=\"\" srcset=\"https:\/\/www.ttvvalve.com\/wp-content\/uploads\/2023\/05\/ASIENTO-BLANDO_MG_4696-_-AR_reduc_comp.webp 650w, https:\/\/www.ttvvalve.com\/wp-content\/uploads\/2023\/05\/ASIENTO-BLANDO_MG_4696-_-AR_reduc_comp-201x300.webp 201w\" sizes=\"(max-width: 650px) 100vw, 650px\" \/>\t\t\t\t\t\t\t\t<\/a>\n\t\t\t\t\t\t\t\t\t\t\t\t\t\t\t<\/div>\n\t\t\t\t<\/div>\n\t\t\t\t<div class=\"elementor-element elementor-element-243abfd elementor-align-center elementor-widget elementor-widget-button\" data-id=\"243abfd\" data-element_type=\"widget\" data-e-type=\"widget\" data-widget_type=\"button.default\">\n\t\t\t\t<div class=\"elementor-widget-container\">\n\t\t\t\t\t\t\t\t\t<div class=\"elementor-button-wrapper\">\n\t\t\t\t\t<a class=\"elementor-button elementor-button-link elementor-size-sm\" href=\"https:\/\/www.ttvvalve.com\/zh-hans\/%e4%ba%a7%e5%93%81\/%e5%8f%8c%e5%81%8f%e5%bf%83\/colossus-ptfe-r-ptfe\/\">\n\t\t\t\t\t\t<span class=\"elementor-button-content-wrapper\">\n\t\t\t\t\t\t\t\t\t<span class=\"elementor-button-text\">Colossus PTFE\/R-PTFE<\/span>\n\t\t\t\t\t<\/span>\n\t\t\t\t\t<\/a>\n\t\t\t\t<\/div>\n\t\t\t\t\t\t\t\t<\/div>\n\t\t\t\t<\/div>\n\t\t\t\t\t<\/div>\n\t\t<\/div>\n\t\t\t\t<div class=\"elementor-column elementor-col-25 elementor-inner-column elementor-element elementor-element-de22c89\" data-id=\"de22c89\" data-element_type=\"column\" data-e-type=\"column\">\n\t\t\t<div class=\"elementor-widget-wrap elementor-element-populated\">\n\t\t\t\t\t\t<div class=\"elementor-element elementor-element-37a7f2b elementor-widget elementor-widget-image\" data-id=\"37a7f2b\" data-element_type=\"widget\" data-e-type=\"widget\" data-widget_type=\"image.default\">\n\t\t\t\t<div class=\"elementor-widget-container\">\n\t\t\t\t\t\t\t\t\t\t\t\t\t\t\t\t<a href=\"https:\/\/www.ttvvalve.com\/zh-hans\/%e4%ba%a7%e5%93%81\/%e5%8f%8c%e5%81%8f%e5%bf%83\/colossus%e9%98%b2%e7%81%ab\/\">\n\t\t\t\t\t\t\t<img decoding=\"async\" width=\"650\" height=\"971\" src=\"https:\/\/www.ttvvalve.com\/wp-content\/uploads\/2023\/05\/ASIENTO-BLANDO-UTILIZADO-PARA-FIRE-SAFE_MG_1992-_-AR_reduc_comp.webp\" class=\"attachment-full size-full wp-image-3377\" alt=\"\" srcset=\"https:\/\/www.ttvvalve.com\/wp-content\/uploads\/2023\/05\/ASIENTO-BLANDO-UTILIZADO-PARA-FIRE-SAFE_MG_1992-_-AR_reduc_comp.webp 650w, https:\/\/www.ttvvalve.com\/wp-content\/uploads\/2023\/05\/ASIENTO-BLANDO-UTILIZADO-PARA-FIRE-SAFE_MG_1992-_-AR_reduc_comp-201x300.webp 201w\" sizes=\"(max-width: 650px) 100vw, 650px\" \/>\t\t\t\t\t\t\t\t<\/a>\n\t\t\t\t\t\t\t\t\t\t\t\t\t\t\t<\/div>\n\t\t\t\t<\/div>\n\t\t\t\t<div class=\"elementor-element elementor-element-8748bad elementor-align-center elementor-widget elementor-widget-button\" data-id=\"8748bad\" data-element_type=\"widget\" data-e-type=\"widget\" data-widget_type=\"button.default\">\n\t\t\t\t<div class=\"elementor-widget-container\">\n\t\t\t\t\t\t\t\t\t<div class=\"elementor-button-wrapper\">\n\t\t\t\t\t<a class=\"elementor-button elementor-button-link elementor-size-sm\" href=\"https:\/\/www.ttvvalve.com\/zh-hans\/%e4%ba%a7%e5%93%81\/%e5%8f%8c%e5%81%8f%e5%bf%83\/colossus%e9%98%b2%e7%81%ab\/\">\n\t\t\t\t\t\t<span class=\"elementor-button-content-wrapper\">\n\t\t\t\t\t\t\t\t\t<span class=\"elementor-button-text\">Colossus\u9632\u706b<\/span>\n\t\t\t\t\t<\/span>\n\t\t\t\t\t<\/a>\n\t\t\t\t<\/div>\n\t\t\t\t\t\t\t\t<\/div>\n\t\t\t\t<\/div>\n\t\t\t\t\t<\/div>\n\t\t<\/div>\n\t\t\t\t<div class=\"elementor-column elementor-col-25 elementor-inner-column elementor-element elementor-element-efbabeb\" data-id=\"efbabeb\" data-element_type=\"column\" data-e-type=\"column\">\n\t\t\t<div class=\"elementor-widget-wrap elementor-element-populated\">\n\t\t\t\t\t\t<div class=\"elementor-element elementor-element-2674def elementor-widget elementor-widget-image\" data-id=\"2674def\" data-element_type=\"widget\" data-e-type=\"widget\" data-widget_type=\"image.default\">\n\t\t\t\t<div class=\"elementor-widget-container\">\n\t\t\t\t\t\t\t\t\t\t\t\t\t\t\t\t<a href=\"https:\/\/www.ttvvalve.com\/zh-hans\/%e4%ba%a7%e5%93%81\/%e5%8f%8c%e5%81%8f%e5%bf%83\/hydor\/\">\n\t\t\t\t\t\t\t<img loading=\"lazy\" decoding=\"async\" width=\"650\" height=\"971\" src=\"https:\/\/www.ttvvalve.com\/wp-content\/uploads\/2023\/05\/HYDOR-_MG_2369-_-AR_reduc_comp.webp\" class=\"attachment-full size-full wp-image-3379\" alt=\"\" srcset=\"https:\/\/www.ttvvalve.com\/wp-content\/uploads\/2023\/05\/HYDOR-_MG_2369-_-AR_reduc_comp.webp 650w, https:\/\/www.ttvvalve.com\/wp-content\/uploads\/2023\/05\/HYDOR-_MG_2369-_-AR_reduc_comp-201x300.webp 201w\" sizes=\"(max-width: 650px) 100vw, 650px\" \/>\t\t\t\t\t\t\t\t<\/a>\n\t\t\t\t\t\t\t\t\t\t\t\t\t\t\t<\/div>\n\t\t\t\t<\/div>\n\t\t\t\t<div class=\"elementor-element elementor-element-57bf773 elementor-align-center elementor-widget elementor-widget-button\" data-id=\"57bf773\" data-element_type=\"widget\" data-e-type=\"widget\" data-widget_type=\"button.default\">\n\t\t\t\t<div class=\"elementor-widget-container\">\n\t\t\t\t\t\t\t\t\t<div class=\"elementor-button-wrapper\">\n\t\t\t\t\t<a class=\"elementor-button elementor-button-link elementor-size-sm\" href=\"https:\/\/www.ttvvalve.com\/zh-hans\/%e4%ba%a7%e5%93%81\/%e5%8f%8c%e5%81%8f%e5%bf%83\/hydor\/\">\n\t\t\t\t\t\t<span class=\"elementor-button-content-wrapper\">\n\t\t\t\t\t\t\t\t\t<span class=\"elementor-button-text\">Hydor<\/span>\n\t\t\t\t\t<\/span>\n\t\t\t\t\t<\/a>\n\t\t\t\t<\/div>\n\t\t\t\t\t\t\t\t<\/div>\n\t\t\t\t<\/div>\n\t\t\t\t\t<\/div>\n\t\t<\/div>\n\t\t\t\t\t<\/div>\n\t\t<\/section>\n\t\t\t\t<div class=\"elementor-element elementor-element-15e435c elementor-widget elementor-widget-spacer\" data-id=\"15e435c\" data-element_type=\"widget\" data-e-type=\"widget\" data-widget_type=\"spacer.default\">\n\t\t\t\t<div class=\"elementor-widget-container\">\n\t\t\t\t\t\t\t<div class=\"elementor-spacer\">\n\t\t\t<div class=\"elementor-spacer-inner\"><\/div>\n\t\t<\/div>\n\t\t\t\t\t\t<\/div>\n\t\t\t\t<\/div>\n\t\t\t\t\t<\/div>\n\t\t<\/div>\n\t\t\t\t\t<\/div>\n\t\t<\/section>\n\t\t\t\t<\/div>\n\t\t","protected":false},"excerpt":{"rendered":"<p>TTV\u9600\u95e8 &#8211; \u53cc\u504f\u5fc3\u9600\u95e8 Colossus\u91d1\u5c5e Colossus PTFE\/R-PTFE Col [&hellip;]<\/p>\n","protected":false},"author":1,"featured_media":0,"parent":3595,"menu_order":0,"comment_status":"closed","ping_status":"closed","template":"elementor_header_footer","meta":{"footnotes":""},"class_list":["post-3596","page","type-page","status-publish","hentry"],"yoast_head":"<!-- This site is optimized with the Yoast SEO plugin v27.5 - https:\/\/yoast.com\/product\/yoast-seo-wordpress\/ -->\n<title>\u53cc\u504f\u5fc3 - TTV<\/title>\n<meta name=\"description\" content=\"TTV\u53cc\u504f\u5fc3\u9600\u95e8\u5177\u6709\u4f7f\u7528\u5bff\u547d\u957f\u7684\u7279\u70b9\uff0c\u91c7\u7528\u81ea\u52a8\u5bc6\u5c01\u673a\u5236\uff0c\u53ef\u786e\u4fdd\u826f\u597d\u7684\u95ed\u5408\u3002\" \/>\n<meta name=\"robots\" content=\"index, follow, max-snippet:-1, max-image-preview:large, max-video-preview:-1\" \/>\n<link rel=\"canonical\" href=\"https:\/\/www.ttvvalve.com\/zh-hans\/\u4ea7\u54c1\/\u53cc\u504f\u5fc3\/\" \/>\n<meta property=\"og:locale\" content=\"zh_CN\" \/>\n<meta property=\"og:type\" content=\"article\" \/>\n<meta property=\"og:title\" content=\"\u53cc\u504f\u5fc3 - TTV\" \/>\n<meta property=\"og:description\" content=\"TTV\u53cc\u504f\u5fc3\u9600\u95e8\u5177\u6709\u4f7f\u7528\u5bff\u547d\u957f\u7684\u7279\u70b9\uff0c\u91c7\u7528\u81ea\u52a8\u5bc6\u5c01\u673a\u5236\uff0c\u53ef\u786e\u4fdd\u826f\u597d\u7684\u95ed\u5408\u3002\" \/>\n<meta property=\"og:url\" content=\"https:\/\/www.ttvvalve.com\/zh-hans\/\u4ea7\u54c1\/\u53cc\u504f\u5fc3\/\" \/>\n<meta property=\"og:site_name\" content=\"TTV\" \/>\n<meta property=\"article:modified_time\" content=\"2023-07-28T08:09:55+00:00\" \/>\n<meta property=\"og:image\" content=\"https:\/\/www.ttvvalve.com\/wp-content\/uploads\/2023\/04\/ASIENTO-METAL_comp.webp\" \/>\n<meta name=\"twitter:card\" content=\"summary_large_image\" \/>\n<script type=\"application\/ld+json\" class=\"yoast-schema-graph\">{\"@context\":\"https:\\\/\\\/schema.org\",\"@graph\":[{\"@type\":\"WebPage\",\"@id\":\"https:\\\/\\\/www.ttvvalve.com\\\/zh-hans\\\/%e4%ba%a7%e5%93%81\\\/%e5%8f%8c%e5%81%8f%e5%bf%83\\\/\",\"url\":\"https:\\\/\\\/www.ttvvalve.com\\\/zh-hans\\\/%e4%ba%a7%e5%93%81\\\/%e5%8f%8c%e5%81%8f%e5%bf%83\\\/\",\"name\":\"\u53cc\u504f\u5fc3 - TTV\",\"isPartOf\":{\"@id\":\"https:\\\/\\\/www.ttvvalve.com\\\/#website\"},\"primaryImageOfPage\":{\"@id\":\"https:\\\/\\\/www.ttvvalve.com\\\/zh-hans\\\/%e4%ba%a7%e5%93%81\\\/%e5%8f%8c%e5%81%8f%e5%bf%83\\\/#primaryimage\"},\"image\":{\"@id\":\"https:\\\/\\\/www.ttvvalve.com\\\/zh-hans\\\/%e4%ba%a7%e5%93%81\\\/%e5%8f%8c%e5%81%8f%e5%bf%83\\\/#primaryimage\"},\"thumbnailUrl\":\"https:\\\/\\\/www.ttvvalve.com\\\/wp-content\\\/uploads\\\/2023\\\/04\\\/ASIENTO-METAL_comp.webp\",\"datePublished\":\"2022-08-12T08:06:18+00:00\",\"dateModified\":\"2023-07-28T08:09:55+00:00\",\"description\":\"TTV\u53cc\u504f\u5fc3\u9600\u95e8\u5177\u6709\u4f7f\u7528\u5bff\u547d\u957f\u7684\u7279\u70b9\uff0c\u91c7\u7528\u81ea\u52a8\u5bc6\u5c01\u673a\u5236\uff0c\u53ef\u786e\u4fdd\u826f\u597d\u7684\u95ed\u5408\u3002\",\"breadcrumb\":{\"@id\":\"https:\\\/\\\/www.ttvvalve.com\\\/zh-hans\\\/%e4%ba%a7%e5%93%81\\\/%e5%8f%8c%e5%81%8f%e5%bf%83\\\/#breadcrumb\"},\"inLanguage\":\"zh-Hans\",\"potentialAction\":[{\"@type\":\"ReadAction\",\"target\":[\"https:\\\/\\\/www.ttvvalve.com\\\/zh-hans\\\/%e4%ba%a7%e5%93%81\\\/%e5%8f%8c%e5%81%8f%e5%bf%83\\\/\"]}]},{\"@type\":\"ImageObject\",\"inLanguage\":\"zh-Hans\",\"@id\":\"https:\\\/\\\/www.ttvvalve.com\\\/zh-hans\\\/%e4%ba%a7%e5%93%81\\\/%e5%8f%8c%e5%81%8f%e5%bf%83\\\/#primaryimage\",\"url\":\"https:\\\/\\\/www.ttvvalve.com\\\/wp-content\\\/uploads\\\/2023\\\/04\\\/ASIENTO-METAL_comp.webp\",\"contentUrl\":\"https:\\\/\\\/www.ttvvalve.com\\\/wp-content\\\/uploads\\\/2023\\\/04\\\/ASIENTO-METAL_comp.webp\"},{\"@type\":\"BreadcrumbList\",\"@id\":\"https:\\\/\\\/www.ttvvalve.com\\\/zh-hans\\\/%e4%ba%a7%e5%93%81\\\/%e5%8f%8c%e5%81%8f%e5%bf%83\\\/#breadcrumb\",\"itemListElement\":[{\"@type\":\"ListItem\",\"position\":1,\"name\":\"Portada\",\"item\":\"https:\\\/\\\/www.ttvvalve.com\\\/zh-hans\\\/\"},{\"@type\":\"ListItem\",\"position\":2,\"name\":\"\u4ea7\u54c1\",\"item\":\"https:\\\/\\\/www.ttvvalve.com\\\/zh-hans\\\/%e4%ba%a7%e5%93%81\\\/\"},{\"@type\":\"ListItem\",\"position\":3,\"name\":\"\u53cc\u504f\u5fc3\"}]},{\"@type\":\"WebSite\",\"@id\":\"https:\\\/\\\/www.ttvvalve.com\\\/#website\",\"url\":\"https:\\\/\\\/www.ttvvalve.com\\\/\",\"name\":\"TTV\",\"description\":\"Fabricaci\u00f3n y Distribuci\u00f3n de V\u00e1lvulas\",\"publisher\":{\"@id\":\"https:\\\/\\\/www.ttvvalve.com\\\/#organization\"},\"potentialAction\":[{\"@type\":\"SearchAction\",\"target\":{\"@type\":\"EntryPoint\",\"urlTemplate\":\"https:\\\/\\\/www.ttvvalve.com\\\/?s={search_term_string}\"},\"query-input\":{\"@type\":\"PropertyValueSpecification\",\"valueRequired\":true,\"valueName\":\"search_term_string\"}}],\"inLanguage\":\"zh-Hans\"},{\"@type\":\"Organization\",\"@id\":\"https:\\\/\\\/www.ttvvalve.com\\\/#organization\",\"name\":\"TTV\",\"url\":\"https:\\\/\\\/www.ttvvalve.com\\\/\",\"logo\":{\"@type\":\"ImageObject\",\"inLanguage\":\"zh-Hans\",\"@id\":\"https:\\\/\\\/www.ttvvalve.com\\\/#\\\/schema\\\/logo\\\/image\\\/\",\"url\":\"https:\\\/\\\/www.ttvvalve.com\\\/wp-content\\\/uploads\\\/2022\\\/07\\\/logo-ttv-reducido.jpg\",\"contentUrl\":\"https:\\\/\\\/www.ttvvalve.com\\\/wp-content\\\/uploads\\\/2022\\\/07\\\/logo-ttv-reducido.jpg\",\"width\":100,\"height\":58,\"caption\":\"TTV\"},\"image\":{\"@id\":\"https:\\\/\\\/www.ttvvalve.com\\\/#\\\/schema\\\/logo\\\/image\\\/\"}}]}<\/script>\n<!-- \/ Yoast SEO plugin. -->","yoast_head_json":{"title":"\u53cc\u504f\u5fc3 - TTV","description":"TTV\u53cc\u504f\u5fc3\u9600\u95e8\u5177\u6709\u4f7f\u7528\u5bff\u547d\u957f\u7684\u7279\u70b9\uff0c\u91c7\u7528\u81ea\u52a8\u5bc6\u5c01\u673a\u5236\uff0c\u53ef\u786e\u4fdd\u826f\u597d\u7684\u95ed\u5408\u3002","robots":{"index":"index","follow":"follow","max-snippet":"max-snippet:-1","max-image-preview":"max-image-preview:large","max-video-preview":"max-video-preview:-1"},"canonical":"https:\/\/www.ttvvalve.com\/zh-hans\/\u4ea7\u54c1\/\u53cc\u504f\u5fc3\/","og_locale":"zh_CN","og_type":"article","og_title":"\u53cc\u504f\u5fc3 - TTV","og_description":"TTV\u53cc\u504f\u5fc3\u9600\u95e8\u5177\u6709\u4f7f\u7528\u5bff\u547d\u957f\u7684\u7279\u70b9\uff0c\u91c7\u7528\u81ea\u52a8\u5bc6\u5c01\u673a\u5236\uff0c\u53ef\u786e\u4fdd\u826f\u597d\u7684\u95ed\u5408\u3002","og_url":"https:\/\/www.ttvvalve.com\/zh-hans\/\u4ea7\u54c1\/\u53cc\u504f\u5fc3\/","og_site_name":"TTV","article_modified_time":"2023-07-28T08:09:55+00:00","og_image":[{"url":"https:\/\/www.ttvvalve.com\/wp-content\/uploads\/2023\/04\/ASIENTO-METAL_comp.webp","type":"","width":"","height":""}],"twitter_card":"summary_large_image","schema":{"@context":"https:\/\/schema.org","@graph":[{"@type":"WebPage","@id":"https:\/\/www.ttvvalve.com\/zh-hans\/%e4%ba%a7%e5%93%81\/%e5%8f%8c%e5%81%8f%e5%bf%83\/","url":"https:\/\/www.ttvvalve.com\/zh-hans\/%e4%ba%a7%e5%93%81\/%e5%8f%8c%e5%81%8f%e5%bf%83\/","name":"\u53cc\u504f\u5fc3 - TTV","isPartOf":{"@id":"https:\/\/www.ttvvalve.com\/#website"},"primaryImageOfPage":{"@id":"https:\/\/www.ttvvalve.com\/zh-hans\/%e4%ba%a7%e5%93%81\/%e5%8f%8c%e5%81%8f%e5%bf%83\/#primaryimage"},"image":{"@id":"https:\/\/www.ttvvalve.com\/zh-hans\/%e4%ba%a7%e5%93%81\/%e5%8f%8c%e5%81%8f%e5%bf%83\/#primaryimage"},"thumbnailUrl":"https:\/\/www.ttvvalve.com\/wp-content\/uploads\/2023\/04\/ASIENTO-METAL_comp.webp","datePublished":"2022-08-12T08:06:18+00:00","dateModified":"2023-07-28T08:09:55+00:00","description":"TTV\u53cc\u504f\u5fc3\u9600\u95e8\u5177\u6709\u4f7f\u7528\u5bff\u547d\u957f\u7684\u7279\u70b9\uff0c\u91c7\u7528\u81ea\u52a8\u5bc6\u5c01\u673a\u5236\uff0c\u53ef\u786e\u4fdd\u826f\u597d\u7684\u95ed\u5408\u3002","breadcrumb":{"@id":"https:\/\/www.ttvvalve.com\/zh-hans\/%e4%ba%a7%e5%93%81\/%e5%8f%8c%e5%81%8f%e5%bf%83\/#breadcrumb"},"inLanguage":"zh-Hans","potentialAction":[{"@type":"ReadAction","target":["https:\/\/www.ttvvalve.com\/zh-hans\/%e4%ba%a7%e5%93%81\/%e5%8f%8c%e5%81%8f%e5%bf%83\/"]}]},{"@type":"ImageObject","inLanguage":"zh-Hans","@id":"https:\/\/www.ttvvalve.com\/zh-hans\/%e4%ba%a7%e5%93%81\/%e5%8f%8c%e5%81%8f%e5%bf%83\/#primaryimage","url":"https:\/\/www.ttvvalve.com\/wp-content\/uploads\/2023\/04\/ASIENTO-METAL_comp.webp","contentUrl":"https:\/\/www.ttvvalve.com\/wp-content\/uploads\/2023\/04\/ASIENTO-METAL_comp.webp"},{"@type":"BreadcrumbList","@id":"https:\/\/www.ttvvalve.com\/zh-hans\/%e4%ba%a7%e5%93%81\/%e5%8f%8c%e5%81%8f%e5%bf%83\/#breadcrumb","itemListElement":[{"@type":"ListItem","position":1,"name":"Portada","item":"https:\/\/www.ttvvalve.com\/zh-hans\/"},{"@type":"ListItem","position":2,"name":"\u4ea7\u54c1","item":"https:\/\/www.ttvvalve.com\/zh-hans\/%e4%ba%a7%e5%93%81\/"},{"@type":"ListItem","position":3,"name":"\u53cc\u504f\u5fc3"}]},{"@type":"WebSite","@id":"https:\/\/www.ttvvalve.com\/#website","url":"https:\/\/www.ttvvalve.com\/","name":"TTV","description":"Fabricaci\u00f3n y Distribuci\u00f3n de V\u00e1lvulas","publisher":{"@id":"https:\/\/www.ttvvalve.com\/#organization"},"potentialAction":[{"@type":"SearchAction","target":{"@type":"EntryPoint","urlTemplate":"https:\/\/www.ttvvalve.com\/?s={search_term_string}"},"query-input":{"@type":"PropertyValueSpecification","valueRequired":true,"valueName":"search_term_string"}}],"inLanguage":"zh-Hans"},{"@type":"Organization","@id":"https:\/\/www.ttvvalve.com\/#organization","name":"TTV","url":"https:\/\/www.ttvvalve.com\/","logo":{"@type":"ImageObject","inLanguage":"zh-Hans","@id":"https:\/\/www.ttvvalve.com\/#\/schema\/logo\/image\/","url":"https:\/\/www.ttvvalve.com\/wp-content\/uploads\/2022\/07\/logo-ttv-reducido.jpg","contentUrl":"https:\/\/www.ttvvalve.com\/wp-content\/uploads\/2022\/07\/logo-ttv-reducido.jpg","width":100,"height":58,"caption":"TTV"},"image":{"@id":"https:\/\/www.ttvvalve.com\/#\/schema\/logo\/image\/"}}]}},"_links":{"self":[{"href":"https:\/\/www.ttvvalve.com\/zh-hans\/wp-json\/wp\/v2\/pages\/3596","targetHints":{"allow":["GET"]}}],"collection":[{"href":"https:\/\/www.ttvvalve.com\/zh-hans\/wp-json\/wp\/v2\/pages"}],"about":[{"href":"https:\/\/www.ttvvalve.com\/zh-hans\/wp-json\/wp\/v2\/types\/page"}],"author":[{"embeddable":true,"href":"https:\/\/www.ttvvalve.com\/zh-hans\/wp-json\/wp\/v2\/users\/1"}],"replies":[{"embeddable":true,"href":"https:\/\/www.ttvvalve.com\/zh-hans\/wp-json\/wp\/v2\/comments?post=3596"}],"version-history":[{"count":2,"href":"https:\/\/www.ttvvalve.com\/zh-hans\/wp-json\/wp\/v2\/pages\/3596\/revisions"}],"predecessor-version":[{"id":4023,"href":"https:\/\/www.ttvvalve.com\/zh-hans\/wp-json\/wp\/v2\/pages\/3596\/revisions\/4023"}],"up":[{"embeddable":true,"href":"https:\/\/www.ttvvalve.com\/zh-hans\/wp-json\/wp\/v2\/pages\/3595"}],"wp:attachment":[{"href":"https:\/\/www.ttvvalve.com\/zh-hans\/wp-json\/wp\/v2\/media?parent=3596"}],"curies":[{"name":"wp","href":"https:\/\/api.w.org\/{rel}","templated":true}]}}