{"id":3594,"date":"2022-07-06T10:19:48","date_gmt":"2022-07-06T10:19:48","guid":{"rendered":"https:\/\/www.ttvvalve.com\/%e6%b0%b4%e5%a4%84%e7%90%86%e5%92%8c%e9%85%8d%e6%b0%b4\/"},"modified":"2023-07-28T08:09:54","modified_gmt":"2023-07-28T08:09:54","slug":"%e6%b0%b4%e5%a4%84%e7%90%86%e5%92%8c%e9%85%8d%e6%b0%b4","status":"publish","type":"page","link":"https:\/\/www.ttvvalve.com\/zh-hans\/%e6%b0%b4%e5%a4%84%e7%90%86%e5%92%8c%e9%85%8d%e6%b0%b4\/","title":{"rendered":"\u6c34\u5904\u7406\u548c\u914d\u6c34"},"content":{"rendered":"\t\t<div data-elementor-type=\"wp-post\" data-elementor-id=\"3594\" class=\"elementor elementor-3594 elementor-300\" data-elementor-post-type=\"page\">\n\t\t\t\t\t\t<section class=\"elementor-section elementor-top-section elementor-element elementor-element-de36526 elementor-section-height-min-height elementor-section-boxed elementor-section-height-default elementor-section-items-middle\" data-id=\"de36526\" data-element_type=\"section\" data-e-type=\"section\" data-settings=\"{&quot;background_background&quot;:&quot;classic&quot;}\">\n\t\t\t\t\t\t\t<div class=\"elementor-background-overlay\"><\/div>\n\t\t\t\t\t\t\t<div class=\"elementor-container elementor-column-gap-default\">\n\t\t\t\t\t<div class=\"elementor-column elementor-col-100 elementor-top-column elementor-element elementor-element-274e015\" data-id=\"274e015\" data-element_type=\"column\" data-e-type=\"column\">\n\t\t\t<div class=\"elementor-widget-wrap elementor-element-populated\">\n\t\t\t\t\t\t<div class=\"elementor-element elementor-element-b81d69d elementor-widget elementor-widget-heading\" data-id=\"b81d69d\" data-element_type=\"widget\" data-e-type=\"widget\" data-widget_type=\"heading.default\">\n\t\t\t\t<div class=\"elementor-widget-container\">\n\t\t\t\t\t<h2 class=\"elementor-heading-title elementor-size-default\">\u6c34\u5904\u7406\u548c\u914d\u6c34<\/h2>\t\t\t\t<\/div>\n\t\t\t\t<\/div>\n\t\t\t\t\t<\/div>\n\t\t<\/div>\n\t\t\t\t\t<\/div>\n\t\t<\/section>\n\t\t\t\t<section class=\"elementor-section elementor-top-section elementor-element elementor-element-a8aef18 elementor-section-boxed elementor-section-height-default elementor-section-height-default\" data-id=\"a8aef18\" data-element_type=\"section\" data-e-type=\"section\">\n\t\t\t\t\t\t<div class=\"elementor-container elementor-column-gap-default\">\n\t\t\t\t\t<div class=\"elementor-column elementor-col-50 elementor-top-column elementor-element elementor-element-c913a62\" data-id=\"c913a62\" data-element_type=\"column\" data-e-type=\"column\">\n\t\t\t<div class=\"elementor-widget-wrap elementor-element-populated\">\n\t\t\t\t\t\t<div class=\"elementor-element elementor-element-8eb727a elementor-widget elementor-widget-text-editor\" data-id=\"8eb727a\" data-element_type=\"widget\" data-e-type=\"widget\" data-widget_type=\"text-editor.default\">\n\t\t\t\t<div class=\"elementor-widget-container\">\n\t\t\t\t\t\t\t\t\t<p>\u81ea\u4ece1982\u5e74TTV\u6210\u7acb\u4f0a\u59cb\uff0c\u5c31\u662f\u6211\u4eec\u7684\u4e3b\u8981\u90e8\u95e8\u3002 \u8fd9\u662f\u4e00\u4e2a\u4e3b\u8981\u9488\u5bf9\u73af\u4fdd\u548c\u7ecf\u6d4e\u7684\u91cd\u8981\u90e8\u95e8\uff0c\u73af\u4fdd\u548c\u7ecf\u6d4e\u4e24\u4e2a\u65b9\u9762\u7684\u76ee\u6807\u76f8\u4e92\u8865\u5145\u3002\u518d\u751f\u6c34\u540e\u7eed\u7528\u4e8e\u519c\u4e1a\u3001\u57ce\u5e02\u548c\/\u6216\u4f5c\u4e3a\u6c34\u6587\u8d44\u6e90\uff0c\u8ba9\u6211\u4eec\u65e0\u9700\u4e3a\u4e86\u589e\u52a0\u6cb3\u6d41\u53ef\u7528\u50a8\u6c34\u91cf\u800c\u65b0\u5efa\u6c34\u5e93\u3002<\/p>\n\t\t\t\t\t\t\t\t<\/div>\n\t\t\t\t<\/div>\n\t\t\t\t\t<\/div>\n\t\t<\/div>\n\t\t\t\t<div class=\"elementor-column elementor-col-50 elementor-top-column elementor-element elementor-element-86ef9bc\" data-id=\"86ef9bc\" data-element_type=\"column\" data-e-type=\"column\">\n\t\t\t<div class=\"elementor-widget-wrap elementor-element-populated\">\n\t\t\t\t\t\t<div class=\"elementor-element elementor-element-9cff16c elementor-widget elementor-widget-text-editor\" data-id=\"9cff16c\" data-element_type=\"widget\" data-e-type=\"widget\" data-widget_type=\"text-editor.default\">\n\t\t\t\t<div class=\"elementor-widget-container\">\n\t\t\t\t\t\t\t\t\t<p>\u503c\u5f97\u4e00\u63d0\u7684\u662f\uff0cTTV\u63d0\u4f9b\u91cf\u8eab\u5b9a\u5236\u7684\u53ef\u6301\u7eed\u5e94\u7528\u89e3\u51b3\u65b9\u6848\uff0c\u53ef\u5728\u5404\u79cd\u60c5\u51b5\u4e0b\u83b7\u5f97\u518d\u751f\u6c34\uff0c\u5177\u6709\u9002\u5408\u5176\u7528\u9014\u7684\u6c34\u8d28\u3002<\/p>\n\t\t\t\t\t\t\t\t<\/div>\n\t\t\t\t<\/div>\n\t\t\t\t\t<\/div>\n\t\t<\/div>\n\t\t\t\t\t<\/div>\n\t\t<\/section>\n\t\t\t\t<section class=\"elementor-section elementor-top-section elementor-element elementor-element-d6082aa elementor-section-boxed elementor-section-height-default elementor-section-height-default\" data-id=\"d6082aa\" data-element_type=\"section\" data-e-type=\"section\">\n\t\t\t\t\t\t<div class=\"elementor-container elementor-column-gap-default\">\n\t\t\t\t\t<div class=\"elementor-column elementor-col-100 elementor-top-column elementor-element elementor-element-a8fb320\" data-id=\"a8fb320\" data-element_type=\"column\" data-e-type=\"column\">\n\t\t\t<div class=\"elementor-widget-wrap elementor-element-populated\">\n\t\t\t\t\t\t<div class=\"elementor-element elementor-element-0fbdeee elementor-widget elementor-widget-heading\" data-id=\"0fbdeee\" data-element_type=\"widget\" data-e-type=\"widget\" data-widget_type=\"heading.default\">\n\t\t\t\t<div class=\"elementor-widget-container\">\n\t\t\t\t\t<h3 class=\"elementor-heading-title elementor-size-default\">TTV\u9600\u95e8\u9002\u5408\u884c\u4e1a<\/h3>\t\t\t\t<\/div>\n\t\t\t\t<\/div>\n\t\t\t\t\t<\/div>\n\t\t<\/div>\n\t\t\t\t\t<\/div>\n\t\t<\/section>\n\t\t\t\t<section class=\"elementor-section elementor-top-section elementor-element elementor-element-9579f25 elementor-section-boxed elementor-section-height-default elementor-section-height-default\" data-id=\"9579f25\" data-element_type=\"section\" data-e-type=\"section\">\n\t\t\t\t\t\t<div class=\"elementor-container elementor-column-gap-default\">\n\t\t\t\t\t<div class=\"elementor-column elementor-col-25 elementor-top-column elementor-element elementor-element-7b3374b\" data-id=\"7b3374b\" data-element_type=\"column\" data-e-type=\"column\">\n\t\t\t<div class=\"elementor-widget-wrap elementor-element-populated\">\n\t\t\t\t\t\t<div class=\"elementor-element elementor-element-82aebcd elementor-widget elementor-widget-image\" data-id=\"82aebcd\" data-element_type=\"widget\" data-e-type=\"widget\" data-widget_type=\"image.default\">\n\t\t\t\t<div class=\"elementor-widget-container\">\n\t\t\t\t\t\t\t\t\t\t\t\t\t\t\t\t<a href=\"https:\/\/www.ttvvalve.com\/zh-hans\/%e4%ba%a7%e5%93%81\/%e5%90%8c%e5%bf%83\/\">\n\t\t\t\t\t\t\t<img fetchpriority=\"high\" decoding=\"async\" width=\"325\" height=\"485\" src=\"https:\/\/www.ttvvalve.com\/wp-content\/uploads\/2023\/06\/concentricas.jpg\" class=\"attachment-large size-large wp-image-3436\" alt=\"\" srcset=\"https:\/\/www.ttvvalve.com\/wp-content\/uploads\/2023\/06\/concentricas.jpg 325w, https:\/\/www.ttvvalve.com\/wp-content\/uploads\/2023\/06\/concentricas-201x300.jpg 201w\" sizes=\"(max-width: 325px) 100vw, 325px\" \/>\t\t\t\t\t\t\t\t<\/a>\n\t\t\t\t\t\t\t\t\t\t\t\t\t\t\t<\/div>\n\t\t\t\t<\/div>\n\t\t\t\t<div class=\"elementor-element elementor-element-beb3f88 elementor-align-center elementor-widget elementor-widget-button\" data-id=\"beb3f88\" data-element_type=\"widget\" data-e-type=\"widget\" data-widget_type=\"button.default\">\n\t\t\t\t<div class=\"elementor-widget-container\">\n\t\t\t\t\t\t\t\t\t<div class=\"elementor-button-wrapper\">\n\t\t\t\t\t<a class=\"elementor-button elementor-button-link elementor-size-sm\" href=\"https:\/\/www.ttvvalve.com\/zh-hans\/%e4%ba%a7%e5%93%81\/%e5%90%8c%e5%bf%83\/\">\n\t\t\t\t\t\t<span class=\"elementor-button-content-wrapper\">\n\t\t\t\t\t\t\t\t\t<span class=\"elementor-button-text\">\u540c\u5fc3<\/span>\n\t\t\t\t\t<\/span>\n\t\t\t\t\t<\/a>\n\t\t\t\t<\/div>\n\t\t\t\t\t\t\t\t<\/div>\n\t\t\t\t<\/div>\n\t\t\t\t\t<\/div>\n\t\t<\/div>\n\t\t\t\t<div class=\"elementor-column elementor-col-25 elementor-top-column elementor-element elementor-element-878f212\" data-id=\"878f212\" data-element_type=\"column\" data-e-type=\"column\">\n\t\t\t<div class=\"elementor-widget-wrap elementor-element-populated\">\n\t\t\t\t\t\t<div class=\"elementor-element elementor-element-5fe91f4 elementor-widget elementor-widget-image\" data-id=\"5fe91f4\" data-element_type=\"widget\" data-e-type=\"widget\" data-widget_type=\"image.default\">\n\t\t\t\t<div class=\"elementor-widget-container\">\n\t\t\t\t\t\t\t\t\t\t\t\t\t\t\t\t<a href=\"https:\/\/www.ttvvalve.com\/zh-hans\/%e4%ba%a7%e5%93%81\/%e5%8f%8c%e5%81%8f%e5%bf%83\/colossus%e9%98%b2%e7%81%ab\/\">\n\t\t\t\t\t\t\t<img decoding=\"async\" width=\"650\" height=\"971\" src=\"https:\/\/www.ttvvalve.com\/wp-content\/uploads\/2023\/05\/ASIENTO-BLANDO-UTILIZADO-PARA-FIRE-SAFE_MG_1992-_-AR_reduc_comp.webp\" class=\"attachment-large size-large wp-image-3377\" alt=\"\" srcset=\"https:\/\/www.ttvvalve.com\/wp-content\/uploads\/2023\/05\/ASIENTO-BLANDO-UTILIZADO-PARA-FIRE-SAFE_MG_1992-_-AR_reduc_comp.webp 650w, https:\/\/www.ttvvalve.com\/wp-content\/uploads\/2023\/05\/ASIENTO-BLANDO-UTILIZADO-PARA-FIRE-SAFE_MG_1992-_-AR_reduc_comp-201x300.webp 201w\" sizes=\"(max-width: 650px) 100vw, 650px\" \/>\t\t\t\t\t\t\t\t<\/a>\n\t\t\t\t\t\t\t\t\t\t\t\t\t\t\t<\/div>\n\t\t\t\t<\/div>\n\t\t\t\t<div class=\"elementor-element elementor-element-dd661a0 elementor-align-center elementor-widget__width-initial elementor-widget elementor-widget-button\" data-id=\"dd661a0\" data-element_type=\"widget\" data-e-type=\"widget\" data-widget_type=\"button.default\">\n\t\t\t\t<div class=\"elementor-widget-container\">\n\t\t\t\t\t\t\t\t\t<div class=\"elementor-button-wrapper\">\n\t\t\t\t\t<a class=\"elementor-button elementor-button-link elementor-size-sm\" href=\"https:\/\/www.ttvvalve.com\/zh-hans\/%e4%ba%a7%e5%93%81\/%e5%8f%8c%e5%81%8f%e5%bf%83\/colossus%e9%98%b2%e7%81%ab\/\">\n\t\t\t\t\t\t<span class=\"elementor-button-content-wrapper\">\n\t\t\t\t\t\t\t\t\t<span class=\"elementor-button-text\">Colossus\u9632\u706b<\/span>\n\t\t\t\t\t<\/span>\n\t\t\t\t\t<\/a>\n\t\t\t\t<\/div>\n\t\t\t\t\t\t\t\t<\/div>\n\t\t\t\t<\/div>\n\t\t\t\t\t<\/div>\n\t\t<\/div>\n\t\t\t\t<div class=\"elementor-column elementor-col-25 elementor-top-column elementor-element elementor-element-dbf7f9c\" data-id=\"dbf7f9c\" data-element_type=\"column\" data-e-type=\"column\">\n\t\t\t<div class=\"elementor-widget-wrap elementor-element-populated\">\n\t\t\t\t\t\t<div class=\"elementor-element elementor-element-615b560 elementor-widget elementor-widget-image\" data-id=\"615b560\" data-element_type=\"widget\" data-e-type=\"widget\" data-widget_type=\"image.default\">\n\t\t\t\t<div class=\"elementor-widget-container\">\n\t\t\t\t\t\t\t\t\t\t\t\t\t\t\t\t<a href=\"https:\/\/www.ttvvalve.com\/zh-hans\/%e4%ba%a7%e5%93%81\/%e5%8f%8c%e5%81%8f%e5%bf%83\/hydor\/\">\n\t\t\t\t\t\t\t<img decoding=\"async\" width=\"650\" height=\"971\" src=\"https:\/\/www.ttvvalve.com\/wp-content\/uploads\/2023\/05\/HYDOR-_MG_2369-_-AR_reduc_comp.webp\" class=\"attachment-large size-large wp-image-3379\" alt=\"\" srcset=\"https:\/\/www.ttvvalve.com\/wp-content\/uploads\/2023\/05\/HYDOR-_MG_2369-_-AR_reduc_comp.webp 650w, https:\/\/www.ttvvalve.com\/wp-content\/uploads\/2023\/05\/HYDOR-_MG_2369-_-AR_reduc_comp-201x300.webp 201w\" sizes=\"(max-width: 650px) 100vw, 650px\" \/>\t\t\t\t\t\t\t\t<\/a>\n\t\t\t\t\t\t\t\t\t\t\t\t\t\t\t<\/div>\n\t\t\t\t<\/div>\n\t\t\t\t<div class=\"elementor-element elementor-element-94477c5 elementor-align-center elementor-widget elementor-widget-button\" data-id=\"94477c5\" data-element_type=\"widget\" data-e-type=\"widget\" data-widget_type=\"button.default\">\n\t\t\t\t<div class=\"elementor-widget-container\">\n\t\t\t\t\t\t\t\t\t<div class=\"elementor-button-wrapper\">\n\t\t\t\t\t<a class=\"elementor-button elementor-button-link elementor-size-sm\" href=\"https:\/\/www.ttvvalve.com\/zh-hans\/%e4%ba%a7%e5%93%81\/%e5%8f%8c%e5%81%8f%e5%bf%83\/hydor\/\">\n\t\t\t\t\t\t<span class=\"elementor-button-content-wrapper\">\n\t\t\t\t\t\t\t\t\t<span class=\"elementor-button-text\">Hydor<\/span>\n\t\t\t\t\t<\/span>\n\t\t\t\t\t<\/a>\n\t\t\t\t<\/div>\n\t\t\t\t\t\t\t\t<\/div>\n\t\t\t\t<\/div>\n\t\t\t\t\t<\/div>\n\t\t<\/div>\n\t\t\t\t<div class=\"elementor-column elementor-col-25 elementor-top-column elementor-element elementor-element-1107ebc\" data-id=\"1107ebc\" data-element_type=\"column\" data-e-type=\"column\">\n\t\t\t<div class=\"elementor-widget-wrap elementor-element-populated\">\n\t\t\t\t\t\t<div class=\"elementor-element elementor-element-693d11d elementor-widget elementor-widget-image\" data-id=\"693d11d\" data-element_type=\"widget\" data-e-type=\"widget\" data-widget_type=\"image.default\">\n\t\t\t\t<div class=\"elementor-widget-container\">\n\t\t\t\t\t\t\t\t\t\t\t\t\t\t\t\t<a href=\"https:\/\/www.ttvvalve.com\/zh-hans\/%e4%ba%a7%e5%93%81\/%e9%97%b8%e9%98%80\/shigate\/\">\n\t\t\t\t\t\t\t<img loading=\"lazy\" decoding=\"async\" width=\"325\" height=\"485\" src=\"https:\/\/www.ttvvalve.com\/wp-content\/uploads\/2023\/06\/shigate.webp\" class=\"attachment-large size-large wp-image-3440\" alt=\"\" srcset=\"https:\/\/www.ttvvalve.com\/wp-content\/uploads\/2023\/06\/shigate.webp 325w, https:\/\/www.ttvvalve.com\/wp-content\/uploads\/2023\/06\/shigate-201x300.webp 201w\" sizes=\"(max-width: 325px) 100vw, 325px\" \/>\t\t\t\t\t\t\t\t<\/a>\n\t\t\t\t\t\t\t\t\t\t\t\t\t\t\t<\/div>\n\t\t\t\t<\/div>\n\t\t\t\t<div class=\"elementor-element elementor-element-7db8de0 elementor-align-center elementor-widget elementor-widget-button\" data-id=\"7db8de0\" data-element_type=\"widget\" data-e-type=\"widget\" data-widget_type=\"button.default\">\n\t\t\t\t<div class=\"elementor-widget-container\">\n\t\t\t\t\t\t\t\t\t<div class=\"elementor-button-wrapper\">\n\t\t\t\t\t<a class=\"elementor-button elementor-button-link elementor-size-sm\" href=\"https:\/\/www.ttvvalve.com\/zh-hans\/%e4%ba%a7%e5%93%81\/%e9%97%b8%e9%98%80\/shigate\/\">\n\t\t\t\t\t\t<span class=\"elementor-button-content-wrapper\">\n\t\t\t\t\t\t\t\t\t<span class=\"elementor-button-text\">Shigate<\/span>\n\t\t\t\t\t<\/span>\n\t\t\t\t\t<\/a>\n\t\t\t\t<\/div>\n\t\t\t\t\t\t\t\t<\/div>\n\t\t\t\t<\/div>\n\t\t\t\t\t<\/div>\n\t\t<\/div>\n\t\t\t\t\t<\/div>\n\t\t<\/section>\n\t\t\t\t<\/div>\n\t\t","protected":false},"excerpt":{"rendered":"<p>\u6c34\u5904\u7406\u548c\u914d\u6c34 \u81ea\u4ece1982\u5e74TTV\u6210\u7acb\u4f0a\u59cb\uff0c\u5c31\u662f\u6211\u4eec\u7684\u4e3b\u8981\u90e8\u95e8\u3002 \u8fd9\u662f\u4e00\u4e2a\u4e3b\u8981\u9488\u5bf9\u73af\u4fdd\u548c\u7ecf\u6d4e\u7684\u91cd\u8981\u90e8\u95e8\uff0c\u73af\u4fdd\u548c [&hellip;]<\/p>\n","protected":false},"author":1,"featured_media":0,"parent":0,"menu_order":0,"comment_status":"closed","ping_status":"closed","template":"","meta":{"footnotes":""},"class_list":["post-3594","page","type-page","status-publish","hentry"],"yoast_head":"<!-- This site is optimized with the Yoast SEO plugin v27.5 - https:\/\/yoast.com\/product\/yoast-seo-wordpress\/ -->\n<title>\u6c34\u5904\u7406\u548c\u914d\u6c34 - TTV<\/title>\n<meta name=\"description\" content=\"\u81ea1982\u5e74\u4ee5\u6765\uff0cTTV\u81f4\u529b\u4e8e\u7814\u7a76\uff0c\u65e8\u5728\u4e3a\u6c34\u5904\u7406\u548c\u914d\u6c34\u9886\u57df\u63d0\u4f9b\u914d\u5957\u7684\u9600\u95e8\u3002\" \/>\n<meta name=\"robots\" content=\"index, follow, max-snippet:-1, max-image-preview:large, max-video-preview:-1\" \/>\n<link rel=\"canonical\" href=\"https:\/\/www.ttvvalve.com\/zh-hans\/\u6c34\u5904\u7406\u548c\u914d\u6c34\/\" \/>\n<meta property=\"og:locale\" content=\"zh_CN\" \/>\n<meta property=\"og:type\" content=\"article\" \/>\n<meta property=\"og:title\" content=\"\u6c34\u5904\u7406\u548c\u914d\u6c34 - TTV\" \/>\n<meta property=\"og:description\" content=\"\u81ea1982\u5e74\u4ee5\u6765\uff0cTTV\u81f4\u529b\u4e8e\u7814\u7a76\uff0c\u65e8\u5728\u4e3a\u6c34\u5904\u7406\u548c\u914d\u6c34\u9886\u57df\u63d0\u4f9b\u914d\u5957\u7684\u9600\u95e8\u3002\" \/>\n<meta property=\"og:url\" content=\"https:\/\/www.ttvvalve.com\/zh-hans\/\u6c34\u5904\u7406\u548c\u914d\u6c34\/\" \/>\n<meta property=\"og:site_name\" content=\"TTV\" \/>\n<meta property=\"article:modified_time\" content=\"2023-07-28T08:09:54+00:00\" \/>\n<meta property=\"og:image\" content=\"https:\/\/www.ttvvalve.com\/wp-content\/uploads\/2023\/06\/concentricas.jpg\" \/>\n<meta name=\"twitter:card\" content=\"summary_large_image\" \/>\n<script type=\"application\/ld+json\" class=\"yoast-schema-graph\">{\"@context\":\"https:\\\/\\\/schema.org\",\"@graph\":[{\"@type\":\"WebPage\",\"@id\":\"https:\\\/\\\/www.ttvvalve.com\\\/zh-hans\\\/%e6%b0%b4%e5%a4%84%e7%90%86%e5%92%8c%e9%85%8d%e6%b0%b4\\\/\",\"url\":\"https:\\\/\\\/www.ttvvalve.com\\\/zh-hans\\\/%e6%b0%b4%e5%a4%84%e7%90%86%e5%92%8c%e9%85%8d%e6%b0%b4\\\/\",\"name\":\"\u6c34\u5904\u7406\u548c\u914d\u6c34 - TTV\",\"isPartOf\":{\"@id\":\"https:\\\/\\\/www.ttvvalve.com\\\/#website\"},\"primaryImageOfPage\":{\"@id\":\"https:\\\/\\\/www.ttvvalve.com\\\/zh-hans\\\/%e6%b0%b4%e5%a4%84%e7%90%86%e5%92%8c%e9%85%8d%e6%b0%b4\\\/#primaryimage\"},\"image\":{\"@id\":\"https:\\\/\\\/www.ttvvalve.com\\\/zh-hans\\\/%e6%b0%b4%e5%a4%84%e7%90%86%e5%92%8c%e9%85%8d%e6%b0%b4\\\/#primaryimage\"},\"thumbnailUrl\":\"https:\\\/\\\/www.ttvvalve.com\\\/wp-content\\\/uploads\\\/2023\\\/06\\\/concentricas.jpg\",\"datePublished\":\"2022-07-06T10:19:48+00:00\",\"dateModified\":\"2023-07-28T08:09:54+00:00\",\"description\":\"\u81ea1982\u5e74\u4ee5\u6765\uff0cTTV\u81f4\u529b\u4e8e\u7814\u7a76\uff0c\u65e8\u5728\u4e3a\u6c34\u5904\u7406\u548c\u914d\u6c34\u9886\u57df\u63d0\u4f9b\u914d\u5957\u7684\u9600\u95e8\u3002\",\"breadcrumb\":{\"@id\":\"https:\\\/\\\/www.ttvvalve.com\\\/zh-hans\\\/%e6%b0%b4%e5%a4%84%e7%90%86%e5%92%8c%e9%85%8d%e6%b0%b4\\\/#breadcrumb\"},\"inLanguage\":\"zh-Hans\",\"potentialAction\":[{\"@type\":\"ReadAction\",\"target\":[\"https:\\\/\\\/www.ttvvalve.com\\\/zh-hans\\\/%e6%b0%b4%e5%a4%84%e7%90%86%e5%92%8c%e9%85%8d%e6%b0%b4\\\/\"]}]},{\"@type\":\"ImageObject\",\"inLanguage\":\"zh-Hans\",\"@id\":\"https:\\\/\\\/www.ttvvalve.com\\\/zh-hans\\\/%e6%b0%b4%e5%a4%84%e7%90%86%e5%92%8c%e9%85%8d%e6%b0%b4\\\/#primaryimage\",\"url\":\"https:\\\/\\\/www.ttvvalve.com\\\/wp-content\\\/uploads\\\/2023\\\/06\\\/concentricas.jpg\",\"contentUrl\":\"https:\\\/\\\/www.ttvvalve.com\\\/wp-content\\\/uploads\\\/2023\\\/06\\\/concentricas.jpg\"},{\"@type\":\"BreadcrumbList\",\"@id\":\"https:\\\/\\\/www.ttvvalve.com\\\/zh-hans\\\/%e6%b0%b4%e5%a4%84%e7%90%86%e5%92%8c%e9%85%8d%e6%b0%b4\\\/#breadcrumb\",\"itemListElement\":[{\"@type\":\"ListItem\",\"position\":1,\"name\":\"Portada\",\"item\":\"https:\\\/\\\/www.ttvvalve.com\\\/zh-hans\\\/\"},{\"@type\":\"ListItem\",\"position\":2,\"name\":\"\u6c34\u5904\u7406\u548c\u914d\u6c34\"}]},{\"@type\":\"WebSite\",\"@id\":\"https:\\\/\\\/www.ttvvalve.com\\\/#website\",\"url\":\"https:\\\/\\\/www.ttvvalve.com\\\/\",\"name\":\"TTV\",\"description\":\"Fabricaci\u00f3n y Distribuci\u00f3n de V\u00e1lvulas\",\"publisher\":{\"@id\":\"https:\\\/\\\/www.ttvvalve.com\\\/#organization\"},\"potentialAction\":[{\"@type\":\"SearchAction\",\"target\":{\"@type\":\"EntryPoint\",\"urlTemplate\":\"https:\\\/\\\/www.ttvvalve.com\\\/?s={search_term_string}\"},\"query-input\":{\"@type\":\"PropertyValueSpecification\",\"valueRequired\":true,\"valueName\":\"search_term_string\"}}],\"inLanguage\":\"zh-Hans\"},{\"@type\":\"Organization\",\"@id\":\"https:\\\/\\\/www.ttvvalve.com\\\/#organization\",\"name\":\"TTV\",\"url\":\"https:\\\/\\\/www.ttvvalve.com\\\/\",\"logo\":{\"@type\":\"ImageObject\",\"inLanguage\":\"zh-Hans\",\"@id\":\"https:\\\/\\\/www.ttvvalve.com\\\/#\\\/schema\\\/logo\\\/image\\\/\",\"url\":\"https:\\\/\\\/www.ttvvalve.com\\\/wp-content\\\/uploads\\\/2022\\\/07\\\/logo-ttv-reducido.jpg\",\"contentUrl\":\"https:\\\/\\\/www.ttvvalve.com\\\/wp-content\\\/uploads\\\/2022\\\/07\\\/logo-ttv-reducido.jpg\",\"width\":100,\"height\":58,\"caption\":\"TTV\"},\"image\":{\"@id\":\"https:\\\/\\\/www.ttvvalve.com\\\/#\\\/schema\\\/logo\\\/image\\\/\"}}]}<\/script>\n<!-- \/ Yoast SEO plugin. -->","yoast_head_json":{"title":"\u6c34\u5904\u7406\u548c\u914d\u6c34 - TTV","description":"\u81ea1982\u5e74\u4ee5\u6765\uff0cTTV\u81f4\u529b\u4e8e\u7814\u7a76\uff0c\u65e8\u5728\u4e3a\u6c34\u5904\u7406\u548c\u914d\u6c34\u9886\u57df\u63d0\u4f9b\u914d\u5957\u7684\u9600\u95e8\u3002","robots":{"index":"index","follow":"follow","max-snippet":"max-snippet:-1","max-image-preview":"max-image-preview:large","max-video-preview":"max-video-preview:-1"},"canonical":"https:\/\/www.ttvvalve.com\/zh-hans\/\u6c34\u5904\u7406\u548c\u914d\u6c34\/","og_locale":"zh_CN","og_type":"article","og_title":"\u6c34\u5904\u7406\u548c\u914d\u6c34 - TTV","og_description":"\u81ea1982\u5e74\u4ee5\u6765\uff0cTTV\u81f4\u529b\u4e8e\u7814\u7a76\uff0c\u65e8\u5728\u4e3a\u6c34\u5904\u7406\u548c\u914d\u6c34\u9886\u57df\u63d0\u4f9b\u914d\u5957\u7684\u9600\u95e8\u3002","og_url":"https:\/\/www.ttvvalve.com\/zh-hans\/\u6c34\u5904\u7406\u548c\u914d\u6c34\/","og_site_name":"TTV","article_modified_time":"2023-07-28T08:09:54+00:00","og_image":[{"url":"https:\/\/www.ttvvalve.com\/wp-content\/uploads\/2023\/06\/concentricas.jpg","type":"","width":"","height":""}],"twitter_card":"summary_large_image","schema":{"@context":"https:\/\/schema.org","@graph":[{"@type":"WebPage","@id":"https:\/\/www.ttvvalve.com\/zh-hans\/%e6%b0%b4%e5%a4%84%e7%90%86%e5%92%8c%e9%85%8d%e6%b0%b4\/","url":"https:\/\/www.ttvvalve.com\/zh-hans\/%e6%b0%b4%e5%a4%84%e7%90%86%e5%92%8c%e9%85%8d%e6%b0%b4\/","name":"\u6c34\u5904\u7406\u548c\u914d\u6c34 - TTV","isPartOf":{"@id":"https:\/\/www.ttvvalve.com\/#website"},"primaryImageOfPage":{"@id":"https:\/\/www.ttvvalve.com\/zh-hans\/%e6%b0%b4%e5%a4%84%e7%90%86%e5%92%8c%e9%85%8d%e6%b0%b4\/#primaryimage"},"image":{"@id":"https:\/\/www.ttvvalve.com\/zh-hans\/%e6%b0%b4%e5%a4%84%e7%90%86%e5%92%8c%e9%85%8d%e6%b0%b4\/#primaryimage"},"thumbnailUrl":"https:\/\/www.ttvvalve.com\/wp-content\/uploads\/2023\/06\/concentricas.jpg","datePublished":"2022-07-06T10:19:48+00:00","dateModified":"2023-07-28T08:09:54+00:00","description":"\u81ea1982\u5e74\u4ee5\u6765\uff0cTTV\u81f4\u529b\u4e8e\u7814\u7a76\uff0c\u65e8\u5728\u4e3a\u6c34\u5904\u7406\u548c\u914d\u6c34\u9886\u57df\u63d0\u4f9b\u914d\u5957\u7684\u9600\u95e8\u3002","breadcrumb":{"@id":"https:\/\/www.ttvvalve.com\/zh-hans\/%e6%b0%b4%e5%a4%84%e7%90%86%e5%92%8c%e9%85%8d%e6%b0%b4\/#breadcrumb"},"inLanguage":"zh-Hans","potentialAction":[{"@type":"ReadAction","target":["https:\/\/www.ttvvalve.com\/zh-hans\/%e6%b0%b4%e5%a4%84%e7%90%86%e5%92%8c%e9%85%8d%e6%b0%b4\/"]}]},{"@type":"ImageObject","inLanguage":"zh-Hans","@id":"https:\/\/www.ttvvalve.com\/zh-hans\/%e6%b0%b4%e5%a4%84%e7%90%86%e5%92%8c%e9%85%8d%e6%b0%b4\/#primaryimage","url":"https:\/\/www.ttvvalve.com\/wp-content\/uploads\/2023\/06\/concentricas.jpg","contentUrl":"https:\/\/www.ttvvalve.com\/wp-content\/uploads\/2023\/06\/concentricas.jpg"},{"@type":"BreadcrumbList","@id":"https:\/\/www.ttvvalve.com\/zh-hans\/%e6%b0%b4%e5%a4%84%e7%90%86%e5%92%8c%e9%85%8d%e6%b0%b4\/#breadcrumb","itemListElement":[{"@type":"ListItem","position":1,"name":"Portada","item":"https:\/\/www.ttvvalve.com\/zh-hans\/"},{"@type":"ListItem","position":2,"name":"\u6c34\u5904\u7406\u548c\u914d\u6c34"}]},{"@type":"WebSite","@id":"https:\/\/www.ttvvalve.com\/#website","url":"https:\/\/www.ttvvalve.com\/","name":"TTV","description":"Fabricaci\u00f3n y Distribuci\u00f3n de V\u00e1lvulas","publisher":{"@id":"https:\/\/www.ttvvalve.com\/#organization"},"potentialAction":[{"@type":"SearchAction","target":{"@type":"EntryPoint","urlTemplate":"https:\/\/www.ttvvalve.com\/?s={search_term_string}"},"query-input":{"@type":"PropertyValueSpecification","valueRequired":true,"valueName":"search_term_string"}}],"inLanguage":"zh-Hans"},{"@type":"Organization","@id":"https:\/\/www.ttvvalve.com\/#organization","name":"TTV","url":"https:\/\/www.ttvvalve.com\/","logo":{"@type":"ImageObject","inLanguage":"zh-Hans","@id":"https:\/\/www.ttvvalve.com\/#\/schema\/logo\/image\/","url":"https:\/\/www.ttvvalve.com\/wp-content\/uploads\/2022\/07\/logo-ttv-reducido.jpg","contentUrl":"https:\/\/www.ttvvalve.com\/wp-content\/uploads\/2022\/07\/logo-ttv-reducido.jpg","width":100,"height":58,"caption":"TTV"},"image":{"@id":"https:\/\/www.ttvvalve.com\/#\/schema\/logo\/image\/"}}]}},"_links":{"self":[{"href":"https:\/\/www.ttvvalve.com\/zh-hans\/wp-json\/wp\/v2\/pages\/3594","targetHints":{"allow":["GET"]}}],"collection":[{"href":"https:\/\/www.ttvvalve.com\/zh-hans\/wp-json\/wp\/v2\/pages"}],"about":[{"href":"https:\/\/www.ttvvalve.com\/zh-hans\/wp-json\/wp\/v2\/types\/page"}],"author":[{"embeddable":true,"href":"https:\/\/www.ttvvalve.com\/zh-hans\/wp-json\/wp\/v2\/users\/1"}],"replies":[{"embeddable":true,"href":"https:\/\/www.ttvvalve.com\/zh-hans\/wp-json\/wp\/v2\/comments?post=3594"}],"version-history":[{"count":2,"href":"https:\/\/www.ttvvalve.com\/zh-hans\/wp-json\/wp\/v2\/pages\/3594\/revisions"}],"predecessor-version":[{"id":4014,"href":"https:\/\/www.ttvvalve.com\/zh-hans\/wp-json\/wp\/v2\/pages\/3594\/revisions\/4014"}],"wp:attachment":[{"href":"https:\/\/www.ttvvalve.com\/zh-hans\/wp-json\/wp\/v2\/media?parent=3594"}],"curies":[{"name":"wp","href":"https:\/\/api.w.org\/{rel}","templated":true}]}}