{"id":3824,"date":"2022-08-12T08:06:21","date_gmt":"2022-08-12T08:06:21","guid":{"rendered":"https:\/\/www.ttvvalve.com\/%d0%bf%d1%80%d0%be%d0%b4%d1%83%d0%ba%d1%86%d0%b8%d1%8f\/%d1%88%d0%b8%d0%b1%d0%b5%d1%80%d0%bd%d1%8b%d0%b5-%d0%b7%d0%b0%d0%b4%d0%b2%d0%b8%d0%b6%d0%ba%d0%b8\/"},"modified":"2023-08-08T10:27:34","modified_gmt":"2023-08-08T10:27:34","slug":"%d1%88%d0%b8%d0%b1%d0%b5%d1%80%d0%bd%d1%8b%d0%b5-%d0%b7%d0%b0%d0%b4%d0%b2%d0%b8%d0%b6%d0%ba%d0%b8","status":"publish","type":"page","link":"https:\/\/www.ttvvalve.com\/ru\/%d0%bf%d1%80%d0%be%d0%b4%d1%83%d0%ba%d1%86%d0%b8%d1%8f\/%d1%88%d0%b8%d0%b1%d0%b5%d1%80%d0%bd%d1%8b%d0%b5-%d0%b7%d0%b0%d0%b4%d0%b2%d0%b8%d0%b6%d0%ba%d0%b8\/","title":{"rendered":"\u0428\u0438\u0431\u0435\u0440\u043d\u044b\u0435 \u0437\u0430\u0434\u0432\u0438\u0436\u043a\u0438"},"content":{"rendered":"\t\t<div data-elementor-type=\"wp-page\" data-elementor-id=\"3824\" class=\"elementor elementor-3824 elementor-384\" data-elementor-post-type=\"page\">\n\t\t\t\t\t\t<section class=\"elementor-section elementor-top-section elementor-element elementor-element-ad13393 elementor-section-full_width elementor-section-height-min-height elementor-section-height-default elementor-section-items-middle\" data-id=\"ad13393\" data-element_type=\"section\" data-e-type=\"section\">\n\t\t\t\t\t\t<div class=\"elementor-container elementor-column-gap-default\">\n\t\t\t\t\t<div class=\"elementor-column elementor-col-100 elementor-top-column elementor-element elementor-element-f4b7a30\" data-id=\"f4b7a30\" data-element_type=\"column\" data-e-type=\"column\">\n\t\t\t<div class=\"elementor-widget-wrap elementor-element-populated\">\n\t\t\t\t\t\t<div class=\"elementor-element elementor-element-1ab2a39 elementor-widget elementor-widget-heading\" data-id=\"1ab2a39\" data-element_type=\"widget\" data-e-type=\"widget\" data-widget_type=\"heading.default\">\n\t\t\t\t<div class=\"elementor-widget-container\">\n\t\t\t\t\t<h2 class=\"elementor-heading-title elementor-size-xxl\">\u0428\u0438\u0431\u0435\u0440\u043d\u044b\u0435 \u0437\u0430\u0434\u0432\u0438\u0436\u043a\u0438 TTV Valves<\/h2>\t\t\t\t<\/div>\n\t\t\t\t<\/div>\n\t\t\t\t<section class=\"elementor-section elementor-inner-section elementor-element elementor-element-828c93e elementor-section-height-min-height elementor-section-boxed elementor-section-height-default\" data-id=\"828c93e\" data-element_type=\"section\" data-e-type=\"section\">\n\t\t\t\t\t\t<div class=\"elementor-container elementor-column-gap-default\">\n\t\t\t\t\t<div class=\"elementor-column elementor-col-100 elementor-inner-column elementor-element elementor-element-c37f880\" data-id=\"c37f880\" data-element_type=\"column\" data-e-type=\"column\">\n\t\t\t<div class=\"elementor-widget-wrap elementor-element-populated\">\n\t\t\t\t\t\t<div class=\"elementor-element elementor-element-c7220dd elementor-widget elementor-widget-image\" data-id=\"c7220dd\" data-element_type=\"widget\" data-e-type=\"widget\" data-widget_type=\"image.default\">\n\t\t\t\t<div class=\"elementor-widget-container\">\n\t\t\t\t\t\t\t\t\t\t\t\t\t\t\t\t<a href=\"https:\/\/www.ttvvalve.com\/ru\/%d0%bf%d1%80%d0%be%d0%b4%d1%83%d0%ba%d1%86%d0%b8%d1%8f\/%d1%88%d0%b8%d0%b1%d0%b5%d1%80%d0%bd%d1%8b%d0%b5-%d0%b7%d0%b0%d0%b4%d0%b2%d0%b8%d0%b6%d0%ba%d0%b8\/%d0%b7%d0%b0%d0%b4%d0%b2%d0%b8%d0%b6%d0%ba%d0%b8-shigate\/\">\n\t\t\t\t\t\t\t<img decoding=\"async\" src=\"https:\/\/www.ttvvalve.com\/wp-content\/uploads\/elementor\/thumbs\/F4-F5-prod-red_comp-q764nynafm3mp7ovag9gyuvknd2fxqjctodqbrx470.webp\" title=\"F4 &#8211; F5-prod-red_comp\" alt=\"F4 - F5-prod-red_comp\" loading=\"lazy\" \/>\t\t\t\t\t\t\t\t<\/a>\n\t\t\t\t\t\t\t\t\t\t\t\t\t\t\t<\/div>\n\t\t\t\t<\/div>\n\t\t\t\t<div class=\"elementor-element elementor-element-3704df1 elementor-align-center elementor-widget elementor-widget-button\" data-id=\"3704df1\" data-element_type=\"widget\" data-e-type=\"widget\" data-widget_type=\"button.default\">\n\t\t\t\t<div class=\"elementor-widget-container\">\n\t\t\t\t\t\t\t\t\t<div class=\"elementor-button-wrapper\">\n\t\t\t\t\t<a class=\"elementor-button elementor-button-link elementor-size-sm\" href=\"https:\/\/www.ttvvalve.com\/ru\/%d0%bf%d1%80%d0%be%d0%b4%d1%83%d0%ba%d1%86%d0%b8%d1%8f\/%d1%88%d0%b8%d0%b1%d0%b5%d1%80%d0%bd%d1%8b%d0%b5-%d0%b7%d0%b0%d0%b4%d0%b2%d0%b8%d0%b6%d0%ba%d0%b8\/%d0%b7%d0%b0%d0%b4%d0%b2%d0%b8%d0%b6%d0%ba%d0%b8-shigate\/\">\n\t\t\t\t\t\t<span class=\"elementor-button-content-wrapper\">\n\t\t\t\t\t\t\t\t\t<span class=\"elementor-button-text\">\u0417\u0430\u0434\u0432\u0438\u0436\u043a\u0438 Shigate<\/span>\n\t\t\t\t\t<\/span>\n\t\t\t\t\t<\/a>\n\t\t\t\t<\/div>\n\t\t\t\t\t\t\t\t<\/div>\n\t\t\t\t<\/div>\n\t\t\t\t\t<\/div>\n\t\t<\/div>\n\t\t\t\t\t<\/div>\n\t\t<\/section>\n\t\t\t\t<div class=\"elementor-element elementor-element-15e435c elementor-widget elementor-widget-spacer\" data-id=\"15e435c\" data-element_type=\"widget\" data-e-type=\"widget\" data-widget_type=\"spacer.default\">\n\t\t\t\t<div class=\"elementor-widget-container\">\n\t\t\t\t\t\t\t<div class=\"elementor-spacer\">\n\t\t\t<div class=\"elementor-spacer-inner\"><\/div>\n\t\t<\/div>\n\t\t\t\t\t\t<\/div>\n\t\t\t\t<\/div>\n\t\t\t\t\t<\/div>\n\t\t<\/div>\n\t\t\t\t\t<\/div>\n\t\t<\/section>\n\t\t\t\t<\/div>\n\t\t","protected":false},"excerpt":{"rendered":"<p>\u0428\u0438\u0431\u0435\u0440\u043d\u044b\u0435 \u0437\u0430\u0434\u0432\u0438\u0436\u043a\u0438 TTV Valves \u0417\u0430\u0434\u0432\u0438\u0436\u043a\u0438 Shigate<\/p>\n","protected":false},"author":1,"featured_media":0,"parent":1435,"menu_order":0,"comment_status":"closed","ping_status":"closed","template":"elementor_header_footer","meta":{"footnotes":""},"class_list":["post-3824","page","type-page","status-publish","hentry"],"yoast_head":"<!-- This site is optimized with the Yoast SEO plugin v27.5 - https:\/\/yoast.com\/product\/yoast-seo-wordpress\/ -->\n<title>\u0428\u0438\u0431\u0435\u0440\u043d\u044b\u0435 \u0437\u0430\u0434\u0432\u0438\u0436\u043a\u0438 - TTV<\/title>\n<meta name=\"description\" content=\"\u0428\u0438\u0431\u0435\u0440\u043d\u044b\u0435 \u0437\u0430\u0434\u0432\u0438\u0436\u043a\u0438 TTV, \u043e\u0442\u043b\u0438\u0447\u0430\u044e\u0449\u0438\u0435\u0441\u044f \u0438\u043d\u043d\u043e\u0432\u0430\u0446\u0438\u043e\u043d\u043d\u043e\u0441\u0442\u044c\u044e \u0438 \u0431\u0435\u0437\u043e\u043f\u0430\u0441\u043d\u043e\u0441\u0442\u044c\u044e, \u043f\u0440\u0438\u043c\u0435\u043d\u044f\u044e\u0442\u0441\u044f \u0432 \u0432\u043e\u0434\u043e\u043f\u043e\u0434\u0433\u043e\u0442\u043e\u0432\u043a\u0435, \u0432\u043e\u0434\u043e\u0441\u043d\u0430\u0431\u0436\u0435\u043d\u0438\u0438 \u0438 \u043c\u0435\u0442\u0430\u043b\u043b\u0443\u0440\u0433\u0438\u0447\u0435\u0441\u043a\u043e\u0439 \u043f\u0440\u043e\u043c\u044b\u0448\u043b\u0435\u043d\u043d\u043e\u0441\u0442\u0438.\" \/>\n<meta name=\"robots\" content=\"index, follow, max-snippet:-1, max-image-preview:large, max-video-preview:-1\" \/>\n<link rel=\"canonical\" href=\"https:\/\/www.ttvvalve.com\/ru\/\u043f\u0440\u043e\u0434\u0443\u043a\u0446\u0438\u044f\/\u0448\u0438\u0431\u0435\u0440\u043d\u044b\u0435-\u0437\u0430\u0434\u0432\u0438\u0436\u043a\u0438\/\" \/>\n<meta property=\"og:locale\" content=\"ru_RU\" \/>\n<meta property=\"og:type\" content=\"article\" \/>\n<meta property=\"og:title\" content=\"\u0428\u0438\u0431\u0435\u0440\u043d\u044b\u0435 \u0437\u0430\u0434\u0432\u0438\u0436\u043a\u0438 - TTV\" \/>\n<meta property=\"og:description\" content=\"\u0428\u0438\u0431\u0435\u0440\u043d\u044b\u0435 \u0437\u0430\u0434\u0432\u0438\u0436\u043a\u0438 TTV, \u043e\u0442\u043b\u0438\u0447\u0430\u044e\u0449\u0438\u0435\u0441\u044f \u0438\u043d\u043d\u043e\u0432\u0430\u0446\u0438\u043e\u043d\u043d\u043e\u0441\u0442\u044c\u044e \u0438 \u0431\u0435\u0437\u043e\u043f\u0430\u0441\u043d\u043e\u0441\u0442\u044c\u044e, \u043f\u0440\u0438\u043c\u0435\u043d\u044f\u044e\u0442\u0441\u044f \u0432 \u0432\u043e\u0434\u043e\u043f\u043e\u0434\u0433\u043e\u0442\u043e\u0432\u043a\u0435, \u0432\u043e\u0434\u043e\u0441\u043d\u0430\u0431\u0436\u0435\u043d\u0438\u0438 \u0438 \u043c\u0435\u0442\u0430\u043b\u043b\u0443\u0440\u0433\u0438\u0447\u0435\u0441\u043a\u043e\u0439 \u043f\u0440\u043e\u043c\u044b\u0448\u043b\u0435\u043d\u043d\u043e\u0441\u0442\u0438.\" \/>\n<meta property=\"og:url\" content=\"https:\/\/www.ttvvalve.com\/ru\/\u043f\u0440\u043e\u0434\u0443\u043a\u0446\u0438\u044f\/\u0448\u0438\u0431\u0435\u0440\u043d\u044b\u0435-\u0437\u0430\u0434\u0432\u0438\u0436\u043a\u0438\/\" \/>\n<meta property=\"og:site_name\" content=\"TTV\" \/>\n<meta property=\"article:modified_time\" content=\"2023-08-08T10:27:34+00:00\" \/>\n<meta property=\"og:image\" content=\"https:\/\/www.ttvvalve.com\/wp-content\/uploads\/elementor\/thumbs\/F4-F5-prod-red_comp-q764nynafm3mp7ovag9gyuvknd2fxqjctodqbrx470.webp\" \/>\n<meta name=\"twitter:card\" content=\"summary_large_image\" \/>\n<meta name=\"twitter:label1\" content=\"\u041f\u0440\u0438\u043c\u0435\u0440\u043d\u043e\u0435 \u0432\u0440\u0435\u043c\u044f \u0434\u043b\u044f \u0447\u0442\u0435\u043d\u0438\u044f\" \/>\n\t<meta name=\"twitter:data1\" content=\"1 \u043c\u0438\u043d\u0443\u0442\u0430\" \/>\n<script type=\"application\/ld+json\" class=\"yoast-schema-graph\">{\"@context\":\"https:\\\/\\\/schema.org\",\"@graph\":[{\"@type\":\"WebPage\",\"@id\":\"https:\\\/\\\/www.ttvvalve.com\\\/ru\\\/%d0%bf%d1%80%d0%be%d0%b4%d1%83%d0%ba%d1%86%d0%b8%d1%8f\\\/%d1%88%d0%b8%d0%b1%d0%b5%d1%80%d0%bd%d1%8b%d0%b5-%d0%b7%d0%b0%d0%b4%d0%b2%d0%b8%d0%b6%d0%ba%d0%b8\\\/\",\"url\":\"https:\\\/\\\/www.ttvvalve.com\\\/ru\\\/%d0%bf%d1%80%d0%be%d0%b4%d1%83%d0%ba%d1%86%d0%b8%d1%8f\\\/%d1%88%d0%b8%d0%b1%d0%b5%d1%80%d0%bd%d1%8b%d0%b5-%d0%b7%d0%b0%d0%b4%d0%b2%d0%b8%d0%b6%d0%ba%d0%b8\\\/\",\"name\":\"\u0428\u0438\u0431\u0435\u0440\u043d\u044b\u0435 \u0437\u0430\u0434\u0432\u0438\u0436\u043a\u0438 - TTV\",\"isPartOf\":{\"@id\":\"https:\\\/\\\/www.ttvvalve.com\\\/#website\"},\"primaryImageOfPage\":{\"@id\":\"https:\\\/\\\/www.ttvvalve.com\\\/ru\\\/%d0%bf%d1%80%d0%be%d0%b4%d1%83%d0%ba%d1%86%d0%b8%d1%8f\\\/%d1%88%d0%b8%d0%b1%d0%b5%d1%80%d0%bd%d1%8b%d0%b5-%d0%b7%d0%b0%d0%b4%d0%b2%d0%b8%d0%b6%d0%ba%d0%b8\\\/#primaryimage\"},\"image\":{\"@id\":\"https:\\\/\\\/www.ttvvalve.com\\\/ru\\\/%d0%bf%d1%80%d0%be%d0%b4%d1%83%d0%ba%d1%86%d0%b8%d1%8f\\\/%d1%88%d0%b8%d0%b1%d0%b5%d1%80%d0%bd%d1%8b%d0%b5-%d0%b7%d0%b0%d0%b4%d0%b2%d0%b8%d0%b6%d0%ba%d0%b8\\\/#primaryimage\"},\"thumbnailUrl\":\"https:\\\/\\\/www.ttvvalve.com\\\/wp-content\\\/uploads\\\/elementor\\\/thumbs\\\/F4-F5-prod-red_comp-q764nynafm3mp7ovag9gyuvknd2fxqjctodqbrx470.webp\",\"datePublished\":\"2022-08-12T08:06:21+00:00\",\"dateModified\":\"2023-08-08T10:27:34+00:00\",\"description\":\"\u0428\u0438\u0431\u0435\u0440\u043d\u044b\u0435 \u0437\u0430\u0434\u0432\u0438\u0436\u043a\u0438 TTV, \u043e\u0442\u043b\u0438\u0447\u0430\u044e\u0449\u0438\u0435\u0441\u044f \u0438\u043d\u043d\u043e\u0432\u0430\u0446\u0438\u043e\u043d\u043d\u043e\u0441\u0442\u044c\u044e \u0438 \u0431\u0435\u0437\u043e\u043f\u0430\u0441\u043d\u043e\u0441\u0442\u044c\u044e, \u043f\u0440\u0438\u043c\u0435\u043d\u044f\u044e\u0442\u0441\u044f \u0432 \u0432\u043e\u0434\u043e\u043f\u043e\u0434\u0433\u043e\u0442\u043e\u0432\u043a\u0435, \u0432\u043e\u0434\u043e\u0441\u043d\u0430\u0431\u0436\u0435\u043d\u0438\u0438 \u0438 \u043c\u0435\u0442\u0430\u043b\u043b\u0443\u0440\u0433\u0438\u0447\u0435\u0441\u043a\u043e\u0439 \u043f\u0440\u043e\u043c\u044b\u0448\u043b\u0435\u043d\u043d\u043e\u0441\u0442\u0438.\",\"breadcrumb\":{\"@id\":\"https:\\\/\\\/www.ttvvalve.com\\\/ru\\\/%d0%bf%d1%80%d0%be%d0%b4%d1%83%d0%ba%d1%86%d0%b8%d1%8f\\\/%d1%88%d0%b8%d0%b1%d0%b5%d1%80%d0%bd%d1%8b%d0%b5-%d0%b7%d0%b0%d0%b4%d0%b2%d0%b8%d0%b6%d0%ba%d0%b8\\\/#breadcrumb\"},\"inLanguage\":\"ru-RU\",\"potentialAction\":[{\"@type\":\"ReadAction\",\"target\":[\"https:\\\/\\\/www.ttvvalve.com\\\/ru\\\/%d0%bf%d1%80%d0%be%d0%b4%d1%83%d0%ba%d1%86%d0%b8%d1%8f\\\/%d1%88%d0%b8%d0%b1%d0%b5%d1%80%d0%bd%d1%8b%d0%b5-%d0%b7%d0%b0%d0%b4%d0%b2%d0%b8%d0%b6%d0%ba%d0%b8\\\/\"]}]},{\"@type\":\"ImageObject\",\"inLanguage\":\"ru-RU\",\"@id\":\"https:\\\/\\\/www.ttvvalve.com\\\/ru\\\/%d0%bf%d1%80%d0%be%d0%b4%d1%83%d0%ba%d1%86%d0%b8%d1%8f\\\/%d1%88%d0%b8%d0%b1%d0%b5%d1%80%d0%bd%d1%8b%d0%b5-%d0%b7%d0%b0%d0%b4%d0%b2%d0%b8%d0%b6%d0%ba%d0%b8\\\/#primaryimage\",\"url\":\"https:\\\/\\\/www.ttvvalve.com\\\/wp-content\\\/uploads\\\/elementor\\\/thumbs\\\/F4-F5-prod-red_comp-q764nynafm3mp7ovag9gyuvknd2fxqjctodqbrx470.webp\",\"contentUrl\":\"https:\\\/\\\/www.ttvvalve.com\\\/wp-content\\\/uploads\\\/elementor\\\/thumbs\\\/F4-F5-prod-red_comp-q764nynafm3mp7ovag9gyuvknd2fxqjctodqbrx470.webp\"},{\"@type\":\"BreadcrumbList\",\"@id\":\"https:\\\/\\\/www.ttvvalve.com\\\/ru\\\/%d0%bf%d1%80%d0%be%d0%b4%d1%83%d0%ba%d1%86%d0%b8%d1%8f\\\/%d1%88%d0%b8%d0%b1%d0%b5%d1%80%d0%bd%d1%8b%d0%b5-%d0%b7%d0%b0%d0%b4%d0%b2%d0%b8%d0%b6%d0%ba%d0%b8\\\/#breadcrumb\",\"itemListElement\":[{\"@type\":\"ListItem\",\"position\":1,\"name\":\"Portada\",\"item\":\"https:\\\/\\\/www.ttvvalve.com\\\/ru\\\/\"},{\"@type\":\"ListItem\",\"position\":2,\"name\":\"\u041f\u0440\u043e\u0434\u0443\u043a\u0446\u0438\u044f\",\"item\":\"https:\\\/\\\/www.ttvvalve.com\\\/ru\\\/%d0%bf%d1%80%d0%be%d0%b4%d1%83%d0%ba%d1%86%d0%b8%d1%8f\\\/\"},{\"@type\":\"ListItem\",\"position\":3,\"name\":\"\u0428\u0438\u0431\u0435\u0440\u043d\u044b\u0435 \u0437\u0430\u0434\u0432\u0438\u0436\u043a\u0438\"}]},{\"@type\":\"WebSite\",\"@id\":\"https:\\\/\\\/www.ttvvalve.com\\\/#website\",\"url\":\"https:\\\/\\\/www.ttvvalve.com\\\/\",\"name\":\"TTV\",\"description\":\"Fabricaci\u00f3n y Distribuci\u00f3n de V\u00e1lvulas\",\"publisher\":{\"@id\":\"https:\\\/\\\/www.ttvvalve.com\\\/#organization\"},\"potentialAction\":[{\"@type\":\"SearchAction\",\"target\":{\"@type\":\"EntryPoint\",\"urlTemplate\":\"https:\\\/\\\/www.ttvvalve.com\\\/?s={search_term_string}\"},\"query-input\":{\"@type\":\"PropertyValueSpecification\",\"valueRequired\":true,\"valueName\":\"search_term_string\"}}],\"inLanguage\":\"ru-RU\"},{\"@type\":\"Organization\",\"@id\":\"https:\\\/\\\/www.ttvvalve.com\\\/#organization\",\"name\":\"TTV\",\"url\":\"https:\\\/\\\/www.ttvvalve.com\\\/\",\"logo\":{\"@type\":\"ImageObject\",\"inLanguage\":\"ru-RU\",\"@id\":\"https:\\\/\\\/www.ttvvalve.com\\\/#\\\/schema\\\/logo\\\/image\\\/\",\"url\":\"https:\\\/\\\/www.ttvvalve.com\\\/wp-content\\\/uploads\\\/2022\\\/07\\\/logo-ttv-reducido.jpg\",\"contentUrl\":\"https:\\\/\\\/www.ttvvalve.com\\\/wp-content\\\/uploads\\\/2022\\\/07\\\/logo-ttv-reducido.jpg\",\"width\":100,\"height\":58,\"caption\":\"TTV\"},\"image\":{\"@id\":\"https:\\\/\\\/www.ttvvalve.com\\\/#\\\/schema\\\/logo\\\/image\\\/\"}}]}<\/script>\n<!-- \/ Yoast SEO plugin. -->","yoast_head_json":{"title":"\u0428\u0438\u0431\u0435\u0440\u043d\u044b\u0435 \u0437\u0430\u0434\u0432\u0438\u0436\u043a\u0438 - TTV","description":"\u0428\u0438\u0431\u0435\u0440\u043d\u044b\u0435 \u0437\u0430\u0434\u0432\u0438\u0436\u043a\u0438 TTV, \u043e\u0442\u043b\u0438\u0447\u0430\u044e\u0449\u0438\u0435\u0441\u044f \u0438\u043d\u043d\u043e\u0432\u0430\u0446\u0438\u043e\u043d\u043d\u043e\u0441\u0442\u044c\u044e \u0438 \u0431\u0435\u0437\u043e\u043f\u0430\u0441\u043d\u043e\u0441\u0442\u044c\u044e, \u043f\u0440\u0438\u043c\u0435\u043d\u044f\u044e\u0442\u0441\u044f \u0432 \u0432\u043e\u0434\u043e\u043f\u043e\u0434\u0433\u043e\u0442\u043e\u0432\u043a\u0435, \u0432\u043e\u0434\u043e\u0441\u043d\u0430\u0431\u0436\u0435\u043d\u0438\u0438 \u0438 \u043c\u0435\u0442\u0430\u043b\u043b\u0443\u0440\u0433\u0438\u0447\u0435\u0441\u043a\u043e\u0439 \u043f\u0440\u043e\u043c\u044b\u0448\u043b\u0435\u043d\u043d\u043e\u0441\u0442\u0438.","robots":{"index":"index","follow":"follow","max-snippet":"max-snippet:-1","max-image-preview":"max-image-preview:large","max-video-preview":"max-video-preview:-1"},"canonical":"https:\/\/www.ttvvalve.com\/ru\/\u043f\u0440\u043e\u0434\u0443\u043a\u0446\u0438\u044f\/\u0448\u0438\u0431\u0435\u0440\u043d\u044b\u0435-\u0437\u0430\u0434\u0432\u0438\u0436\u043a\u0438\/","og_locale":"ru_RU","og_type":"article","og_title":"\u0428\u0438\u0431\u0435\u0440\u043d\u044b\u0435 \u0437\u0430\u0434\u0432\u0438\u0436\u043a\u0438 - TTV","og_description":"\u0428\u0438\u0431\u0435\u0440\u043d\u044b\u0435 \u0437\u0430\u0434\u0432\u0438\u0436\u043a\u0438 TTV, \u043e\u0442\u043b\u0438\u0447\u0430\u044e\u0449\u0438\u0435\u0441\u044f \u0438\u043d\u043d\u043e\u0432\u0430\u0446\u0438\u043e\u043d\u043d\u043e\u0441\u0442\u044c\u044e \u0438 \u0431\u0435\u0437\u043e\u043f\u0430\u0441\u043d\u043e\u0441\u0442\u044c\u044e, \u043f\u0440\u0438\u043c\u0435\u043d\u044f\u044e\u0442\u0441\u044f \u0432 \u0432\u043e\u0434\u043e\u043f\u043e\u0434\u0433\u043e\u0442\u043e\u0432\u043a\u0435, \u0432\u043e\u0434\u043e\u0441\u043d\u0430\u0431\u0436\u0435\u043d\u0438\u0438 \u0438 \u043c\u0435\u0442\u0430\u043b\u043b\u0443\u0440\u0433\u0438\u0447\u0435\u0441\u043a\u043e\u0439 \u043f\u0440\u043e\u043c\u044b\u0448\u043b\u0435\u043d\u043d\u043e\u0441\u0442\u0438.","og_url":"https:\/\/www.ttvvalve.com\/ru\/\u043f\u0440\u043e\u0434\u0443\u043a\u0446\u0438\u044f\/\u0448\u0438\u0431\u0435\u0440\u043d\u044b\u0435-\u0437\u0430\u0434\u0432\u0438\u0436\u043a\u0438\/","og_site_name":"TTV","article_modified_time":"2023-08-08T10:27:34+00:00","og_image":[{"url":"https:\/\/www.ttvvalve.com\/wp-content\/uploads\/elementor\/thumbs\/F4-F5-prod-red_comp-q764nynafm3mp7ovag9gyuvknd2fxqjctodqbrx470.webp","type":"","width":"","height":""}],"twitter_card":"summary_large_image","twitter_misc":{"\u041f\u0440\u0438\u043c\u0435\u0440\u043d\u043e\u0435 \u0432\u0440\u0435\u043c\u044f \u0434\u043b\u044f \u0447\u0442\u0435\u043d\u0438\u044f":"1 \u043c\u0438\u043d\u0443\u0442\u0430"},"schema":{"@context":"https:\/\/schema.org","@graph":[{"@type":"WebPage","@id":"https:\/\/www.ttvvalve.com\/ru\/%d0%bf%d1%80%d0%be%d0%b4%d1%83%d0%ba%d1%86%d0%b8%d1%8f\/%d1%88%d0%b8%d0%b1%d0%b5%d1%80%d0%bd%d1%8b%d0%b5-%d0%b7%d0%b0%d0%b4%d0%b2%d0%b8%d0%b6%d0%ba%d0%b8\/","url":"https:\/\/www.ttvvalve.com\/ru\/%d0%bf%d1%80%d0%be%d0%b4%d1%83%d0%ba%d1%86%d0%b8%d1%8f\/%d1%88%d0%b8%d0%b1%d0%b5%d1%80%d0%bd%d1%8b%d0%b5-%d0%b7%d0%b0%d0%b4%d0%b2%d0%b8%d0%b6%d0%ba%d0%b8\/","name":"\u0428\u0438\u0431\u0435\u0440\u043d\u044b\u0435 \u0437\u0430\u0434\u0432\u0438\u0436\u043a\u0438 - TTV","isPartOf":{"@id":"https:\/\/www.ttvvalve.com\/#website"},"primaryImageOfPage":{"@id":"https:\/\/www.ttvvalve.com\/ru\/%d0%bf%d1%80%d0%be%d0%b4%d1%83%d0%ba%d1%86%d0%b8%d1%8f\/%d1%88%d0%b8%d0%b1%d0%b5%d1%80%d0%bd%d1%8b%d0%b5-%d0%b7%d0%b0%d0%b4%d0%b2%d0%b8%d0%b6%d0%ba%d0%b8\/#primaryimage"},"image":{"@id":"https:\/\/www.ttvvalve.com\/ru\/%d0%bf%d1%80%d0%be%d0%b4%d1%83%d0%ba%d1%86%d0%b8%d1%8f\/%d1%88%d0%b8%d0%b1%d0%b5%d1%80%d0%bd%d1%8b%d0%b5-%d0%b7%d0%b0%d0%b4%d0%b2%d0%b8%d0%b6%d0%ba%d0%b8\/#primaryimage"},"thumbnailUrl":"https:\/\/www.ttvvalve.com\/wp-content\/uploads\/elementor\/thumbs\/F4-F5-prod-red_comp-q764nynafm3mp7ovag9gyuvknd2fxqjctodqbrx470.webp","datePublished":"2022-08-12T08:06:21+00:00","dateModified":"2023-08-08T10:27:34+00:00","description":"\u0428\u0438\u0431\u0435\u0440\u043d\u044b\u0435 \u0437\u0430\u0434\u0432\u0438\u0436\u043a\u0438 TTV, \u043e\u0442\u043b\u0438\u0447\u0430\u044e\u0449\u0438\u0435\u0441\u044f \u0438\u043d\u043d\u043e\u0432\u0430\u0446\u0438\u043e\u043d\u043d\u043e\u0441\u0442\u044c\u044e \u0438 \u0431\u0435\u0437\u043e\u043f\u0430\u0441\u043d\u043e\u0441\u0442\u044c\u044e, \u043f\u0440\u0438\u043c\u0435\u043d\u044f\u044e\u0442\u0441\u044f \u0432 \u0432\u043e\u0434\u043e\u043f\u043e\u0434\u0433\u043e\u0442\u043e\u0432\u043a\u0435, \u0432\u043e\u0434\u043e\u0441\u043d\u0430\u0431\u0436\u0435\u043d\u0438\u0438 \u0438 \u043c\u0435\u0442\u0430\u043b\u043b\u0443\u0440\u0433\u0438\u0447\u0435\u0441\u043a\u043e\u0439 \u043f\u0440\u043e\u043c\u044b\u0448\u043b\u0435\u043d\u043d\u043e\u0441\u0442\u0438.","breadcrumb":{"@id":"https:\/\/www.ttvvalve.com\/ru\/%d0%bf%d1%80%d0%be%d0%b4%d1%83%d0%ba%d1%86%d0%b8%d1%8f\/%d1%88%d0%b8%d0%b1%d0%b5%d1%80%d0%bd%d1%8b%d0%b5-%d0%b7%d0%b0%d0%b4%d0%b2%d0%b8%d0%b6%d0%ba%d0%b8\/#breadcrumb"},"inLanguage":"ru-RU","potentialAction":[{"@type":"ReadAction","target":["https:\/\/www.ttvvalve.com\/ru\/%d0%bf%d1%80%d0%be%d0%b4%d1%83%d0%ba%d1%86%d0%b8%d1%8f\/%d1%88%d0%b8%d0%b1%d0%b5%d1%80%d0%bd%d1%8b%d0%b5-%d0%b7%d0%b0%d0%b4%d0%b2%d0%b8%d0%b6%d0%ba%d0%b8\/"]}]},{"@type":"ImageObject","inLanguage":"ru-RU","@id":"https:\/\/www.ttvvalve.com\/ru\/%d0%bf%d1%80%d0%be%d0%b4%d1%83%d0%ba%d1%86%d0%b8%d1%8f\/%d1%88%d0%b8%d0%b1%d0%b5%d1%80%d0%bd%d1%8b%d0%b5-%d0%b7%d0%b0%d0%b4%d0%b2%d0%b8%d0%b6%d0%ba%d0%b8\/#primaryimage","url":"https:\/\/www.ttvvalve.com\/wp-content\/uploads\/elementor\/thumbs\/F4-F5-prod-red_comp-q764nynafm3mp7ovag9gyuvknd2fxqjctodqbrx470.webp","contentUrl":"https:\/\/www.ttvvalve.com\/wp-content\/uploads\/elementor\/thumbs\/F4-F5-prod-red_comp-q764nynafm3mp7ovag9gyuvknd2fxqjctodqbrx470.webp"},{"@type":"BreadcrumbList","@id":"https:\/\/www.ttvvalve.com\/ru\/%d0%bf%d1%80%d0%be%d0%b4%d1%83%d0%ba%d1%86%d0%b8%d1%8f\/%d1%88%d0%b8%d0%b1%d0%b5%d1%80%d0%bd%d1%8b%d0%b5-%d0%b7%d0%b0%d0%b4%d0%b2%d0%b8%d0%b6%d0%ba%d0%b8\/#breadcrumb","itemListElement":[{"@type":"ListItem","position":1,"name":"Portada","item":"https:\/\/www.ttvvalve.com\/ru\/"},{"@type":"ListItem","position":2,"name":"\u041f\u0440\u043e\u0434\u0443\u043a\u0446\u0438\u044f","item":"https:\/\/www.ttvvalve.com\/ru\/%d0%bf%d1%80%d0%be%d0%b4%d1%83%d0%ba%d1%86%d0%b8%d1%8f\/"},{"@type":"ListItem","position":3,"name":"\u0428\u0438\u0431\u0435\u0440\u043d\u044b\u0435 \u0437\u0430\u0434\u0432\u0438\u0436\u043a\u0438"}]},{"@type":"WebSite","@id":"https:\/\/www.ttvvalve.com\/#website","url":"https:\/\/www.ttvvalve.com\/","name":"TTV","description":"Fabricaci\u00f3n y Distribuci\u00f3n de V\u00e1lvulas","publisher":{"@id":"https:\/\/www.ttvvalve.com\/#organization"},"potentialAction":[{"@type":"SearchAction","target":{"@type":"EntryPoint","urlTemplate":"https:\/\/www.ttvvalve.com\/?s={search_term_string}"},"query-input":{"@type":"PropertyValueSpecification","valueRequired":true,"valueName":"search_term_string"}}],"inLanguage":"ru-RU"},{"@type":"Organization","@id":"https:\/\/www.ttvvalve.com\/#organization","name":"TTV","url":"https:\/\/www.ttvvalve.com\/","logo":{"@type":"ImageObject","inLanguage":"ru-RU","@id":"https:\/\/www.ttvvalve.com\/#\/schema\/logo\/image\/","url":"https:\/\/www.ttvvalve.com\/wp-content\/uploads\/2022\/07\/logo-ttv-reducido.jpg","contentUrl":"https:\/\/www.ttvvalve.com\/wp-content\/uploads\/2022\/07\/logo-ttv-reducido.jpg","width":100,"height":58,"caption":"TTV"},"image":{"@id":"https:\/\/www.ttvvalve.com\/#\/schema\/logo\/image\/"}}]}},"_links":{"self":[{"href":"https:\/\/www.ttvvalve.com\/ru\/wp-json\/wp\/v2\/pages\/3824","targetHints":{"allow":["GET"]}}],"collection":[{"href":"https:\/\/www.ttvvalve.com\/ru\/wp-json\/wp\/v2\/pages"}],"about":[{"href":"https:\/\/www.ttvvalve.com\/ru\/wp-json\/wp\/v2\/types\/page"}],"author":[{"embeddable":true,"href":"https:\/\/www.ttvvalve.com\/ru\/wp-json\/wp\/v2\/users\/1"}],"replies":[{"embeddable":true,"href":"https:\/\/www.ttvvalve.com\/ru\/wp-json\/wp\/v2\/comments?post=3824"}],"version-history":[{"count":4,"href":"https:\/\/www.ttvvalve.com\/ru\/wp-json\/wp\/v2\/pages\/3824\/revisions"}],"predecessor-version":[{"id":4389,"href":"https:\/\/www.ttvvalve.com\/ru\/wp-json\/wp\/v2\/pages\/3824\/revisions\/4389"}],"up":[{"embeddable":true,"href":"https:\/\/www.ttvvalve.com\/ru\/wp-json\/wp\/v2\/pages\/1435"}],"wp:attachment":[{"href":"https:\/\/www.ttvvalve.com\/ru\/wp-json\/wp\/v2\/media?parent=3824"}],"curies":[{"name":"wp","href":"https:\/\/api.w.org\/{rel}","templated":true}]}}