{"id":3563,"date":"2023-06-15T07:20:06","date_gmt":"2023-06-15T07:20:06","guid":{"rendered":"https:\/\/www.ttvvalve.com\/mentions-legales\/"},"modified":"2023-07-27T12:29:37","modified_gmt":"2023-07-27T12:29:37","slug":"mentions-legales","status":"publish","type":"page","link":"https:\/\/www.ttvvalve.com\/fr\/mentions-legales\/","title":{"rendered":"Mentions l\u00e9gales"},"content":{"rendered":"\t\t<div data-elementor-type=\"wp-page\" data-elementor-id=\"3563\" class=\"elementor elementor-3563 elementor-3207\" data-elementor-post-type=\"page\">\n\t\t\t\t\t\t<section class=\"elementor-section elementor-top-section elementor-element elementor-element-5ba23e6 elementor-section-boxed elementor-section-height-default elementor-section-height-default\" data-id=\"5ba23e6\" data-element_type=\"section\" data-e-type=\"section\">\n\t\t\t\t\t\t<div class=\"elementor-container elementor-column-gap-default\">\n\t\t\t\t\t<div class=\"elementor-column elementor-col-100 elementor-top-column elementor-element elementor-element-b62e41b\" data-id=\"b62e41b\" data-element_type=\"column\" data-e-type=\"column\">\n\t\t\t<div class=\"elementor-widget-wrap elementor-element-populated\">\n\t\t\t\t\t\t<div class=\"elementor-element elementor-element-53d4612 elementor-widget elementor-widget-heading\" data-id=\"53d4612\" data-element_type=\"widget\" data-e-type=\"widget\" data-widget_type=\"heading.default\">\n\t\t\t\t<div class=\"elementor-widget-container\">\n\t\t\t\t\t<h2 class=\"elementor-heading-title elementor-size-xxl\">Mentions l\u00e9gales<\/h2>\t\t\t\t<\/div>\n\t\t\t\t<\/div>\n\t\t\t\t<div class=\"elementor-element elementor-element-b270f83 elementor-widget elementor-widget-text-editor\" data-id=\"b270f83\" data-element_type=\"widget\" data-e-type=\"widget\" data-widget_type=\"text-editor.default\">\n\t\t\t\t<div class=\"elementor-widget-container\">\n\t\t\t\t\t\t\t\t\t<p>Le titulaire du site&nbsp;web <a href=\"https:\/\/www.ttvvalve.com\">https:\/\/www.ttvvalve.com<\/a> est TECNICAS TRANSFORMACIONES Y VENTAS S.A., une entreprise enregistr\u00e9e sous le code d\u2019identification fiscale\u00a0A28775237 et sise Calle SEVERO OCHOA\u00a011, 28914, LEGANES (MADRID). &nbsp;L\u2019entit\u00e9 est enregistr\u00e9e au Registre du commerce et des soci\u00e9t\u00e9s avec les donn\u00e9es suivantes\u00a0: registre du commerce et des soci\u00e9t\u00e9s de Madrid, Tome\u00a04798, Folio\u00a01, Section\u00a08, Feuille\u00a0M-78794, Inscription\u00a09. \u00c0 des fins de transparence, de clart\u00e9 et de simplicit\u00e9, TECNICAS TRANSFORMACIONES Y VENTAS S.A. souhaite avertir ses utilisateurs qu\u2019un retour sera apport\u00e9 pour tous les conseils, tous les doutes ou toutes les demandes relatifs aux pr\u00e9sentes mentions l\u00e9gales ou \u00e0 tout autre texte informatif h\u00e9berg\u00e9 sur le pr\u00e9sent site web, envoy\u00e9s \u00e0 TECNICAS TRANSFORMACIONES Y VENTAS S.A. \u00e0 l\u2019adresse e-mail suivante\u00a0:&nbsp;<strong><a href=\"mailto:valves@ttv.es\">valves@ttv.es<\/a><\/strong><\/p>\n\t\t\t\t\t\t\t\t<\/div>\n\t\t\t\t<\/div>\n\t\t\t\t<div class=\"elementor-element elementor-element-4a59bae elementor-widget elementor-widget-heading\" data-id=\"4a59bae\" data-element_type=\"widget\" data-e-type=\"widget\" data-widget_type=\"heading.default\">\n\t\t\t\t<div class=\"elementor-widget-container\">\n\t\t\t\t\t<h2 class=\"elementor-heading-title elementor-size-default\">Propri\u00e9t\u00e9 intellectuelle<\/h2>\t\t\t\t<\/div>\n\t\t\t\t<\/div>\n\t\t\t\t<div class=\"elementor-element elementor-element-72c863d elementor-widget elementor-widget-text-editor\" data-id=\"72c863d\" data-element_type=\"widget\" data-e-type=\"widget\" data-widget_type=\"text-editor.default\">\n\t\t\t\t<div class=\"elementor-widget-container\">\n\t\t\t\t\t\t\t\t\t<p>Tous les contenus affich\u00e9s sur le pr\u00e9sent site web, notamment la mise en page, les textes, les images, les logos, les ic\u00f4nes, les appellations commerciales, les marques ou toute autre information susceptible d\u2019\u00eatre utilis\u00e9e \u00e0 des fins industrielles et\/ou commerciales, sont prot\u00e9g\u00e9s par la r\u00e9glementation en vigueur en mati\u00e8re de respect des droits d\u2019auteur, ce qui emp\u00eache toute reproduction, transmission ou enregistrement des informations sans autorisation pr\u00e9alable de TECNICAS TRANSFORMACIONES Y VENTAS S.A. Cependant, le titulaire pourra utiliser les informations fournies pour la gestion de sa demande et des donn\u00e9es de contact associ\u00e9es.<\/p>\n\t\t\t\t\t\t\t\t<\/div>\n\t\t\t\t<\/div>\n\t\t\t\t<div class=\"elementor-element elementor-element-be04bb6 elementor-widget elementor-widget-heading\" data-id=\"be04bb6\" data-element_type=\"widget\" data-e-type=\"widget\" data-widget_type=\"heading.default\">\n\t\t\t\t<div class=\"elementor-widget-container\">\n\t\t\t\t\t<h2 class=\"elementor-heading-title elementor-size-default\">Liens<\/h2>\t\t\t\t<\/div>\n\t\t\t\t<\/div>\n\t\t\t\t<div class=\"elementor-element elementor-element-9a2ab25 elementor-widget elementor-widget-text-editor\" data-id=\"9a2ab25\" data-element_type=\"widget\" data-e-type=\"widget\" data-widget_type=\"text-editor.default\">\n\t\t\t\t<div class=\"elementor-widget-container\">\n\t\t\t\t\t\t\t\t\t<p>TECNICAS TRANSFORMACIONES Y VENTAS S.A. d\u00e9cline toute responsabilit\u00e9 sur les liens renvoyant vers d\u2019autres sites ou pages web \u00e9ventuellement r\u00e9f\u00e9renc\u00e9s sur le pr\u00e9sent site web puisque ladite entreprise n\u2019exerce aucun type de contr\u00f4le sur ces liens. L\u2019utilisateur acc\u00e8de donc sous sa propre responsabilit\u00e9 au contenu et aux conditions d\u2019utilisation r\u00e9gissant ces sites ou pages web externes.<\/p>\n\t\t\t\t\t\t\t\t<\/div>\n\t\t\t\t<\/div>\n\t\t\t\t\t<\/div>\n\t\t<\/div>\n\t\t\t\t\t<\/div>\n\t\t<\/section>\n\t\t\t\t<\/div>\n\t\t","protected":false},"excerpt":{"rendered":"<p>Mentions l\u00e9gales Le titulaire du site&nbsp;web https:\/\/www.ttvvalve.com est TECNICAS TRANSFORMACIONES Y VENTAS S.A., une entreprise enregistr\u00e9e sous le code d\u2019identification fiscale\u00a0A28775237 et sise Calle SEVERO OCHOA\u00a011, 28914, LEGANES (MADRID). &nbsp;L\u2019entit\u00e9 est enregistr\u00e9e au Registre du commerce et des soci\u00e9t\u00e9s avec les donn\u00e9es suivantes\u00a0: registre du commerce et des soci\u00e9t\u00e9s de Madrid, Tome\u00a04798, Folio\u00a01, Section\u00a08, Feuille\u00a0M-78794, [&hellip;]<\/p>\n","protected":false},"author":1,"featured_media":0,"parent":0,"menu_order":0,"comment_status":"closed","ping_status":"closed","template":"","meta":{"footnotes":""},"class_list":["post-3563","page","type-page","status-publish","hentry"],"yoast_head":"<!-- This site is optimized with the Yoast SEO plugin v27.5 - https:\/\/yoast.com\/product\/yoast-seo-wordpress\/ -->\n<title>Mentions l\u00e9gales - TTV<\/title>\n<meta name=\"robots\" content=\"index, follow, max-snippet:-1, max-image-preview:large, max-video-preview:-1\" \/>\n<link rel=\"canonical\" href=\"https:\/\/www.ttvvalve.com\/fr\/mentions-legales\/\" \/>\n<meta property=\"og:locale\" content=\"fr_FR\" \/>\n<meta property=\"og:type\" content=\"article\" \/>\n<meta property=\"og:title\" content=\"Mentions l\u00e9gales - TTV\" \/>\n<meta property=\"og:description\" content=\"Mentions l\u00e9gales Le titulaire du site&nbsp;web https:\/\/www.ttvvalve.com est TECNICAS TRANSFORMACIONES Y VENTAS S.A., une entreprise enregistr\u00e9e sous le code d\u2019identification fiscale\u00a0A28775237 et sise Calle SEVERO OCHOA\u00a011, 28914, LEGANES (MADRID). &nbsp;L\u2019entit\u00e9 est enregistr\u00e9e au Registre du commerce et des soci\u00e9t\u00e9s avec les donn\u00e9es suivantes\u00a0: registre du commerce et des soci\u00e9t\u00e9s de Madrid, Tome\u00a04798, Folio\u00a01, Section\u00a08, Feuille\u00a0M-78794, [&hellip;]\" \/>\n<meta property=\"og:url\" content=\"https:\/\/www.ttvvalve.com\/fr\/mentions-legales\/\" \/>\n<meta property=\"og:site_name\" content=\"TTV\" \/>\n<meta property=\"article:modified_time\" content=\"2023-07-27T12:29:37+00:00\" \/>\n<meta name=\"twitter:card\" content=\"summary_large_image\" \/>\n<meta name=\"twitter:label1\" content=\"Dur\u00e9e de lecture estim\u00e9e\" \/>\n\t<meta name=\"twitter:data1\" content=\"2 minutes\" \/>\n<script type=\"application\/ld+json\" class=\"yoast-schema-graph\">{\"@context\":\"https:\\\/\\\/schema.org\",\"@graph\":[{\"@type\":\"WebPage\",\"@id\":\"https:\\\/\\\/www.ttvvalve.com\\\/fr\\\/mentions-legales\\\/\",\"url\":\"https:\\\/\\\/www.ttvvalve.com\\\/fr\\\/mentions-legales\\\/\",\"name\":\"Mentions l\u00e9gales - TTV\",\"isPartOf\":{\"@id\":\"https:\\\/\\\/www.ttvvalve.com\\\/#website\"},\"datePublished\":\"2023-06-15T07:20:06+00:00\",\"dateModified\":\"2023-07-27T12:29:37+00:00\",\"breadcrumb\":{\"@id\":\"https:\\\/\\\/www.ttvvalve.com\\\/fr\\\/mentions-legales\\\/#breadcrumb\"},\"inLanguage\":\"fr-FR\",\"potentialAction\":[{\"@type\":\"ReadAction\",\"target\":[\"https:\\\/\\\/www.ttvvalve.com\\\/fr\\\/mentions-legales\\\/\"]}]},{\"@type\":\"BreadcrumbList\",\"@id\":\"https:\\\/\\\/www.ttvvalve.com\\\/fr\\\/mentions-legales\\\/#breadcrumb\",\"itemListElement\":[{\"@type\":\"ListItem\",\"position\":1,\"name\":\"Portada\",\"item\":\"https:\\\/\\\/www.ttvvalve.com\\\/fr\\\/\"},{\"@type\":\"ListItem\",\"position\":2,\"name\":\"Mentions l\u00e9gales\"}]},{\"@type\":\"WebSite\",\"@id\":\"https:\\\/\\\/www.ttvvalve.com\\\/#website\",\"url\":\"https:\\\/\\\/www.ttvvalve.com\\\/\",\"name\":\"TTV\",\"description\":\"Fabricaci\u00f3n y Distribuci\u00f3n de V\u00e1lvulas\",\"publisher\":{\"@id\":\"https:\\\/\\\/www.ttvvalve.com\\\/#organization\"},\"potentialAction\":[{\"@type\":\"SearchAction\",\"target\":{\"@type\":\"EntryPoint\",\"urlTemplate\":\"https:\\\/\\\/www.ttvvalve.com\\\/?s={search_term_string}\"},\"query-input\":{\"@type\":\"PropertyValueSpecification\",\"valueRequired\":true,\"valueName\":\"search_term_string\"}}],\"inLanguage\":\"fr-FR\"},{\"@type\":\"Organization\",\"@id\":\"https:\\\/\\\/www.ttvvalve.com\\\/#organization\",\"name\":\"TTV\",\"url\":\"https:\\\/\\\/www.ttvvalve.com\\\/\",\"logo\":{\"@type\":\"ImageObject\",\"inLanguage\":\"fr-FR\",\"@id\":\"https:\\\/\\\/www.ttvvalve.com\\\/#\\\/schema\\\/logo\\\/image\\\/\",\"url\":\"https:\\\/\\\/www.ttvvalve.com\\\/wp-content\\\/uploads\\\/2022\\\/07\\\/logo-ttv-reducido.jpg\",\"contentUrl\":\"https:\\\/\\\/www.ttvvalve.com\\\/wp-content\\\/uploads\\\/2022\\\/07\\\/logo-ttv-reducido.jpg\",\"width\":100,\"height\":58,\"caption\":\"TTV\"},\"image\":{\"@id\":\"https:\\\/\\\/www.ttvvalve.com\\\/#\\\/schema\\\/logo\\\/image\\\/\"}}]}<\/script>\n<!-- \/ Yoast SEO plugin. -->","yoast_head_json":{"title":"Mentions l\u00e9gales - TTV","robots":{"index":"index","follow":"follow","max-snippet":"max-snippet:-1","max-image-preview":"max-image-preview:large","max-video-preview":"max-video-preview:-1"},"canonical":"https:\/\/www.ttvvalve.com\/fr\/mentions-legales\/","og_locale":"fr_FR","og_type":"article","og_title":"Mentions l\u00e9gales - TTV","og_description":"Mentions l\u00e9gales Le titulaire du site&nbsp;web https:\/\/www.ttvvalve.com est TECNICAS TRANSFORMACIONES Y VENTAS S.A., une entreprise enregistr\u00e9e sous le code d\u2019identification fiscale\u00a0A28775237 et sise Calle SEVERO OCHOA\u00a011, 28914, LEGANES (MADRID). &nbsp;L\u2019entit\u00e9 est enregistr\u00e9e au Registre du commerce et des soci\u00e9t\u00e9s avec les donn\u00e9es suivantes\u00a0: registre du commerce et des soci\u00e9t\u00e9s de Madrid, Tome\u00a04798, Folio\u00a01, Section\u00a08, Feuille\u00a0M-78794, [&hellip;]","og_url":"https:\/\/www.ttvvalve.com\/fr\/mentions-legales\/","og_site_name":"TTV","article_modified_time":"2023-07-27T12:29:37+00:00","twitter_card":"summary_large_image","twitter_misc":{"Dur\u00e9e de lecture estim\u00e9e":"2 minutes"},"schema":{"@context":"https:\/\/schema.org","@graph":[{"@type":"WebPage","@id":"https:\/\/www.ttvvalve.com\/fr\/mentions-legales\/","url":"https:\/\/www.ttvvalve.com\/fr\/mentions-legales\/","name":"Mentions l\u00e9gales - TTV","isPartOf":{"@id":"https:\/\/www.ttvvalve.com\/#website"},"datePublished":"2023-06-15T07:20:06+00:00","dateModified":"2023-07-27T12:29:37+00:00","breadcrumb":{"@id":"https:\/\/www.ttvvalve.com\/fr\/mentions-legales\/#breadcrumb"},"inLanguage":"fr-FR","potentialAction":[{"@type":"ReadAction","target":["https:\/\/www.ttvvalve.com\/fr\/mentions-legales\/"]}]},{"@type":"BreadcrumbList","@id":"https:\/\/www.ttvvalve.com\/fr\/mentions-legales\/#breadcrumb","itemListElement":[{"@type":"ListItem","position":1,"name":"Portada","item":"https:\/\/www.ttvvalve.com\/fr\/"},{"@type":"ListItem","position":2,"name":"Mentions l\u00e9gales"}]},{"@type":"WebSite","@id":"https:\/\/www.ttvvalve.com\/#website","url":"https:\/\/www.ttvvalve.com\/","name":"TTV","description":"Fabricaci\u00f3n y Distribuci\u00f3n de V\u00e1lvulas","publisher":{"@id":"https:\/\/www.ttvvalve.com\/#organization"},"potentialAction":[{"@type":"SearchAction","target":{"@type":"EntryPoint","urlTemplate":"https:\/\/www.ttvvalve.com\/?s={search_term_string}"},"query-input":{"@type":"PropertyValueSpecification","valueRequired":true,"valueName":"search_term_string"}}],"inLanguage":"fr-FR"},{"@type":"Organization","@id":"https:\/\/www.ttvvalve.com\/#organization","name":"TTV","url":"https:\/\/www.ttvvalve.com\/","logo":{"@type":"ImageObject","inLanguage":"fr-FR","@id":"https:\/\/www.ttvvalve.com\/#\/schema\/logo\/image\/","url":"https:\/\/www.ttvvalve.com\/wp-content\/uploads\/2022\/07\/logo-ttv-reducido.jpg","contentUrl":"https:\/\/www.ttvvalve.com\/wp-content\/uploads\/2022\/07\/logo-ttv-reducido.jpg","width":100,"height":58,"caption":"TTV"},"image":{"@id":"https:\/\/www.ttvvalve.com\/#\/schema\/logo\/image\/"}}]}},"_links":{"self":[{"href":"https:\/\/www.ttvvalve.com\/fr\/wp-json\/wp\/v2\/pages\/3563","targetHints":{"allow":["GET"]}}],"collection":[{"href":"https:\/\/www.ttvvalve.com\/fr\/wp-json\/wp\/v2\/pages"}],"about":[{"href":"https:\/\/www.ttvvalve.com\/fr\/wp-json\/wp\/v2\/types\/page"}],"author":[{"embeddable":true,"href":"https:\/\/www.ttvvalve.com\/fr\/wp-json\/wp\/v2\/users\/1"}],"replies":[{"embeddable":true,"href":"https:\/\/www.ttvvalve.com\/fr\/wp-json\/wp\/v2\/comments?post=3563"}],"version-history":[{"count":2,"href":"https:\/\/www.ttvvalve.com\/fr\/wp-json\/wp\/v2\/pages\/3563\/revisions"}],"predecessor-version":[{"id":3928,"href":"https:\/\/www.ttvvalve.com\/fr\/wp-json\/wp\/v2\/pages\/3563\/revisions\/3928"}],"wp:attachment":[{"href":"https:\/\/www.ttvvalve.com\/fr\/wp-json\/wp\/v2\/media?parent=3563"}],"curies":[{"name":"wp","href":"https:\/\/api.w.org\/{rel}","templated":true}]}}