{"id":3561,"date":"2023-06-15T07:36:58","date_gmt":"2023-06-15T07:36:58","guid":{"rendered":"https:\/\/www.ttvvalve.com\/politique-relative-aux-cookies\/"},"modified":"2023-07-27T12:29:37","modified_gmt":"2023-07-27T12:29:37","slug":"politique-relative-aux-cookies","status":"publish","type":"page","link":"https:\/\/www.ttvvalve.com\/fr\/politique-relative-aux-cookies\/","title":{"rendered":"Politique relative aux cookies"},"content":{"rendered":"\t\t<div data-elementor-type=\"wp-page\" data-elementor-id=\"3561\" class=\"elementor elementor-3561 elementor-3222\" data-elementor-post-type=\"page\">\n\t\t\t\t\t\t<section class=\"elementor-section elementor-top-section elementor-element elementor-element-5ba23e6 elementor-section-boxed elementor-section-height-default elementor-section-height-default\" data-id=\"5ba23e6\" data-element_type=\"section\" data-e-type=\"section\">\n\t\t\t\t\t\t<div class=\"elementor-container elementor-column-gap-default\">\n\t\t\t\t\t<div class=\"elementor-column elementor-col-100 elementor-top-column elementor-element elementor-element-b62e41b\" data-id=\"b62e41b\" data-element_type=\"column\" data-e-type=\"column\">\n\t\t\t<div class=\"elementor-widget-wrap elementor-element-populated\">\n\t\t\t\t\t\t<div class=\"elementor-element elementor-element-53d4612 elementor-widget elementor-widget-heading\" data-id=\"53d4612\" data-element_type=\"widget\" data-e-type=\"widget\" data-widget_type=\"heading.default\">\n\t\t\t\t<div class=\"elementor-widget-container\">\n\t\t\t\t\t<h2 class=\"elementor-heading-title elementor-size-xxl\">Politique relative aux cookies<\/h2>\t\t\t\t<\/div>\n\t\t\t\t<\/div>\n\t\t\t\t<div class=\"elementor-element elementor-element-4a59bae elementor-widget elementor-widget-heading\" data-id=\"4a59bae\" data-element_type=\"widget\" data-e-type=\"widget\" data-widget_type=\"heading.default\">\n\t\t\t\t<div class=\"elementor-widget-container\">\n\t\t\t\t\t<h2 class=\"elementor-heading-title elementor-size-default\">Qu\u2019est-ce qu\u2019un cookie\u00a0?<\/h2>\t\t\t\t<\/div>\n\t\t\t\t<\/div>\n\t\t\t\t<div class=\"elementor-element elementor-element-72c863d elementor-widget elementor-widget-text-editor\" data-id=\"72c863d\" data-element_type=\"widget\" data-e-type=\"widget\" data-widget_type=\"text-editor.default\">\n\t\t\t\t<div class=\"elementor-widget-container\">\n\t\t\t\t\t\t\t\t\t<p>Un cookie est un fichier qui est t\u00e9l\u00e9charg\u00e9 sur un terminal afin de stocker des donn\u00e9es qui pourront \u00eatre mises \u00e0 jour et r\u00e9cup\u00e9r\u00e9es par l\u2019organisme responsable de son installation. Autrement dit, il s\u2019agit d\u2019un fichier qui est t\u00e9l\u00e9charg\u00e9 sur son ordinateur lorsqu\u2019il acc\u00e8de \u00e0 certaines pages Internet. Les cookies permettent \u00e0 une page web, entre autres choses, de stocker et de r\u00e9cup\u00e9rer des informations sur les habitudes de navigation d\u2019un utilisateur ou de son terminal et, en fonction des informations r\u00e9colt\u00e9es par ces cookies et de la mani\u00e8re dont il utilise son terminal, peuvent servir \u00e0 l\u2019identifier.<\/p>\n<p>Les principales fonctions des cookies sont\u00a0:<\/p>\n<ul>\n<li>Supprimer le contr\u00f4le des utilisateurs\u00a0: lorsqu\u2019un utilisateur saisit son identifiant et son mot de passe, un cookie stocke ces informations pour que l\u2019utilisateur n\u2019ait plus \u00e0 les saisir pour la connexion \u00e0 chaque page du serveur. Toutefois, un cookie n\u2019identifie pas seulement une personne mais une combinaison ordinateur\/navigateur\/utilisateur.<\/li>\n<li>Obtenir des informations sur les habitudes de navigation de l\u2019utilisateur et \u00e9viter toute tentative d\u2019hame\u00e7onnage caus\u00e9e par des logiciels espions install\u00e9s, notamment, par des agences de publicit\u00e9. Ces logiciels espions peuvent nuire \u00e0 la confidentialit\u00e9. C\u2019est l\u2019une des raisons pour lesquelles certaines personnes s\u2019opposent \u00e0 ces cookies.<\/li>\n<\/ul>\n<p>Il existe diff\u00e9rents types de cookies en fonction de la raison pour laquelle ils sont utilis\u00e9s. On distingue notamment les cookies suivants\u00a0: Cookies d\u2019analyse\u00a0: ces cookies sont utilis\u00e9s pour analyser les comportements et actions des utilisateurs sur une page Internet ainsi que pour d\u00e9finir des profils de navigation, et ce, dans le but d\u2019am\u00e9liorer le fonctionnement et le service de ladite page Internet.<\/p>\n<ul>\n<li>Cookies publicitaires\u00a0: ils permettent une gestion efficace des espaces publicitaires sur la base d\u2019une s\u00e9rie de crit\u00e8res, par exemple pour v\u00e9rifier si l\u2019utilisateur a d\u00e9j\u00e0 consult\u00e9 une publicit\u00e9 pour la remplacer par une autre.<\/li>\n<li>Cookies de suivi\u00a0: ces cookies se chargent de stocker des informations sur le comportement des utilisateurs en se concentrant sur leurs habitudes de navigation. Cela permet de d\u00e9finir des profils d\u2019utilisateur en fonction de leur comportement et de les utiliser pour personnaliser les espaces publicitaires inclus sur ce site Internet.<\/li>\n<\/ul>\n<p>Si l\u2019utilisateur souhaite obtenir plus d&#8217;informations sur les cookies, il peut consulter le site Internet suivant\u00a0: &nbsp;<a href=\"http:\/\/www.aboutcookies.org\/\">http:\/\/www.aboutcookies.org\/<\/a>.<\/p>\n\t\t\t\t\t\t\t\t<\/div>\n\t\t\t\t<\/div>\n\t\t\t\t<div class=\"elementor-element elementor-element-be04bb6 elementor-widget elementor-widget-heading\" data-id=\"be04bb6\" data-element_type=\"widget\" data-e-type=\"widget\" data-widget_type=\"heading.default\">\n\t\t\t\t<div class=\"elementor-widget-container\">\n\t\t\t\t\t<h2 class=\"elementor-heading-title elementor-size-default\">Quel type de cookies est utilis\u00e9 sur ce site Internet\u00a0?<\/h2>\t\t\t\t<\/div>\n\t\t\t\t<\/div>\n\t\t\t\t<div class=\"elementor-element elementor-element-9a2ab25 elementor-widget elementor-widget-text-editor\" data-id=\"9a2ab25\" data-element_type=\"widget\" data-e-type=\"widget\" data-widget_type=\"text-editor.default\">\n\t\t\t\t<div class=\"elementor-widget-container\">\n\t\t\t\t\t\t\t\t\t<p>Le pr\u00e9sent site Internet utilise des cookies capables de faciliter l\u2019utilisation et la navigation de l\u2019utilisateur pendant sa session, de garantir l\u2019acc\u00e8s \u00e0 certains services ainsi qu\u2019am\u00e9liorer la structure fonctionnelle du site web.<\/p>\n<p>Ce site Internet utilise les cookies suivants\u00a0:<\/p>\n\t\t\t\t\t\t\t\t<\/div>\n\t\t\t\t<\/div>\n\t\t\t\t<div class=\"elementor-element elementor-element-db5101b elementor-widget elementor-widget-heading\" data-id=\"db5101b\" data-element_type=\"widget\" data-e-type=\"widget\" data-widget_type=\"heading.default\">\n\t\t\t\t<div class=\"elementor-widget-container\">\n\t\t\t\t\t<h3 class=\"elementor-heading-title elementor-size-default\">Pr\u00e9sentation br\u00e8ve des cookies utilis\u00e9s sur ce site Web<\/h3>\t\t\t\t<\/div>\n\t\t\t\t<\/div>\n\t\t\t\t<div class=\"elementor-element elementor-element-b7e1f6f elementor-widget elementor-widget-text-editor\" data-id=\"b7e1f6f\" data-element_type=\"widget\" data-e-type=\"widget\" data-widget_type=\"text-editor.default\">\n\t\t\t\t<div class=\"elementor-widget-container\">\n\t\t\t\t\t\t\t\t\t<p>Type de cookies\u00a0: analyse<br \/>Nom\u00a0: Google Analytics<br \/>Cookies de session\/permanents\u00a0: permanents<br \/>Cookies propres\/tiers\u00a0: tiers<\/p>\n\t\t\t\t\t\t\t\t<\/div>\n\t\t\t\t<\/div>\n\t\t\t\t<div class=\"elementor-element elementor-element-ff671d2 elementor-widget elementor-widget-heading\" data-id=\"ff671d2\" data-element_type=\"widget\" data-e-type=\"widget\" data-widget_type=\"heading.default\">\n\t\t\t\t<div class=\"elementor-widget-container\">\n\t\t\t\t\t<h2 class=\"elementor-heading-title elementor-size-default\">Comment g\u00e9rer la configuration des cookies\u00a0?<\/h2>\t\t\t\t<\/div>\n\t\t\t\t<\/div>\n\t\t\t\t<div class=\"elementor-element elementor-element-099bca4 elementor-widget elementor-widget-text-editor\" data-id=\"099bca4\" data-element_type=\"widget\" data-e-type=\"widget\" data-widget_type=\"text-editor.default\">\n\t\t\t\t<div class=\"elementor-widget-container\">\n\t\t\t\t\t\t\t\t\t<p>La pr\u00e9sente section pr\u00e9sente bri\u00e8vement la proc\u00e9dure \u00e0 suivre pour consulter et configurer le syst\u00e8me de cookies sur les navigateurs les plus courants ou les plus utilis\u00e9s par les utilisateurs.<\/p>\n<p>\u00c0 ce propos, presque tous les navigateurs permettent \u00e0 l\u2019utilisateur d\u2019obtenir des informations g\u00e9n\u00e9rales sur les cookies install\u00e9s sur une page web, plus pr\u00e9cis\u00e9ment pour v\u00e9rifier l\u2019existence desdits cookies, leur dur\u00e9e de vie ou la mani\u00e8re de les supprimer. Voici une s\u00e9rie de liens sur le sujet\u00a0:<\/p>\n<ul>\n<li>Google Chrome<\/li>\n<li>Mozilla Firefox<\/li>\n<li>Internet Explorer<\/li>\n<\/ul>\n<p>Par ailleurs, l\u2019utilisateur pourra autoriser, bloquer ou supprimer les cookies install\u00e9s sur son \u00e9quipement en modifiant la configuration de son navigateur conform\u00e9ment aux instructions indiqu\u00e9es dans la pr\u00e9sente politique. \u00c0 titre d\u2019information, nous lui indiquons que la configuration des cookies se fait g\u00e9n\u00e9ralement depuis le menu \u00ab\u00a0Pr\u00e9f\u00e9rences\u00a0\u00bb ou \u00ab\u00a0Outils\u00a0\u00bb de son navigateur. Quoi qu\u2019il en soit, il pourra toujours consulter le menu d\u2019aide de son navigateur pour r\u00e9soudre ou \u00e9claircir les probl\u00e8mes relatifs \u00e0 ce sujet. Il est important de tenir compte du fait que s\u2019il refuse l\u2019installation de tous les cookies, l\u2019affichage du contenu du pr\u00e9sent site Internet et de certaines fonctionnalit\u00e9s et certains services fournis ne sera pas possible.<\/p>\n\t\t\t\t\t\t\t\t<\/div>\n\t\t\t\t<\/div>\n\t\t\t\t\t<\/div>\n\t\t<\/div>\n\t\t\t\t\t<\/div>\n\t\t<\/section>\n\t\t\t\t<\/div>\n\t\t","protected":false},"excerpt":{"rendered":"<p>Politique relative aux cookies Qu\u2019est-ce qu\u2019un cookie\u00a0? Un cookie est un fichier qui est t\u00e9l\u00e9charg\u00e9 sur un terminal afin de stocker des donn\u00e9es qui pourront \u00eatre mises \u00e0 jour et r\u00e9cup\u00e9r\u00e9es par l\u2019organisme responsable de son installation. Autrement dit, il s\u2019agit d\u2019un fichier qui est t\u00e9l\u00e9charg\u00e9 sur son ordinateur lorsqu\u2019il acc\u00e8de \u00e0 certaines pages Internet. [&hellip;]<\/p>\n","protected":false},"author":1,"featured_media":0,"parent":0,"menu_order":0,"comment_status":"closed","ping_status":"closed","template":"","meta":{"footnotes":""},"class_list":["post-3561","page","type-page","status-publish","hentry"],"yoast_head":"<!-- This site is optimized with the Yoast SEO plugin v27.5 - https:\/\/yoast.com\/product\/yoast-seo-wordpress\/ -->\n<title>Politique relative aux cookies - TTV<\/title>\n<meta name=\"robots\" content=\"index, follow, max-snippet:-1, max-image-preview:large, max-video-preview:-1\" \/>\n<link rel=\"canonical\" href=\"https:\/\/www.ttvvalve.com\/fr\/politique-relative-aux-cookies\/\" \/>\n<meta property=\"og:locale\" content=\"fr_FR\" \/>\n<meta property=\"og:type\" content=\"article\" \/>\n<meta property=\"og:title\" content=\"Politique relative aux cookies - TTV\" \/>\n<meta property=\"og:description\" content=\"Politique relative aux cookies Qu\u2019est-ce qu\u2019un cookie\u00a0? Un cookie est un fichier qui est t\u00e9l\u00e9charg\u00e9 sur un terminal afin de stocker des donn\u00e9es qui pourront \u00eatre mises \u00e0 jour et r\u00e9cup\u00e9r\u00e9es par l\u2019organisme responsable de son installation. Autrement dit, il s\u2019agit d\u2019un fichier qui est t\u00e9l\u00e9charg\u00e9 sur son ordinateur lorsqu\u2019il acc\u00e8de \u00e0 certaines pages Internet. [&hellip;]\" \/>\n<meta property=\"og:url\" content=\"https:\/\/www.ttvvalve.com\/fr\/politique-relative-aux-cookies\/\" \/>\n<meta property=\"og:site_name\" content=\"TTV\" \/>\n<meta property=\"article:modified_time\" content=\"2023-07-27T12:29:37+00:00\" \/>\n<meta name=\"twitter:card\" content=\"summary_large_image\" \/>\n<meta name=\"twitter:label1\" content=\"Dur\u00e9e de lecture estim\u00e9e\" \/>\n\t<meta name=\"twitter:data1\" content=\"4 minutes\" \/>\n<script type=\"application\/ld+json\" class=\"yoast-schema-graph\">{\"@context\":\"https:\\\/\\\/schema.org\",\"@graph\":[{\"@type\":\"WebPage\",\"@id\":\"https:\\\/\\\/www.ttvvalve.com\\\/fr\\\/politique-relative-aux-cookies\\\/\",\"url\":\"https:\\\/\\\/www.ttvvalve.com\\\/fr\\\/politique-relative-aux-cookies\\\/\",\"name\":\"Politique relative aux cookies - TTV\",\"isPartOf\":{\"@id\":\"https:\\\/\\\/www.ttvvalve.com\\\/#website\"},\"datePublished\":\"2023-06-15T07:36:58+00:00\",\"dateModified\":\"2023-07-27T12:29:37+00:00\",\"breadcrumb\":{\"@id\":\"https:\\\/\\\/www.ttvvalve.com\\\/fr\\\/politique-relative-aux-cookies\\\/#breadcrumb\"},\"inLanguage\":\"fr-FR\",\"potentialAction\":[{\"@type\":\"ReadAction\",\"target\":[\"https:\\\/\\\/www.ttvvalve.com\\\/fr\\\/politique-relative-aux-cookies\\\/\"]}]},{\"@type\":\"BreadcrumbList\",\"@id\":\"https:\\\/\\\/www.ttvvalve.com\\\/fr\\\/politique-relative-aux-cookies\\\/#breadcrumb\",\"itemListElement\":[{\"@type\":\"ListItem\",\"position\":1,\"name\":\"Portada\",\"item\":\"https:\\\/\\\/www.ttvvalve.com\\\/fr\\\/\"},{\"@type\":\"ListItem\",\"position\":2,\"name\":\"Politique relative aux cookies\"}]},{\"@type\":\"WebSite\",\"@id\":\"https:\\\/\\\/www.ttvvalve.com\\\/#website\",\"url\":\"https:\\\/\\\/www.ttvvalve.com\\\/\",\"name\":\"TTV\",\"description\":\"Fabricaci\u00f3n y Distribuci\u00f3n de V\u00e1lvulas\",\"publisher\":{\"@id\":\"https:\\\/\\\/www.ttvvalve.com\\\/#organization\"},\"potentialAction\":[{\"@type\":\"SearchAction\",\"target\":{\"@type\":\"EntryPoint\",\"urlTemplate\":\"https:\\\/\\\/www.ttvvalve.com\\\/?s={search_term_string}\"},\"query-input\":{\"@type\":\"PropertyValueSpecification\",\"valueRequired\":true,\"valueName\":\"search_term_string\"}}],\"inLanguage\":\"fr-FR\"},{\"@type\":\"Organization\",\"@id\":\"https:\\\/\\\/www.ttvvalve.com\\\/#organization\",\"name\":\"TTV\",\"url\":\"https:\\\/\\\/www.ttvvalve.com\\\/\",\"logo\":{\"@type\":\"ImageObject\",\"inLanguage\":\"fr-FR\",\"@id\":\"https:\\\/\\\/www.ttvvalve.com\\\/#\\\/schema\\\/logo\\\/image\\\/\",\"url\":\"https:\\\/\\\/www.ttvvalve.com\\\/wp-content\\\/uploads\\\/2022\\\/07\\\/logo-ttv-reducido.jpg\",\"contentUrl\":\"https:\\\/\\\/www.ttvvalve.com\\\/wp-content\\\/uploads\\\/2022\\\/07\\\/logo-ttv-reducido.jpg\",\"width\":100,\"height\":58,\"caption\":\"TTV\"},\"image\":{\"@id\":\"https:\\\/\\\/www.ttvvalve.com\\\/#\\\/schema\\\/logo\\\/image\\\/\"}}]}<\/script>\n<!-- \/ Yoast SEO plugin. -->","yoast_head_json":{"title":"Politique relative aux cookies - TTV","robots":{"index":"index","follow":"follow","max-snippet":"max-snippet:-1","max-image-preview":"max-image-preview:large","max-video-preview":"max-video-preview:-1"},"canonical":"https:\/\/www.ttvvalve.com\/fr\/politique-relative-aux-cookies\/","og_locale":"fr_FR","og_type":"article","og_title":"Politique relative aux cookies - TTV","og_description":"Politique relative aux cookies Qu\u2019est-ce qu\u2019un cookie\u00a0? Un cookie est un fichier qui est t\u00e9l\u00e9charg\u00e9 sur un terminal afin de stocker des donn\u00e9es qui pourront \u00eatre mises \u00e0 jour et r\u00e9cup\u00e9r\u00e9es par l\u2019organisme responsable de son installation. Autrement dit, il s\u2019agit d\u2019un fichier qui est t\u00e9l\u00e9charg\u00e9 sur son ordinateur lorsqu\u2019il acc\u00e8de \u00e0 certaines pages Internet. [&hellip;]","og_url":"https:\/\/www.ttvvalve.com\/fr\/politique-relative-aux-cookies\/","og_site_name":"TTV","article_modified_time":"2023-07-27T12:29:37+00:00","twitter_card":"summary_large_image","twitter_misc":{"Dur\u00e9e de lecture estim\u00e9e":"4 minutes"},"schema":{"@context":"https:\/\/schema.org","@graph":[{"@type":"WebPage","@id":"https:\/\/www.ttvvalve.com\/fr\/politique-relative-aux-cookies\/","url":"https:\/\/www.ttvvalve.com\/fr\/politique-relative-aux-cookies\/","name":"Politique relative aux cookies - TTV","isPartOf":{"@id":"https:\/\/www.ttvvalve.com\/#website"},"datePublished":"2023-06-15T07:36:58+00:00","dateModified":"2023-07-27T12:29:37+00:00","breadcrumb":{"@id":"https:\/\/www.ttvvalve.com\/fr\/politique-relative-aux-cookies\/#breadcrumb"},"inLanguage":"fr-FR","potentialAction":[{"@type":"ReadAction","target":["https:\/\/www.ttvvalve.com\/fr\/politique-relative-aux-cookies\/"]}]},{"@type":"BreadcrumbList","@id":"https:\/\/www.ttvvalve.com\/fr\/politique-relative-aux-cookies\/#breadcrumb","itemListElement":[{"@type":"ListItem","position":1,"name":"Portada","item":"https:\/\/www.ttvvalve.com\/fr\/"},{"@type":"ListItem","position":2,"name":"Politique relative aux cookies"}]},{"@type":"WebSite","@id":"https:\/\/www.ttvvalve.com\/#website","url":"https:\/\/www.ttvvalve.com\/","name":"TTV","description":"Fabricaci\u00f3n y Distribuci\u00f3n de V\u00e1lvulas","publisher":{"@id":"https:\/\/www.ttvvalve.com\/#organization"},"potentialAction":[{"@type":"SearchAction","target":{"@type":"EntryPoint","urlTemplate":"https:\/\/www.ttvvalve.com\/?s={search_term_string}"},"query-input":{"@type":"PropertyValueSpecification","valueRequired":true,"valueName":"search_term_string"}}],"inLanguage":"fr-FR"},{"@type":"Organization","@id":"https:\/\/www.ttvvalve.com\/#organization","name":"TTV","url":"https:\/\/www.ttvvalve.com\/","logo":{"@type":"ImageObject","inLanguage":"fr-FR","@id":"https:\/\/www.ttvvalve.com\/#\/schema\/logo\/image\/","url":"https:\/\/www.ttvvalve.com\/wp-content\/uploads\/2022\/07\/logo-ttv-reducido.jpg","contentUrl":"https:\/\/www.ttvvalve.com\/wp-content\/uploads\/2022\/07\/logo-ttv-reducido.jpg","width":100,"height":58,"caption":"TTV"},"image":{"@id":"https:\/\/www.ttvvalve.com\/#\/schema\/logo\/image\/"}}]}},"_links":{"self":[{"href":"https:\/\/www.ttvvalve.com\/fr\/wp-json\/wp\/v2\/pages\/3561","targetHints":{"allow":["GET"]}}],"collection":[{"href":"https:\/\/www.ttvvalve.com\/fr\/wp-json\/wp\/v2\/pages"}],"about":[{"href":"https:\/\/www.ttvvalve.com\/fr\/wp-json\/wp\/v2\/types\/page"}],"author":[{"embeddable":true,"href":"https:\/\/www.ttvvalve.com\/fr\/wp-json\/wp\/v2\/users\/1"}],"replies":[{"embeddable":true,"href":"https:\/\/www.ttvvalve.com\/fr\/wp-json\/wp\/v2\/comments?post=3561"}],"version-history":[{"count":2,"href":"https:\/\/www.ttvvalve.com\/fr\/wp-json\/wp\/v2\/pages\/3561\/revisions"}],"predecessor-version":[{"id":3921,"href":"https:\/\/www.ttvvalve.com\/fr\/wp-json\/wp\/v2\/pages\/3561\/revisions\/3921"}],"wp:attachment":[{"href":"https:\/\/www.ttvvalve.com\/fr\/wp-json\/wp\/v2\/media?parent=3561"}],"curies":[{"name":"wp","href":"https:\/\/api.w.org\/{rel}","templated":true}]}}