{"id":1476,"date":"2022-07-06T10:19:48","date_gmt":"2022-07-06T10:19:48","guid":{"rendered":"https:\/\/www.ttvvalve.com\/traitement-et-distribution-de-leau\/"},"modified":"2023-08-09T07:24:46","modified_gmt":"2023-08-09T07:24:46","slug":"traitement-et-distribution-de-leau","status":"publish","type":"page","link":"https:\/\/www.ttvvalve.com\/fr\/traitement-et-distribution-de-leau\/","title":{"rendered":"Traitement et distribution de l\u2019eau"},"content":{"rendered":"\t\t<div data-elementor-type=\"wp-post\" data-elementor-id=\"1476\" class=\"elementor elementor-1476 elementor-300\" data-elementor-post-type=\"page\">\n\t\t\t\t\t\t<section class=\"elementor-section elementor-top-section elementor-element elementor-element-de36526 elementor-section-height-min-height elementor-section-boxed elementor-section-height-default elementor-section-items-middle\" data-id=\"de36526\" data-element_type=\"section\" data-e-type=\"section\" data-settings=\"{&quot;background_background&quot;:&quot;classic&quot;}\">\n\t\t\t\t\t\t\t<div class=\"elementor-background-overlay\"><\/div>\n\t\t\t\t\t\t\t<div class=\"elementor-container elementor-column-gap-default\">\n\t\t\t\t\t<div class=\"elementor-column elementor-col-100 elementor-top-column elementor-element elementor-element-274e015\" data-id=\"274e015\" data-element_type=\"column\" data-e-type=\"column\">\n\t\t\t<div class=\"elementor-widget-wrap elementor-element-populated\">\n\t\t\t\t\t\t<div class=\"elementor-element elementor-element-b81d69d elementor-widget elementor-widget-heading\" data-id=\"b81d69d\" data-element_type=\"widget\" data-e-type=\"widget\" data-widget_type=\"heading.default\">\n\t\t\t\t<div class=\"elementor-widget-container\">\n\t\t\t\t\t<h2 class=\"elementor-heading-title elementor-size-default\">Traitement et distribution de l\u2019eau<\/h2>\t\t\t\t<\/div>\n\t\t\t\t<\/div>\n\t\t\t\t\t<\/div>\n\t\t<\/div>\n\t\t\t\t\t<\/div>\n\t\t<\/section>\n\t\t\t\t<section class=\"elementor-section elementor-top-section elementor-element elementor-element-a8aef18 elementor-section-boxed elementor-section-height-default elementor-section-height-default\" data-id=\"a8aef18\" data-element_type=\"section\" data-e-type=\"section\">\n\t\t\t\t\t\t<div class=\"elementor-container elementor-column-gap-default\">\n\t\t\t\t\t<div class=\"elementor-column elementor-col-50 elementor-top-column elementor-element elementor-element-c913a62\" data-id=\"c913a62\" data-element_type=\"column\" data-e-type=\"column\">\n\t\t\t<div class=\"elementor-widget-wrap elementor-element-populated\">\n\t\t\t\t\t\t<div class=\"elementor-element elementor-element-8eb727a elementor-widget elementor-widget-text-editor\" data-id=\"8eb727a\" data-element_type=\"widget\" data-e-type=\"widget\" data-widget_type=\"text-editor.default\">\n\t\t\t\t<div class=\"elementor-widget-container\">\n\t\t\t\t\t\t\t\t\t<p>Il s\u2019agit de notre principal secteur d\u2019activit\u00e9s depuis les d\u00e9buts de TTV en 1982. Ce secteur est tr\u00e8s important, notamment pour l\u2019environnement et pour notre \u00e9conomie. Ces deux objectifs doivent \u00eatre compl\u00e9mentaires dans la mesure o\u00f9 l\u2019eau est recycl\u00e9e pour \u00eatre ensuite utilis\u00e9e dans le milieu agricole, en milieu urbain et\/ou comme ressources hydriques, ce qui nous \u00e9vite d\u2019avoir \u00e0 construire de nouveaux barrages pour augmenter nos r\u00e9serves disponibles en eau douce.<\/p>\n\t\t\t\t\t\t\t\t<\/div>\n\t\t\t\t<\/div>\n\t\t\t\t\t<\/div>\n\t\t<\/div>\n\t\t\t\t<div class=\"elementor-column elementor-col-50 elementor-top-column elementor-element elementor-element-86ef9bc\" data-id=\"86ef9bc\" data-element_type=\"column\" data-e-type=\"column\">\n\t\t\t<div class=\"elementor-widget-wrap elementor-element-populated\">\n\t\t\t\t\t\t<div class=\"elementor-element elementor-element-9cff16c elementor-widget elementor-widget-text-editor\" data-id=\"9cff16c\" data-element_type=\"widget\" data-e-type=\"widget\" data-widget_type=\"text-editor.default\">\n\t\t\t\t<div class=\"elementor-widget-container\">\n\t\t\t\t\t\t\t\t\t<p>Il est important d\u2019indiquer que les solutions utilis\u00e9es pour telle ou telle application doivent \u00eatre durables et con\u00e7ues sur-mesure afin d\u2019obtenir \u00e0 chaque fois une eau recycl\u00e9e d\u2019une qualit\u00e9 adapt\u00e9e \u00e0 son utilisation. C\u2019est pourquoi TTV r\u00e9alise toujours une \u00e9tude afin de garantir et de s\u2019assurer que la vanne est parfaitement adapt\u00e9e \u00e0 chaque cas.<\/p>\n\t\t\t\t\t\t\t\t<\/div>\n\t\t\t\t<\/div>\n\t\t\t\t\t<\/div>\n\t\t<\/div>\n\t\t\t\t\t<\/div>\n\t\t<\/section>\n\t\t\t\t<section class=\"elementor-section elementor-top-section elementor-element elementor-element-d6082aa elementor-section-boxed elementor-section-height-default elementor-section-height-default\" data-id=\"d6082aa\" data-element_type=\"section\" data-e-type=\"section\">\n\t\t\t\t\t\t<div class=\"elementor-container elementor-column-gap-default\">\n\t\t\t\t\t<div class=\"elementor-column elementor-col-100 elementor-top-column elementor-element elementor-element-a8fb320\" data-id=\"a8fb320\" data-element_type=\"column\" data-e-type=\"column\">\n\t\t\t<div class=\"elementor-widget-wrap elementor-element-populated\">\n\t\t\t\t\t\t<div class=\"elementor-element elementor-element-0fbdeee elementor-widget elementor-widget-heading\" data-id=\"0fbdeee\" data-element_type=\"widget\" data-e-type=\"widget\" data-widget_type=\"heading.default\">\n\t\t\t\t<div class=\"elementor-widget-container\">\n\t\t\t\t\t<h3 class=\"elementor-heading-title elementor-size-default\">Vannes de la marque\u00a0TTV parfaitement adapt\u00e9es aux exigences de ce secteur<\/h3>\t\t\t\t<\/div>\n\t\t\t\t<\/div>\n\t\t\t\t\t<\/div>\n\t\t<\/div>\n\t\t\t\t\t<\/div>\n\t\t<\/section>\n\t\t\t\t<section class=\"elementor-section elementor-top-section elementor-element elementor-element-9579f25 elementor-section-boxed elementor-section-height-default elementor-section-height-default\" data-id=\"9579f25\" data-element_type=\"section\" data-e-type=\"section\">\n\t\t\t\t\t\t<div class=\"elementor-container elementor-column-gap-default\">\n\t\t\t\t\t<div class=\"elementor-column elementor-col-25 elementor-top-column elementor-element elementor-element-7b3374b\" data-id=\"7b3374b\" data-element_type=\"column\" data-e-type=\"column\">\n\t\t\t<div class=\"elementor-widget-wrap elementor-element-populated\">\n\t\t\t\t\t\t<div class=\"elementor-element elementor-element-82aebcd elementor-widget elementor-widget-image\" data-id=\"82aebcd\" data-element_type=\"widget\" data-e-type=\"widget\" data-widget_type=\"image.default\">\n\t\t\t\t<div class=\"elementor-widget-container\">\n\t\t\t\t\t\t\t\t\t\t\t\t\t\t\t\t<a href=\"https:\/\/www.ttvvalve.com\/fr\/produits\/vannes-concentriques\/\">\n\t\t\t\t\t\t\t<img fetchpriority=\"high\" decoding=\"async\" width=\"325\" height=\"485\" src=\"https:\/\/www.ttvvalve.com\/wp-content\/uploads\/2023\/06\/concentricas.jpg\" class=\"attachment-large size-large wp-image-2875\" alt=\"\" srcset=\"https:\/\/www.ttvvalve.com\/wp-content\/uploads\/2023\/06\/concentricas.jpg 325w, https:\/\/www.ttvvalve.com\/wp-content\/uploads\/2023\/06\/concentricas-201x300.jpg 201w\" sizes=\"(max-width: 325px) 100vw, 325px\" \/>\t\t\t\t\t\t\t\t<\/a>\n\t\t\t\t\t\t\t\t\t\t\t\t\t\t\t<\/div>\n\t\t\t\t<\/div>\n\t\t\t\t<div class=\"elementor-element elementor-element-beb3f88 elementor-align-center elementor-widget elementor-widget-button\" data-id=\"beb3f88\" data-element_type=\"widget\" data-e-type=\"widget\" data-widget_type=\"button.default\">\n\t\t\t\t<div class=\"elementor-widget-container\">\n\t\t\t\t\t\t\t\t\t<div class=\"elementor-button-wrapper\">\n\t\t\t\t\t<a class=\"elementor-button elementor-button-link elementor-size-sm\" href=\"https:\/\/www.ttvvalve.com\/fr\/produits\/vannes-concentriques\/\">\n\t\t\t\t\t\t<span class=\"elementor-button-content-wrapper\">\n\t\t\t\t\t\t\t\t\t<span class=\"elementor-button-text\">Vannes concentriques<\/span>\n\t\t\t\t\t<\/span>\n\t\t\t\t\t<\/a>\n\t\t\t\t<\/div>\n\t\t\t\t\t\t\t\t<\/div>\n\t\t\t\t<\/div>\n\t\t\t\t\t<\/div>\n\t\t<\/div>\n\t\t\t\t<div class=\"elementor-column elementor-col-25 elementor-top-column elementor-element elementor-element-878f212\" data-id=\"878f212\" data-element_type=\"column\" data-e-type=\"column\">\n\t\t\t<div class=\"elementor-widget-wrap elementor-element-populated\">\n\t\t\t\t\t\t<div class=\"elementor-element elementor-element-5fe91f4 elementor-widget elementor-widget-image\" data-id=\"5fe91f4\" data-element_type=\"widget\" data-e-type=\"widget\" data-widget_type=\"image.default\">\n\t\t\t\t<div class=\"elementor-widget-container\">\n\t\t\t\t\t\t\t\t\t\t\t\t\t\t\t\t<a href=\"https:\/\/www.ttvvalve.com\/fr\/produits\/vannes-papillon-doubles-excentriques\/colossus-fire-safe\/\">\n\t\t\t\t\t\t\t<img decoding=\"async\" width=\"650\" height=\"971\" src=\"https:\/\/www.ttvvalve.com\/wp-content\/uploads\/2023\/05\/ASIENTO-BLANDO-UTILIZADO-PARA-FIRE-SAFE_MG_1992-_-AR_reduc_comp.webp\" class=\"attachment-large size-large wp-image-1964\" alt=\"\" srcset=\"https:\/\/www.ttvvalve.com\/wp-content\/uploads\/2023\/05\/ASIENTO-BLANDO-UTILIZADO-PARA-FIRE-SAFE_MG_1992-_-AR_reduc_comp.webp 650w, https:\/\/www.ttvvalve.com\/wp-content\/uploads\/2023\/05\/ASIENTO-BLANDO-UTILIZADO-PARA-FIRE-SAFE_MG_1992-_-AR_reduc_comp-201x300.webp 201w\" sizes=\"(max-width: 650px) 100vw, 650px\" \/>\t\t\t\t\t\t\t\t<\/a>\n\t\t\t\t\t\t\t\t\t\t\t\t\t\t\t<\/div>\n\t\t\t\t<\/div>\n\t\t\t\t<div class=\"elementor-element elementor-element-dd661a0 elementor-align-center elementor-widget__width-initial elementor-widget elementor-widget-button\" data-id=\"dd661a0\" data-element_type=\"widget\" data-e-type=\"widget\" data-widget_type=\"button.default\">\n\t\t\t\t<div class=\"elementor-widget-container\">\n\t\t\t\t\t\t\t\t\t<div class=\"elementor-button-wrapper\">\n\t\t\t\t\t<a class=\"elementor-button elementor-button-link elementor-size-sm\" href=\"https:\/\/www.ttvvalve.com\/fr\/produits\/vannes-papillon-doubles-excentriques\/colossus-fire-safe\/\">\n\t\t\t\t\t\t<span class=\"elementor-button-content-wrapper\">\n\t\t\t\t\t\t\t\t\t<span class=\"elementor-button-text\">Colossus Fire Safe<\/span>\n\t\t\t\t\t<\/span>\n\t\t\t\t\t<\/a>\n\t\t\t\t<\/div>\n\t\t\t\t\t\t\t\t<\/div>\n\t\t\t\t<\/div>\n\t\t\t\t\t<\/div>\n\t\t<\/div>\n\t\t\t\t<div class=\"elementor-column elementor-col-25 elementor-top-column elementor-element elementor-element-dbf7f9c\" data-id=\"dbf7f9c\" data-element_type=\"column\" data-e-type=\"column\">\n\t\t\t<div class=\"elementor-widget-wrap elementor-element-populated\">\n\t\t\t\t\t\t<div class=\"elementor-element elementor-element-615b560 elementor-widget elementor-widget-image\" data-id=\"615b560\" data-element_type=\"widget\" data-e-type=\"widget\" data-widget_type=\"image.default\">\n\t\t\t\t<div class=\"elementor-widget-container\">\n\t\t\t\t\t\t\t\t\t\t\t\t\t\t\t\t<a href=\"https:\/\/www.ttvvalve.com\/fr\/produits\/vannes-papillon-doubles-excentriques\/hydor\/\">\n\t\t\t\t\t\t\t<img decoding=\"async\" width=\"650\" height=\"971\" src=\"https:\/\/www.ttvvalve.com\/wp-content\/uploads\/2023\/05\/HYDOR-_MG_2369-_-AR_reduc_comp.webp\" class=\"attachment-large size-large wp-image-1976\" alt=\"\" srcset=\"https:\/\/www.ttvvalve.com\/wp-content\/uploads\/2023\/05\/HYDOR-_MG_2369-_-AR_reduc_comp.webp 650w, https:\/\/www.ttvvalve.com\/wp-content\/uploads\/2023\/05\/HYDOR-_MG_2369-_-AR_reduc_comp-201x300.webp 201w\" sizes=\"(max-width: 650px) 100vw, 650px\" \/>\t\t\t\t\t\t\t\t<\/a>\n\t\t\t\t\t\t\t\t\t\t\t\t\t\t\t<\/div>\n\t\t\t\t<\/div>\n\t\t\t\t<div class=\"elementor-element elementor-element-94477c5 elementor-align-center elementor-widget elementor-widget-button\" data-id=\"94477c5\" data-element_type=\"widget\" data-e-type=\"widget\" data-widget_type=\"button.default\">\n\t\t\t\t<div class=\"elementor-widget-container\">\n\t\t\t\t\t\t\t\t\t<div class=\"elementor-button-wrapper\">\n\t\t\t\t\t<a class=\"elementor-button elementor-button-link elementor-size-sm\" href=\"https:\/\/www.ttvvalve.com\/fr\/produits\/vannes-papillon-doubles-excentriques\/hydor\/\">\n\t\t\t\t\t\t<span class=\"elementor-button-content-wrapper\">\n\t\t\t\t\t\t\t\t\t<span class=\"elementor-button-text\">Hydor<\/span>\n\t\t\t\t\t<\/span>\n\t\t\t\t\t<\/a>\n\t\t\t\t<\/div>\n\t\t\t\t\t\t\t\t<\/div>\n\t\t\t\t<\/div>\n\t\t\t\t\t<\/div>\n\t\t<\/div>\n\t\t\t\t<div class=\"elementor-column elementor-col-25 elementor-top-column elementor-element elementor-element-1107ebc\" data-id=\"1107ebc\" data-element_type=\"column\" data-e-type=\"column\">\n\t\t\t<div class=\"elementor-widget-wrap elementor-element-populated\">\n\t\t\t\t\t\t<div class=\"elementor-element elementor-element-693d11d elementor-widget elementor-widget-image\" data-id=\"693d11d\" data-element_type=\"widget\" data-e-type=\"widget\" data-widget_type=\"image.default\">\n\t\t\t\t<div class=\"elementor-widget-container\">\n\t\t\t\t\t\t\t\t\t\t\t\t\t\t\t\t<a href=\"https:\/\/www.ttvvalve.com\/fr\/produits\/robinets-a-vanne\/shigate\/\">\n\t\t\t\t\t\t\t<img loading=\"lazy\" decoding=\"async\" width=\"325\" height=\"485\" src=\"https:\/\/www.ttvvalve.com\/wp-content\/uploads\/2023\/06\/shigate.webp\" class=\"attachment-large size-large wp-image-2925\" alt=\"\" srcset=\"https:\/\/www.ttvvalve.com\/wp-content\/uploads\/2023\/06\/shigate.webp 325w, https:\/\/www.ttvvalve.com\/wp-content\/uploads\/2023\/06\/shigate-201x300.webp 201w\" sizes=\"(max-width: 325px) 100vw, 325px\" \/>\t\t\t\t\t\t\t\t<\/a>\n\t\t\t\t\t\t\t\t\t\t\t\t\t\t\t<\/div>\n\t\t\t\t<\/div>\n\t\t\t\t<div class=\"elementor-element elementor-element-7db8de0 elementor-align-center elementor-widget elementor-widget-button\" data-id=\"7db8de0\" data-element_type=\"widget\" data-e-type=\"widget\" data-widget_type=\"button.default\">\n\t\t\t\t<div class=\"elementor-widget-container\">\n\t\t\t\t\t\t\t\t\t<div class=\"elementor-button-wrapper\">\n\t\t\t\t\t<a class=\"elementor-button elementor-button-link elementor-size-sm\" href=\"https:\/\/www.ttvvalve.com\/fr\/produits\/robinets-a-vanne\/shigate\/\">\n\t\t\t\t\t\t<span class=\"elementor-button-content-wrapper\">\n\t\t\t\t\t\t\t\t\t<span class=\"elementor-button-text\">Shigate<\/span>\n\t\t\t\t\t<\/span>\n\t\t\t\t\t<\/a>\n\t\t\t\t<\/div>\n\t\t\t\t\t\t\t\t<\/div>\n\t\t\t\t<\/div>\n\t\t\t\t\t<\/div>\n\t\t<\/div>\n\t\t\t\t\t<\/div>\n\t\t<\/section>\n\t\t\t\t<\/div>\n\t\t","protected":false},"excerpt":{"rendered":"<p>Traitement et distribution de l\u2019eau Il s\u2019agit de notre principal secteur d\u2019activit\u00e9s depuis les d\u00e9buts de TTV en 1982. Ce secteur est tr\u00e8s important, notamment pour l\u2019environnement et pour notre \u00e9conomie. Ces deux objectifs doivent \u00eatre compl\u00e9mentaires dans la mesure o\u00f9 l\u2019eau est recycl\u00e9e pour \u00eatre ensuite utilis\u00e9e dans le milieu agricole, en milieu urbain [&hellip;]<\/p>\n","protected":false},"author":1,"featured_media":0,"parent":0,"menu_order":0,"comment_status":"closed","ping_status":"closed","template":"","meta":{"footnotes":""},"class_list":["post-1476","page","type-page","status-publish","hentry"],"yoast_head":"<!-- This site is optimized with the Yoast SEO plugin v27.5 - https:\/\/yoast.com\/product\/yoast-seo-wordpress\/ -->\n<title>Traitement et distribution de l\u2019eau - TTV<\/title>\n<meta name=\"description\" content=\"Puisqu\u2019il s\u2019agit de notre principal secteur d\u2019activit\u00e9 depuis 1982, TTV analyse et choisit la vanne adapt\u00e9e au secteur du traitement et de la distribution de l\u2019eau.\" \/>\n<meta name=\"robots\" content=\"index, follow, max-snippet:-1, max-image-preview:large, max-video-preview:-1\" \/>\n<link rel=\"canonical\" href=\"https:\/\/www.ttvvalve.com\/fr\/traitement-et-distribution-de-leau\/\" \/>\n<meta property=\"og:locale\" content=\"fr_FR\" \/>\n<meta property=\"og:type\" content=\"article\" \/>\n<meta property=\"og:title\" content=\"Traitement et distribution de l\u2019eau - TTV\" \/>\n<meta property=\"og:description\" content=\"Puisqu\u2019il s\u2019agit de notre principal secteur d\u2019activit\u00e9 depuis 1982, TTV analyse et choisit la vanne adapt\u00e9e au secteur du traitement et de la distribution de l\u2019eau.\" \/>\n<meta property=\"og:url\" content=\"https:\/\/www.ttvvalve.com\/fr\/traitement-et-distribution-de-leau\/\" \/>\n<meta property=\"og:site_name\" content=\"TTV\" \/>\n<meta property=\"article:modified_time\" content=\"2023-08-09T07:24:46+00:00\" \/>\n<meta property=\"og:image\" content=\"https:\/\/www.ttvvalve.com\/wp-content\/uploads\/2023\/06\/concentricas.jpg\" \/>\n<meta name=\"twitter:card\" content=\"summary_large_image\" \/>\n<meta name=\"twitter:label1\" content=\"Dur\u00e9e de lecture estim\u00e9e\" \/>\n\t<meta name=\"twitter:data1\" content=\"1 minute\" \/>\n<script type=\"application\/ld+json\" class=\"yoast-schema-graph\">{\"@context\":\"https:\\\/\\\/schema.org\",\"@graph\":[{\"@type\":\"WebPage\",\"@id\":\"https:\\\/\\\/www.ttvvalve.com\\\/fr\\\/traitement-et-distribution-de-leau\\\/\",\"url\":\"https:\\\/\\\/www.ttvvalve.com\\\/fr\\\/traitement-et-distribution-de-leau\\\/\",\"name\":\"Traitement et distribution de l\u2019eau - TTV\",\"isPartOf\":{\"@id\":\"https:\\\/\\\/www.ttvvalve.com\\\/#website\"},\"primaryImageOfPage\":{\"@id\":\"https:\\\/\\\/www.ttvvalve.com\\\/fr\\\/traitement-et-distribution-de-leau\\\/#primaryimage\"},\"image\":{\"@id\":\"https:\\\/\\\/www.ttvvalve.com\\\/fr\\\/traitement-et-distribution-de-leau\\\/#primaryimage\"},\"thumbnailUrl\":\"https:\\\/\\\/www.ttvvalve.com\\\/wp-content\\\/uploads\\\/2023\\\/06\\\/concentricas.jpg\",\"datePublished\":\"2022-07-06T10:19:48+00:00\",\"dateModified\":\"2023-08-09T07:24:46+00:00\",\"description\":\"Puisqu\u2019il s\u2019agit de notre principal secteur d\u2019activit\u00e9 depuis 1982, TTV analyse et choisit la vanne adapt\u00e9e au secteur du traitement et de la distribution de l\u2019eau.\",\"breadcrumb\":{\"@id\":\"https:\\\/\\\/www.ttvvalve.com\\\/fr\\\/traitement-et-distribution-de-leau\\\/#breadcrumb\"},\"inLanguage\":\"fr-FR\",\"potentialAction\":[{\"@type\":\"ReadAction\",\"target\":[\"https:\\\/\\\/www.ttvvalve.com\\\/fr\\\/traitement-et-distribution-de-leau\\\/\"]}]},{\"@type\":\"ImageObject\",\"inLanguage\":\"fr-FR\",\"@id\":\"https:\\\/\\\/www.ttvvalve.com\\\/fr\\\/traitement-et-distribution-de-leau\\\/#primaryimage\",\"url\":\"https:\\\/\\\/www.ttvvalve.com\\\/wp-content\\\/uploads\\\/2023\\\/06\\\/concentricas.jpg\",\"contentUrl\":\"https:\\\/\\\/www.ttvvalve.com\\\/wp-content\\\/uploads\\\/2023\\\/06\\\/concentricas.jpg\"},{\"@type\":\"BreadcrumbList\",\"@id\":\"https:\\\/\\\/www.ttvvalve.com\\\/fr\\\/traitement-et-distribution-de-leau\\\/#breadcrumb\",\"itemListElement\":[{\"@type\":\"ListItem\",\"position\":1,\"name\":\"Portada\",\"item\":\"https:\\\/\\\/www.ttvvalve.com\\\/fr\\\/\"},{\"@type\":\"ListItem\",\"position\":2,\"name\":\"Traitement et distribution de l\u2019eau\"}]},{\"@type\":\"WebSite\",\"@id\":\"https:\\\/\\\/www.ttvvalve.com\\\/#website\",\"url\":\"https:\\\/\\\/www.ttvvalve.com\\\/\",\"name\":\"TTV\",\"description\":\"Fabricaci\u00f3n y Distribuci\u00f3n de V\u00e1lvulas\",\"publisher\":{\"@id\":\"https:\\\/\\\/www.ttvvalve.com\\\/#organization\"},\"potentialAction\":[{\"@type\":\"SearchAction\",\"target\":{\"@type\":\"EntryPoint\",\"urlTemplate\":\"https:\\\/\\\/www.ttvvalve.com\\\/?s={search_term_string}\"},\"query-input\":{\"@type\":\"PropertyValueSpecification\",\"valueRequired\":true,\"valueName\":\"search_term_string\"}}],\"inLanguage\":\"fr-FR\"},{\"@type\":\"Organization\",\"@id\":\"https:\\\/\\\/www.ttvvalve.com\\\/#organization\",\"name\":\"TTV\",\"url\":\"https:\\\/\\\/www.ttvvalve.com\\\/\",\"logo\":{\"@type\":\"ImageObject\",\"inLanguage\":\"fr-FR\",\"@id\":\"https:\\\/\\\/www.ttvvalve.com\\\/#\\\/schema\\\/logo\\\/image\\\/\",\"url\":\"https:\\\/\\\/www.ttvvalve.com\\\/wp-content\\\/uploads\\\/2022\\\/07\\\/logo-ttv-reducido.jpg\",\"contentUrl\":\"https:\\\/\\\/www.ttvvalve.com\\\/wp-content\\\/uploads\\\/2022\\\/07\\\/logo-ttv-reducido.jpg\",\"width\":100,\"height\":58,\"caption\":\"TTV\"},\"image\":{\"@id\":\"https:\\\/\\\/www.ttvvalve.com\\\/#\\\/schema\\\/logo\\\/image\\\/\"}}]}<\/script>\n<!-- \/ Yoast SEO plugin. -->","yoast_head_json":{"title":"Traitement et distribution de l\u2019eau - TTV","description":"Puisqu\u2019il s\u2019agit de notre principal secteur d\u2019activit\u00e9 depuis 1982, TTV analyse et choisit la vanne adapt\u00e9e au secteur du traitement et de la distribution de l\u2019eau.","robots":{"index":"index","follow":"follow","max-snippet":"max-snippet:-1","max-image-preview":"max-image-preview:large","max-video-preview":"max-video-preview:-1"},"canonical":"https:\/\/www.ttvvalve.com\/fr\/traitement-et-distribution-de-leau\/","og_locale":"fr_FR","og_type":"article","og_title":"Traitement et distribution de l\u2019eau - TTV","og_description":"Puisqu\u2019il s\u2019agit de notre principal secteur d\u2019activit\u00e9 depuis 1982, TTV analyse et choisit la vanne adapt\u00e9e au secteur du traitement et de la distribution de l\u2019eau.","og_url":"https:\/\/www.ttvvalve.com\/fr\/traitement-et-distribution-de-leau\/","og_site_name":"TTV","article_modified_time":"2023-08-09T07:24:46+00:00","og_image":[{"url":"https:\/\/www.ttvvalve.com\/wp-content\/uploads\/2023\/06\/concentricas.jpg","type":"","width":"","height":""}],"twitter_card":"summary_large_image","twitter_misc":{"Dur\u00e9e de lecture estim\u00e9e":"1 minute"},"schema":{"@context":"https:\/\/schema.org","@graph":[{"@type":"WebPage","@id":"https:\/\/www.ttvvalve.com\/fr\/traitement-et-distribution-de-leau\/","url":"https:\/\/www.ttvvalve.com\/fr\/traitement-et-distribution-de-leau\/","name":"Traitement et distribution de l\u2019eau - TTV","isPartOf":{"@id":"https:\/\/www.ttvvalve.com\/#website"},"primaryImageOfPage":{"@id":"https:\/\/www.ttvvalve.com\/fr\/traitement-et-distribution-de-leau\/#primaryimage"},"image":{"@id":"https:\/\/www.ttvvalve.com\/fr\/traitement-et-distribution-de-leau\/#primaryimage"},"thumbnailUrl":"https:\/\/www.ttvvalve.com\/wp-content\/uploads\/2023\/06\/concentricas.jpg","datePublished":"2022-07-06T10:19:48+00:00","dateModified":"2023-08-09T07:24:46+00:00","description":"Puisqu\u2019il s\u2019agit de notre principal secteur d\u2019activit\u00e9 depuis 1982, TTV analyse et choisit la vanne adapt\u00e9e au secteur du traitement et de la distribution de l\u2019eau.","breadcrumb":{"@id":"https:\/\/www.ttvvalve.com\/fr\/traitement-et-distribution-de-leau\/#breadcrumb"},"inLanguage":"fr-FR","potentialAction":[{"@type":"ReadAction","target":["https:\/\/www.ttvvalve.com\/fr\/traitement-et-distribution-de-leau\/"]}]},{"@type":"ImageObject","inLanguage":"fr-FR","@id":"https:\/\/www.ttvvalve.com\/fr\/traitement-et-distribution-de-leau\/#primaryimage","url":"https:\/\/www.ttvvalve.com\/wp-content\/uploads\/2023\/06\/concentricas.jpg","contentUrl":"https:\/\/www.ttvvalve.com\/wp-content\/uploads\/2023\/06\/concentricas.jpg"},{"@type":"BreadcrumbList","@id":"https:\/\/www.ttvvalve.com\/fr\/traitement-et-distribution-de-leau\/#breadcrumb","itemListElement":[{"@type":"ListItem","position":1,"name":"Portada","item":"https:\/\/www.ttvvalve.com\/fr\/"},{"@type":"ListItem","position":2,"name":"Traitement et distribution de l\u2019eau"}]},{"@type":"WebSite","@id":"https:\/\/www.ttvvalve.com\/#website","url":"https:\/\/www.ttvvalve.com\/","name":"TTV","description":"Fabricaci\u00f3n y Distribuci\u00f3n de V\u00e1lvulas","publisher":{"@id":"https:\/\/www.ttvvalve.com\/#organization"},"potentialAction":[{"@type":"SearchAction","target":{"@type":"EntryPoint","urlTemplate":"https:\/\/www.ttvvalve.com\/?s={search_term_string}"},"query-input":{"@type":"PropertyValueSpecification","valueRequired":true,"valueName":"search_term_string"}}],"inLanguage":"fr-FR"},{"@type":"Organization","@id":"https:\/\/www.ttvvalve.com\/#organization","name":"TTV","url":"https:\/\/www.ttvvalve.com\/","logo":{"@type":"ImageObject","inLanguage":"fr-FR","@id":"https:\/\/www.ttvvalve.com\/#\/schema\/logo\/image\/","url":"https:\/\/www.ttvvalve.com\/wp-content\/uploads\/2022\/07\/logo-ttv-reducido.jpg","contentUrl":"https:\/\/www.ttvvalve.com\/wp-content\/uploads\/2022\/07\/logo-ttv-reducido.jpg","width":100,"height":58,"caption":"TTV"},"image":{"@id":"https:\/\/www.ttvvalve.com\/#\/schema\/logo\/image\/"}}]}},"_links":{"self":[{"href":"https:\/\/www.ttvvalve.com\/fr\/wp-json\/wp\/v2\/pages\/1476","targetHints":{"allow":["GET"]}}],"collection":[{"href":"https:\/\/www.ttvvalve.com\/fr\/wp-json\/wp\/v2\/pages"}],"about":[{"href":"https:\/\/www.ttvvalve.com\/fr\/wp-json\/wp\/v2\/types\/page"}],"author":[{"embeddable":true,"href":"https:\/\/www.ttvvalve.com\/fr\/wp-json\/wp\/v2\/users\/1"}],"replies":[{"embeddable":true,"href":"https:\/\/www.ttvvalve.com\/fr\/wp-json\/wp\/v2\/comments?post=1476"}],"version-history":[{"count":3,"href":"https:\/\/www.ttvvalve.com\/fr\/wp-json\/wp\/v2\/pages\/1476\/revisions"}],"predecessor-version":[{"id":3973,"href":"https:\/\/www.ttvvalve.com\/fr\/wp-json\/wp\/v2\/pages\/1476\/revisions\/3973"}],"wp:attachment":[{"href":"https:\/\/www.ttvvalve.com\/fr\/wp-json\/wp\/v2\/media?parent=1476"}],"curies":[{"name":"wp","href":"https:\/\/api.w.org\/{rel}","templated":true}]}}