{"id":1429,"date":"2022-05-11T08:12:44","date_gmt":"2022-05-11T08:12:44","guid":{"rendered":"https:\/\/www.ttvvalve.com\/publications\/"},"modified":"2023-08-09T07:24:38","modified_gmt":"2023-08-09T07:24:38","slug":"publications","status":"publish","type":"page","link":"https:\/\/www.ttvvalve.com\/fr\/publications\/","title":{"rendered":"Publications"},"content":{"rendered":"\t\t<div data-elementor-type=\"wp-post\" data-elementor-id=\"1429\" class=\"elementor elementor-1429 elementor-7\" data-elementor-post-type=\"page\">\n\t\t\t\t\t\t<section class=\"elementor-section elementor-top-section elementor-element elementor-element-b760fba elementor-section-boxed elementor-section-height-default elementor-section-height-default\" data-id=\"b760fba\" data-element_type=\"section\" data-e-type=\"section\">\n\t\t\t\t\t\t<div class=\"elementor-container elementor-column-gap-default\">\n\t\t\t\t\t<div class=\"elementor-column elementor-col-100 elementor-top-column elementor-element elementor-element-059c0c9\" data-id=\"059c0c9\" data-element_type=\"column\" data-e-type=\"column\">\n\t\t\t<div class=\"elementor-widget-wrap elementor-element-populated\">\n\t\t\t\t\t\t<div class=\"elementor-element elementor-element-efd38a6 elementor-widget elementor-widget-shortcode\" data-id=\"efd38a6\" data-element_type=\"widget\" data-e-type=\"widget\" data-widget_type=\"shortcode.default\">\n\t\t\t\t<div class=\"elementor-widget-container\">\n\t\t\t\t\t\t\t<div class=\"elementor-shortcode\"><div class=\"juicer-feed\" data-feed-id=\"ttv-valvulas\"><\/div><script type=\"text\/javascript\" src=\"\/\/www.juicer.io\/embed\/ttv-valvulas\/wp-plugin-1-12.js?nojquery=true\"><\/script><\/div>\n\t\t\t\t\t\t<\/div>\n\t\t\t\t<\/div>\n\t\t\t\t\t<\/div>\n\t\t<\/div>\n\t\t\t\t\t<\/div>\n\t\t<\/section>\n\t\t\t\t<\/div>\n\t\t","protected":false},"excerpt":{"rendered":"","protected":false},"author":1,"featured_media":0,"parent":0,"menu_order":0,"comment_status":"closed","ping_status":"closed","template":"","meta":{"footnotes":""},"class_list":["post-1429","page","type-page","status-publish","hentry"],"yoast_head":"<!-- This site is optimized with the Yoast SEO plugin v27.5 - https:\/\/yoast.com\/product\/yoast-seo-wordpress\/ -->\n<title>Publications - TTV<\/title>\n<meta name=\"description\" content=\"Retrouvez toutes nos publications dans cette section du site Internet. Vous pourrez consulter nos derniers travaux et derni\u00e8res actualit\u00e9s sur les vannes.\" \/>\n<meta name=\"robots\" content=\"index, follow, max-snippet:-1, max-image-preview:large, max-video-preview:-1\" \/>\n<link rel=\"canonical\" href=\"https:\/\/www.ttvvalve.com\/fr\/publications\/\" \/>\n<meta property=\"og:locale\" content=\"fr_FR\" \/>\n<meta property=\"og:type\" content=\"article\" \/>\n<meta property=\"og:title\" content=\"Publications - TTV\" \/>\n<meta property=\"og:description\" content=\"Retrouvez toutes nos publications dans cette section du site Internet. Vous pourrez consulter nos derniers travaux et derni\u00e8res actualit\u00e9s sur les vannes.\" \/>\n<meta property=\"og:url\" content=\"https:\/\/www.ttvvalve.com\/fr\/publications\/\" \/>\n<meta property=\"og:site_name\" content=\"TTV\" \/>\n<meta property=\"article:modified_time\" content=\"2023-08-09T07:24:38+00:00\" \/>\n<meta name=\"twitter:card\" content=\"summary_large_image\" \/>\n<script type=\"application\/ld+json\" class=\"yoast-schema-graph\">{\"@context\":\"https:\\\/\\\/schema.org\",\"@graph\":[{\"@type\":\"WebPage\",\"@id\":\"https:\\\/\\\/www.ttvvalve.com\\\/fr\\\/publications\\\/\",\"url\":\"https:\\\/\\\/www.ttvvalve.com\\\/fr\\\/publications\\\/\",\"name\":\"Publications - TTV\",\"isPartOf\":{\"@id\":\"https:\\\/\\\/www.ttvvalve.com\\\/#website\"},\"datePublished\":\"2022-05-11T08:12:44+00:00\",\"dateModified\":\"2023-08-09T07:24:38+00:00\",\"description\":\"Retrouvez toutes nos publications dans cette section du site Internet. Vous pourrez consulter nos derniers travaux et derni\u00e8res actualit\u00e9s sur les vannes.\",\"breadcrumb\":{\"@id\":\"https:\\\/\\\/www.ttvvalve.com\\\/fr\\\/publications\\\/#breadcrumb\"},\"inLanguage\":\"fr-FR\",\"potentialAction\":[{\"@type\":\"ReadAction\",\"target\":[\"https:\\\/\\\/www.ttvvalve.com\\\/fr\\\/publications\\\/\"]}]},{\"@type\":\"BreadcrumbList\",\"@id\":\"https:\\\/\\\/www.ttvvalve.com\\\/fr\\\/publications\\\/#breadcrumb\",\"itemListElement\":[{\"@type\":\"ListItem\",\"position\":1,\"name\":\"Portada\",\"item\":\"https:\\\/\\\/www.ttvvalve.com\\\/fr\\\/\"},{\"@type\":\"ListItem\",\"position\":2,\"name\":\"Publications\"}]},{\"@type\":\"WebSite\",\"@id\":\"https:\\\/\\\/www.ttvvalve.com\\\/#website\",\"url\":\"https:\\\/\\\/www.ttvvalve.com\\\/\",\"name\":\"TTV\",\"description\":\"Fabricaci\u00f3n y Distribuci\u00f3n de V\u00e1lvulas\",\"publisher\":{\"@id\":\"https:\\\/\\\/www.ttvvalve.com\\\/#organization\"},\"potentialAction\":[{\"@type\":\"SearchAction\",\"target\":{\"@type\":\"EntryPoint\",\"urlTemplate\":\"https:\\\/\\\/www.ttvvalve.com\\\/?s={search_term_string}\"},\"query-input\":{\"@type\":\"PropertyValueSpecification\",\"valueRequired\":true,\"valueName\":\"search_term_string\"}}],\"inLanguage\":\"fr-FR\"},{\"@type\":\"Organization\",\"@id\":\"https:\\\/\\\/www.ttvvalve.com\\\/#organization\",\"name\":\"TTV\",\"url\":\"https:\\\/\\\/www.ttvvalve.com\\\/\",\"logo\":{\"@type\":\"ImageObject\",\"inLanguage\":\"fr-FR\",\"@id\":\"https:\\\/\\\/www.ttvvalve.com\\\/#\\\/schema\\\/logo\\\/image\\\/\",\"url\":\"https:\\\/\\\/www.ttvvalve.com\\\/wp-content\\\/uploads\\\/2022\\\/07\\\/logo-ttv-reducido.jpg\",\"contentUrl\":\"https:\\\/\\\/www.ttvvalve.com\\\/wp-content\\\/uploads\\\/2022\\\/07\\\/logo-ttv-reducido.jpg\",\"width\":100,\"height\":58,\"caption\":\"TTV\"},\"image\":{\"@id\":\"https:\\\/\\\/www.ttvvalve.com\\\/#\\\/schema\\\/logo\\\/image\\\/\"}}]}<\/script>\n<!-- \/ Yoast SEO plugin. -->","yoast_head_json":{"title":"Publications - TTV","description":"Retrouvez toutes nos publications dans cette section du site Internet. Vous pourrez consulter nos derniers travaux et derni\u00e8res actualit\u00e9s sur les vannes.","robots":{"index":"index","follow":"follow","max-snippet":"max-snippet:-1","max-image-preview":"max-image-preview:large","max-video-preview":"max-video-preview:-1"},"canonical":"https:\/\/www.ttvvalve.com\/fr\/publications\/","og_locale":"fr_FR","og_type":"article","og_title":"Publications - TTV","og_description":"Retrouvez toutes nos publications dans cette section du site Internet. Vous pourrez consulter nos derniers travaux et derni\u00e8res actualit\u00e9s sur les vannes.","og_url":"https:\/\/www.ttvvalve.com\/fr\/publications\/","og_site_name":"TTV","article_modified_time":"2023-08-09T07:24:38+00:00","twitter_card":"summary_large_image","schema":{"@context":"https:\/\/schema.org","@graph":[{"@type":"WebPage","@id":"https:\/\/www.ttvvalve.com\/fr\/publications\/","url":"https:\/\/www.ttvvalve.com\/fr\/publications\/","name":"Publications - TTV","isPartOf":{"@id":"https:\/\/www.ttvvalve.com\/#website"},"datePublished":"2022-05-11T08:12:44+00:00","dateModified":"2023-08-09T07:24:38+00:00","description":"Retrouvez toutes nos publications dans cette section du site Internet. Vous pourrez consulter nos derniers travaux et derni\u00e8res actualit\u00e9s sur les vannes.","breadcrumb":{"@id":"https:\/\/www.ttvvalve.com\/fr\/publications\/#breadcrumb"},"inLanguage":"fr-FR","potentialAction":[{"@type":"ReadAction","target":["https:\/\/www.ttvvalve.com\/fr\/publications\/"]}]},{"@type":"BreadcrumbList","@id":"https:\/\/www.ttvvalve.com\/fr\/publications\/#breadcrumb","itemListElement":[{"@type":"ListItem","position":1,"name":"Portada","item":"https:\/\/www.ttvvalve.com\/fr\/"},{"@type":"ListItem","position":2,"name":"Publications"}]},{"@type":"WebSite","@id":"https:\/\/www.ttvvalve.com\/#website","url":"https:\/\/www.ttvvalve.com\/","name":"TTV","description":"Fabricaci\u00f3n y Distribuci\u00f3n de V\u00e1lvulas","publisher":{"@id":"https:\/\/www.ttvvalve.com\/#organization"},"potentialAction":[{"@type":"SearchAction","target":{"@type":"EntryPoint","urlTemplate":"https:\/\/www.ttvvalve.com\/?s={search_term_string}"},"query-input":{"@type":"PropertyValueSpecification","valueRequired":true,"valueName":"search_term_string"}}],"inLanguage":"fr-FR"},{"@type":"Organization","@id":"https:\/\/www.ttvvalve.com\/#organization","name":"TTV","url":"https:\/\/www.ttvvalve.com\/","logo":{"@type":"ImageObject","inLanguage":"fr-FR","@id":"https:\/\/www.ttvvalve.com\/#\/schema\/logo\/image\/","url":"https:\/\/www.ttvvalve.com\/wp-content\/uploads\/2022\/07\/logo-ttv-reducido.jpg","contentUrl":"https:\/\/www.ttvvalve.com\/wp-content\/uploads\/2022\/07\/logo-ttv-reducido.jpg","width":100,"height":58,"caption":"TTV"},"image":{"@id":"https:\/\/www.ttvvalve.com\/#\/schema\/logo\/image\/"}}]}},"_links":{"self":[{"href":"https:\/\/www.ttvvalve.com\/fr\/wp-json\/wp\/v2\/pages\/1429","targetHints":{"allow":["GET"]}}],"collection":[{"href":"https:\/\/www.ttvvalve.com\/fr\/wp-json\/wp\/v2\/pages"}],"about":[{"href":"https:\/\/www.ttvvalve.com\/fr\/wp-json\/wp\/v2\/types\/page"}],"author":[{"embeddable":true,"href":"https:\/\/www.ttvvalve.com\/fr\/wp-json\/wp\/v2\/users\/1"}],"replies":[{"embeddable":true,"href":"https:\/\/www.ttvvalve.com\/fr\/wp-json\/wp\/v2\/comments?post=1429"}],"version-history":[{"count":2,"href":"https:\/\/www.ttvvalve.com\/fr\/wp-json\/wp\/v2\/pages\/1429\/revisions"}],"predecessor-version":[{"id":3949,"href":"https:\/\/www.ttvvalve.com\/fr\/wp-json\/wp\/v2\/pages\/1429\/revisions\/3949"}],"wp:attachment":[{"href":"https:\/\/www.ttvvalve.com\/fr\/wp-json\/wp\/v2\/media?parent=1429"}],"curies":[{"name":"wp","href":"https:\/\/api.w.org\/{rel}","templated":true}]}}