{"id":1427,"date":"2022-05-11T11:17:01","date_gmt":"2022-05-11T11:17:01","guid":{"rendered":"https:\/\/www.ttvvalve.com\/produits\/"},"modified":"2023-08-09T07:24:07","modified_gmt":"2023-08-09T07:24:07","slug":"produits","status":"publish","type":"page","link":"https:\/\/www.ttvvalve.com\/fr\/produits\/","title":{"rendered":"Produits"},"content":{"rendered":"\t\t<div data-elementor-type=\"wp-page\" data-elementor-id=\"1427\" class=\"elementor elementor-1427 elementor-165\" data-elementor-post-type=\"page\">\n\t\t\t\t\t\t<section class=\"elementor-section elementor-top-section elementor-element elementor-element-ad13393 elementor-section-full_width elementor-section-height-min-height elementor-section-height-default elementor-section-items-middle\" data-id=\"ad13393\" data-element_type=\"section\" data-e-type=\"section\">\n\t\t\t\t\t\t<div class=\"elementor-container elementor-column-gap-default\">\n\t\t\t\t\t<div class=\"elementor-column elementor-col-100 elementor-top-column elementor-element elementor-element-f4b7a30\" data-id=\"f4b7a30\" data-element_type=\"column\" data-e-type=\"column\">\n\t\t\t<div class=\"elementor-widget-wrap elementor-element-populated\">\n\t\t\t\t\t\t<div class=\"elementor-element elementor-element-a492e94 elementor-widget elementor-widget-spacer\" data-id=\"a492e94\" data-element_type=\"widget\" data-e-type=\"widget\" data-widget_type=\"spacer.default\">\n\t\t\t\t<div class=\"elementor-widget-container\">\n\t\t\t\t\t\t\t<div class=\"elementor-spacer\">\n\t\t\t<div class=\"elementor-spacer-inner\"><\/div>\n\t\t<\/div>\n\t\t\t\t\t\t<\/div>\n\t\t\t\t<\/div>\n\t\t\t\t<div class=\"elementor-element elementor-element-1ab2a39 elementor-widget elementor-widget-heading\" data-id=\"1ab2a39\" data-element_type=\"widget\" data-e-type=\"widget\" data-widget_type=\"heading.default\">\n\t\t\t\t<div class=\"elementor-widget-container\">\n\t\t\t\t\t<h2 class=\"elementor-heading-title elementor-size-xxl\"><a href=\"#\">Produits TTV\u00a0Valves<\/a><\/h2>\t\t\t\t<\/div>\n\t\t\t\t<\/div>\n\t\t\t\t<div class=\"elementor-element elementor-element-fd682e4 elementor-widget elementor-widget-text-editor\" data-id=\"fd682e4\" data-element_type=\"widget\" data-e-type=\"widget\" data-widget_type=\"text-editor.default\">\n\t\t\t\t<div class=\"elementor-widget-container\">\n\t\t\t\t\t\t\t\t\t<p>Gr\u00e2ce \u00e0 plus de 40\u00a0ann\u00e9es de recherche et d\u00e9veloppement dans le domaine des vannes, nos vannes pr\u00e9sentent d\u2019excellentes qualit\u00e9s parfaitement adapt\u00e9es \u00e0 votre installation.<\/p>\n\t\t\t\t\t\t\t\t<\/div>\n\t\t\t\t<\/div>\n\t\t\t\t<div class=\"elementor-element elementor-element-2655b83 elementor-widget elementor-widget-spacer\" data-id=\"2655b83\" data-element_type=\"widget\" data-e-type=\"widget\" data-widget_type=\"spacer.default\">\n\t\t\t\t<div class=\"elementor-widget-container\">\n\t\t\t\t\t\t\t<div class=\"elementor-spacer\">\n\t\t\t<div class=\"elementor-spacer-inner\"><\/div>\n\t\t<\/div>\n\t\t\t\t\t\t<\/div>\n\t\t\t\t<\/div>\n\t\t\t\t<section class=\"elementor-section elementor-inner-section elementor-element elementor-element-828c93e elementor-section-height-min-height elementor-section-boxed elementor-section-height-default\" data-id=\"828c93e\" data-element_type=\"section\" data-e-type=\"section\">\n\t\t\t\t\t\t<div class=\"elementor-container elementor-column-gap-default\">\n\t\t\t\t\t<div class=\"elementor-column elementor-col-25 elementor-inner-column elementor-element elementor-element-c37f880\" data-id=\"c37f880\" data-element_type=\"column\" data-e-type=\"column\">\n\t\t\t<div class=\"elementor-widget-wrap elementor-element-populated\">\n\t\t\t\t\t\t<div class=\"elementor-element elementor-element-c7220dd elementor-widget elementor-widget-image\" data-id=\"c7220dd\" data-element_type=\"widget\" data-e-type=\"widget\" data-widget_type=\"image.default\">\n\t\t\t\t<div class=\"elementor-widget-container\">\n\t\t\t\t\t\t\t\t\t\t\t\t\t\t\t\t<a href=\"https:\/\/www.ttvvalve.com\/fr\/produits\/vannes-concentriques\/\">\n\t\t\t\t\t\t\t<img fetchpriority=\"high\" decoding=\"async\" width=\"209\" height=\"300\" src=\"https:\/\/www.ttvvalve.com\/wp-content\/uploads\/2022\/12\/CONCENTRICA-_-SF_comp-209x300.webp\" class=\"attachment-medium size-medium wp-image-1242\" alt=\"\" srcset=\"https:\/\/www.ttvvalve.com\/wp-content\/uploads\/2022\/12\/CONCENTRICA-_-SF_comp-209x300.webp 209w, https:\/\/www.ttvvalve.com\/wp-content\/uploads\/2022\/12\/CONCENTRICA-_-SF_comp.webp 489w\" sizes=\"(max-width: 209px) 100vw, 209px\" \/>\t\t\t\t\t\t\t\t<\/a>\n\t\t\t\t\t\t\t\t\t\t\t\t\t\t\t<\/div>\n\t\t\t\t<\/div>\n\t\t\t\t<div class=\"elementor-element elementor-element-3704df1 elementor-align-center elementor-widget elementor-widget-button\" data-id=\"3704df1\" data-element_type=\"widget\" data-e-type=\"widget\" data-widget_type=\"button.default\">\n\t\t\t\t<div class=\"elementor-widget-container\">\n\t\t\t\t\t\t\t\t\t<div class=\"elementor-button-wrapper\">\n\t\t\t\t\t<a class=\"elementor-button elementor-button-link elementor-size-sm\" href=\"https:\/\/www.ttvvalve.com\/fr\/produits\/vannes-concentriques\/\">\n\t\t\t\t\t\t<span class=\"elementor-button-content-wrapper\">\n\t\t\t\t\t\t\t\t\t<span class=\"elementor-button-text\">VANNES CONCENTRIQUES<\/span>\n\t\t\t\t\t<\/span>\n\t\t\t\t\t<\/a>\n\t\t\t\t<\/div>\n\t\t\t\t\t\t\t\t<\/div>\n\t\t\t\t<\/div>\n\t\t\t\t\t<\/div>\n\t\t<\/div>\n\t\t\t\t<div class=\"elementor-column elementor-col-25 elementor-inner-column elementor-element elementor-element-689b9e3\" data-id=\"689b9e3\" data-element_type=\"column\" data-e-type=\"column\">\n\t\t\t<div class=\"elementor-widget-wrap elementor-element-populated\">\n\t\t\t\t\t\t<div class=\"elementor-element elementor-element-a1d3ed0 elementor-widget elementor-widget-image\" data-id=\"a1d3ed0\" data-element_type=\"widget\" data-e-type=\"widget\" data-widget_type=\"image.default\">\n\t\t\t\t<div class=\"elementor-widget-container\">\n\t\t\t\t\t\t\t\t\t\t\t\t\t\t\t\t<a href=\"https:\/\/www.ttvvalve.com\/fr\/produits\/vannes-papillon-doubles-excentriques\/\">\n\t\t\t\t\t\t\t<img decoding=\"async\" width=\"129\" height=\"300\" src=\"https:\/\/www.ttvvalve.com\/wp-content\/uploads\/2022\/12\/DOBLE-EXCENTRICA-_-SF_comp-129x300.webp\" class=\"attachment-medium size-medium wp-image-1247\" alt=\"\" srcset=\"https:\/\/www.ttvvalve.com\/wp-content\/uploads\/2022\/12\/DOBLE-EXCENTRICA-_-SF_comp-129x300.webp 129w, https:\/\/www.ttvvalve.com\/wp-content\/uploads\/2022\/12\/DOBLE-EXCENTRICA-_-SF_comp.webp 321w\" sizes=\"(max-width: 129px) 100vw, 129px\" \/>\t\t\t\t\t\t\t\t<\/a>\n\t\t\t\t\t\t\t\t\t\t\t\t\t\t\t<\/div>\n\t\t\t\t<\/div>\n\t\t\t\t<div class=\"elementor-element elementor-element-243abfd elementor-align-center elementor-widget elementor-widget-button\" data-id=\"243abfd\" data-element_type=\"widget\" data-e-type=\"widget\" data-widget_type=\"button.default\">\n\t\t\t\t<div class=\"elementor-widget-container\">\n\t\t\t\t\t\t\t\t\t<div class=\"elementor-button-wrapper\">\n\t\t\t\t\t<a class=\"elementor-button elementor-button-link elementor-size-sm\" href=\"https:\/\/www.ttvvalve.com\/fr\/produits\/vannes-papillon-doubles-excentriques\/\">\n\t\t\t\t\t\t<span class=\"elementor-button-content-wrapper\">\n\t\t\t\t\t\t\t\t\t<span class=\"elementor-button-text\">VANNES PAPILLON DOUBLES EXCENTRIQUES<\/span>\n\t\t\t\t\t<\/span>\n\t\t\t\t\t<\/a>\n\t\t\t\t<\/div>\n\t\t\t\t\t\t\t\t<\/div>\n\t\t\t\t<\/div>\n\t\t\t\t\t<\/div>\n\t\t<\/div>\n\t\t\t\t<div class=\"elementor-column elementor-col-25 elementor-inner-column elementor-element elementor-element-de22c89\" data-id=\"de22c89\" data-element_type=\"column\" data-e-type=\"column\">\n\t\t\t<div class=\"elementor-widget-wrap elementor-element-populated\">\n\t\t\t\t\t\t<div class=\"elementor-element elementor-element-37a7f2b elementor-widget elementor-widget-image\" data-id=\"37a7f2b\" data-element_type=\"widget\" data-e-type=\"widget\" data-widget_type=\"image.default\">\n\t\t\t\t<div class=\"elementor-widget-container\">\n\t\t\t\t\t\t\t\t\t\t\t\t\t\t\t\t<a href=\"https:\/\/www.ttvvalve.com\/fr\/produits\/vannes-papillon-triples-excentriques\/\">\n\t\t\t\t\t\t\t<img decoding=\"async\" width=\"179\" height=\"300\" src=\"https:\/\/www.ttvvalve.com\/wp-content\/uploads\/2022\/12\/TRIPLE-EXCENTRICA-_-SF_comp-179x300.webp\" class=\"attachment-medium size-medium wp-image-1252\" alt=\"\" srcset=\"https:\/\/www.ttvvalve.com\/wp-content\/uploads\/2022\/12\/TRIPLE-EXCENTRICA-_-SF_comp-179x300.webp 179w, https:\/\/www.ttvvalve.com\/wp-content\/uploads\/2022\/12\/TRIPLE-EXCENTRICA-_-SF_comp.webp 439w\" sizes=\"(max-width: 179px) 100vw, 179px\" \/>\t\t\t\t\t\t\t\t<\/a>\n\t\t\t\t\t\t\t\t\t\t\t\t\t\t\t<\/div>\n\t\t\t\t<\/div>\n\t\t\t\t<div class=\"elementor-element elementor-element-8748bad elementor-align-center elementor-widget elementor-widget-button\" data-id=\"8748bad\" data-element_type=\"widget\" data-e-type=\"widget\" data-widget_type=\"button.default\">\n\t\t\t\t<div class=\"elementor-widget-container\">\n\t\t\t\t\t\t\t\t\t<div class=\"elementor-button-wrapper\">\n\t\t\t\t\t<a class=\"elementor-button elementor-button-link elementor-size-sm\" href=\"https:\/\/www.ttvvalve.com\/fr\/produits\/vannes-papillon-triples-excentriques\/\">\n\t\t\t\t\t\t<span class=\"elementor-button-content-wrapper\">\n\t\t\t\t\t\t\t\t\t<span class=\"elementor-button-text\">VANNES PAPILLON TRIPLES EXCENTRIQUES<\/span>\n\t\t\t\t\t<\/span>\n\t\t\t\t\t<\/a>\n\t\t\t\t<\/div>\n\t\t\t\t\t\t\t\t<\/div>\n\t\t\t\t<\/div>\n\t\t\t\t\t<\/div>\n\t\t<\/div>\n\t\t\t\t<div class=\"elementor-column elementor-col-25 elementor-inner-column elementor-element elementor-element-37b3c40\" data-id=\"37b3c40\" data-element_type=\"column\" data-e-type=\"column\">\n\t\t\t<div class=\"elementor-widget-wrap elementor-element-populated\">\n\t\t\t\t\t\t<div class=\"elementor-element elementor-element-2c5f375 elementor-widget elementor-widget-image\" data-id=\"2c5f375\" data-element_type=\"widget\" data-e-type=\"widget\" data-widget_type=\"image.default\">\n\t\t\t\t<div class=\"elementor-widget-container\">\n\t\t\t\t\t\t\t\t\t\t\t\t\t\t\t\t<a href=\"https:\/\/www.ttvvalve.com\/fr\/produits\/robinets-a-vanne\/\">\n\t\t\t\t\t\t\t<img loading=\"lazy\" decoding=\"async\" width=\"149\" height=\"300\" src=\"https:\/\/www.ttvvalve.com\/wp-content\/uploads\/2022\/12\/COMPUERTA-_-SF_comp-149x300.webp\" class=\"attachment-medium size-medium wp-image-1257\" alt=\"\" srcset=\"https:\/\/www.ttvvalve.com\/wp-content\/uploads\/2022\/12\/COMPUERTA-_-SF_comp-149x300.webp 149w, https:\/\/www.ttvvalve.com\/wp-content\/uploads\/2022\/12\/COMPUERTA-_-SF_comp.webp 356w\" sizes=\"(max-width: 149px) 100vw, 149px\" \/>\t\t\t\t\t\t\t\t<\/a>\n\t\t\t\t\t\t\t\t\t\t\t\t\t\t\t<\/div>\n\t\t\t\t<\/div>\n\t\t\t\t<div class=\"elementor-element elementor-element-bf19674 elementor-align-center elementor-widget elementor-widget-button\" data-id=\"bf19674\" data-element_type=\"widget\" data-e-type=\"widget\" data-widget_type=\"button.default\">\n\t\t\t\t<div class=\"elementor-widget-container\">\n\t\t\t\t\t\t\t\t\t<div class=\"elementor-button-wrapper\">\n\t\t\t\t\t<a class=\"elementor-button elementor-button-link elementor-size-sm\" href=\"https:\/\/www.ttvvalve.com\/fr\/produits\/robinets-a-vanne\/\">\n\t\t\t\t\t\t<span class=\"elementor-button-content-wrapper\">\n\t\t\t\t\t\t\t\t\t<span class=\"elementor-button-text\">ROBINETS \u00c0 VANNE<\/span>\n\t\t\t\t\t<\/span>\n\t\t\t\t\t<\/a>\n\t\t\t\t<\/div>\n\t\t\t\t\t\t\t\t<\/div>\n\t\t\t\t<\/div>\n\t\t\t\t\t<\/div>\n\t\t<\/div>\n\t\t\t\t\t<\/div>\n\t\t<\/section>\n\t\t\t\t<div class=\"elementor-element elementor-element-15e435c elementor-widget elementor-widget-spacer\" data-id=\"15e435c\" data-element_type=\"widget\" data-e-type=\"widget\" data-widget_type=\"spacer.default\">\n\t\t\t\t<div class=\"elementor-widget-container\">\n\t\t\t\t\t\t\t<div class=\"elementor-spacer\">\n\t\t\t<div class=\"elementor-spacer-inner\"><\/div>\n\t\t<\/div>\n\t\t\t\t\t\t<\/div>\n\t\t\t\t<\/div>\n\t\t\t\t\t<\/div>\n\t\t<\/div>\n\t\t\t\t\t<\/div>\n\t\t<\/section>\n\t\t\t\t<\/div>\n\t\t","protected":false},"excerpt":{"rendered":"<p>Produits TTV\u00a0Valves Gr\u00e2ce \u00e0 plus de 40\u00a0ann\u00e9es de recherche et d\u00e9veloppement dans le domaine des vannes, nos vannes pr\u00e9sentent d\u2019excellentes qualit\u00e9s parfaitement adapt\u00e9es \u00e0 votre installation. VANNES CONCENTRIQUES VANNES PAPILLON DOUBLES EXCENTRIQUES VANNES PAPILLON TRIPLES EXCENTRIQUES ROBINETS \u00c0 VANNE<\/p>\n","protected":false},"author":1,"featured_media":0,"parent":0,"menu_order":0,"comment_status":"closed","ping_status":"open","template":"elementor_header_footer","meta":{"footnotes":""},"class_list":["post-1427","page","type-page","status-publish","hentry"],"yoast_head":"<!-- This site is optimized with the Yoast SEO plugin v27.5 - https:\/\/yoast.com\/product\/yoast-seo-wordpress\/ -->\n<title>Produits - TTV<\/title>\n<meta name=\"description\" content=\"Les produits de la marque TTV sont con\u00e7us gr\u00e2ce \u00e0 plus de 40\u00a0ann\u00e9es de recherche et d\u00e9veloppement dans le domaine des vannes, ce qui permet de proposer des vannes de qualit\u00e9 parfaite.\" \/>\n<meta name=\"robots\" content=\"index, follow, max-snippet:-1, max-image-preview:large, max-video-preview:-1\" \/>\n<link rel=\"canonical\" href=\"https:\/\/www.ttvvalve.com\/fr\/produits\/\" \/>\n<meta property=\"og:locale\" content=\"fr_FR\" \/>\n<meta property=\"og:type\" content=\"article\" \/>\n<meta property=\"og:title\" content=\"Produits - TTV\" \/>\n<meta property=\"og:description\" content=\"Les produits de la marque TTV sont con\u00e7us gr\u00e2ce \u00e0 plus de 40\u00a0ann\u00e9es de recherche et d\u00e9veloppement dans le domaine des vannes, ce qui permet de proposer des vannes de qualit\u00e9 parfaite.\" \/>\n<meta property=\"og:url\" content=\"https:\/\/www.ttvvalve.com\/fr\/produits\/\" \/>\n<meta property=\"og:site_name\" content=\"TTV\" \/>\n<meta property=\"article:modified_time\" content=\"2023-08-09T07:24:07+00:00\" \/>\n<meta property=\"og:image\" content=\"https:\/\/www.ttvvalve.com\/wp-content\/uploads\/2022\/12\/CONCENTRICA-_-SF_comp-209x300.webp\" \/>\n<meta name=\"twitter:card\" content=\"summary_large_image\" \/>\n<script type=\"application\/ld+json\" class=\"yoast-schema-graph\">{\"@context\":\"https:\\\/\\\/schema.org\",\"@graph\":[{\"@type\":\"WebPage\",\"@id\":\"https:\\\/\\\/www.ttvvalve.com\\\/fr\\\/produits\\\/\",\"url\":\"https:\\\/\\\/www.ttvvalve.com\\\/fr\\\/produits\\\/\",\"name\":\"Produits - TTV\",\"isPartOf\":{\"@id\":\"https:\\\/\\\/www.ttvvalve.com\\\/#website\"},\"primaryImageOfPage\":{\"@id\":\"https:\\\/\\\/www.ttvvalve.com\\\/fr\\\/produits\\\/#primaryimage\"},\"image\":{\"@id\":\"https:\\\/\\\/www.ttvvalve.com\\\/fr\\\/produits\\\/#primaryimage\"},\"thumbnailUrl\":\"https:\\\/\\\/www.ttvvalve.com\\\/wp-content\\\/uploads\\\/2022\\\/12\\\/CONCENTRICA-_-SF_comp-209x300.webp\",\"datePublished\":\"2022-05-11T11:17:01+00:00\",\"dateModified\":\"2023-08-09T07:24:07+00:00\",\"description\":\"Les produits de la marque TTV sont con\u00e7us gr\u00e2ce \u00e0 plus de 40\u00a0ann\u00e9es de recherche et d\u00e9veloppement dans le domaine des vannes, ce qui permet de proposer des vannes de qualit\u00e9 parfaite.\",\"breadcrumb\":{\"@id\":\"https:\\\/\\\/www.ttvvalve.com\\\/fr\\\/produits\\\/#breadcrumb\"},\"inLanguage\":\"fr-FR\",\"potentialAction\":[{\"@type\":\"ReadAction\",\"target\":[\"https:\\\/\\\/www.ttvvalve.com\\\/fr\\\/produits\\\/\"]}]},{\"@type\":\"ImageObject\",\"inLanguage\":\"fr-FR\",\"@id\":\"https:\\\/\\\/www.ttvvalve.com\\\/fr\\\/produits\\\/#primaryimage\",\"url\":\"https:\\\/\\\/www.ttvvalve.com\\\/wp-content\\\/uploads\\\/2022\\\/12\\\/CONCENTRICA-_-SF_comp-209x300.webp\",\"contentUrl\":\"https:\\\/\\\/www.ttvvalve.com\\\/wp-content\\\/uploads\\\/2022\\\/12\\\/CONCENTRICA-_-SF_comp-209x300.webp\"},{\"@type\":\"BreadcrumbList\",\"@id\":\"https:\\\/\\\/www.ttvvalve.com\\\/fr\\\/produits\\\/#breadcrumb\",\"itemListElement\":[{\"@type\":\"ListItem\",\"position\":1,\"name\":\"Portada\",\"item\":\"https:\\\/\\\/www.ttvvalve.com\\\/fr\\\/\"},{\"@type\":\"ListItem\",\"position\":2,\"name\":\"Produits\"}]},{\"@type\":\"WebSite\",\"@id\":\"https:\\\/\\\/www.ttvvalve.com\\\/#website\",\"url\":\"https:\\\/\\\/www.ttvvalve.com\\\/\",\"name\":\"TTV\",\"description\":\"Fabricaci\u00f3n y Distribuci\u00f3n de V\u00e1lvulas\",\"publisher\":{\"@id\":\"https:\\\/\\\/www.ttvvalve.com\\\/#organization\"},\"potentialAction\":[{\"@type\":\"SearchAction\",\"target\":{\"@type\":\"EntryPoint\",\"urlTemplate\":\"https:\\\/\\\/www.ttvvalve.com\\\/?s={search_term_string}\"},\"query-input\":{\"@type\":\"PropertyValueSpecification\",\"valueRequired\":true,\"valueName\":\"search_term_string\"}}],\"inLanguage\":\"fr-FR\"},{\"@type\":\"Organization\",\"@id\":\"https:\\\/\\\/www.ttvvalve.com\\\/#organization\",\"name\":\"TTV\",\"url\":\"https:\\\/\\\/www.ttvvalve.com\\\/\",\"logo\":{\"@type\":\"ImageObject\",\"inLanguage\":\"fr-FR\",\"@id\":\"https:\\\/\\\/www.ttvvalve.com\\\/#\\\/schema\\\/logo\\\/image\\\/\",\"url\":\"https:\\\/\\\/www.ttvvalve.com\\\/wp-content\\\/uploads\\\/2022\\\/07\\\/logo-ttv-reducido.jpg\",\"contentUrl\":\"https:\\\/\\\/www.ttvvalve.com\\\/wp-content\\\/uploads\\\/2022\\\/07\\\/logo-ttv-reducido.jpg\",\"width\":100,\"height\":58,\"caption\":\"TTV\"},\"image\":{\"@id\":\"https:\\\/\\\/www.ttvvalve.com\\\/#\\\/schema\\\/logo\\\/image\\\/\"}}]}<\/script>\n<!-- \/ Yoast SEO plugin. -->","yoast_head_json":{"title":"Produits - TTV","description":"Les produits de la marque TTV sont con\u00e7us gr\u00e2ce \u00e0 plus de 40\u00a0ann\u00e9es de recherche et d\u00e9veloppement dans le domaine des vannes, ce qui permet de proposer des vannes de qualit\u00e9 parfaite.","robots":{"index":"index","follow":"follow","max-snippet":"max-snippet:-1","max-image-preview":"max-image-preview:large","max-video-preview":"max-video-preview:-1"},"canonical":"https:\/\/www.ttvvalve.com\/fr\/produits\/","og_locale":"fr_FR","og_type":"article","og_title":"Produits - TTV","og_description":"Les produits de la marque TTV sont con\u00e7us gr\u00e2ce \u00e0 plus de 40\u00a0ann\u00e9es de recherche et d\u00e9veloppement dans le domaine des vannes, ce qui permet de proposer des vannes de qualit\u00e9 parfaite.","og_url":"https:\/\/www.ttvvalve.com\/fr\/produits\/","og_site_name":"TTV","article_modified_time":"2023-08-09T07:24:07+00:00","og_image":[{"url":"https:\/\/www.ttvvalve.com\/wp-content\/uploads\/2022\/12\/CONCENTRICA-_-SF_comp-209x300.webp","type":"","width":"","height":""}],"twitter_card":"summary_large_image","schema":{"@context":"https:\/\/schema.org","@graph":[{"@type":"WebPage","@id":"https:\/\/www.ttvvalve.com\/fr\/produits\/","url":"https:\/\/www.ttvvalve.com\/fr\/produits\/","name":"Produits - TTV","isPartOf":{"@id":"https:\/\/www.ttvvalve.com\/#website"},"primaryImageOfPage":{"@id":"https:\/\/www.ttvvalve.com\/fr\/produits\/#primaryimage"},"image":{"@id":"https:\/\/www.ttvvalve.com\/fr\/produits\/#primaryimage"},"thumbnailUrl":"https:\/\/www.ttvvalve.com\/wp-content\/uploads\/2022\/12\/CONCENTRICA-_-SF_comp-209x300.webp","datePublished":"2022-05-11T11:17:01+00:00","dateModified":"2023-08-09T07:24:07+00:00","description":"Les produits de la marque TTV sont con\u00e7us gr\u00e2ce \u00e0 plus de 40\u00a0ann\u00e9es de recherche et d\u00e9veloppement dans le domaine des vannes, ce qui permet de proposer des vannes de qualit\u00e9 parfaite.","breadcrumb":{"@id":"https:\/\/www.ttvvalve.com\/fr\/produits\/#breadcrumb"},"inLanguage":"fr-FR","potentialAction":[{"@type":"ReadAction","target":["https:\/\/www.ttvvalve.com\/fr\/produits\/"]}]},{"@type":"ImageObject","inLanguage":"fr-FR","@id":"https:\/\/www.ttvvalve.com\/fr\/produits\/#primaryimage","url":"https:\/\/www.ttvvalve.com\/wp-content\/uploads\/2022\/12\/CONCENTRICA-_-SF_comp-209x300.webp","contentUrl":"https:\/\/www.ttvvalve.com\/wp-content\/uploads\/2022\/12\/CONCENTRICA-_-SF_comp-209x300.webp"},{"@type":"BreadcrumbList","@id":"https:\/\/www.ttvvalve.com\/fr\/produits\/#breadcrumb","itemListElement":[{"@type":"ListItem","position":1,"name":"Portada","item":"https:\/\/www.ttvvalve.com\/fr\/"},{"@type":"ListItem","position":2,"name":"Produits"}]},{"@type":"WebSite","@id":"https:\/\/www.ttvvalve.com\/#website","url":"https:\/\/www.ttvvalve.com\/","name":"TTV","description":"Fabricaci\u00f3n y Distribuci\u00f3n de V\u00e1lvulas","publisher":{"@id":"https:\/\/www.ttvvalve.com\/#organization"},"potentialAction":[{"@type":"SearchAction","target":{"@type":"EntryPoint","urlTemplate":"https:\/\/www.ttvvalve.com\/?s={search_term_string}"},"query-input":{"@type":"PropertyValueSpecification","valueRequired":true,"valueName":"search_term_string"}}],"inLanguage":"fr-FR"},{"@type":"Organization","@id":"https:\/\/www.ttvvalve.com\/#organization","name":"TTV","url":"https:\/\/www.ttvvalve.com\/","logo":{"@type":"ImageObject","inLanguage":"fr-FR","@id":"https:\/\/www.ttvvalve.com\/#\/schema\/logo\/image\/","url":"https:\/\/www.ttvvalve.com\/wp-content\/uploads\/2022\/07\/logo-ttv-reducido.jpg","contentUrl":"https:\/\/www.ttvvalve.com\/wp-content\/uploads\/2022\/07\/logo-ttv-reducido.jpg","width":100,"height":58,"caption":"TTV"},"image":{"@id":"https:\/\/www.ttvvalve.com\/#\/schema\/logo\/image\/"}}]}},"_links":{"self":[{"href":"https:\/\/www.ttvvalve.com\/fr\/wp-json\/wp\/v2\/pages\/1427","targetHints":{"allow":["GET"]}}],"collection":[{"href":"https:\/\/www.ttvvalve.com\/fr\/wp-json\/wp\/v2\/pages"}],"about":[{"href":"https:\/\/www.ttvvalve.com\/fr\/wp-json\/wp\/v2\/types\/page"}],"author":[{"embeddable":true,"href":"https:\/\/www.ttvvalve.com\/fr\/wp-json\/wp\/v2\/users\/1"}],"replies":[{"embeddable":true,"href":"https:\/\/www.ttvvalve.com\/fr\/wp-json\/wp\/v2\/comments?post=1427"}],"version-history":[{"count":2,"href":"https:\/\/www.ttvvalve.com\/fr\/wp-json\/wp\/v2\/pages\/1427\/revisions"}],"predecessor-version":[{"id":3945,"href":"https:\/\/www.ttvvalve.com\/fr\/wp-json\/wp\/v2\/pages\/1427\/revisions\/3945"}],"wp:attachment":[{"href":"https:\/\/www.ttvvalve.com\/fr\/wp-json\/wp\/v2\/media?parent=1427"}],"curies":[{"name":"wp","href":"https:\/\/api.w.org\/{rel}","templated":true}]}}