{"id":2512,"date":"2022-08-12T08:06:19","date_gmt":"2022-08-12T08:06:19","guid":{"rendered":"https:\/\/www.ttvvalve.com\/?page_id=2512"},"modified":"2023-08-08T09:28:17","modified_gmt":"2023-08-08T09:28:17","slug":"triple-eccentric","status":"publish","type":"page","link":"https:\/\/www.ttvvalve.com\/en\/products\/triple-eccentric\/","title":{"rendered":"Triple eccentric"},"content":{"rendered":"\t\t<div data-elementor-type=\"wp-page\" data-elementor-id=\"2512\" class=\"elementor elementor-2512 elementor-383\" data-elementor-post-type=\"page\">\n\t\t\t\t\t\t<section class=\"elementor-section elementor-top-section elementor-element elementor-element-ad13393 elementor-section-full_width elementor-section-height-min-height elementor-section-height-default elementor-section-items-middle\" data-id=\"ad13393\" data-element_type=\"section\" data-e-type=\"section\">\n\t\t\t\t\t\t<div class=\"elementor-container elementor-column-gap-default\">\n\t\t\t\t\t<div class=\"elementor-column elementor-col-100 elementor-top-column elementor-element elementor-element-f4b7a30\" data-id=\"f4b7a30\" data-element_type=\"column\" data-e-type=\"column\">\n\t\t\t<div class=\"elementor-widget-wrap elementor-element-populated\">\n\t\t\t\t\t\t<div class=\"elementor-element elementor-element-1ab2a39 elementor-widget elementor-widget-heading\" data-id=\"1ab2a39\" data-element_type=\"widget\" data-e-type=\"widget\" data-widget_type=\"heading.default\">\n\t\t\t\t<div class=\"elementor-widget-container\">\n\t\t\t\t\t<h2 class=\"elementor-heading-title elementor-size-xxl\">TTV Valves triple eccentric valves<\/h2>\t\t\t\t<\/div>\n\t\t\t\t<\/div>\n\t\t\t\t<section class=\"elementor-section elementor-inner-section elementor-element elementor-element-828c93e elementor-section-height-min-height elementor-section-boxed elementor-section-height-default\" data-id=\"828c93e\" data-element_type=\"section\" data-e-type=\"section\">\n\t\t\t\t\t\t<div class=\"elementor-container elementor-column-gap-default\">\n\t\t\t\t\t<div class=\"elementor-column elementor-col-100 elementor-inner-column elementor-element elementor-element-689b9e3\" data-id=\"689b9e3\" data-element_type=\"column\" data-e-type=\"column\">\n\t\t\t<div class=\"elementor-widget-wrap elementor-element-populated\">\n\t\t\t\t\t\t<div class=\"elementor-element elementor-element-a1d3ed0 elementor-widget elementor-widget-image\" data-id=\"a1d3ed0\" data-element_type=\"widget\" data-e-type=\"widget\" data-widget_type=\"image.default\">\n\t\t\t\t<div class=\"elementor-widget-container\">\n\t\t\t\t\t\t\t\t\t\t\t\t\t\t\t\t<a href=\"https:\/\/www.ttvvalve.com\/en\/products\/triple-eccentric\/tritium\/\">\n\t\t\t\t\t\t\t<img decoding=\"async\" src=\"https:\/\/www.ttvvalve.com\/wp-content\/uploads\/elementor\/thumbs\/INOXIDABLE-prod-red_comp-q764o1gt047ho1krtzhcoc5yfiojktuju2c6rlsxoc.webp\" title=\"INOXIDABLE-prod-red_comp\" alt=\"INOXIDABLE-prod-red_comp\" loading=\"lazy\" \/>\t\t\t\t\t\t\t\t<\/a>\n\t\t\t\t\t\t\t\t\t\t\t\t\t\t\t<\/div>\n\t\t\t\t<\/div>\n\t\t\t\t<div class=\"elementor-element elementor-element-243abfd elementor-align-center elementor-widget elementor-widget-button\" data-id=\"243abfd\" data-element_type=\"widget\" data-e-type=\"widget\" data-widget_type=\"button.default\">\n\t\t\t\t<div class=\"elementor-widget-container\">\n\t\t\t\t\t\t\t\t\t<div class=\"elementor-button-wrapper\">\n\t\t\t\t\t<a class=\"elementor-button elementor-button-link elementor-size-sm\" href=\"https:\/\/www.ttvvalve.com\/en\/products\/triple-eccentric\/tritium\/\">\n\t\t\t\t\t\t<span class=\"elementor-button-content-wrapper\">\n\t\t\t\t\t\t\t\t\t<span class=\"elementor-button-text\">Tritium<\/span>\n\t\t\t\t\t<\/span>\n\t\t\t\t\t<\/a>\n\t\t\t\t<\/div>\n\t\t\t\t\t\t\t\t<\/div>\n\t\t\t\t<\/div>\n\t\t\t\t\t<\/div>\n\t\t<\/div>\n\t\t\t\t\t<\/div>\n\t\t<\/section>\n\t\t\t\t<div class=\"elementor-element elementor-element-15e435c elementor-widget elementor-widget-spacer\" data-id=\"15e435c\" data-element_type=\"widget\" data-e-type=\"widget\" data-widget_type=\"spacer.default\">\n\t\t\t\t<div class=\"elementor-widget-container\">\n\t\t\t\t\t\t\t<div class=\"elementor-spacer\">\n\t\t\t<div class=\"elementor-spacer-inner\"><\/div>\n\t\t<\/div>\n\t\t\t\t\t\t<\/div>\n\t\t\t\t<\/div>\n\t\t\t\t\t<\/div>\n\t\t<\/div>\n\t\t\t\t\t<\/div>\n\t\t<\/section>\n\t\t\t\t<\/div>\n\t\t","protected":false},"excerpt":{"rendered":"<p>TTV Valves triple eccentric valves Tritium<\/p>\n","protected":false},"author":1,"featured_media":0,"parent":1419,"menu_order":0,"comment_status":"closed","ping_status":"closed","template":"elementor_header_footer","meta":{"footnotes":""},"class_list":["post-2512","page","type-page","status-publish","hentry"],"yoast_head":"<!-- This site is optimized with the Yoast SEO plugin v27.5 - https:\/\/yoast.com\/product\/yoast-seo-wordpress\/ -->\n<title>Triple eccentric - TTV<\/title>\n<meta name=\"description\" content=\"TTV\u2019s triple eccentric or triple offset shaft valve deliver high performance, with designs compliant with the relevant ISO standards.\" \/>\n<meta name=\"robots\" content=\"index, follow, max-snippet:-1, max-image-preview:large, max-video-preview:-1\" \/>\n<link rel=\"canonical\" href=\"https:\/\/www.ttvvalve.com\/en\/products\/triple-eccentric\/\" \/>\n<meta property=\"og:locale\" content=\"en_US\" \/>\n<meta property=\"og:type\" content=\"article\" \/>\n<meta property=\"og:title\" content=\"Triple eccentric - TTV\" \/>\n<meta property=\"og:description\" content=\"TTV\u2019s triple eccentric or triple offset shaft valve deliver high performance, with designs compliant with the relevant ISO standards.\" \/>\n<meta property=\"og:url\" content=\"https:\/\/www.ttvvalve.com\/en\/products\/triple-eccentric\/\" \/>\n<meta property=\"og:site_name\" content=\"TTV\" \/>\n<meta property=\"article:modified_time\" content=\"2023-08-08T09:28:17+00:00\" \/>\n<meta property=\"og:image\" content=\"https:\/\/www.ttvvalve.com\/wp-content\/uploads\/elementor\/thumbs\/INOXIDABLE-prod-red_comp-q764o1gt047ho1krtzhcoc5yfiojktuju2c6rlsxoc.webp\" \/>\n<meta name=\"twitter:card\" content=\"summary_large_image\" \/>\n<meta name=\"twitter:label1\" content=\"Est. reading time\" \/>\n\t<meta name=\"twitter:data1\" content=\"1 minute\" \/>\n<script type=\"application\/ld+json\" class=\"yoast-schema-graph\">{\"@context\":\"https:\\\/\\\/schema.org\",\"@graph\":[{\"@type\":\"WebPage\",\"@id\":\"https:\\\/\\\/www.ttvvalve.com\\\/en\\\/products\\\/triple-eccentric\\\/\",\"url\":\"https:\\\/\\\/www.ttvvalve.com\\\/en\\\/products\\\/triple-eccentric\\\/\",\"name\":\"Triple eccentric - TTV\",\"isPartOf\":{\"@id\":\"https:\\\/\\\/www.ttvvalve.com\\\/#website\"},\"primaryImageOfPage\":{\"@id\":\"https:\\\/\\\/www.ttvvalve.com\\\/en\\\/products\\\/triple-eccentric\\\/#primaryimage\"},\"image\":{\"@id\":\"https:\\\/\\\/www.ttvvalve.com\\\/en\\\/products\\\/triple-eccentric\\\/#primaryimage\"},\"thumbnailUrl\":\"https:\\\/\\\/www.ttvvalve.com\\\/wp-content\\\/uploads\\\/elementor\\\/thumbs\\\/INOXIDABLE-prod-red_comp-q764o1gt047ho1krtzhcoc5yfiojktuju2c6rlsxoc.webp\",\"datePublished\":\"2022-08-12T08:06:19+00:00\",\"dateModified\":\"2023-08-08T09:28:17+00:00\",\"description\":\"TTV\u2019s triple eccentric or triple offset shaft valve deliver high performance, with designs compliant with the relevant ISO standards.\",\"breadcrumb\":{\"@id\":\"https:\\\/\\\/www.ttvvalve.com\\\/en\\\/products\\\/triple-eccentric\\\/#breadcrumb\"},\"inLanguage\":\"en-US\",\"potentialAction\":[{\"@type\":\"ReadAction\",\"target\":[\"https:\\\/\\\/www.ttvvalve.com\\\/en\\\/products\\\/triple-eccentric\\\/\"]}]},{\"@type\":\"ImageObject\",\"inLanguage\":\"en-US\",\"@id\":\"https:\\\/\\\/www.ttvvalve.com\\\/en\\\/products\\\/triple-eccentric\\\/#primaryimage\",\"url\":\"https:\\\/\\\/www.ttvvalve.com\\\/wp-content\\\/uploads\\\/elementor\\\/thumbs\\\/INOXIDABLE-prod-red_comp-q764o1gt047ho1krtzhcoc5yfiojktuju2c6rlsxoc.webp\",\"contentUrl\":\"https:\\\/\\\/www.ttvvalve.com\\\/wp-content\\\/uploads\\\/elementor\\\/thumbs\\\/INOXIDABLE-prod-red_comp-q764o1gt047ho1krtzhcoc5yfiojktuju2c6rlsxoc.webp\"},{\"@type\":\"BreadcrumbList\",\"@id\":\"https:\\\/\\\/www.ttvvalve.com\\\/en\\\/products\\\/triple-eccentric\\\/#breadcrumb\",\"itemListElement\":[{\"@type\":\"ListItem\",\"position\":1,\"name\":\"Portada\",\"item\":\"https:\\\/\\\/www.ttvvalve.com\\\/en\\\/\"},{\"@type\":\"ListItem\",\"position\":2,\"name\":\"Products\",\"item\":\"https:\\\/\\\/www.ttvvalve.com\\\/en\\\/products\\\/\"},{\"@type\":\"ListItem\",\"position\":3,\"name\":\"Triple eccentric\"}]},{\"@type\":\"WebSite\",\"@id\":\"https:\\\/\\\/www.ttvvalve.com\\\/#website\",\"url\":\"https:\\\/\\\/www.ttvvalve.com\\\/\",\"name\":\"TTV\",\"description\":\"Fabricaci\u00f3n y Distribuci\u00f3n de V\u00e1lvulas\",\"publisher\":{\"@id\":\"https:\\\/\\\/www.ttvvalve.com\\\/#organization\"},\"potentialAction\":[{\"@type\":\"SearchAction\",\"target\":{\"@type\":\"EntryPoint\",\"urlTemplate\":\"https:\\\/\\\/www.ttvvalve.com\\\/?s={search_term_string}\"},\"query-input\":{\"@type\":\"PropertyValueSpecification\",\"valueRequired\":true,\"valueName\":\"search_term_string\"}}],\"inLanguage\":\"en-US\"},{\"@type\":\"Organization\",\"@id\":\"https:\\\/\\\/www.ttvvalve.com\\\/#organization\",\"name\":\"TTV\",\"url\":\"https:\\\/\\\/www.ttvvalve.com\\\/\",\"logo\":{\"@type\":\"ImageObject\",\"inLanguage\":\"en-US\",\"@id\":\"https:\\\/\\\/www.ttvvalve.com\\\/#\\\/schema\\\/logo\\\/image\\\/\",\"url\":\"https:\\\/\\\/www.ttvvalve.com\\\/wp-content\\\/uploads\\\/2022\\\/07\\\/logo-ttv-reducido.jpg\",\"contentUrl\":\"https:\\\/\\\/www.ttvvalve.com\\\/wp-content\\\/uploads\\\/2022\\\/07\\\/logo-ttv-reducido.jpg\",\"width\":100,\"height\":58,\"caption\":\"TTV\"},\"image\":{\"@id\":\"https:\\\/\\\/www.ttvvalve.com\\\/#\\\/schema\\\/logo\\\/image\\\/\"}}]}<\/script>\n<!-- \/ Yoast SEO plugin. -->","yoast_head_json":{"title":"Triple eccentric - TTV","description":"TTV\u2019s triple eccentric or triple offset shaft valve deliver high performance, with designs compliant with the relevant ISO standards.","robots":{"index":"index","follow":"follow","max-snippet":"max-snippet:-1","max-image-preview":"max-image-preview:large","max-video-preview":"max-video-preview:-1"},"canonical":"https:\/\/www.ttvvalve.com\/en\/products\/triple-eccentric\/","og_locale":"en_US","og_type":"article","og_title":"Triple eccentric - TTV","og_description":"TTV\u2019s triple eccentric or triple offset shaft valve deliver high performance, with designs compliant with the relevant ISO standards.","og_url":"https:\/\/www.ttvvalve.com\/en\/products\/triple-eccentric\/","og_site_name":"TTV","article_modified_time":"2023-08-08T09:28:17+00:00","og_image":[{"url":"https:\/\/www.ttvvalve.com\/wp-content\/uploads\/elementor\/thumbs\/INOXIDABLE-prod-red_comp-q764o1gt047ho1krtzhcoc5yfiojktuju2c6rlsxoc.webp","type":"","width":"","height":""}],"twitter_card":"summary_large_image","twitter_misc":{"Est. reading time":"1 minute"},"schema":{"@context":"https:\/\/schema.org","@graph":[{"@type":"WebPage","@id":"https:\/\/www.ttvvalve.com\/en\/products\/triple-eccentric\/","url":"https:\/\/www.ttvvalve.com\/en\/products\/triple-eccentric\/","name":"Triple eccentric - TTV","isPartOf":{"@id":"https:\/\/www.ttvvalve.com\/#website"},"primaryImageOfPage":{"@id":"https:\/\/www.ttvvalve.com\/en\/products\/triple-eccentric\/#primaryimage"},"image":{"@id":"https:\/\/www.ttvvalve.com\/en\/products\/triple-eccentric\/#primaryimage"},"thumbnailUrl":"https:\/\/www.ttvvalve.com\/wp-content\/uploads\/elementor\/thumbs\/INOXIDABLE-prod-red_comp-q764o1gt047ho1krtzhcoc5yfiojktuju2c6rlsxoc.webp","datePublished":"2022-08-12T08:06:19+00:00","dateModified":"2023-08-08T09:28:17+00:00","description":"TTV\u2019s triple eccentric or triple offset shaft valve deliver high performance, with designs compliant with the relevant ISO standards.","breadcrumb":{"@id":"https:\/\/www.ttvvalve.com\/en\/products\/triple-eccentric\/#breadcrumb"},"inLanguage":"en-US","potentialAction":[{"@type":"ReadAction","target":["https:\/\/www.ttvvalve.com\/en\/products\/triple-eccentric\/"]}]},{"@type":"ImageObject","inLanguage":"en-US","@id":"https:\/\/www.ttvvalve.com\/en\/products\/triple-eccentric\/#primaryimage","url":"https:\/\/www.ttvvalve.com\/wp-content\/uploads\/elementor\/thumbs\/INOXIDABLE-prod-red_comp-q764o1gt047ho1krtzhcoc5yfiojktuju2c6rlsxoc.webp","contentUrl":"https:\/\/www.ttvvalve.com\/wp-content\/uploads\/elementor\/thumbs\/INOXIDABLE-prod-red_comp-q764o1gt047ho1krtzhcoc5yfiojktuju2c6rlsxoc.webp"},{"@type":"BreadcrumbList","@id":"https:\/\/www.ttvvalve.com\/en\/products\/triple-eccentric\/#breadcrumb","itemListElement":[{"@type":"ListItem","position":1,"name":"Portada","item":"https:\/\/www.ttvvalve.com\/en\/"},{"@type":"ListItem","position":2,"name":"Products","item":"https:\/\/www.ttvvalve.com\/en\/products\/"},{"@type":"ListItem","position":3,"name":"Triple eccentric"}]},{"@type":"WebSite","@id":"https:\/\/www.ttvvalve.com\/#website","url":"https:\/\/www.ttvvalve.com\/","name":"TTV","description":"Fabricaci\u00f3n y Distribuci\u00f3n de V\u00e1lvulas","publisher":{"@id":"https:\/\/www.ttvvalve.com\/#organization"},"potentialAction":[{"@type":"SearchAction","target":{"@type":"EntryPoint","urlTemplate":"https:\/\/www.ttvvalve.com\/?s={search_term_string}"},"query-input":{"@type":"PropertyValueSpecification","valueRequired":true,"valueName":"search_term_string"}}],"inLanguage":"en-US"},{"@type":"Organization","@id":"https:\/\/www.ttvvalve.com\/#organization","name":"TTV","url":"https:\/\/www.ttvvalve.com\/","logo":{"@type":"ImageObject","inLanguage":"en-US","@id":"https:\/\/www.ttvvalve.com\/#\/schema\/logo\/image\/","url":"https:\/\/www.ttvvalve.com\/wp-content\/uploads\/2022\/07\/logo-ttv-reducido.jpg","contentUrl":"https:\/\/www.ttvvalve.com\/wp-content\/uploads\/2022\/07\/logo-ttv-reducido.jpg","width":100,"height":58,"caption":"TTV"},"image":{"@id":"https:\/\/www.ttvvalve.com\/#\/schema\/logo\/image\/"}}]}},"_links":{"self":[{"href":"https:\/\/www.ttvvalve.com\/en\/wp-json\/wp\/v2\/pages\/2512","targetHints":{"allow":["GET"]}}],"collection":[{"href":"https:\/\/www.ttvvalve.com\/en\/wp-json\/wp\/v2\/pages"}],"about":[{"href":"https:\/\/www.ttvvalve.com\/en\/wp-json\/wp\/v2\/types\/page"}],"author":[{"embeddable":true,"href":"https:\/\/www.ttvvalve.com\/en\/wp-json\/wp\/v2\/users\/1"}],"replies":[{"embeddable":true,"href":"https:\/\/www.ttvvalve.com\/en\/wp-json\/wp\/v2\/comments?post=2512"}],"version-history":[{"count":9,"href":"https:\/\/www.ttvvalve.com\/en\/wp-json\/wp\/v2\/pages\/2512\/revisions"}],"predecessor-version":[{"id":4329,"href":"https:\/\/www.ttvvalve.com\/en\/wp-json\/wp\/v2\/pages\/2512\/revisions\/4329"}],"up":[{"embeddable":true,"href":"https:\/\/www.ttvvalve.com\/en\/wp-json\/wp\/v2\/pages\/1419"}],"wp:attachment":[{"href":"https:\/\/www.ttvvalve.com\/en\/wp-json\/wp\/v2\/media?parent=2512"}],"curies":[{"name":"wp","href":"https:\/\/api.w.org\/{rel}","templated":true}]}}