{"id":3757,"date":"2022-07-06T10:26:04","date_gmt":"2022-07-06T10:26:04","guid":{"rendered":"https:\/\/www.ttvvalve.com\/chemische-und-petrochemische-industrie\/"},"modified":"2023-08-09T08:58:04","modified_gmt":"2023-08-09T08:58:04","slug":"chemische-und-petrochemische-industrie","status":"publish","type":"page","link":"https:\/\/www.ttvvalve.com\/de\/chemische-und-petrochemische-industrie\/","title":{"rendered":"Chemische und petrochemische Industrie"},"content":{"rendered":"\t\t<div data-elementor-type=\"wp-post\" data-elementor-id=\"3757\" class=\"elementor elementor-3757 elementor-312\" data-elementor-post-type=\"page\">\n\t\t\t\t\t\t<section class=\"elementor-section elementor-top-section elementor-element elementor-element-de36526 elementor-section-height-min-height elementor-section-boxed elementor-section-height-default elementor-section-items-middle\" data-id=\"de36526\" data-element_type=\"section\" data-e-type=\"section\" data-settings=\"{&quot;background_background&quot;:&quot;classic&quot;}\">\n\t\t\t\t\t\t\t<div class=\"elementor-background-overlay\"><\/div>\n\t\t\t\t\t\t\t<div class=\"elementor-container elementor-column-gap-default\">\n\t\t\t\t\t<div class=\"elementor-column elementor-col-100 elementor-top-column elementor-element elementor-element-274e015\" data-id=\"274e015\" data-element_type=\"column\" data-e-type=\"column\">\n\t\t\t<div class=\"elementor-widget-wrap elementor-element-populated\">\n\t\t\t\t\t\t<div class=\"elementor-element elementor-element-b81d69d elementor-widget elementor-widget-heading\" data-id=\"b81d69d\" data-element_type=\"widget\" data-e-type=\"widget\" data-widget_type=\"heading.default\">\n\t\t\t\t<div class=\"elementor-widget-container\">\n\t\t\t\t\t<h2 class=\"elementor-heading-title elementor-size-default\">Chemische und petrochemische Industrie<\/h2>\t\t\t\t<\/div>\n\t\t\t\t<\/div>\n\t\t\t\t\t<\/div>\n\t\t<\/div>\n\t\t\t\t\t<\/div>\n\t\t<\/section>\n\t\t\t\t<section class=\"elementor-section elementor-top-section elementor-element elementor-element-a8aef18 elementor-section-boxed elementor-section-height-default elementor-section-height-default\" data-id=\"a8aef18\" data-element_type=\"section\" data-e-type=\"section\">\n\t\t\t\t\t\t<div class=\"elementor-container elementor-column-gap-default\">\n\t\t\t\t\t<div class=\"elementor-column elementor-col-50 elementor-top-column elementor-element elementor-element-c913a62\" data-id=\"c913a62\" data-element_type=\"column\" data-e-type=\"column\">\n\t\t\t<div class=\"elementor-widget-wrap elementor-element-populated\">\n\t\t\t\t\t\t<div class=\"elementor-element elementor-element-8eb727a elementor-widget elementor-widget-text-editor\" data-id=\"8eb727a\" data-element_type=\"widget\" data-e-type=\"widget\" data-widget_type=\"text-editor.default\">\n\t\t\t\t<div class=\"elementor-widget-container\">\n\t\t\t\t\t\t\t\t\t<p>Die chemische und petrochemische Industrie steht in Bezug auf die Verwendung von Werkstoffen und die Instandhaltung von industriellen Bauteilen, Strukturen und Anlagen vor den gleichen Herausforderungen wie andere Industriezweige. Sie weisen jedoch eine wesentliche Besonderheit auf, denn die Produkte, mit denen sie umgehen, und die Umgebung, in der sie eingesetzt werden, setzen die Materialien besonders anspruchsvollen Bedingungen aus.<\/p>\n\t\t\t\t\t\t\t\t<\/div>\n\t\t\t\t<\/div>\n\t\t\t\t\t<\/div>\n\t\t<\/div>\n\t\t\t\t<div class=\"elementor-column elementor-col-50 elementor-top-column elementor-element elementor-element-86ef9bc\" data-id=\"86ef9bc\" data-element_type=\"column\" data-e-type=\"column\">\n\t\t\t<div class=\"elementor-widget-wrap elementor-element-populated\">\n\t\t\t\t\t\t<div class=\"elementor-element elementor-element-9cff16c elementor-widget elementor-widget-text-editor\" data-id=\"9cff16c\" data-element_type=\"widget\" data-e-type=\"widget\" data-widget_type=\"text-editor.default\">\n\t\t\t\t<div class=\"elementor-widget-container\">\n\t\t\t\t\t\t\t\t\t<p>Das Problem der Korrosion ist daher fast unvermeidlich. TTV analysiert jeden Fall und jede Anlage so, dass die Folgen durch die richtige Auswahl der Werkstoffe eine wesentliche Voraussetzung f\u00fcr das richtige Sicherheitskonzept und die wirtschaftliche Effizienz dieser Industriezweige sind, indem sie sehr hochwertige Ventile anbieten.<\/p>\n\t\t\t\t\t\t\t\t<\/div>\n\t\t\t\t<\/div>\n\t\t\t\t\t<\/div>\n\t\t<\/div>\n\t\t\t\t\t<\/div>\n\t\t<\/section>\n\t\t\t\t<section class=\"elementor-section elementor-top-section elementor-element elementor-element-9648ce7 elementor-section-boxed elementor-section-height-default elementor-section-height-default\" data-id=\"9648ce7\" data-element_type=\"section\" data-e-type=\"section\">\n\t\t\t\t\t\t<div class=\"elementor-container elementor-column-gap-default\">\n\t\t\t\t\t<div class=\"elementor-column elementor-col-100 elementor-top-column elementor-element elementor-element-68b019a\" data-id=\"68b019a\" data-element_type=\"column\" data-e-type=\"column\">\n\t\t\t<div class=\"elementor-widget-wrap elementor-element-populated\">\n\t\t\t\t\t\t<div class=\"elementor-element elementor-element-aa3ec4a elementor-widget elementor-widget-heading\" data-id=\"aa3ec4a\" data-element_type=\"widget\" data-e-type=\"widget\" data-widget_type=\"heading.default\">\n\t\t\t\t<div class=\"elementor-widget-container\">\n\t\t\t\t\t<h3 class=\"elementor-heading-title elementor-size-default\">F\u00fcr den Sektor geeignete TTV-Ventile<\/h3>\t\t\t\t<\/div>\n\t\t\t\t<\/div>\n\t\t\t\t\t<\/div>\n\t\t<\/div>\n\t\t\t\t\t<\/div>\n\t\t<\/section>\n\t\t\t\t<section class=\"elementor-section elementor-top-section elementor-element elementor-element-7c11cf9 elementor-section-boxed elementor-section-height-default elementor-section-height-default\" data-id=\"7c11cf9\" data-element_type=\"section\" data-e-type=\"section\">\n\t\t\t\t\t\t<div class=\"elementor-container elementor-column-gap-default\">\n\t\t\t\t\t<div class=\"elementor-column elementor-col-20 elementor-top-column elementor-element elementor-element-1e4ad6f\" data-id=\"1e4ad6f\" data-element_type=\"column\" data-e-type=\"column\">\n\t\t\t<div class=\"elementor-widget-wrap elementor-element-populated\">\n\t\t\t\t\t\t<div class=\"elementor-element elementor-element-dc9a1b7 elementor-widget elementor-widget-image\" data-id=\"dc9a1b7\" data-element_type=\"widget\" data-e-type=\"widget\" data-widget_type=\"image.default\">\n\t\t\t\t<div class=\"elementor-widget-container\">\n\t\t\t\t\t\t\t\t\t\t\t\t\t\t\t\t<a href=\"https:\/\/www.ttvvalve.com\/de\/produkte\/konzentrisch\/geteiltes-gehause\/\">\n\t\t\t\t\t\t\t<img fetchpriority=\"high\" decoding=\"async\" width=\"325\" height=\"485\" src=\"https:\/\/www.ttvvalve.com\/wp-content\/uploads\/2023\/06\/cuerpo-partido.jpg\" class=\"attachment-large size-large wp-image-2886\" alt=\"\" srcset=\"https:\/\/www.ttvvalve.com\/wp-content\/uploads\/2023\/06\/cuerpo-partido.jpg 325w, https:\/\/www.ttvvalve.com\/wp-content\/uploads\/2023\/06\/cuerpo-partido-201x300.jpg 201w\" sizes=\"(max-width: 325px) 100vw, 325px\" \/>\t\t\t\t\t\t\t\t<\/a>\n\t\t\t\t\t\t\t\t\t\t\t\t\t\t\t<\/div>\n\t\t\t\t<\/div>\n\t\t\t\t<div class=\"elementor-element elementor-element-2c006fd elementor-align-center elementor-widget elementor-widget-button\" data-id=\"2c006fd\" data-element_type=\"widget\" data-e-type=\"widget\" data-widget_type=\"button.default\">\n\t\t\t\t<div class=\"elementor-widget-container\">\n\t\t\t\t\t\t\t\t\t<div class=\"elementor-button-wrapper\">\n\t\t\t\t\t<a class=\"elementor-button elementor-button-link elementor-size-sm\" href=\"https:\/\/www.ttvvalve.com\/de\/produkte\/konzentrisch\/geteiltes-gehause\/\">\n\t\t\t\t\t\t<span class=\"elementor-button-content-wrapper\">\n\t\t\t\t\t\t\t\t\t<span class=\"elementor-button-text\">Geteiltes Geh\u00e4use<\/span>\n\t\t\t\t\t<\/span>\n\t\t\t\t\t<\/a>\n\t\t\t\t<\/div>\n\t\t\t\t\t\t\t\t<\/div>\n\t\t\t\t<\/div>\n\t\t\t\t\t<\/div>\n\t\t<\/div>\n\t\t\t\t<div class=\"elementor-column elementor-col-20 elementor-top-column elementor-element elementor-element-a45188a\" data-id=\"a45188a\" data-element_type=\"column\" data-e-type=\"column\">\n\t\t\t<div class=\"elementor-widget-wrap elementor-element-populated\">\n\t\t\t\t\t\t<div class=\"elementor-element elementor-element-a086885 elementor-widget elementor-widget-image\" data-id=\"a086885\" data-element_type=\"widget\" data-e-type=\"widget\" data-widget_type=\"image.default\">\n\t\t\t\t<div class=\"elementor-widget-container\">\n\t\t\t\t\t\t\t\t\t\t\t\t\t\t\t\t<a href=\"https:\/\/www.ttvvalve.com\/de\/produkte\/doppelt-exzentrisch\/colossus-metal\/\">\n\t\t\t\t\t\t\t<img decoding=\"async\" width=\"650\" height=\"971\" src=\"https:\/\/www.ttvvalve.com\/wp-content\/uploads\/2023\/04\/ASIENTO-METAL_comp.webp\" class=\"attachment-large size-large wp-image-1826\" alt=\"\" srcset=\"https:\/\/www.ttvvalve.com\/wp-content\/uploads\/2023\/04\/ASIENTO-METAL_comp.webp 650w, https:\/\/www.ttvvalve.com\/wp-content\/uploads\/2023\/04\/ASIENTO-METAL_comp-201x300.webp 201w\" sizes=\"(max-width: 650px) 100vw, 650px\" \/>\t\t\t\t\t\t\t\t<\/a>\n\t\t\t\t\t\t\t\t\t\t\t\t\t\t\t<\/div>\n\t\t\t\t<\/div>\n\t\t\t\t<div class=\"elementor-element elementor-element-1ac2d23 elementor-align-center elementor-widget elementor-widget-button\" data-id=\"1ac2d23\" data-element_type=\"widget\" data-e-type=\"widget\" data-widget_type=\"button.default\">\n\t\t\t\t<div class=\"elementor-widget-container\">\n\t\t\t\t\t\t\t\t\t<div class=\"elementor-button-wrapper\">\n\t\t\t\t\t<a class=\"elementor-button elementor-button-link elementor-size-sm\" href=\"https:\/\/www.ttvvalve.com\/de\/produkte\/doppelt-exzentrisch\/colossus-metal\/\">\n\t\t\t\t\t\t<span class=\"elementor-button-content-wrapper\">\n\t\t\t\t\t\t\t\t\t<span class=\"elementor-button-text\">Colossus Metal<\/span>\n\t\t\t\t\t<\/span>\n\t\t\t\t\t<\/a>\n\t\t\t\t<\/div>\n\t\t\t\t\t\t\t\t<\/div>\n\t\t\t\t<\/div>\n\t\t\t\t\t<\/div>\n\t\t<\/div>\n\t\t\t\t<div class=\"elementor-column elementor-col-20 elementor-top-column elementor-element elementor-element-ca36b4e\" data-id=\"ca36b4e\" data-element_type=\"column\" data-e-type=\"column\">\n\t\t\t<div class=\"elementor-widget-wrap elementor-element-populated\">\n\t\t\t\t\t\t<div class=\"elementor-element elementor-element-cb6c9e3 elementor-widget elementor-widget-image\" data-id=\"cb6c9e3\" data-element_type=\"widget\" data-e-type=\"widget\" data-widget_type=\"image.default\">\n\t\t\t\t<div class=\"elementor-widget-container\">\n\t\t\t\t\t\t\t\t\t\t\t\t\t\t\t\t<a href=\"https:\/\/www.ttvvalve.com\/de\/produkte\/doppelt-exzentrisch\/colossus-ptfe-r-ptfe\/\">\n\t\t\t\t\t\t\t<img decoding=\"async\" width=\"650\" height=\"971\" src=\"https:\/\/www.ttvvalve.com\/wp-content\/uploads\/2023\/05\/ASIENTO-BLANDO_MG_4696-_-AR_reduc_comp.webp\" class=\"attachment-large size-large wp-image-1971\" alt=\"\" srcset=\"https:\/\/www.ttvvalve.com\/wp-content\/uploads\/2023\/05\/ASIENTO-BLANDO_MG_4696-_-AR_reduc_comp.webp 650w, https:\/\/www.ttvvalve.com\/wp-content\/uploads\/2023\/05\/ASIENTO-BLANDO_MG_4696-_-AR_reduc_comp-201x300.webp 201w\" sizes=\"(max-width: 650px) 100vw, 650px\" \/>\t\t\t\t\t\t\t\t<\/a>\n\t\t\t\t\t\t\t\t\t\t\t\t\t\t\t<\/div>\n\t\t\t\t<\/div>\n\t\t\t\t<div class=\"elementor-element elementor-element-403fc88 elementor-align-center elementor-widget elementor-widget-button\" data-id=\"403fc88\" data-element_type=\"widget\" data-e-type=\"widget\" data-widget_type=\"button.default\">\n\t\t\t\t<div class=\"elementor-widget-container\">\n\t\t\t\t\t\t\t\t\t<div class=\"elementor-button-wrapper\">\n\t\t\t\t\t<a class=\"elementor-button elementor-button-link elementor-size-sm\" href=\"https:\/\/www.ttvvalve.com\/de\/produkte\/doppelt-exzentrisch\/colossus-ptfe-r-ptfe\/\">\n\t\t\t\t\t\t<span class=\"elementor-button-content-wrapper\">\n\t\t\t\t\t\t\t\t\t<span class=\"elementor-button-text\">Colossus PTFE\/R-PTFE<\/span>\n\t\t\t\t\t<\/span>\n\t\t\t\t\t<\/a>\n\t\t\t\t<\/div>\n\t\t\t\t\t\t\t\t<\/div>\n\t\t\t\t<\/div>\n\t\t\t\t\t<\/div>\n\t\t<\/div>\n\t\t\t\t<div class=\"elementor-column elementor-col-20 elementor-top-column elementor-element elementor-element-3e019b6\" data-id=\"3e019b6\" data-element_type=\"column\" data-e-type=\"column\">\n\t\t\t<div class=\"elementor-widget-wrap elementor-element-populated\">\n\t\t\t\t\t\t<div class=\"elementor-element elementor-element-f9e58b0 elementor-widget elementor-widget-image\" data-id=\"f9e58b0\" data-element_type=\"widget\" data-e-type=\"widget\" data-widget_type=\"image.default\">\n\t\t\t\t<div class=\"elementor-widget-container\">\n\t\t\t\t\t\t\t\t\t\t\t\t\t\t\t\t<a href=\"https:\/\/www.ttvvalve.com\/de\/produkte\/doppelt-exzentrisch\/colossus-fire-safe\/\">\n\t\t\t\t\t\t\t<img loading=\"lazy\" decoding=\"async\" width=\"650\" height=\"971\" src=\"https:\/\/www.ttvvalve.com\/wp-content\/uploads\/2023\/05\/ASIENTO-BLANDO-UTILIZADO-PARA-FIRE-SAFE_MG_1992-_-AR_reduc_comp.webp\" class=\"attachment-large size-large wp-image-1965\" alt=\"\" srcset=\"https:\/\/www.ttvvalve.com\/wp-content\/uploads\/2023\/05\/ASIENTO-BLANDO-UTILIZADO-PARA-FIRE-SAFE_MG_1992-_-AR_reduc_comp.webp 650w, https:\/\/www.ttvvalve.com\/wp-content\/uploads\/2023\/05\/ASIENTO-BLANDO-UTILIZADO-PARA-FIRE-SAFE_MG_1992-_-AR_reduc_comp-201x300.webp 201w\" sizes=\"(max-width: 650px) 100vw, 650px\" \/>\t\t\t\t\t\t\t\t<\/a>\n\t\t\t\t\t\t\t\t\t\t\t\t\t\t\t<\/div>\n\t\t\t\t<\/div>\n\t\t\t\t<div class=\"elementor-element elementor-element-4120470 elementor-align-center elementor-widget__width-initial elementor-widget elementor-widget-button\" data-id=\"4120470\" data-element_type=\"widget\" data-e-type=\"widget\" data-widget_type=\"button.default\">\n\t\t\t\t<div class=\"elementor-widget-container\">\n\t\t\t\t\t\t\t\t\t<div class=\"elementor-button-wrapper\">\n\t\t\t\t\t<a class=\"elementor-button elementor-button-link elementor-size-sm\" href=\"https:\/\/www.ttvvalve.com\/de\/produkte\/doppelt-exzentrisch\/colossus-fire-safe\/\">\n\t\t\t\t\t\t<span class=\"elementor-button-content-wrapper\">\n\t\t\t\t\t\t\t\t\t<span class=\"elementor-button-text\">Colossus Fire Safe<\/span>\n\t\t\t\t\t<\/span>\n\t\t\t\t\t<\/a>\n\t\t\t\t<\/div>\n\t\t\t\t\t\t\t\t<\/div>\n\t\t\t\t<\/div>\n\t\t\t\t\t<\/div>\n\t\t<\/div>\n\t\t\t\t<div class=\"elementor-column elementor-col-20 elementor-top-column elementor-element elementor-element-e8db4a5\" data-id=\"e8db4a5\" data-element_type=\"column\" data-e-type=\"column\">\n\t\t\t<div class=\"elementor-widget-wrap elementor-element-populated\">\n\t\t\t\t\t\t<div class=\"elementor-element elementor-element-090f19c elementor-widget elementor-widget-image\" data-id=\"090f19c\" data-element_type=\"widget\" data-e-type=\"widget\" data-widget_type=\"image.default\">\n\t\t\t\t<div class=\"elementor-widget-container\">\n\t\t\t\t\t\t\t\t\t\t\t\t\t\t\t\t<a href=\"https:\/\/www.ttvvalve.com\/de\/produkte\/dreifach-exzentrisch\/tritium\/\">\n\t\t\t\t\t\t\t<img loading=\"lazy\" decoding=\"async\" width=\"325\" height=\"485\" src=\"https:\/\/www.ttvvalve.com\/wp-content\/uploads\/2023\/06\/tritium.jpg\" class=\"attachment-full size-full wp-image-2916\" alt=\"\" srcset=\"https:\/\/www.ttvvalve.com\/wp-content\/uploads\/2023\/06\/tritium.jpg 325w, https:\/\/www.ttvvalve.com\/wp-content\/uploads\/2023\/06\/tritium-201x300.jpg 201w\" sizes=\"(max-width: 325px) 100vw, 325px\" \/>\t\t\t\t\t\t\t\t<\/a>\n\t\t\t\t\t\t\t\t\t\t\t\t\t\t\t<\/div>\n\t\t\t\t<\/div>\n\t\t\t\t<div class=\"elementor-element elementor-element-143517e elementor-align-center elementor-widget elementor-widget-button\" data-id=\"143517e\" data-element_type=\"widget\" data-e-type=\"widget\" data-widget_type=\"button.default\">\n\t\t\t\t<div class=\"elementor-widget-container\">\n\t\t\t\t\t\t\t\t\t<div class=\"elementor-button-wrapper\">\n\t\t\t\t\t<a class=\"elementor-button elementor-button-link elementor-size-sm\" href=\"https:\/\/www.ttvvalve.com\/de\/produkte\/dreifach-exzentrisch\/tritium\/\">\n\t\t\t\t\t\t<span class=\"elementor-button-content-wrapper\">\n\t\t\t\t\t\t\t\t\t<span class=\"elementor-button-text\">Tritium<\/span>\n\t\t\t\t\t<\/span>\n\t\t\t\t\t<\/a>\n\t\t\t\t<\/div>\n\t\t\t\t\t\t\t\t<\/div>\n\t\t\t\t<\/div>\n\t\t\t\t\t<\/div>\n\t\t<\/div>\n\t\t\t\t\t<\/div>\n\t\t<\/section>\n\t\t\t\t<\/div>\n\t\t","protected":false},"excerpt":{"rendered":"<p>Chemische und petrochemische Industrie Die chemische und petrochemische Industrie steht in Bezug auf die Verwendung von Werkstoffen und die Instandhaltung von industriellen Bauteilen, Strukturen und Anlagen vor den gleichen Herausforderungen wie andere Industriezweige. Sie weisen jedoch eine wesentliche Besonderheit auf, denn die Produkte, mit denen sie umgehen, und die Umgebung, in der sie eingesetzt werden, [&hellip;]<\/p>\n","protected":false},"author":1,"featured_media":0,"parent":0,"menu_order":0,"comment_status":"closed","ping_status":"closed","template":"","meta":{"footnotes":""},"class_list":["post-3757","page","type-page","status-publish","hentry"],"yoast_head":"<!-- This site is optimized with the Yoast SEO plugin v27.5 - https:\/\/yoast.com\/product\/yoast-seo-wordpress\/ -->\n<title>Chemische und petrochemische Industrie - TTV<\/title>\n<meta name=\"description\" content=\"Die chemische und petrochemische Industrie stellt verschiedene Sicherheitsanforderungen. Unsere Ventile verf\u00fcgen \u00fcber eine Auswahl an hochwertigen Materialien.\" \/>\n<meta name=\"robots\" content=\"index, follow, max-snippet:-1, max-image-preview:large, max-video-preview:-1\" \/>\n<link rel=\"canonical\" href=\"https:\/\/www.ttvvalve.com\/de\/chemische-und-petrochemische-industrie\/\" \/>\n<meta property=\"og:locale\" content=\"de_DE\" \/>\n<meta property=\"og:type\" content=\"article\" \/>\n<meta property=\"og:title\" content=\"Chemische und petrochemische Industrie - TTV\" \/>\n<meta property=\"og:description\" content=\"Die chemische und petrochemische Industrie stellt verschiedene Sicherheitsanforderungen. Unsere Ventile verf\u00fcgen \u00fcber eine Auswahl an hochwertigen Materialien.\" \/>\n<meta property=\"og:url\" content=\"https:\/\/www.ttvvalve.com\/de\/chemische-und-petrochemische-industrie\/\" \/>\n<meta property=\"og:site_name\" content=\"TTV\" \/>\n<meta property=\"article:modified_time\" content=\"2023-08-09T08:58:04+00:00\" \/>\n<meta property=\"og:image\" content=\"https:\/\/www.ttvvalve.com\/wp-content\/uploads\/2023\/06\/cuerpo-partido.jpg\" \/>\n<meta name=\"twitter:card\" content=\"summary_large_image\" \/>\n<meta name=\"twitter:label1\" content=\"Gesch\u00e4tzte Lesezeit\" \/>\n\t<meta name=\"twitter:data1\" content=\"2\u00a0Minuten\" \/>\n<script type=\"application\/ld+json\" class=\"yoast-schema-graph\">{\"@context\":\"https:\\\/\\\/schema.org\",\"@graph\":[{\"@type\":\"WebPage\",\"@id\":\"https:\\\/\\\/www.ttvvalve.com\\\/de\\\/chemische-und-petrochemische-industrie\\\/\",\"url\":\"https:\\\/\\\/www.ttvvalve.com\\\/de\\\/chemische-und-petrochemische-industrie\\\/\",\"name\":\"Chemische und petrochemische Industrie - TTV\",\"isPartOf\":{\"@id\":\"https:\\\/\\\/www.ttvvalve.com\\\/#website\"},\"primaryImageOfPage\":{\"@id\":\"https:\\\/\\\/www.ttvvalve.com\\\/de\\\/chemische-und-petrochemische-industrie\\\/#primaryimage\"},\"image\":{\"@id\":\"https:\\\/\\\/www.ttvvalve.com\\\/de\\\/chemische-und-petrochemische-industrie\\\/#primaryimage\"},\"thumbnailUrl\":\"https:\\\/\\\/www.ttvvalve.com\\\/wp-content\\\/uploads\\\/2023\\\/06\\\/cuerpo-partido.jpg\",\"datePublished\":\"2022-07-06T10:26:04+00:00\",\"dateModified\":\"2023-08-09T08:58:04+00:00\",\"description\":\"Die chemische und petrochemische Industrie stellt verschiedene Sicherheitsanforderungen. Unsere Ventile verf\u00fcgen \u00fcber eine Auswahl an hochwertigen Materialien.\",\"breadcrumb\":{\"@id\":\"https:\\\/\\\/www.ttvvalve.com\\\/de\\\/chemische-und-petrochemische-industrie\\\/#breadcrumb\"},\"inLanguage\":\"de\",\"potentialAction\":[{\"@type\":\"ReadAction\",\"target\":[\"https:\\\/\\\/www.ttvvalve.com\\\/de\\\/chemische-und-petrochemische-industrie\\\/\"]}]},{\"@type\":\"ImageObject\",\"inLanguage\":\"de\",\"@id\":\"https:\\\/\\\/www.ttvvalve.com\\\/de\\\/chemische-und-petrochemische-industrie\\\/#primaryimage\",\"url\":\"https:\\\/\\\/www.ttvvalve.com\\\/wp-content\\\/uploads\\\/2023\\\/06\\\/cuerpo-partido.jpg\",\"contentUrl\":\"https:\\\/\\\/www.ttvvalve.com\\\/wp-content\\\/uploads\\\/2023\\\/06\\\/cuerpo-partido.jpg\"},{\"@type\":\"BreadcrumbList\",\"@id\":\"https:\\\/\\\/www.ttvvalve.com\\\/de\\\/chemische-und-petrochemische-industrie\\\/#breadcrumb\",\"itemListElement\":[{\"@type\":\"ListItem\",\"position\":1,\"name\":\"Portada\",\"item\":\"https:\\\/\\\/www.ttvvalve.com\\\/de\\\/\"},{\"@type\":\"ListItem\",\"position\":2,\"name\":\"Chemische und petrochemische Industrie\"}]},{\"@type\":\"WebSite\",\"@id\":\"https:\\\/\\\/www.ttvvalve.com\\\/#website\",\"url\":\"https:\\\/\\\/www.ttvvalve.com\\\/\",\"name\":\"TTV\",\"description\":\"Fabricaci\u00f3n y Distribuci\u00f3n de V\u00e1lvulas\",\"publisher\":{\"@id\":\"https:\\\/\\\/www.ttvvalve.com\\\/#organization\"},\"potentialAction\":[{\"@type\":\"SearchAction\",\"target\":{\"@type\":\"EntryPoint\",\"urlTemplate\":\"https:\\\/\\\/www.ttvvalve.com\\\/?s={search_term_string}\"},\"query-input\":{\"@type\":\"PropertyValueSpecification\",\"valueRequired\":true,\"valueName\":\"search_term_string\"}}],\"inLanguage\":\"de\"},{\"@type\":\"Organization\",\"@id\":\"https:\\\/\\\/www.ttvvalve.com\\\/#organization\",\"name\":\"TTV\",\"url\":\"https:\\\/\\\/www.ttvvalve.com\\\/\",\"logo\":{\"@type\":\"ImageObject\",\"inLanguage\":\"de\",\"@id\":\"https:\\\/\\\/www.ttvvalve.com\\\/#\\\/schema\\\/logo\\\/image\\\/\",\"url\":\"https:\\\/\\\/www.ttvvalve.com\\\/wp-content\\\/uploads\\\/2022\\\/07\\\/logo-ttv-reducido.jpg\",\"contentUrl\":\"https:\\\/\\\/www.ttvvalve.com\\\/wp-content\\\/uploads\\\/2022\\\/07\\\/logo-ttv-reducido.jpg\",\"width\":100,\"height\":58,\"caption\":\"TTV\"},\"image\":{\"@id\":\"https:\\\/\\\/www.ttvvalve.com\\\/#\\\/schema\\\/logo\\\/image\\\/\"}}]}<\/script>\n<!-- \/ Yoast SEO plugin. -->","yoast_head_json":{"title":"Chemische und petrochemische Industrie - TTV","description":"Die chemische und petrochemische Industrie stellt verschiedene Sicherheitsanforderungen. Unsere Ventile verf\u00fcgen \u00fcber eine Auswahl an hochwertigen Materialien.","robots":{"index":"index","follow":"follow","max-snippet":"max-snippet:-1","max-image-preview":"max-image-preview:large","max-video-preview":"max-video-preview:-1"},"canonical":"https:\/\/www.ttvvalve.com\/de\/chemische-und-petrochemische-industrie\/","og_locale":"de_DE","og_type":"article","og_title":"Chemische und petrochemische Industrie - TTV","og_description":"Die chemische und petrochemische Industrie stellt verschiedene Sicherheitsanforderungen. Unsere Ventile verf\u00fcgen \u00fcber eine Auswahl an hochwertigen Materialien.","og_url":"https:\/\/www.ttvvalve.com\/de\/chemische-und-petrochemische-industrie\/","og_site_name":"TTV","article_modified_time":"2023-08-09T08:58:04+00:00","og_image":[{"url":"https:\/\/www.ttvvalve.com\/wp-content\/uploads\/2023\/06\/cuerpo-partido.jpg","type":"","width":"","height":""}],"twitter_card":"summary_large_image","twitter_misc":{"Gesch\u00e4tzte Lesezeit":"2\u00a0Minuten"},"schema":{"@context":"https:\/\/schema.org","@graph":[{"@type":"WebPage","@id":"https:\/\/www.ttvvalve.com\/de\/chemische-und-petrochemische-industrie\/","url":"https:\/\/www.ttvvalve.com\/de\/chemische-und-petrochemische-industrie\/","name":"Chemische und petrochemische Industrie - TTV","isPartOf":{"@id":"https:\/\/www.ttvvalve.com\/#website"},"primaryImageOfPage":{"@id":"https:\/\/www.ttvvalve.com\/de\/chemische-und-petrochemische-industrie\/#primaryimage"},"image":{"@id":"https:\/\/www.ttvvalve.com\/de\/chemische-und-petrochemische-industrie\/#primaryimage"},"thumbnailUrl":"https:\/\/www.ttvvalve.com\/wp-content\/uploads\/2023\/06\/cuerpo-partido.jpg","datePublished":"2022-07-06T10:26:04+00:00","dateModified":"2023-08-09T08:58:04+00:00","description":"Die chemische und petrochemische Industrie stellt verschiedene Sicherheitsanforderungen. Unsere Ventile verf\u00fcgen \u00fcber eine Auswahl an hochwertigen Materialien.","breadcrumb":{"@id":"https:\/\/www.ttvvalve.com\/de\/chemische-und-petrochemische-industrie\/#breadcrumb"},"inLanguage":"de","potentialAction":[{"@type":"ReadAction","target":["https:\/\/www.ttvvalve.com\/de\/chemische-und-petrochemische-industrie\/"]}]},{"@type":"ImageObject","inLanguage":"de","@id":"https:\/\/www.ttvvalve.com\/de\/chemische-und-petrochemische-industrie\/#primaryimage","url":"https:\/\/www.ttvvalve.com\/wp-content\/uploads\/2023\/06\/cuerpo-partido.jpg","contentUrl":"https:\/\/www.ttvvalve.com\/wp-content\/uploads\/2023\/06\/cuerpo-partido.jpg"},{"@type":"BreadcrumbList","@id":"https:\/\/www.ttvvalve.com\/de\/chemische-und-petrochemische-industrie\/#breadcrumb","itemListElement":[{"@type":"ListItem","position":1,"name":"Portada","item":"https:\/\/www.ttvvalve.com\/de\/"},{"@type":"ListItem","position":2,"name":"Chemische und petrochemische Industrie"}]},{"@type":"WebSite","@id":"https:\/\/www.ttvvalve.com\/#website","url":"https:\/\/www.ttvvalve.com\/","name":"TTV","description":"Fabricaci\u00f3n y Distribuci\u00f3n de V\u00e1lvulas","publisher":{"@id":"https:\/\/www.ttvvalve.com\/#organization"},"potentialAction":[{"@type":"SearchAction","target":{"@type":"EntryPoint","urlTemplate":"https:\/\/www.ttvvalve.com\/?s={search_term_string}"},"query-input":{"@type":"PropertyValueSpecification","valueRequired":true,"valueName":"search_term_string"}}],"inLanguage":"de"},{"@type":"Organization","@id":"https:\/\/www.ttvvalve.com\/#organization","name":"TTV","url":"https:\/\/www.ttvvalve.com\/","logo":{"@type":"ImageObject","inLanguage":"de","@id":"https:\/\/www.ttvvalve.com\/#\/schema\/logo\/image\/","url":"https:\/\/www.ttvvalve.com\/wp-content\/uploads\/2022\/07\/logo-ttv-reducido.jpg","contentUrl":"https:\/\/www.ttvvalve.com\/wp-content\/uploads\/2022\/07\/logo-ttv-reducido.jpg","width":100,"height":58,"caption":"TTV"},"image":{"@id":"https:\/\/www.ttvvalve.com\/#\/schema\/logo\/image\/"}}]}},"_links":{"self":[{"href":"https:\/\/www.ttvvalve.com\/de\/wp-json\/wp\/v2\/pages\/3757","targetHints":{"allow":["GET"]}}],"collection":[{"href":"https:\/\/www.ttvvalve.com\/de\/wp-json\/wp\/v2\/pages"}],"about":[{"href":"https:\/\/www.ttvvalve.com\/de\/wp-json\/wp\/v2\/types\/page"}],"author":[{"embeddable":true,"href":"https:\/\/www.ttvvalve.com\/de\/wp-json\/wp\/v2\/users\/1"}],"replies":[{"embeddable":true,"href":"https:\/\/www.ttvvalve.com\/de\/wp-json\/wp\/v2\/comments?post=3757"}],"version-history":[{"count":4,"href":"https:\/\/www.ttvvalve.com\/de\/wp-json\/wp\/v2\/pages\/3757\/revisions"}],"predecessor-version":[{"id":4601,"href":"https:\/\/www.ttvvalve.com\/de\/wp-json\/wp\/v2\/pages\/3757\/revisions\/4601"}],"wp:attachment":[{"href":"https:\/\/www.ttvvalve.com\/de\/wp-json\/wp\/v2\/media?parent=3757"}],"curies":[{"name":"wp","href":"https:\/\/api.w.org\/{rel}","templated":true}]}}