{"id":3564,"date":"2023-06-15T07:36:58","date_gmt":"2023-06-15T07:36:58","guid":{"rendered":"https:\/\/www.ttvvalve.com\/cookie-richtlinie\/"},"modified":"2023-07-27T12:29:37","modified_gmt":"2023-07-27T12:29:37","slug":"cookie-richtlinie","status":"publish","type":"page","link":"https:\/\/www.ttvvalve.com\/de\/cookie-richtlinie\/","title":{"rendered":"Cookie-Richtlinie"},"content":{"rendered":"\t\t<div data-elementor-type=\"wp-page\" data-elementor-id=\"3564\" class=\"elementor elementor-3564 elementor-3222\" data-elementor-post-type=\"page\">\n\t\t\t\t\t\t<section class=\"elementor-section elementor-top-section elementor-element elementor-element-5ba23e6 elementor-section-boxed elementor-section-height-default elementor-section-height-default\" data-id=\"5ba23e6\" data-element_type=\"section\" data-e-type=\"section\">\n\t\t\t\t\t\t<div class=\"elementor-container elementor-column-gap-default\">\n\t\t\t\t\t<div class=\"elementor-column elementor-col-100 elementor-top-column elementor-element elementor-element-b62e41b\" data-id=\"b62e41b\" data-element_type=\"column\" data-e-type=\"column\">\n\t\t\t<div class=\"elementor-widget-wrap elementor-element-populated\">\n\t\t\t\t\t\t<div class=\"elementor-element elementor-element-53d4612 elementor-widget elementor-widget-heading\" data-id=\"53d4612\" data-element_type=\"widget\" data-e-type=\"widget\" data-widget_type=\"heading.default\">\n\t\t\t\t<div class=\"elementor-widget-container\">\n\t\t\t\t\t<h2 class=\"elementor-heading-title elementor-size-xxl\">Cookie-Richtlinie<\/h2>\t\t\t\t<\/div>\n\t\t\t\t<\/div>\n\t\t\t\t<div class=\"elementor-element elementor-element-4a59bae elementor-widget elementor-widget-heading\" data-id=\"4a59bae\" data-element_type=\"widget\" data-e-type=\"widget\" data-widget_type=\"heading.default\">\n\t\t\t\t<div class=\"elementor-widget-container\">\n\t\t\t\t\t<h2 class=\"elementor-heading-title elementor-size-default\">Was sind Cookies?<\/h2>\t\t\t\t<\/div>\n\t\t\t\t<\/div>\n\t\t\t\t<div class=\"elementor-element elementor-element-72c863d elementor-widget elementor-widget-text-editor\" data-id=\"72c863d\" data-element_type=\"widget\" data-e-type=\"widget\" data-widget_type=\"text-editor.default\">\n\t\t\t\t<div class=\"elementor-widget-container\">\n\t\t\t\t\t\t\t\t\t<p>Ein Cookie ist eine Datei oder eine Einrichtung, die auf das Endger\u00e4t eines Nutzers heruntergeladen wird, um Daten zu speichern, die von der f\u00fcr ihre Installation verantwortlichen Stelle aktualisiert und abgerufen werden k\u00f6nnen. Das hei\u00dft, es handelt sich um eine Datei, die auf Ihren Computer heruntergeladen wird, wenn Sie auf bestimmte Websites zugreifen. Die Cookies erm\u00f6glichen es einer Website unter anderem, Informationen \u00fcber die Surfgewohnheiten eines Nutzers oder seines Computers zu speichern und abzurufen, und je nach den darin enthaltenen Informationen und der Art und Weise, wie Sie Ihren Computer benutzen, k\u00f6nnen sie zur Wiedererkennung des Nutzers verwendet werden.<\/p>\n<p>Seine Hauptfunktionen sind:<\/p>\n<ul>\n<li>\u00dcberwachung der Nutzer: Wenn ein Nutzer seinen Benutzernamen und sein Passwort eingibt, wird ein Cookie gespeichert, damit er sie nicht f\u00fcr jede Seite auf dem Server neu eingeben muss. Ein Cookie identifiziert jedoch nicht nur eine Person, sondern eine Kombination aus Computer-Browser-Benutzer.<\/li>\n<li>So k\u00f6nnen Informationen \u00fcber die Surfgewohnheiten des Benutzers gewonnen werden, und Werbeagenturen und andere versuchen, Spionageprogramme zu installieren. Dies kann zu Problemen mit der Privatsph\u00e4re f\u00fchren und ist einer der Gr\u00fcnde, warum Cookies auf Ablehnung sto\u00dfen.<\/li>\n<\/ul>\n<p>Es gibt verschiedene Arten von Cookies, die sich vor allem nach dem Zweck richten, f\u00fcr den sie verwendet werden, so dass unter anderem die folgenden unterschieden werden: Analyse-Cookies: Diese Cookies werden zur Analyse des Verhaltens und der Aktivit\u00e4ten der Nutzer der Website sowie zur Erstellung von Browsing-Profilen verwendet, um den Betrieb und den Service technisch zu verbessern.<\/p>\n<ul>\n<li>Werbe-Cookies: Sie erm\u00f6glichen eine effiziente Verwaltung der Werbefl\u00e4chen auf der Grundlage einer Reihe von Kriterien, z. B. um zu \u00fcberpr\u00fcfen, ob der Nutzer bereits auf eine Nachricht zugegriffen hat, um diese mit einer neuen Nachricht zu aktualisieren.<\/li>\n<li>Cookies f\u00fcr verhaltensbasierte Werbung: Diese Cookies speichern Informationen \u00fcber das Verhalten der Nutzer, insbesondere \u00fcber ihre Surfgewohnheiten. Auf diese Weise k\u00f6nnen Benutzerprofile basierend auf ihrem Verhalten erstellt und zur Personalisierung der dargestellten Werbung verwendet werden.<\/li>\n<\/ul>\n<p>Wenn der Nutzer weitere Informationen \u00fcber Cookies erhalten m\u00f6chte, kann er die Website&nbsp;<a href=\"http:\/\/www.aboutcookies.org\/\">http:\/\/www.aboutcookies.org\/<\/a> besuchen.<\/p>\n\t\t\t\t\t\t\t\t<\/div>\n\t\t\t\t<\/div>\n\t\t\t\t<div class=\"elementor-element elementor-element-be04bb6 elementor-widget elementor-widget-heading\" data-id=\"be04bb6\" data-element_type=\"widget\" data-e-type=\"widget\" data-widget_type=\"heading.default\">\n\t\t\t\t<div class=\"elementor-widget-container\">\n\t\t\t\t\t<h2 class=\"elementor-heading-title elementor-size-default\">Welche Art von Cookies verwendet diese Website?<\/h2>\t\t\t\t<\/div>\n\t\t\t\t<\/div>\n\t\t\t\t<div class=\"elementor-element elementor-element-9a2ab25 elementor-widget elementor-widget-text-editor\" data-id=\"9a2ab25\" data-element_type=\"widget\" data-e-type=\"widget\" data-widget_type=\"text-editor.default\">\n\t\t\t\t<div class=\"elementor-widget-container\">\n\t\t\t\t\t\t\t\t\t<p>Diese Website verwendet Cookies, um den Benutzern die Nutzung und das Surfen auf der Website zu erleichtern, den Zugang zu bestimmten Diensten zu gew\u00e4hrleisten und die funktionelle Konfiguration der Website zu verbessern.<\/p>\n<p>Diese Website verwendet insbesondere die folgenden Cookies:<\/p>\n\t\t\t\t\t\t\t\t<\/div>\n\t\t\t\t<\/div>\n\t\t\t\t<div class=\"elementor-element elementor-element-db5101b elementor-widget elementor-widget-heading\" data-id=\"db5101b\" data-element_type=\"widget\" data-e-type=\"widget\" data-widget_type=\"heading.default\">\n\t\t\t\t<div class=\"elementor-widget-container\">\n\t\t\t\t\t<h3 class=\"elementor-heading-title elementor-size-default\">Zusammenfassung der Cookies<\/h3>\t\t\t\t<\/div>\n\t\t\t\t<\/div>\n\t\t\t\t<div class=\"elementor-element elementor-element-b7e1f6f elementor-widget elementor-widget-text-editor\" data-id=\"b7e1f6f\" data-element_type=\"widget\" data-e-type=\"widget\" data-widget_type=\"text-editor.default\">\n\t\t\t\t<div class=\"elementor-widget-container\">\n\t\t\t\t\t\t\t\t\t<p>Typ: Analyse<br \/>Name: Google Analytics<br \/>Sitzung\/Permanent: Permanent<br \/>Eigene\/Drittanbieter: Von Dritten<\/p>\n\t\t\t\t\t\t\t\t<\/div>\n\t\t\t\t<\/div>\n\t\t\t\t<div class=\"elementor-element elementor-element-ff671d2 elementor-widget elementor-widget-heading\" data-id=\"ff671d2\" data-element_type=\"widget\" data-e-type=\"widget\" data-widget_type=\"heading.default\">\n\t\t\t\t<div class=\"elementor-widget-container\">\n\t\t\t\t\t<h2 class=\"elementor-heading-title elementor-size-default\">Wie kann die Konfiguration von Cookies verwaltet werden?<\/h2>\t\t\t\t<\/div>\n\t\t\t\t<\/div>\n\t\t\t\t<div class=\"elementor-element elementor-element-099bca4 elementor-widget elementor-widget-text-editor\" data-id=\"099bca4\" data-element_type=\"widget\" data-e-type=\"widget\" data-widget_type=\"text-editor.default\">\n\t\t\t\t<div class=\"elementor-widget-container\">\n\t\t\t\t\t\t\t\t\t<p>In diesem Abschnitt wird kurz erl\u00e4utert, wie die Konfiguration des Cookie-Systems in den g\u00e4ngigsten oder von den Nutzern am h\u00e4ufigsten verwendeten Browsern aufgerufen und durchgef\u00fchrt werden kann.<\/p>\n<p>In diesem Sinne erlauben praktisch alle Browser dem Benutzer, allgemeine Informationen \u00fcber die auf einer Website installierten Cookies zu erhalten, insbesondere um deren Existenz, ihre Dauer oder das L\u00f6schsystem zu \u00fcberpr\u00fcfen. Zu diesem Zweck werden zur Information eine Reihe von Links zu diesem Thema angegeben:<\/p>\n<ul>\n<li>Google Chrome<\/li>\n<li>Mozilla Firefox<\/li>\n<li>Internet Explorer<\/li>\n<\/ul>\n<p>Andererseits k\u00f6nnen die Nutzer die auf ihren Ger\u00e4ten installierten Cookies zulassen, blockieren oder l\u00f6schen, indem sie die Konfiguration ihres Browsers gem\u00e4\u00df den dort angegebenen Anweisungen modifizieren. Zu Informationszwecken wird darauf hingewiesen, dass die Konfiguration von Cookies in der Regel im Men\u00fc &#8220;Einstellungen&#8221; oder &#8220;Tools&#8221; jedes Browsers vorgenommen wird; in jedem Fall k\u00f6nnen Sie jederzeit die Hilfe Ihres Browsers in Anspruch nehmen, um etwaige diesbez\u00fcgliche Fragen zu kl\u00e4ren. Es ist zu beachten, dass, wenn die Installation aller Cookies verhindert wird, der Inhalt der Website sowie bestimmte Funktionen und Dienste, die von der Website angeboten werden, beeintr\u00e4chtigt werden k\u00f6nnen.<\/p>\n\t\t\t\t\t\t\t\t<\/div>\n\t\t\t\t<\/div>\n\t\t\t\t\t<\/div>\n\t\t<\/div>\n\t\t\t\t\t<\/div>\n\t\t<\/section>\n\t\t\t\t<\/div>\n\t\t","protected":false},"excerpt":{"rendered":"<p>Cookie-Richtlinie Was sind Cookies? Ein Cookie ist eine Datei oder eine Einrichtung, die auf das Endger\u00e4t eines Nutzers heruntergeladen wird, um Daten zu speichern, die von der f\u00fcr ihre Installation verantwortlichen Stelle aktualisiert und abgerufen werden k\u00f6nnen. Das hei\u00dft, es handelt sich um eine Datei, die auf Ihren Computer heruntergeladen wird, wenn Sie auf bestimmte [&hellip;]<\/p>\n","protected":false},"author":1,"featured_media":0,"parent":0,"menu_order":0,"comment_status":"closed","ping_status":"closed","template":"","meta":{"footnotes":""},"class_list":["post-3564","page","type-page","status-publish","hentry"],"yoast_head":"<!-- This site is optimized with the Yoast SEO plugin v27.5 - https:\/\/yoast.com\/product\/yoast-seo-wordpress\/ -->\n<title>Cookie-Richtlinie - TTV<\/title>\n<meta name=\"robots\" content=\"index, follow, max-snippet:-1, max-image-preview:large, max-video-preview:-1\" \/>\n<link rel=\"canonical\" href=\"https:\/\/www.ttvvalve.com\/de\/cookie-richtlinie\/\" \/>\n<meta property=\"og:locale\" content=\"de_DE\" \/>\n<meta property=\"og:type\" content=\"article\" \/>\n<meta property=\"og:title\" content=\"Cookie-Richtlinie - TTV\" \/>\n<meta property=\"og:description\" content=\"Cookie-Richtlinie Was sind Cookies? Ein Cookie ist eine Datei oder eine Einrichtung, die auf das Endger\u00e4t eines Nutzers heruntergeladen wird, um Daten zu speichern, die von der f\u00fcr ihre Installation verantwortlichen Stelle aktualisiert und abgerufen werden k\u00f6nnen. Das hei\u00dft, es handelt sich um eine Datei, die auf Ihren Computer heruntergeladen wird, wenn Sie auf bestimmte [&hellip;]\" \/>\n<meta property=\"og:url\" content=\"https:\/\/www.ttvvalve.com\/de\/cookie-richtlinie\/\" \/>\n<meta property=\"og:site_name\" content=\"TTV\" \/>\n<meta property=\"article:modified_time\" content=\"2023-07-27T12:29:37+00:00\" \/>\n<meta name=\"twitter:card\" content=\"summary_large_image\" \/>\n<meta name=\"twitter:label1\" content=\"Gesch\u00e4tzte Lesezeit\" \/>\n\t<meta name=\"twitter:data1\" content=\"3\u00a0Minuten\" \/>\n<script type=\"application\/ld+json\" class=\"yoast-schema-graph\">{\"@context\":\"https:\\\/\\\/schema.org\",\"@graph\":[{\"@type\":\"WebPage\",\"@id\":\"https:\\\/\\\/www.ttvvalve.com\\\/de\\\/cookie-richtlinie\\\/\",\"url\":\"https:\\\/\\\/www.ttvvalve.com\\\/de\\\/cookie-richtlinie\\\/\",\"name\":\"Cookie-Richtlinie - TTV\",\"isPartOf\":{\"@id\":\"https:\\\/\\\/www.ttvvalve.com\\\/#website\"},\"datePublished\":\"2023-06-15T07:36:58+00:00\",\"dateModified\":\"2023-07-27T12:29:37+00:00\",\"breadcrumb\":{\"@id\":\"https:\\\/\\\/www.ttvvalve.com\\\/de\\\/cookie-richtlinie\\\/#breadcrumb\"},\"inLanguage\":\"de\",\"potentialAction\":[{\"@type\":\"ReadAction\",\"target\":[\"https:\\\/\\\/www.ttvvalve.com\\\/de\\\/cookie-richtlinie\\\/\"]}]},{\"@type\":\"BreadcrumbList\",\"@id\":\"https:\\\/\\\/www.ttvvalve.com\\\/de\\\/cookie-richtlinie\\\/#breadcrumb\",\"itemListElement\":[{\"@type\":\"ListItem\",\"position\":1,\"name\":\"Portada\",\"item\":\"https:\\\/\\\/www.ttvvalve.com\\\/de\\\/\"},{\"@type\":\"ListItem\",\"position\":2,\"name\":\"Cookie-Richtlinie\"}]},{\"@type\":\"WebSite\",\"@id\":\"https:\\\/\\\/www.ttvvalve.com\\\/#website\",\"url\":\"https:\\\/\\\/www.ttvvalve.com\\\/\",\"name\":\"TTV\",\"description\":\"Fabricaci\u00f3n y Distribuci\u00f3n de V\u00e1lvulas\",\"publisher\":{\"@id\":\"https:\\\/\\\/www.ttvvalve.com\\\/#organization\"},\"potentialAction\":[{\"@type\":\"SearchAction\",\"target\":{\"@type\":\"EntryPoint\",\"urlTemplate\":\"https:\\\/\\\/www.ttvvalve.com\\\/?s={search_term_string}\"},\"query-input\":{\"@type\":\"PropertyValueSpecification\",\"valueRequired\":true,\"valueName\":\"search_term_string\"}}],\"inLanguage\":\"de\"},{\"@type\":\"Organization\",\"@id\":\"https:\\\/\\\/www.ttvvalve.com\\\/#organization\",\"name\":\"TTV\",\"url\":\"https:\\\/\\\/www.ttvvalve.com\\\/\",\"logo\":{\"@type\":\"ImageObject\",\"inLanguage\":\"de\",\"@id\":\"https:\\\/\\\/www.ttvvalve.com\\\/#\\\/schema\\\/logo\\\/image\\\/\",\"url\":\"https:\\\/\\\/www.ttvvalve.com\\\/wp-content\\\/uploads\\\/2022\\\/07\\\/logo-ttv-reducido.jpg\",\"contentUrl\":\"https:\\\/\\\/www.ttvvalve.com\\\/wp-content\\\/uploads\\\/2022\\\/07\\\/logo-ttv-reducido.jpg\",\"width\":100,\"height\":58,\"caption\":\"TTV\"},\"image\":{\"@id\":\"https:\\\/\\\/www.ttvvalve.com\\\/#\\\/schema\\\/logo\\\/image\\\/\"}}]}<\/script>\n<!-- \/ Yoast SEO plugin. -->","yoast_head_json":{"title":"Cookie-Richtlinie - TTV","robots":{"index":"index","follow":"follow","max-snippet":"max-snippet:-1","max-image-preview":"max-image-preview:large","max-video-preview":"max-video-preview:-1"},"canonical":"https:\/\/www.ttvvalve.com\/de\/cookie-richtlinie\/","og_locale":"de_DE","og_type":"article","og_title":"Cookie-Richtlinie - TTV","og_description":"Cookie-Richtlinie Was sind Cookies? Ein Cookie ist eine Datei oder eine Einrichtung, die auf das Endger\u00e4t eines Nutzers heruntergeladen wird, um Daten zu speichern, die von der f\u00fcr ihre Installation verantwortlichen Stelle aktualisiert und abgerufen werden k\u00f6nnen. Das hei\u00dft, es handelt sich um eine Datei, die auf Ihren Computer heruntergeladen wird, wenn Sie auf bestimmte [&hellip;]","og_url":"https:\/\/www.ttvvalve.com\/de\/cookie-richtlinie\/","og_site_name":"TTV","article_modified_time":"2023-07-27T12:29:37+00:00","twitter_card":"summary_large_image","twitter_misc":{"Gesch\u00e4tzte Lesezeit":"3\u00a0Minuten"},"schema":{"@context":"https:\/\/schema.org","@graph":[{"@type":"WebPage","@id":"https:\/\/www.ttvvalve.com\/de\/cookie-richtlinie\/","url":"https:\/\/www.ttvvalve.com\/de\/cookie-richtlinie\/","name":"Cookie-Richtlinie - TTV","isPartOf":{"@id":"https:\/\/www.ttvvalve.com\/#website"},"datePublished":"2023-06-15T07:36:58+00:00","dateModified":"2023-07-27T12:29:37+00:00","breadcrumb":{"@id":"https:\/\/www.ttvvalve.com\/de\/cookie-richtlinie\/#breadcrumb"},"inLanguage":"de","potentialAction":[{"@type":"ReadAction","target":["https:\/\/www.ttvvalve.com\/de\/cookie-richtlinie\/"]}]},{"@type":"BreadcrumbList","@id":"https:\/\/www.ttvvalve.com\/de\/cookie-richtlinie\/#breadcrumb","itemListElement":[{"@type":"ListItem","position":1,"name":"Portada","item":"https:\/\/www.ttvvalve.com\/de\/"},{"@type":"ListItem","position":2,"name":"Cookie-Richtlinie"}]},{"@type":"WebSite","@id":"https:\/\/www.ttvvalve.com\/#website","url":"https:\/\/www.ttvvalve.com\/","name":"TTV","description":"Fabricaci\u00f3n y Distribuci\u00f3n de V\u00e1lvulas","publisher":{"@id":"https:\/\/www.ttvvalve.com\/#organization"},"potentialAction":[{"@type":"SearchAction","target":{"@type":"EntryPoint","urlTemplate":"https:\/\/www.ttvvalve.com\/?s={search_term_string}"},"query-input":{"@type":"PropertyValueSpecification","valueRequired":true,"valueName":"search_term_string"}}],"inLanguage":"de"},{"@type":"Organization","@id":"https:\/\/www.ttvvalve.com\/#organization","name":"TTV","url":"https:\/\/www.ttvvalve.com\/","logo":{"@type":"ImageObject","inLanguage":"de","@id":"https:\/\/www.ttvvalve.com\/#\/schema\/logo\/image\/","url":"https:\/\/www.ttvvalve.com\/wp-content\/uploads\/2022\/07\/logo-ttv-reducido.jpg","contentUrl":"https:\/\/www.ttvvalve.com\/wp-content\/uploads\/2022\/07\/logo-ttv-reducido.jpg","width":100,"height":58,"caption":"TTV"},"image":{"@id":"https:\/\/www.ttvvalve.com\/#\/schema\/logo\/image\/"}}]}},"_links":{"self":[{"href":"https:\/\/www.ttvvalve.com\/de\/wp-json\/wp\/v2\/pages\/3564","targetHints":{"allow":["GET"]}}],"collection":[{"href":"https:\/\/www.ttvvalve.com\/de\/wp-json\/wp\/v2\/pages"}],"about":[{"href":"https:\/\/www.ttvvalve.com\/de\/wp-json\/wp\/v2\/types\/page"}],"author":[{"embeddable":true,"href":"https:\/\/www.ttvvalve.com\/de\/wp-json\/wp\/v2\/users\/1"}],"replies":[{"embeddable":true,"href":"https:\/\/www.ttvvalve.com\/de\/wp-json\/wp\/v2\/comments?post=3564"}],"version-history":[{"count":2,"href":"https:\/\/www.ttvvalve.com\/de\/wp-json\/wp\/v2\/pages\/3564\/revisions"}],"predecessor-version":[{"id":3927,"href":"https:\/\/www.ttvvalve.com\/de\/wp-json\/wp\/v2\/pages\/3564\/revisions\/3927"}],"wp:attachment":[{"href":"https:\/\/www.ttvvalve.com\/de\/wp-json\/wp\/v2\/media?parent=3564"}],"curies":[{"name":"wp","href":"https:\/\/api.w.org\/{rel}","templated":true}]}}