{"id":3511,"date":"2022-10-04T08:14:11","date_gmt":"2022-10-04T08:14:11","guid":{"rendered":"https:\/\/www.ttvvalve.com\/bergbau\/"},"modified":"2023-07-27T12:29:11","modified_gmt":"2023-07-27T12:29:11","slug":"bergbau","status":"publish","type":"page","link":"https:\/\/www.ttvvalve.com\/de\/bergbau\/","title":{"rendered":"Bergbau"},"content":{"rendered":"\t\t<div data-elementor-type=\"wp-post\" data-elementor-id=\"3511\" class=\"elementor elementor-3511 elementor-557\" data-elementor-post-type=\"page\">\n\t\t\t\t\t\t<section class=\"elementor-section elementor-top-section elementor-element elementor-element-de36526 elementor-section-height-min-height elementor-section-boxed elementor-section-height-default elementor-section-items-middle\" data-id=\"de36526\" data-element_type=\"section\" data-e-type=\"section\" data-settings=\"{&quot;background_background&quot;:&quot;classic&quot;}\">\n\t\t\t\t\t\t\t<div class=\"elementor-background-overlay\"><\/div>\n\t\t\t\t\t\t\t<div class=\"elementor-container elementor-column-gap-default\">\n\t\t\t\t\t<div class=\"elementor-column elementor-col-100 elementor-top-column elementor-element elementor-element-274e015\" data-id=\"274e015\" data-element_type=\"column\" data-e-type=\"column\">\n\t\t\t<div class=\"elementor-widget-wrap elementor-element-populated\">\n\t\t\t\t\t\t<div class=\"elementor-element elementor-element-b81d69d elementor-widget elementor-widget-heading\" data-id=\"b81d69d\" data-element_type=\"widget\" data-e-type=\"widget\" data-widget_type=\"heading.default\">\n\t\t\t\t<div class=\"elementor-widget-container\">\n\t\t\t\t\t<h2 class=\"elementor-heading-title elementor-size-default\">Bergbau<\/h2>\t\t\t\t<\/div>\n\t\t\t\t<\/div>\n\t\t\t\t\t<\/div>\n\t\t<\/div>\n\t\t\t\t\t<\/div>\n\t\t<\/section>\n\t\t\t\t<section class=\"elementor-section elementor-top-section elementor-element elementor-element-a8aef18 elementor-section-boxed elementor-section-height-default elementor-section-height-default\" data-id=\"a8aef18\" data-element_type=\"section\" data-e-type=\"section\">\n\t\t\t\t\t\t<div class=\"elementor-container elementor-column-gap-default\">\n\t\t\t\t\t<div class=\"elementor-column elementor-col-50 elementor-top-column elementor-element elementor-element-c913a62\" data-id=\"c913a62\" data-element_type=\"column\" data-e-type=\"column\">\n\t\t\t<div class=\"elementor-widget-wrap elementor-element-populated\">\n\t\t\t\t\t\t<div class=\"elementor-element elementor-element-8eb727a elementor-widget elementor-widget-text-editor\" data-id=\"8eb727a\" data-element_type=\"widget\" data-e-type=\"widget\" data-widget_type=\"text-editor.default\">\n\t\t\t\t<div class=\"elementor-widget-container\">\n\t\t\t\t\t\t\t\t\t<p>Die Rohstoffindustrie spielt eine strategische Rolle als Lieferant vieler grundlegender Rohstoffe f\u00fcr die moderne Gesellschaft, so dass m\u00f6gliche Schwierigkeiten bei der Versorgung mit diesen mineralischen Rohstoffen das Funktionieren der industriellen T\u00e4tigkeit beeintr\u00e4chtigen k\u00f6nnen.<\/p>\n\t\t\t\t\t\t\t\t<\/div>\n\t\t\t\t<\/div>\n\t\t\t\t\t<\/div>\n\t\t<\/div>\n\t\t\t\t<div class=\"elementor-column elementor-col-50 elementor-top-column elementor-element elementor-element-86ef9bc\" data-id=\"86ef9bc\" data-element_type=\"column\" data-e-type=\"column\">\n\t\t\t<div class=\"elementor-widget-wrap elementor-element-populated\">\n\t\t\t\t\t\t<div class=\"elementor-element elementor-element-9cff16c elementor-widget elementor-widget-text-editor\" data-id=\"9cff16c\" data-element_type=\"widget\" data-e-type=\"widget\" data-widget_type=\"text-editor.default\">\n\t\t\t\t<div class=\"elementor-widget-container\">\n\t\t\t\t\t\t\t\t\t<p>Die Reduzierung des Kohlendioxidgehalts der Wirtschaft erfordert den Zugang zu neuen Arten von Bodensch\u00e4tzen, die f\u00fcr die Elektrifizierung, die Entwicklung sauberer erneuerbarer Energien und \u00f6koeffizienter Technologien unerl\u00e4sslich sind. TTV steht an der Spitze der Innovation und der Entwicklung neuer Ventile mit Materialien, die f\u00fcr diese neuen Arten von Bodensch\u00e4tzen geeignet sind.<\/p>\n\t\t\t\t\t\t\t\t<\/div>\n\t\t\t\t<\/div>\n\t\t\t\t\t<\/div>\n\t\t<\/div>\n\t\t\t\t\t<\/div>\n\t\t<\/section>\n\t\t\t\t<section class=\"elementor-section elementor-top-section elementor-element elementor-element-9c12d1c elementor-section-boxed elementor-section-height-default elementor-section-height-default\" data-id=\"9c12d1c\" data-element_type=\"section\" data-e-type=\"section\">\n\t\t\t\t\t\t<div class=\"elementor-container elementor-column-gap-default\">\n\t\t\t\t\t<div class=\"elementor-column elementor-col-100 elementor-top-column elementor-element elementor-element-cb41da0\" data-id=\"cb41da0\" data-element_type=\"column\" data-e-type=\"column\">\n\t\t\t<div class=\"elementor-widget-wrap elementor-element-populated\">\n\t\t\t\t\t\t<div class=\"elementor-element elementor-element-394fc6d elementor-widget elementor-widget-heading\" data-id=\"394fc6d\" data-element_type=\"widget\" data-e-type=\"widget\" data-widget_type=\"heading.default\">\n\t\t\t\t<div class=\"elementor-widget-container\">\n\t\t\t\t\t<h3 class=\"elementor-heading-title elementor-size-default\">F\u00fcr den Sektor geeignete TTV-Ventile<\/h3>\t\t\t\t<\/div>\n\t\t\t\t<\/div>\n\t\t\t\t\t<\/div>\n\t\t<\/div>\n\t\t\t\t\t<\/div>\n\t\t<\/section>\n\t\t\t\t<section class=\"elementor-section elementor-top-section elementor-element elementor-element-f60d8ef elementor-section-boxed elementor-section-height-default elementor-section-height-default\" data-id=\"f60d8ef\" data-element_type=\"section\" data-e-type=\"section\">\n\t\t\t\t\t\t<div class=\"elementor-container elementor-column-gap-default\">\n\t\t\t\t\t<div class=\"elementor-column elementor-col-100 elementor-top-column elementor-element elementor-element-c1f2bcc\" data-id=\"c1f2bcc\" data-element_type=\"column\" data-e-type=\"column\">\n\t\t\t<div class=\"elementor-widget-wrap elementor-element-populated\">\n\t\t\t\t\t\t<div class=\"elementor-element elementor-element-e3f2971 elementor-widget elementor-widget-image\" data-id=\"e3f2971\" data-element_type=\"widget\" data-e-type=\"widget\" data-widget_type=\"image.default\">\n\t\t\t\t<div class=\"elementor-widget-container\">\n\t\t\t\t\t\t\t\t\t\t\t\t\t\t\t\t<a href=\"https:\/\/www.ttvvalve.com\/de\/produkte\/konzentrisch\/metall-metall\/\">\n\t\t\t\t\t\t\t<img fetchpriority=\"high\" decoding=\"async\" width=\"325\" height=\"485\" src=\"https:\/\/www.ttvvalve.com\/wp-content\/uploads\/2023\/06\/metal-metal.jpg\" class=\"attachment-full size-full wp-image-2903\" alt=\"\" srcset=\"https:\/\/www.ttvvalve.com\/wp-content\/uploads\/2023\/06\/metal-metal.jpg 325w, https:\/\/www.ttvvalve.com\/wp-content\/uploads\/2023\/06\/metal-metal-201x300.jpg 201w\" sizes=\"(max-width: 325px) 100vw, 325px\" \/>\t\t\t\t\t\t\t\t<\/a>\n\t\t\t\t\t\t\t\t\t\t\t\t\t\t\t<\/div>\n\t\t\t\t<\/div>\n\t\t\t\t<div class=\"elementor-element elementor-element-32779c2 elementor-align-center elementor-widget elementor-widget-button\" data-id=\"32779c2\" data-element_type=\"widget\" data-e-type=\"widget\" data-widget_type=\"button.default\">\n\t\t\t\t<div class=\"elementor-widget-container\">\n\t\t\t\t\t\t\t\t\t<div class=\"elementor-button-wrapper\">\n\t\t\t\t\t<a class=\"elementor-button elementor-button-link elementor-size-sm\" href=\"https:\/\/www.ttvvalve.com\/de\/produkte\/konzentrisch\/metall-metall\/\">\n\t\t\t\t\t\t<span class=\"elementor-button-content-wrapper\">\n\t\t\t\t\t\t\t\t\t<span class=\"elementor-button-text\">Metall-Metall<\/span>\n\t\t\t\t\t<\/span>\n\t\t\t\t\t<\/a>\n\t\t\t\t<\/div>\n\t\t\t\t\t\t\t\t<\/div>\n\t\t\t\t<\/div>\n\t\t\t\t\t<\/div>\n\t\t<\/div>\n\t\t\t\t\t<\/div>\n\t\t<\/section>\n\t\t\t\t<\/div>\n\t\t","protected":false},"excerpt":{"rendered":"<p>Bergbau Die Rohstoffindustrie spielt eine strategische Rolle als Lieferant vieler grundlegender Rohstoffe f\u00fcr die moderne Gesellschaft, so dass m\u00f6gliche Schwierigkeiten bei der Versorgung mit diesen mineralischen Rohstoffen das Funktionieren der industriellen T\u00e4tigkeit beeintr\u00e4chtigen k\u00f6nnen. Die Reduzierung des Kohlendioxidgehalts der Wirtschaft erfordert den Zugang zu neuen Arten von Bodensch\u00e4tzen, die f\u00fcr die Elektrifizierung, die Entwicklung sauberer [&hellip;]<\/p>\n","protected":false},"author":1,"featured_media":0,"parent":0,"menu_order":0,"comment_status":"closed","ping_status":"closed","template":"","meta":{"footnotes":""},"class_list":["post-3511","page","type-page","status-publish","hentry"],"yoast_head":"<!-- This site is optimized with the Yoast SEO plugin v27.5 - https:\/\/yoast.com\/product\/yoast-seo-wordpress\/ -->\n<title>Bergbau - TTV<\/title>\n<meta name=\"description\" content=\"Um neue, wirtschaftlichere und nachhaltigere Ressourcen zu erschlie\u00dfen, bietet TTV mit seinen neuen Ventilen f\u00fcr den Bergbausektor Innovationen an.\" \/>\n<meta name=\"robots\" content=\"index, follow, max-snippet:-1, max-image-preview:large, max-video-preview:-1\" \/>\n<link rel=\"canonical\" href=\"https:\/\/www.ttvvalve.com\/de\/bergbau\/\" \/>\n<meta property=\"og:locale\" content=\"de_DE\" \/>\n<meta property=\"og:type\" content=\"article\" \/>\n<meta property=\"og:title\" content=\"Bergbau - TTV\" \/>\n<meta property=\"og:description\" content=\"Um neue, wirtschaftlichere und nachhaltigere Ressourcen zu erschlie\u00dfen, bietet TTV mit seinen neuen Ventilen f\u00fcr den Bergbausektor Innovationen an.\" \/>\n<meta property=\"og:url\" content=\"https:\/\/www.ttvvalve.com\/de\/bergbau\/\" \/>\n<meta property=\"og:site_name\" content=\"TTV\" \/>\n<meta property=\"article:modified_time\" content=\"2023-07-27T12:29:11+00:00\" \/>\n<meta property=\"og:image\" content=\"https:\/\/www.ttvvalve.com\/wp-content\/uploads\/2023\/06\/metal-metal.jpg\" \/>\n<meta name=\"twitter:card\" content=\"summary_large_image\" \/>\n<meta name=\"twitter:label1\" content=\"Gesch\u00e4tzte Lesezeit\" \/>\n\t<meta name=\"twitter:data1\" content=\"1\u00a0Minute\" \/>\n<script type=\"application\/ld+json\" class=\"yoast-schema-graph\">{\"@context\":\"https:\\\/\\\/schema.org\",\"@graph\":[{\"@type\":\"WebPage\",\"@id\":\"https:\\\/\\\/www.ttvvalve.com\\\/de\\\/bergbau\\\/\",\"url\":\"https:\\\/\\\/www.ttvvalve.com\\\/de\\\/bergbau\\\/\",\"name\":\"Bergbau - TTV\",\"isPartOf\":{\"@id\":\"https:\\\/\\\/www.ttvvalve.com\\\/#website\"},\"primaryImageOfPage\":{\"@id\":\"https:\\\/\\\/www.ttvvalve.com\\\/de\\\/bergbau\\\/#primaryimage\"},\"image\":{\"@id\":\"https:\\\/\\\/www.ttvvalve.com\\\/de\\\/bergbau\\\/#primaryimage\"},\"thumbnailUrl\":\"https:\\\/\\\/www.ttvvalve.com\\\/wp-content\\\/uploads\\\/2023\\\/06\\\/metal-metal.jpg\",\"datePublished\":\"2022-10-04T08:14:11+00:00\",\"dateModified\":\"2023-07-27T12:29:11+00:00\",\"description\":\"Um neue, wirtschaftlichere und nachhaltigere Ressourcen zu erschlie\u00dfen, bietet TTV mit seinen neuen Ventilen f\u00fcr den Bergbausektor Innovationen an.\",\"breadcrumb\":{\"@id\":\"https:\\\/\\\/www.ttvvalve.com\\\/de\\\/bergbau\\\/#breadcrumb\"},\"inLanguage\":\"de\",\"potentialAction\":[{\"@type\":\"ReadAction\",\"target\":[\"https:\\\/\\\/www.ttvvalve.com\\\/de\\\/bergbau\\\/\"]}]},{\"@type\":\"ImageObject\",\"inLanguage\":\"de\",\"@id\":\"https:\\\/\\\/www.ttvvalve.com\\\/de\\\/bergbau\\\/#primaryimage\",\"url\":\"https:\\\/\\\/www.ttvvalve.com\\\/wp-content\\\/uploads\\\/2023\\\/06\\\/metal-metal.jpg\",\"contentUrl\":\"https:\\\/\\\/www.ttvvalve.com\\\/wp-content\\\/uploads\\\/2023\\\/06\\\/metal-metal.jpg\"},{\"@type\":\"BreadcrumbList\",\"@id\":\"https:\\\/\\\/www.ttvvalve.com\\\/de\\\/bergbau\\\/#breadcrumb\",\"itemListElement\":[{\"@type\":\"ListItem\",\"position\":1,\"name\":\"Portada\",\"item\":\"https:\\\/\\\/www.ttvvalve.com\\\/de\\\/\"},{\"@type\":\"ListItem\",\"position\":2,\"name\":\"Bergbau\"}]},{\"@type\":\"WebSite\",\"@id\":\"https:\\\/\\\/www.ttvvalve.com\\\/#website\",\"url\":\"https:\\\/\\\/www.ttvvalve.com\\\/\",\"name\":\"TTV\",\"description\":\"Fabricaci\u00f3n y Distribuci\u00f3n de V\u00e1lvulas\",\"publisher\":{\"@id\":\"https:\\\/\\\/www.ttvvalve.com\\\/#organization\"},\"potentialAction\":[{\"@type\":\"SearchAction\",\"target\":{\"@type\":\"EntryPoint\",\"urlTemplate\":\"https:\\\/\\\/www.ttvvalve.com\\\/?s={search_term_string}\"},\"query-input\":{\"@type\":\"PropertyValueSpecification\",\"valueRequired\":true,\"valueName\":\"search_term_string\"}}],\"inLanguage\":\"de\"},{\"@type\":\"Organization\",\"@id\":\"https:\\\/\\\/www.ttvvalve.com\\\/#organization\",\"name\":\"TTV\",\"url\":\"https:\\\/\\\/www.ttvvalve.com\\\/\",\"logo\":{\"@type\":\"ImageObject\",\"inLanguage\":\"de\",\"@id\":\"https:\\\/\\\/www.ttvvalve.com\\\/#\\\/schema\\\/logo\\\/image\\\/\",\"url\":\"https:\\\/\\\/www.ttvvalve.com\\\/wp-content\\\/uploads\\\/2022\\\/07\\\/logo-ttv-reducido.jpg\",\"contentUrl\":\"https:\\\/\\\/www.ttvvalve.com\\\/wp-content\\\/uploads\\\/2022\\\/07\\\/logo-ttv-reducido.jpg\",\"width\":100,\"height\":58,\"caption\":\"TTV\"},\"image\":{\"@id\":\"https:\\\/\\\/www.ttvvalve.com\\\/#\\\/schema\\\/logo\\\/image\\\/\"}}]}<\/script>\n<!-- \/ Yoast SEO plugin. -->","yoast_head_json":{"title":"Bergbau - TTV","description":"Um neue, wirtschaftlichere und nachhaltigere Ressourcen zu erschlie\u00dfen, bietet TTV mit seinen neuen Ventilen f\u00fcr den Bergbausektor Innovationen an.","robots":{"index":"index","follow":"follow","max-snippet":"max-snippet:-1","max-image-preview":"max-image-preview:large","max-video-preview":"max-video-preview:-1"},"canonical":"https:\/\/www.ttvvalve.com\/de\/bergbau\/","og_locale":"de_DE","og_type":"article","og_title":"Bergbau - TTV","og_description":"Um neue, wirtschaftlichere und nachhaltigere Ressourcen zu erschlie\u00dfen, bietet TTV mit seinen neuen Ventilen f\u00fcr den Bergbausektor Innovationen an.","og_url":"https:\/\/www.ttvvalve.com\/de\/bergbau\/","og_site_name":"TTV","article_modified_time":"2023-07-27T12:29:11+00:00","og_image":[{"url":"https:\/\/www.ttvvalve.com\/wp-content\/uploads\/2023\/06\/metal-metal.jpg","type":"","width":"","height":""}],"twitter_card":"summary_large_image","twitter_misc":{"Gesch\u00e4tzte Lesezeit":"1\u00a0Minute"},"schema":{"@context":"https:\/\/schema.org","@graph":[{"@type":"WebPage","@id":"https:\/\/www.ttvvalve.com\/de\/bergbau\/","url":"https:\/\/www.ttvvalve.com\/de\/bergbau\/","name":"Bergbau - TTV","isPartOf":{"@id":"https:\/\/www.ttvvalve.com\/#website"},"primaryImageOfPage":{"@id":"https:\/\/www.ttvvalve.com\/de\/bergbau\/#primaryimage"},"image":{"@id":"https:\/\/www.ttvvalve.com\/de\/bergbau\/#primaryimage"},"thumbnailUrl":"https:\/\/www.ttvvalve.com\/wp-content\/uploads\/2023\/06\/metal-metal.jpg","datePublished":"2022-10-04T08:14:11+00:00","dateModified":"2023-07-27T12:29:11+00:00","description":"Um neue, wirtschaftlichere und nachhaltigere Ressourcen zu erschlie\u00dfen, bietet TTV mit seinen neuen Ventilen f\u00fcr den Bergbausektor Innovationen an.","breadcrumb":{"@id":"https:\/\/www.ttvvalve.com\/de\/bergbau\/#breadcrumb"},"inLanguage":"de","potentialAction":[{"@type":"ReadAction","target":["https:\/\/www.ttvvalve.com\/de\/bergbau\/"]}]},{"@type":"ImageObject","inLanguage":"de","@id":"https:\/\/www.ttvvalve.com\/de\/bergbau\/#primaryimage","url":"https:\/\/www.ttvvalve.com\/wp-content\/uploads\/2023\/06\/metal-metal.jpg","contentUrl":"https:\/\/www.ttvvalve.com\/wp-content\/uploads\/2023\/06\/metal-metal.jpg"},{"@type":"BreadcrumbList","@id":"https:\/\/www.ttvvalve.com\/de\/bergbau\/#breadcrumb","itemListElement":[{"@type":"ListItem","position":1,"name":"Portada","item":"https:\/\/www.ttvvalve.com\/de\/"},{"@type":"ListItem","position":2,"name":"Bergbau"}]},{"@type":"WebSite","@id":"https:\/\/www.ttvvalve.com\/#website","url":"https:\/\/www.ttvvalve.com\/","name":"TTV","description":"Fabricaci\u00f3n y Distribuci\u00f3n de V\u00e1lvulas","publisher":{"@id":"https:\/\/www.ttvvalve.com\/#organization"},"potentialAction":[{"@type":"SearchAction","target":{"@type":"EntryPoint","urlTemplate":"https:\/\/www.ttvvalve.com\/?s={search_term_string}"},"query-input":{"@type":"PropertyValueSpecification","valueRequired":true,"valueName":"search_term_string"}}],"inLanguage":"de"},{"@type":"Organization","@id":"https:\/\/www.ttvvalve.com\/#organization","name":"TTV","url":"https:\/\/www.ttvvalve.com\/","logo":{"@type":"ImageObject","inLanguage":"de","@id":"https:\/\/www.ttvvalve.com\/#\/schema\/logo\/image\/","url":"https:\/\/www.ttvvalve.com\/wp-content\/uploads\/2022\/07\/logo-ttv-reducido.jpg","contentUrl":"https:\/\/www.ttvvalve.com\/wp-content\/uploads\/2022\/07\/logo-ttv-reducido.jpg","width":100,"height":58,"caption":"TTV"},"image":{"@id":"https:\/\/www.ttvvalve.com\/#\/schema\/logo\/image\/"}}]}},"_links":{"self":[{"href":"https:\/\/www.ttvvalve.com\/de\/wp-json\/wp\/v2\/pages\/3511","targetHints":{"allow":["GET"]}}],"collection":[{"href":"https:\/\/www.ttvvalve.com\/de\/wp-json\/wp\/v2\/pages"}],"about":[{"href":"https:\/\/www.ttvvalve.com\/de\/wp-json\/wp\/v2\/types\/page"}],"author":[{"embeddable":true,"href":"https:\/\/www.ttvvalve.com\/de\/wp-json\/wp\/v2\/users\/1"}],"replies":[{"embeddable":true,"href":"https:\/\/www.ttvvalve.com\/de\/wp-json\/wp\/v2\/comments?post=3511"}],"version-history":[{"count":3,"href":"https:\/\/www.ttvvalve.com\/de\/wp-json\/wp\/v2\/pages\/3511\/revisions"}],"predecessor-version":[{"id":3867,"href":"https:\/\/www.ttvvalve.com\/de\/wp-json\/wp\/v2\/pages\/3511\/revisions\/3867"}],"wp:attachment":[{"href":"https:\/\/www.ttvvalve.com\/de\/wp-json\/wp\/v2\/media?parent=3511"}],"curies":[{"name":"wp","href":"https:\/\/api.w.org\/{rel}","templated":true}]}}