{"id":1464,"date":"2022-07-06T09:01:42","date_gmt":"2022-07-06T09:01:42","guid":{"rendered":"https:\/\/www.ttvvalve.com\/herunterladen\/"},"modified":"2023-09-12T08:00:54","modified_gmt":"2023-09-12T08:00:54","slug":"herunterladen","status":"publish","type":"page","link":"https:\/\/www.ttvvalve.com\/de\/herunterladen\/","title":{"rendered":"Downloads"},"content":{"rendered":"\t\t<div data-elementor-type=\"wp-post\" data-elementor-id=\"1464\" class=\"elementor elementor-1464 elementor-254\" data-elementor-post-type=\"page\">\n\t\t\t\t\t\t<section class=\"elementor-section elementor-top-section elementor-element elementor-element-aa48ecb elementor-section-full_width elementor-section-height-default elementor-section-height-default\" data-id=\"aa48ecb\" data-element_type=\"section\" data-e-type=\"section\">\n\t\t\t\t\t\t<div class=\"elementor-container elementor-column-gap-default\">\n\t\t\t\t\t<div class=\"elementor-column elementor-col-100 elementor-top-column elementor-element elementor-element-3d16a5f\" data-id=\"3d16a5f\" data-element_type=\"column\" data-e-type=\"column\">\n\t\t\t<div class=\"elementor-widget-wrap elementor-element-populated\">\n\t\t\t\t\t\t<section class=\"elementor-section elementor-inner-section elementor-element elementor-element-9f7e932 elementor-section-full_width elementor-section-height-default elementor-section-height-default\" data-id=\"9f7e932\" data-element_type=\"section\" data-e-type=\"section\">\n\t\t\t\t\t\t<div class=\"elementor-container elementor-column-gap-custom\">\n\t\t\t\t\t<div class=\"elementor-column elementor-col-25 elementor-inner-column elementor-element elementor-element-f31ca78 catalog-links\" data-id=\"f31ca78\" data-element_type=\"column\" data-e-type=\"column\" id=\"ttv-colossus-esp\">\n\t\t\t<div class=\"elementor-widget-wrap elementor-element-populated\">\n\t\t\t\t\t\t<div class=\"elementor-element elementor-element-38c45bd elementor-widget elementor-widget-heading\" data-id=\"38c45bd\" data-element_type=\"widget\" data-e-type=\"widget\" data-widget_type=\"heading.default\">\n\t\t\t\t<div class=\"elementor-widget-container\">\n\t\t\t\t\t<h2 class=\"elementor-heading-title elementor-size-default\">Katalog und Handbuch TTV Colossus<\/h2>\t\t\t\t<\/div>\n\t\t\t\t<\/div>\n\t\t\t\t<div class=\"elementor-element elementor-element-bd2fb33 elementor-widget elementor-widget-image\" data-id=\"bd2fb33\" data-element_type=\"widget\" data-e-type=\"widget\" data-widget_type=\"image.default\">\n\t\t\t\t<div class=\"elementor-widget-container\">\n\t\t\t\t\t\t\t\t\t\t\t\t\t\t\t<img fetchpriority=\"high\" decoding=\"async\" width=\"495\" height=\"700\" src=\"https:\/\/www.ttvvalve.com\/wp-content\/uploads\/2023\/09\/TTV-COLOSSUS-CATALOGO-Y-MANUAL-DE-INSTRUCCIONES-ING_1_red.webp\" class=\"attachment-full size-full wp-image-4708\" alt=\"\" srcset=\"https:\/\/www.ttvvalve.com\/wp-content\/uploads\/2023\/09\/TTV-COLOSSUS-CATALOGO-Y-MANUAL-DE-INSTRUCCIONES-ING_1_red.webp 495w, https:\/\/www.ttvvalve.com\/wp-content\/uploads\/2023\/09\/TTV-COLOSSUS-CATALOGO-Y-MANUAL-DE-INSTRUCCIONES-ING_1_red-212x300.webp 212w\" sizes=\"(max-width: 495px) 100vw, 495px\" \/>\t\t\t\t\t\t\t\t\t\t\t\t\t\t\t<\/div>\n\t\t\t\t<\/div>\n\t\t\t\t\t<\/div>\n\t\t<\/div>\n\t\t\t\t<div class=\"elementor-column elementor-col-25 elementor-inner-column elementor-element elementor-element-8359fdd catalog-links\" data-id=\"8359fdd\" data-element_type=\"column\" data-e-type=\"column\" id=\"ttv-esp\">\n\t\t\t<div class=\"elementor-widget-wrap elementor-element-populated\">\n\t\t\t\t\t\t<div class=\"elementor-element elementor-element-c72ff9c elementor-widget elementor-widget-heading\" data-id=\"c72ff9c\" data-element_type=\"widget\" data-e-type=\"widget\" data-widget_type=\"heading.default\">\n\t\t\t\t<div class=\"elementor-widget-container\">\n\t\t\t\t\t<h2 class=\"elementor-heading-title elementor-size-default\">TTV-Ventile Katalog<\/h2>\t\t\t\t<\/div>\n\t\t\t\t<\/div>\n\t\t\t\t<div class=\"elementor-element elementor-element-4dfacf0 elementor-widget elementor-widget-image\" data-id=\"4dfacf0\" data-element_type=\"widget\" data-e-type=\"widget\" data-widget_type=\"image.default\">\n\t\t\t\t<div class=\"elementor-widget-container\">\n\t\t\t\t\t\t\t\t\t\t\t\t\t\t\t<img decoding=\"async\" width=\"1777\" height=\"1000\" src=\"https:\/\/www.ttvvalve.com\/wp-content\/uploads\/2022\/12\/TTV-VALVES-ING-pdf_comp.webp\" class=\"attachment-full size-full wp-image-1308\" alt=\"\" srcset=\"https:\/\/www.ttvvalve.com\/wp-content\/uploads\/2022\/12\/TTV-VALVES-ING-pdf_comp.webp 1777w, https:\/\/www.ttvvalve.com\/wp-content\/uploads\/2022\/12\/TTV-VALVES-ING-pdf_comp-300x169.webp 300w, https:\/\/www.ttvvalve.com\/wp-content\/uploads\/2022\/12\/TTV-VALVES-ING-pdf_comp-1024x576.webp 1024w, https:\/\/www.ttvvalve.com\/wp-content\/uploads\/2022\/12\/TTV-VALVES-ING-pdf_comp-768x432.webp 768w, https:\/\/www.ttvvalve.com\/wp-content\/uploads\/2022\/12\/TTV-VALVES-ING-pdf_comp-1536x864.webp 1536w\" sizes=\"(max-width: 1777px) 100vw, 1777px\" \/>\t\t\t\t\t\t\t\t\t\t\t\t\t\t\t<\/div>\n\t\t\t\t<\/div>\n\t\t\t\t\t<\/div>\n\t\t<\/div>\n\t\t\t\t<div class=\"elementor-column elementor-col-25 elementor-inner-column elementor-element elementor-element-6778c5b catalog-links\" data-id=\"6778c5b\" data-element_type=\"column\" data-e-type=\"column\">\n\t\t\t<div class=\"elementor-widget-wrap elementor-element-populated\">\n\t\t\t\t\t\t<div class=\"elementor-element elementor-element-7154c85 elementor-widget elementor-widget-heading\" data-id=\"7154c85\" data-element_type=\"widget\" data-e-type=\"widget\" data-widget_type=\"heading.default\">\n\t\t\t\t<div class=\"elementor-widget-container\">\n\t\t\t\t\t<h2 class=\"elementor-heading-title elementor-size-default\">Katalog Drosselklappen mit Doppelflansch<\/h2>\t\t\t\t<\/div>\n\t\t\t\t<\/div>\n\t\t\t\t<div class=\"elementor-element elementor-element-43cd409 elementor-widget elementor-widget-image\" data-id=\"43cd409\" data-element_type=\"widget\" data-e-type=\"widget\" data-widget_type=\"image.default\">\n\t\t\t\t<div class=\"elementor-widget-container\">\n\t\t\t\t\t\t\t\t\t\t\t\t\t\t\t<img decoding=\"async\" width=\"495\" height=\"700\" src=\"https:\/\/www.ttvvalve.com\/wp-content\/uploads\/2023\/09\/H-_-CATALOGO-_-ENG_1_red.webp\" class=\"attachment-full size-full wp-image-4722\" alt=\"\" srcset=\"https:\/\/www.ttvvalve.com\/wp-content\/uploads\/2023\/09\/H-_-CATALOGO-_-ENG_1_red.webp 495w, https:\/\/www.ttvvalve.com\/wp-content\/uploads\/2023\/09\/H-_-CATALOGO-_-ENG_1_red-212x300.webp 212w\" sizes=\"(max-width: 495px) 100vw, 495px\" \/>\t\t\t\t\t\t\t\t\t\t\t\t\t\t\t<\/div>\n\t\t\t\t<\/div>\n\t\t\t\t\t<\/div>\n\t\t<\/div>\n\t\t\t\t<div class=\"elementor-column elementor-col-25 elementor-inner-column elementor-element elementor-element-14e5765 catalog-links\" data-id=\"14e5765\" data-element_type=\"column\" data-e-type=\"column\">\n\t\t\t<div class=\"elementor-widget-wrap elementor-element-populated\">\n\t\t\t\t\t\t<div class=\"elementor-element elementor-element-105dab9 elementor-widget elementor-widget-heading\" data-id=\"105dab9\" data-element_type=\"widget\" data-e-type=\"widget\" data-widget_type=\"heading.default\">\n\t\t\t\t<div class=\"elementor-widget-container\">\n\t\t\t\t\t<h2 class=\"elementor-heading-title elementor-size-default\">Katalog PTFE-Absperrklappen mit geteiltem Geh\u00e4use<\/h2>\t\t\t\t<\/div>\n\t\t\t\t<\/div>\n\t\t\t\t<div class=\"elementor-element elementor-element-e6d0d2c elementor-widget elementor-widget-image\" data-id=\"e6d0d2c\" data-element_type=\"widget\" data-e-type=\"widget\" data-widget_type=\"image.default\">\n\t\t\t\t<div class=\"elementor-widget-container\">\n\t\t\t\t\t\t\t\t\t\t\t\t\t\t\t<img loading=\"lazy\" decoding=\"async\" width=\"508\" height=\"700\" src=\"https:\/\/www.ttvvalve.com\/wp-content\/uploads\/2023\/09\/TP_CATALOGO_ING_1_red.webp\" class=\"attachment-full size-full wp-image-4743\" alt=\"\" srcset=\"https:\/\/www.ttvvalve.com\/wp-content\/uploads\/2023\/09\/TP_CATALOGO_ING_1_red.webp 508w, https:\/\/www.ttvvalve.com\/wp-content\/uploads\/2023\/09\/TP_CATALOGO_ING_1_red-218x300.webp 218w\" sizes=\"(max-width: 508px) 100vw, 508px\" \/>\t\t\t\t\t\t\t\t\t\t\t\t\t\t\t<\/div>\n\t\t\t\t<\/div>\n\t\t\t\t\t<\/div>\n\t\t<\/div>\n\t\t\t\t\t<\/div>\n\t\t<\/section>\n\t\t\t\t<section class=\"elementor-section elementor-inner-section elementor-element elementor-element-dd41632 elementor-section-full_width elementor-section-height-default elementor-section-height-default\" data-id=\"dd41632\" data-element_type=\"section\" data-e-type=\"section\">\n\t\t\t\t\t\t<div class=\"elementor-container elementor-column-gap-custom\">\n\t\t\t\t\t<div class=\"elementor-column elementor-col-25 elementor-inner-column elementor-element elementor-element-8cb6b81 catalog-links\" data-id=\"8cb6b81\" data-element_type=\"column\" data-e-type=\"column\">\n\t\t\t<div class=\"elementor-widget-wrap elementor-element-populated\">\n\t\t\t\t\t\t<div class=\"elementor-element elementor-element-144dbd8 elementor-widget elementor-widget-heading\" data-id=\"144dbd8\" data-element_type=\"widget\" data-e-type=\"widget\" data-widget_type=\"heading.default\">\n\t\t\t\t<div class=\"elementor-widget-container\">\n\t\t\t\t\t<h2 class=\"elementor-heading-title elementor-size-default\">Katalog Zwischenflansch-, Ring- und Flanschklappen<\/h2>\t\t\t\t<\/div>\n\t\t\t\t<\/div>\n\t\t\t\t<div class=\"elementor-element elementor-element-f0153ad elementor-widget elementor-widget-image\" data-id=\"f0153ad\" data-element_type=\"widget\" data-e-type=\"widget\" data-widget_type=\"image.default\">\n\t\t\t\t<div class=\"elementor-widget-container\">\n\t\t\t\t\t\t\t\t\t\t\t\t\t\t\t<img loading=\"lazy\" decoding=\"async\" width=\"508\" height=\"700\" src=\"https:\/\/www.ttvvalve.com\/wp-content\/uploads\/2023\/09\/WLB_CATALOGO_ING_1_red.webp\" class=\"attachment-full size-full wp-image-4715\" alt=\"\" srcset=\"https:\/\/www.ttvvalve.com\/wp-content\/uploads\/2023\/09\/WLB_CATALOGO_ING_1_red.webp 508w, https:\/\/www.ttvvalve.com\/wp-content\/uploads\/2023\/09\/WLB_CATALOGO_ING_1_red-218x300.webp 218w\" sizes=\"(max-width: 508px) 100vw, 508px\" \/>\t\t\t\t\t\t\t\t\t\t\t\t\t\t\t<\/div>\n\t\t\t\t<\/div>\n\t\t\t\t\t<\/div>\n\t\t<\/div>\n\t\t\t\t<div class=\"elementor-column elementor-col-25 elementor-inner-column elementor-element elementor-element-959944a catalog-links\" data-id=\"959944a\" data-element_type=\"column\" data-e-type=\"column\">\n\t\t\t<div class=\"elementor-widget-wrap elementor-element-populated\">\n\t\t\t\t\t\t<div class=\"elementor-element elementor-element-52ec881 elementor-widget elementor-widget-heading\" data-id=\"52ec881\" data-element_type=\"widget\" data-e-type=\"widget\" data-widget_type=\"heading.default\">\n\t\t\t\t<div class=\"elementor-widget-container\">\n\t\t\t\t\t<h2 class=\"elementor-heading-title elementor-size-default\">Katalog Metall-Metall-Drosselklappen<\/h2>\t\t\t\t<\/div>\n\t\t\t\t<\/div>\n\t\t\t\t<div class=\"elementor-element elementor-element-91c3443 elementor-widget elementor-widget-image\" data-id=\"91c3443\" data-element_type=\"widget\" data-e-type=\"widget\" data-widget_type=\"image.default\">\n\t\t\t\t<div class=\"elementor-widget-container\">\n\t\t\t\t\t\t\t\t\t\t\t\t\t\t\t<img loading=\"lazy\" decoding=\"async\" width=\"507\" height=\"700\" src=\"https:\/\/www.ttvvalve.com\/wp-content\/uploads\/2023\/09\/MM-_-CATALOGO-_-ING_1_red.webp\" class=\"attachment-full size-full wp-image-4729\" alt=\"\" srcset=\"https:\/\/www.ttvvalve.com\/wp-content\/uploads\/2023\/09\/MM-_-CATALOGO-_-ING_1_red.webp 507w, https:\/\/www.ttvvalve.com\/wp-content\/uploads\/2023\/09\/MM-_-CATALOGO-_-ING_1_red-217x300.webp 217w\" sizes=\"(max-width: 507px) 100vw, 507px\" \/>\t\t\t\t\t\t\t\t\t\t\t\t\t\t\t<\/div>\n\t\t\t\t<\/div>\n\t\t\t\t\t<\/div>\n\t\t<\/div>\n\t\t\t\t<div class=\"elementor-column elementor-col-25 elementor-inner-column elementor-element elementor-element-5c639ce catalog-links\" data-id=\"5c639ce\" data-element_type=\"column\" data-e-type=\"column\">\n\t\t\t<div class=\"elementor-widget-wrap elementor-element-populated\">\n\t\t\t\t\t\t<div class=\"elementor-element elementor-element-24493eb elementor-widget elementor-widget-heading\" data-id=\"24493eb\" data-element_type=\"widget\" data-e-type=\"widget\" data-widget_type=\"heading.default\">\n\t\t\t\t<div class=\"elementor-widget-container\">\n\t\t\t\t\t<h2 class=\"elementor-heading-title elementor-size-default\">Katalog Drosselklappen mit Schlitz<\/h2>\t\t\t\t<\/div>\n\t\t\t\t<\/div>\n\t\t\t\t<div class=\"elementor-element elementor-element-4414a47 elementor-widget elementor-widget-image\" data-id=\"4414a47\" data-element_type=\"widget\" data-e-type=\"widget\" data-widget_type=\"image.default\">\n\t\t\t\t<div class=\"elementor-widget-container\">\n\t\t\t\t\t\t\t\t\t\t\t\t\t\t\t<img loading=\"lazy\" decoding=\"async\" width=\"507\" height=\"700\" src=\"https:\/\/www.ttvvalve.com\/wp-content\/uploads\/2023\/09\/RN-_-CATALOGO-_-ING_1_red.webp\" class=\"attachment-full size-full wp-image-4736\" alt=\"\" srcset=\"https:\/\/www.ttvvalve.com\/wp-content\/uploads\/2023\/09\/RN-_-CATALOGO-_-ING_1_red.webp 507w, https:\/\/www.ttvvalve.com\/wp-content\/uploads\/2023\/09\/RN-_-CATALOGO-_-ING_1_red-217x300.webp 217w\" sizes=\"(max-width: 507px) 100vw, 507px\" \/>\t\t\t\t\t\t\t\t\t\t\t\t\t\t\t<\/div>\n\t\t\t\t<\/div>\n\t\t\t\t\t<\/div>\n\t\t<\/div>\n\t\t\t\t<div class=\"elementor-column elementor-col-25 elementor-inner-column elementor-element elementor-element-240e8b4\" data-id=\"240e8b4\" data-element_type=\"column\" data-e-type=\"column\">\n\t\t\t<div class=\"elementor-widget-wrap\">\n\t\t\t\t\t\t\t<\/div>\n\t\t<\/div>\n\t\t\t\t\t<\/div>\n\t\t<\/section>\n\t\t\t\t<div class=\"elementor-element elementor-element-af8cf9a elementor-widget elementor-widget-html\" data-id=\"af8cf9a\" data-element_type=\"widget\" data-e-type=\"widget\" data-widget_type=\"html.default\">\n\t\t\t\t<div class=\"elementor-widget-container\">\n\t\t\t\t\t<script>\n    var columns = document.querySelectorAll(\".catalog-links\");\n    var links = [\"https:\/\/www.ttvvalve.com\/wp-content\/uploads\/2022\/12\/TTV-COLOSSUS-CATALOGO-Y-MANUAL-DE-INSTRUCCIONES-ING.pdf\", \"https:\/\/www.ttvvalve.com\/wp-content\/uploads\/2022\/12\/TTV-VALVES-ING.pdf\", \"https:\/\/www.ttvvalve.com\/wp-content\/uploads\/2023\/04\/H-_-CATALOGO-_-ENG.pdf\", \"https:\/\/www.ttvvalve.com\/wp-content\/uploads\/2023\/04\/TP_CATALOGO_ING_compressed.pdf\", \"https:\/\/www.ttvvalve.com\/wp-content\/uploads\/2023\/04\/WLB_CATALOGO_ING_compressed.pdf\", \"https:\/\/www.ttvvalve.com\/wp-content\/uploads\/2023\/05\/MM-_-CATALOGO-_-ING_compressed.pdf\", \"https:\/\/www.ttvvalve.com\/wp-content\/uploads\/2023\/05\/RN-_-CATALOGO-_-ING_compressed.pdf\"];\n    \n    columns.forEach((item, i) => {\n        item.addEventListener('click', () => {\n           const windowOpen = window.open(links[i], '_blank'); windowOpen.opener = null; }); });\n<\/script>\t\t\t\t<\/div>\n\t\t\t\t<\/div>\n\t\t\t\t\t<\/div>\n\t\t<\/div>\n\t\t\t\t\t<\/div>\n\t\t<\/section>\n\t\t\t\t<\/div>\n\t\t","protected":false},"excerpt":{"rendered":"<p>Katalog und Handbuch TTV Colossus TTV-Ventile Katalog Katalog Drosselklappen mit Doppelflansch Katalog PTFE-Absperrklappen mit geteiltem Geh\u00e4use Katalog Zwischenflansch-, Ring- und Flanschklappen Katalog Metall-Metall-Drosselklappen Katalog Drosselklappen mit Schlitz<\/p>\n","protected":false},"author":1,"featured_media":0,"parent":0,"menu_order":0,"comment_status":"closed","ping_status":"closed","template":"","meta":{"footnotes":""},"class_list":["post-1464","page","type-page","status-publish","hentry"],"yoast_head":"<!-- This site is optimized with the Yoast SEO plugin v27.5 - https:\/\/yoast.com\/product\/yoast-seo-wordpress\/ -->\n<title>Downloads - TTV<\/title>\n<meta name=\"description\" content=\"M\u00f6chten Sie mehr \u00fcber unsere Ventile erfahren? Laden Sie unsere Kataloge der verschiedenen von uns hergestellten Ventiltypen herunter.\" \/>\n<meta name=\"robots\" content=\"index, follow, max-snippet:-1, max-image-preview:large, max-video-preview:-1\" \/>\n<link rel=\"canonical\" href=\"https:\/\/www.ttvvalve.com\/fr\/telechargements\/\" \/>\n<meta property=\"og:locale\" content=\"de_DE\" \/>\n<meta property=\"og:type\" content=\"article\" \/>\n<meta property=\"og:title\" content=\"Downloads - TTV\" \/>\n<meta property=\"og:description\" content=\"M\u00f6chten Sie mehr \u00fcber unsere Ventile erfahren? Laden Sie unsere Kataloge der verschiedenen von uns hergestellten Ventiltypen herunter.\" \/>\n<meta property=\"og:url\" content=\"https:\/\/www.ttvvalve.com\/fr\/telechargements\/\" \/>\n<meta property=\"og:site_name\" content=\"TTV\" \/>\n<meta property=\"article:modified_time\" content=\"2023-09-12T08:00:54+00:00\" \/>\n<meta property=\"og:image\" content=\"https:\/\/www.ttvvalve.com\/wp-content\/uploads\/2023\/09\/TTV-COLOSSUS-CATALOGO-Y-MANUAL-DE-INSTRUCCIONES-ING_1_red.webp\" \/>\n<meta name=\"twitter:card\" content=\"summary_large_image\" \/>\n<meta name=\"twitter:label1\" content=\"Gesch\u00e4tzte Lesezeit\" \/>\n\t<meta name=\"twitter:data1\" content=\"2\u00a0Minuten\" \/>\n<script type=\"application\/ld+json\" class=\"yoast-schema-graph\">{\"@context\":\"https:\\\/\\\/schema.org\",\"@graph\":[{\"@type\":\"WebPage\",\"@id\":\"https:\\\/\\\/www.ttvvalve.com\\\/fr\\\/telechargements\\\/\",\"url\":\"https:\\\/\\\/www.ttvvalve.com\\\/fr\\\/telechargements\\\/\",\"name\":\"Downloads - TTV\",\"isPartOf\":{\"@id\":\"https:\\\/\\\/www.ttvvalve.com\\\/#website\"},\"primaryImageOfPage\":{\"@id\":\"https:\\\/\\\/www.ttvvalve.com\\\/fr\\\/telechargements\\\/#primaryimage\"},\"image\":{\"@id\":\"https:\\\/\\\/www.ttvvalve.com\\\/fr\\\/telechargements\\\/#primaryimage\"},\"thumbnailUrl\":\"https:\\\/\\\/www.ttvvalve.com\\\/wp-content\\\/uploads\\\/2023\\\/09\\\/TTV-COLOSSUS-CATALOGO-Y-MANUAL-DE-INSTRUCCIONES-ING_1_red.webp\",\"datePublished\":\"2022-07-06T09:01:42+00:00\",\"dateModified\":\"2023-09-12T08:00:54+00:00\",\"description\":\"M\u00f6chten Sie mehr \u00fcber unsere Ventile erfahren? Laden Sie unsere Kataloge der verschiedenen von uns hergestellten Ventiltypen herunter.\",\"breadcrumb\":{\"@id\":\"https:\\\/\\\/www.ttvvalve.com\\\/fr\\\/telechargements\\\/#breadcrumb\"},\"inLanguage\":\"de\",\"potentialAction\":[{\"@type\":\"ReadAction\",\"target\":[\"https:\\\/\\\/www.ttvvalve.com\\\/fr\\\/telechargements\\\/\"]}]},{\"@type\":\"ImageObject\",\"inLanguage\":\"de\",\"@id\":\"https:\\\/\\\/www.ttvvalve.com\\\/fr\\\/telechargements\\\/#primaryimage\",\"url\":\"https:\\\/\\\/www.ttvvalve.com\\\/wp-content\\\/uploads\\\/2023\\\/09\\\/TTV-COLOSSUS-CATALOGO-Y-MANUAL-DE-INSTRUCCIONES-ING_1_red.webp\",\"contentUrl\":\"https:\\\/\\\/www.ttvvalve.com\\\/wp-content\\\/uploads\\\/2023\\\/09\\\/TTV-COLOSSUS-CATALOGO-Y-MANUAL-DE-INSTRUCCIONES-ING_1_red.webp\"},{\"@type\":\"BreadcrumbList\",\"@id\":\"https:\\\/\\\/www.ttvvalve.com\\\/fr\\\/telechargements\\\/#breadcrumb\",\"itemListElement\":[{\"@type\":\"ListItem\",\"position\":1,\"name\":\"Portada\",\"item\":\"https:\\\/\\\/www.ttvvalve.com\\\/de\\\/\"},{\"@type\":\"ListItem\",\"position\":2,\"name\":\"Downloads\"}]},{\"@type\":\"WebSite\",\"@id\":\"https:\\\/\\\/www.ttvvalve.com\\\/#website\",\"url\":\"https:\\\/\\\/www.ttvvalve.com\\\/\",\"name\":\"TTV\",\"description\":\"Fabricaci\u00f3n y Distribuci\u00f3n de V\u00e1lvulas\",\"publisher\":{\"@id\":\"https:\\\/\\\/www.ttvvalve.com\\\/#organization\"},\"potentialAction\":[{\"@type\":\"SearchAction\",\"target\":{\"@type\":\"EntryPoint\",\"urlTemplate\":\"https:\\\/\\\/www.ttvvalve.com\\\/?s={search_term_string}\"},\"query-input\":{\"@type\":\"PropertyValueSpecification\",\"valueRequired\":true,\"valueName\":\"search_term_string\"}}],\"inLanguage\":\"de\"},{\"@type\":\"Organization\",\"@id\":\"https:\\\/\\\/www.ttvvalve.com\\\/#organization\",\"name\":\"TTV\",\"url\":\"https:\\\/\\\/www.ttvvalve.com\\\/\",\"logo\":{\"@type\":\"ImageObject\",\"inLanguage\":\"de\",\"@id\":\"https:\\\/\\\/www.ttvvalve.com\\\/#\\\/schema\\\/logo\\\/image\\\/\",\"url\":\"https:\\\/\\\/www.ttvvalve.com\\\/wp-content\\\/uploads\\\/2022\\\/07\\\/logo-ttv-reducido.jpg\",\"contentUrl\":\"https:\\\/\\\/www.ttvvalve.com\\\/wp-content\\\/uploads\\\/2022\\\/07\\\/logo-ttv-reducido.jpg\",\"width\":100,\"height\":58,\"caption\":\"TTV\"},\"image\":{\"@id\":\"https:\\\/\\\/www.ttvvalve.com\\\/#\\\/schema\\\/logo\\\/image\\\/\"}}]}<\/script>\n<!-- \/ Yoast SEO plugin. -->","yoast_head_json":{"title":"Downloads - TTV","description":"M\u00f6chten Sie mehr \u00fcber unsere Ventile erfahren? Laden Sie unsere Kataloge der verschiedenen von uns hergestellten Ventiltypen herunter.","robots":{"index":"index","follow":"follow","max-snippet":"max-snippet:-1","max-image-preview":"max-image-preview:large","max-video-preview":"max-video-preview:-1"},"canonical":"https:\/\/www.ttvvalve.com\/fr\/telechargements\/","og_locale":"de_DE","og_type":"article","og_title":"Downloads - TTV","og_description":"M\u00f6chten Sie mehr \u00fcber unsere Ventile erfahren? Laden Sie unsere Kataloge der verschiedenen von uns hergestellten Ventiltypen herunter.","og_url":"https:\/\/www.ttvvalve.com\/fr\/telechargements\/","og_site_name":"TTV","article_modified_time":"2023-09-12T08:00:54+00:00","og_image":[{"url":"https:\/\/www.ttvvalve.com\/wp-content\/uploads\/2023\/09\/TTV-COLOSSUS-CATALOGO-Y-MANUAL-DE-INSTRUCCIONES-ING_1_red.webp","type":"","width":"","height":""}],"twitter_card":"summary_large_image","twitter_misc":{"Gesch\u00e4tzte Lesezeit":"2\u00a0Minuten"},"schema":{"@context":"https:\/\/schema.org","@graph":[{"@type":"WebPage","@id":"https:\/\/www.ttvvalve.com\/fr\/telechargements\/","url":"https:\/\/www.ttvvalve.com\/fr\/telechargements\/","name":"Downloads - TTV","isPartOf":{"@id":"https:\/\/www.ttvvalve.com\/#website"},"primaryImageOfPage":{"@id":"https:\/\/www.ttvvalve.com\/fr\/telechargements\/#primaryimage"},"image":{"@id":"https:\/\/www.ttvvalve.com\/fr\/telechargements\/#primaryimage"},"thumbnailUrl":"https:\/\/www.ttvvalve.com\/wp-content\/uploads\/2023\/09\/TTV-COLOSSUS-CATALOGO-Y-MANUAL-DE-INSTRUCCIONES-ING_1_red.webp","datePublished":"2022-07-06T09:01:42+00:00","dateModified":"2023-09-12T08:00:54+00:00","description":"M\u00f6chten Sie mehr \u00fcber unsere Ventile erfahren? Laden Sie unsere Kataloge der verschiedenen von uns hergestellten Ventiltypen herunter.","breadcrumb":{"@id":"https:\/\/www.ttvvalve.com\/fr\/telechargements\/#breadcrumb"},"inLanguage":"de","potentialAction":[{"@type":"ReadAction","target":["https:\/\/www.ttvvalve.com\/fr\/telechargements\/"]}]},{"@type":"ImageObject","inLanguage":"de","@id":"https:\/\/www.ttvvalve.com\/fr\/telechargements\/#primaryimage","url":"https:\/\/www.ttvvalve.com\/wp-content\/uploads\/2023\/09\/TTV-COLOSSUS-CATALOGO-Y-MANUAL-DE-INSTRUCCIONES-ING_1_red.webp","contentUrl":"https:\/\/www.ttvvalve.com\/wp-content\/uploads\/2023\/09\/TTV-COLOSSUS-CATALOGO-Y-MANUAL-DE-INSTRUCCIONES-ING_1_red.webp"},{"@type":"BreadcrumbList","@id":"https:\/\/www.ttvvalve.com\/fr\/telechargements\/#breadcrumb","itemListElement":[{"@type":"ListItem","position":1,"name":"Portada","item":"https:\/\/www.ttvvalve.com\/de\/"},{"@type":"ListItem","position":2,"name":"Downloads"}]},{"@type":"WebSite","@id":"https:\/\/www.ttvvalve.com\/#website","url":"https:\/\/www.ttvvalve.com\/","name":"TTV","description":"Fabricaci\u00f3n y Distribuci\u00f3n de V\u00e1lvulas","publisher":{"@id":"https:\/\/www.ttvvalve.com\/#organization"},"potentialAction":[{"@type":"SearchAction","target":{"@type":"EntryPoint","urlTemplate":"https:\/\/www.ttvvalve.com\/?s={search_term_string}"},"query-input":{"@type":"PropertyValueSpecification","valueRequired":true,"valueName":"search_term_string"}}],"inLanguage":"de"},{"@type":"Organization","@id":"https:\/\/www.ttvvalve.com\/#organization","name":"TTV","url":"https:\/\/www.ttvvalve.com\/","logo":{"@type":"ImageObject","inLanguage":"de","@id":"https:\/\/www.ttvvalve.com\/#\/schema\/logo\/image\/","url":"https:\/\/www.ttvvalve.com\/wp-content\/uploads\/2022\/07\/logo-ttv-reducido.jpg","contentUrl":"https:\/\/www.ttvvalve.com\/wp-content\/uploads\/2022\/07\/logo-ttv-reducido.jpg","width":100,"height":58,"caption":"TTV"},"image":{"@id":"https:\/\/www.ttvvalve.com\/#\/schema\/logo\/image\/"}}]}},"_links":{"self":[{"href":"https:\/\/www.ttvvalve.com\/de\/wp-json\/wp\/v2\/pages\/1464","targetHints":{"allow":["GET"]}}],"collection":[{"href":"https:\/\/www.ttvvalve.com\/de\/wp-json\/wp\/v2\/pages"}],"about":[{"href":"https:\/\/www.ttvvalve.com\/de\/wp-json\/wp\/v2\/types\/page"}],"author":[{"embeddable":true,"href":"https:\/\/www.ttvvalve.com\/de\/wp-json\/wp\/v2\/users\/1"}],"replies":[{"embeddable":true,"href":"https:\/\/www.ttvvalve.com\/de\/wp-json\/wp\/v2\/comments?post=1464"}],"version-history":[{"count":9,"href":"https:\/\/www.ttvvalve.com\/de\/wp-json\/wp\/v2\/pages\/1464\/revisions"}],"predecessor-version":[{"id":4761,"href":"https:\/\/www.ttvvalve.com\/de\/wp-json\/wp\/v2\/pages\/1464\/revisions\/4761"}],"wp:attachment":[{"href":"https:\/\/www.ttvvalve.com\/de\/wp-json\/wp\/v2\/media?parent=1464"}],"curies":[{"name":"wp","href":"https:\/\/api.w.org\/{rel}","templated":true}]}}