{"id":3689,"date":"2022-08-12T08:06:19","date_gmt":"2022-08-12T08:06:19","guid":{"rendered":"https:\/\/www.ttvvalve.com\/%d9%85%d9%86%d8%aa%d8%ac%d8%a7%d8%aa\/%d8%b5%d9%85%d8%a7%d9%85%d8%a7%d8%aa-%d8%b0%d8%a7%d8%aa-%d9%84%d8%a7%d8%aa%d9%85%d8%b1%d9%83%d8%b2%d9%8a%d8%a9-%d8%ab%d9%84%d8%a7%d8%ab%d9%8a%d8%a9\/"},"modified":"2023-07-26T09:51:22","modified_gmt":"2023-07-26T09:51:22","slug":"%d8%b5%d9%85%d8%a7%d9%85%d8%a7%d8%aa-%d8%b0%d8%a7%d8%aa-%d9%84%d8%a7%d8%aa%d9%85%d8%b1%d9%83%d8%b2%d9%8a%d8%a9-%d8%ab%d9%84%d8%a7%d8%ab%d9%8a%d8%a9","status":"publish","type":"page","link":"https:\/\/www.ttvvalve.com\/ar\/%d9%85%d9%86%d8%aa%d8%ac%d8%a7%d8%aa\/%d8%b5%d9%85%d8%a7%d9%85%d8%a7%d8%aa-%d8%b0%d8%a7%d8%aa-%d9%84%d8%a7%d8%aa%d9%85%d8%b1%d9%83%d8%b2%d9%8a%d8%a9-%d8%ab%d9%84%d8%a7%d8%ab%d9%8a%d8%a9\/","title":{"rendered":"\u0635\u0645\u0627\u0645\u0627\u062a \u0630\u0627\u062a \u0644\u0627\u062a\u0645\u0631\u0643\u0632\u064a\u0629 \u062b\u0644\u0627\u062b\u064a\u0629"},"content":{"rendered":"\t\t<div data-elementor-type=\"wp-page\" data-elementor-id=\"3689\" class=\"elementor elementor-3689 elementor-383\" data-elementor-post-type=\"page\">\n\t\t\t\t\t\t<section class=\"elementor-section elementor-top-section elementor-element elementor-element-ad13393 elementor-section-full_width elementor-section-height-min-height elementor-section-height-default elementor-section-items-middle\" data-id=\"ad13393\" data-element_type=\"section\" data-e-type=\"section\">\n\t\t\t\t\t\t<div class=\"elementor-container elementor-column-gap-default\">\n\t\t\t\t\t<div class=\"elementor-column elementor-col-100 elementor-top-column elementor-element elementor-element-f4b7a30\" data-id=\"f4b7a30\" data-element_type=\"column\" data-e-type=\"column\">\n\t\t\t<div class=\"elementor-widget-wrap elementor-element-populated\">\n\t\t\t\t\t\t<div class=\"elementor-element elementor-element-1ab2a39 elementor-widget elementor-widget-heading\" data-id=\"1ab2a39\" data-element_type=\"widget\" data-e-type=\"widget\" data-widget_type=\"heading.default\">\n\t\t\t\t<div class=\"elementor-widget-container\">\n\t\t\t\t\t<h2 class=\"elementor-heading-title elementor-size-xxl\">\u0635\u0645\u0627\u0645\u0627\u062a \u0630\u0627\u062a \u0644\u0627\u062a\u0645\u0631\u0643\u0632\u064a\u0629 \u062b\u0644\u0627\u062b\u064a\u0629 \u0645\u0646 \u062a\u0643\u0646\u064a\u0643\u0627\u0633 \u062a\u0631\u0627\u0646\u0633\u0641\u0648\u0631\u0645\u0627\u0633\u064a\u0648\u0646\u0633 \u0627\u064a \u0628\u064a\u0646\u062a\u0627\u0633 \u0644\u0644\u0635\u0645\u0627\u0645\u0627\u062a<\/h2>\t\t\t\t<\/div>\n\t\t\t\t<\/div>\n\t\t\t\t<section class=\"elementor-section elementor-inner-section elementor-element elementor-element-828c93e elementor-section-height-min-height elementor-section-boxed elementor-section-height-default\" data-id=\"828c93e\" data-element_type=\"section\" data-e-type=\"section\">\n\t\t\t\t\t\t<div class=\"elementor-container elementor-column-gap-default\">\n\t\t\t\t\t<div class=\"elementor-column elementor-col-100 elementor-inner-column elementor-element elementor-element-689b9e3\" data-id=\"689b9e3\" data-element_type=\"column\" data-e-type=\"column\">\n\t\t\t<div class=\"elementor-widget-wrap elementor-element-populated\">\n\t\t\t\t\t\t<div class=\"elementor-element elementor-element-a1d3ed0 elementor-widget elementor-widget-image\" data-id=\"a1d3ed0\" data-element_type=\"widget\" data-e-type=\"widget\" data-widget_type=\"image.default\">\n\t\t\t\t<div class=\"elementor-widget-container\">\n\t\t\t\t\t\t\t\t\t\t\t\t\t\t\t\t<a href=\"https:\/\/www.ttvvalve.com\/ar\/%d8%b5%d9%85%d8%a7%d9%85-%d8%aa%d8%b1%d9%8a%d8%aa%d9%8a%d9%88%d9%85\/\">\n\t\t\t\t\t\t\t<img decoding=\"async\" src=\"https:\/\/www.ttvvalve.com\/wp-content\/uploads\/elementor\/thumbs\/INOXIDABLE-prod-red_comp-q764o1gt047ho1krtzhcoc5yfiojktuju2c6rlsxoc.webp\" title=\"INOXIDABLE-prod-red_comp\" alt=\"INOXIDABLE-prod-red_comp\" loading=\"lazy\" \/>\t\t\t\t\t\t\t\t<\/a>\n\t\t\t\t\t\t\t\t\t\t\t\t\t\t\t<\/div>\n\t\t\t\t<\/div>\n\t\t\t\t<div class=\"elementor-element elementor-element-243abfd elementor-align-center elementor-widget elementor-widget-button\" data-id=\"243abfd\" data-element_type=\"widget\" data-e-type=\"widget\" data-widget_type=\"button.default\">\n\t\t\t\t<div class=\"elementor-widget-container\">\n\t\t\t\t\t\t\t\t\t<div class=\"elementor-button-wrapper\">\n\t\t\t\t\t<a class=\"elementor-button elementor-button-link elementor-size-sm\" href=\"https:\/\/www.ttvvalve.com\/ar\/%d8%b5%d9%85%d8%a7%d9%85-%d8%aa%d8%b1%d9%8a%d8%aa%d9%8a%d9%88%d9%85\/\">\n\t\t\t\t\t\t<span class=\"elementor-button-content-wrapper\">\n\t\t\t\t\t\t\t\t\t<span class=\"elementor-button-text\">\u0635\u0645\u0627\u0645 \u062a\u0631\u064a\u062a\u064a\u0648\u0645<\/span>\n\t\t\t\t\t<\/span>\n\t\t\t\t\t<\/a>\n\t\t\t\t<\/div>\n\t\t\t\t\t\t\t\t<\/div>\n\t\t\t\t<\/div>\n\t\t\t\t\t<\/div>\n\t\t<\/div>\n\t\t\t\t\t<\/div>\n\t\t<\/section>\n\t\t\t\t<div class=\"elementor-element elementor-element-15e435c elementor-widget elementor-widget-spacer\" data-id=\"15e435c\" data-element_type=\"widget\" data-e-type=\"widget\" data-widget_type=\"spacer.default\">\n\t\t\t\t<div class=\"elementor-widget-container\">\n\t\t\t\t\t\t\t<div class=\"elementor-spacer\">\n\t\t\t<div class=\"elementor-spacer-inner\"><\/div>\n\t\t<\/div>\n\t\t\t\t\t\t<\/div>\n\t\t\t\t<\/div>\n\t\t\t\t\t<\/div>\n\t\t<\/div>\n\t\t\t\t\t<\/div>\n\t\t<\/section>\n\t\t\t\t<\/div>\n\t\t","protected":false},"excerpt":{"rendered":"<p>\u0635\u0645\u0627\u0645\u0627\u062a \u0630\u0627\u062a \u0644\u0627\u062a\u0645\u0631\u0643\u0632\u064a\u0629 \u062b\u0644\u0627\u062b\u064a\u0629 \u0645\u0646 \u062a\u0643\u0646\u064a\u0643\u0627\u0633 \u062a\u0631\u0627\u0646\u0633\u0641\u0648\u0631\u0645\u0627\u0633\u064a\u0648\u0646\u0633 \u0627\u064a \u0628\u064a\u0646\u062a\u0627\u0633 \u0644\u0644\u0635\u0645\u0627\u0645\u0627\u062a \u0635\u0645\u0627\u0645 \u062a\u0631\u064a\u062a\u064a\u0648\u0645<\/p>\n","protected":false},"author":1,"featured_media":0,"parent":1405,"menu_order":0,"comment_status":"closed","ping_status":"closed","template":"elementor_header_footer","meta":{"footnotes":""},"class_list":["post-3689","page","type-page","status-publish","hentry"],"yoast_head":"<!-- This site is optimized with the Yoast SEO plugin v27.5 - https:\/\/yoast.com\/product\/yoast-seo-wordpress\/ -->\n<title>\u0635\u0645\u0627\u0645\u0627\u062a \u0630\u0627\u062a \u0644\u0627\u062a\u0645\u0631\u0643\u0632\u064a\u0629 \u062b\u0644\u0627\u062b\u064a\u0629 - TTV<\/title>\n<meta name=\"description\" content=\"\u062a\u0648\u0641\u0631 \u0627\u0644\u0635\u0645\u0627\u0645\u0627\u062a \u0630\u0627\u062a \u0627\u0644\u0644\u0627\u062a\u0645\u0631\u0643\u0632\u064a\u0629 \u0627\u0644\u062b\u0644\u0627\u062b\u064a\u0629 \u0623\u0648 \u0630\u0627\u062a \u0627\u0644\u0633\u0627\u0642 \u062b\u0644\u0627\u062b\u064a\u0629 \u0627\u0644\u0625\u0632\u0627\u062d\u0629 \u0645\u0646 \u062a\u0643\u0646\u064a\u0643\u0627\u0633 \u062a\u0631\u0627\u0646\u0633\u0641\u0648\u0631\u0645\u0627\u0633\u064a\u0648\u0646\u0633 \u0627\u064a \u0628\u064a\u0646\u062a\u0627\u0633 \u0623\u062f\u0627\u0621\u064b \u0639\u0627\u0644\u064a\u064b\u0627 \u0645\u0639 \u062a\u0635\u0645\u064a\u0645\u0627\u062a \u0645\u062a\u0648\u0627\u0641\u0642\u0629 \u0645\u0639 \u0645\u0639\u0627\u064a\u064a\u0631 \u0627\u0644\u0645\u0646\u0638\u0645\u0629 \u0627\u0644\u062f\u0648\u0644\u064a\u0629 \u0644\u062a\u0648\u062d\u064a\u062f \u0627\u0644\u0645\u0642\u0627\u064a\u064a\u0633.\" \/>\n<meta name=\"robots\" content=\"index, follow, max-snippet:-1, max-image-preview:large, max-video-preview:-1\" \/>\n<link rel=\"canonical\" href=\"https:\/\/www.ttvvalve.com\/ar\/\u0645\u0646\u062a\u062c\u0627\u062a\/\u0635\u0645\u0627\u0645\u0627\u062a-\u0630\u0627\u062a-\u0644\u0627\u062a\u0645\u0631\u0643\u0632\u064a\u0629-\u062b\u0644\u0627\u062b\u064a\u0629\/\" \/>\n<meta property=\"og:locale\" content=\"ar_AR\" \/>\n<meta property=\"og:type\" content=\"article\" \/>\n<meta property=\"og:title\" content=\"\u0635\u0645\u0627\u0645\u0627\u062a \u0630\u0627\u062a \u0644\u0627\u062a\u0645\u0631\u0643\u0632\u064a\u0629 \u062b\u0644\u0627\u062b\u064a\u0629 - TTV\" \/>\n<meta property=\"og:description\" content=\"\u062a\u0648\u0641\u0631 \u0627\u0644\u0635\u0645\u0627\u0645\u0627\u062a \u0630\u0627\u062a \u0627\u0644\u0644\u0627\u062a\u0645\u0631\u0643\u0632\u064a\u0629 \u0627\u0644\u062b\u0644\u0627\u062b\u064a\u0629 \u0623\u0648 \u0630\u0627\u062a \u0627\u0644\u0633\u0627\u0642 \u062b\u0644\u0627\u062b\u064a\u0629 \u0627\u0644\u0625\u0632\u0627\u062d\u0629 \u0645\u0646 \u062a\u0643\u0646\u064a\u0643\u0627\u0633 \u062a\u0631\u0627\u0646\u0633\u0641\u0648\u0631\u0645\u0627\u0633\u064a\u0648\u0646\u0633 \u0627\u064a \u0628\u064a\u0646\u062a\u0627\u0633 \u0623\u062f\u0627\u0621\u064b \u0639\u0627\u0644\u064a\u064b\u0627 \u0645\u0639 \u062a\u0635\u0645\u064a\u0645\u0627\u062a \u0645\u062a\u0648\u0627\u0641\u0642\u0629 \u0645\u0639 \u0645\u0639\u0627\u064a\u064a\u0631 \u0627\u0644\u0645\u0646\u0638\u0645\u0629 \u0627\u0644\u062f\u0648\u0644\u064a\u0629 \u0644\u062a\u0648\u062d\u064a\u062f \u0627\u0644\u0645\u0642\u0627\u064a\u064a\u0633.\" \/>\n<meta property=\"og:url\" content=\"https:\/\/www.ttvvalve.com\/ar\/\u0645\u0646\u062a\u062c\u0627\u062a\/\u0635\u0645\u0627\u0645\u0627\u062a-\u0630\u0627\u062a-\u0644\u0627\u062a\u0645\u0631\u0643\u0632\u064a\u0629-\u062b\u0644\u0627\u062b\u064a\u0629\/\" \/>\n<meta property=\"og:site_name\" content=\"TTV\" \/>\n<meta property=\"article:modified_time\" content=\"2023-07-26T09:51:22+00:00\" \/>\n<meta property=\"og:image\" content=\"https:\/\/www.ttvvalve.com\/wp-content\/uploads\/elementor\/thumbs\/INOXIDABLE-prod-red_comp-q764o1gt047ho1krtzhcoc5yfiojktuju2c6rlsxoc.webp\" \/>\n<meta name=\"twitter:card\" content=\"summary_large_image\" \/>\n<script type=\"application\/ld+json\" class=\"yoast-schema-graph\">{\"@context\":\"https:\\\/\\\/schema.org\",\"@graph\":[{\"@type\":\"WebPage\",\"@id\":\"https:\\\/\\\/www.ttvvalve.com\\\/ar\\\/%d9%85%d9%86%d8%aa%d8%ac%d8%a7%d8%aa\\\/%d8%b5%d9%85%d8%a7%d9%85%d8%a7%d8%aa-%d8%b0%d8%a7%d8%aa-%d9%84%d8%a7%d8%aa%d9%85%d8%b1%d9%83%d8%b2%d9%8a%d8%a9-%d8%ab%d9%84%d8%a7%d8%ab%d9%8a%d8%a9\\\/\",\"url\":\"https:\\\/\\\/www.ttvvalve.com\\\/ar\\\/%d9%85%d9%86%d8%aa%d8%ac%d8%a7%d8%aa\\\/%d8%b5%d9%85%d8%a7%d9%85%d8%a7%d8%aa-%d8%b0%d8%a7%d8%aa-%d9%84%d8%a7%d8%aa%d9%85%d8%b1%d9%83%d8%b2%d9%8a%d8%a9-%d8%ab%d9%84%d8%a7%d8%ab%d9%8a%d8%a9\\\/\",\"name\":\"\u0635\u0645\u0627\u0645\u0627\u062a \u0630\u0627\u062a \u0644\u0627\u062a\u0645\u0631\u0643\u0632\u064a\u0629 \u062b\u0644\u0627\u062b\u064a\u0629 - TTV\",\"isPartOf\":{\"@id\":\"https:\\\/\\\/www.ttvvalve.com\\\/#website\"},\"primaryImageOfPage\":{\"@id\":\"https:\\\/\\\/www.ttvvalve.com\\\/ar\\\/%d9%85%d9%86%d8%aa%d8%ac%d8%a7%d8%aa\\\/%d8%b5%d9%85%d8%a7%d9%85%d8%a7%d8%aa-%d8%b0%d8%a7%d8%aa-%d9%84%d8%a7%d8%aa%d9%85%d8%b1%d9%83%d8%b2%d9%8a%d8%a9-%d8%ab%d9%84%d8%a7%d8%ab%d9%8a%d8%a9\\\/#primaryimage\"},\"image\":{\"@id\":\"https:\\\/\\\/www.ttvvalve.com\\\/ar\\\/%d9%85%d9%86%d8%aa%d8%ac%d8%a7%d8%aa\\\/%d8%b5%d9%85%d8%a7%d9%85%d8%a7%d8%aa-%d8%b0%d8%a7%d8%aa-%d9%84%d8%a7%d8%aa%d9%85%d8%b1%d9%83%d8%b2%d9%8a%d8%a9-%d8%ab%d9%84%d8%a7%d8%ab%d9%8a%d8%a9\\\/#primaryimage\"},\"thumbnailUrl\":\"https:\\\/\\\/www.ttvvalve.com\\\/wp-content\\\/uploads\\\/elementor\\\/thumbs\\\/INOXIDABLE-prod-red_comp-q764o1gt047ho1krtzhcoc5yfiojktuju2c6rlsxoc.webp\",\"datePublished\":\"2022-08-12T08:06:19+00:00\",\"dateModified\":\"2023-07-26T09:51:22+00:00\",\"description\":\"\u062a\u0648\u0641\u0631 \u0627\u0644\u0635\u0645\u0627\u0645\u0627\u062a \u0630\u0627\u062a \u0627\u0644\u0644\u0627\u062a\u0645\u0631\u0643\u0632\u064a\u0629 \u0627\u0644\u062b\u0644\u0627\u062b\u064a\u0629 \u0623\u0648 \u0630\u0627\u062a \u0627\u0644\u0633\u0627\u0642 \u062b\u0644\u0627\u062b\u064a\u0629 \u0627\u0644\u0625\u0632\u0627\u062d\u0629 \u0645\u0646 \u062a\u0643\u0646\u064a\u0643\u0627\u0633 \u062a\u0631\u0627\u0646\u0633\u0641\u0648\u0631\u0645\u0627\u0633\u064a\u0648\u0646\u0633 \u0627\u064a \u0628\u064a\u0646\u062a\u0627\u0633 \u0623\u062f\u0627\u0621\u064b \u0639\u0627\u0644\u064a\u064b\u0627 \u0645\u0639 \u062a\u0635\u0645\u064a\u0645\u0627\u062a \u0645\u062a\u0648\u0627\u0641\u0642\u0629 \u0645\u0639 \u0645\u0639\u0627\u064a\u064a\u0631 \u0627\u0644\u0645\u0646\u0638\u0645\u0629 \u0627\u0644\u062f\u0648\u0644\u064a\u0629 \u0644\u062a\u0648\u062d\u064a\u062f \u0627\u0644\u0645\u0642\u0627\u064a\u064a\u0633.\",\"breadcrumb\":{\"@id\":\"https:\\\/\\\/www.ttvvalve.com\\\/ar\\\/%d9%85%d9%86%d8%aa%d8%ac%d8%a7%d8%aa\\\/%d8%b5%d9%85%d8%a7%d9%85%d8%a7%d8%aa-%d8%b0%d8%a7%d8%aa-%d9%84%d8%a7%d8%aa%d9%85%d8%b1%d9%83%d8%b2%d9%8a%d8%a9-%d8%ab%d9%84%d8%a7%d8%ab%d9%8a%d8%a9\\\/#breadcrumb\"},\"inLanguage\":\"ar\",\"potentialAction\":[{\"@type\":\"ReadAction\",\"target\":[\"https:\\\/\\\/www.ttvvalve.com\\\/ar\\\/%d9%85%d9%86%d8%aa%d8%ac%d8%a7%d8%aa\\\/%d8%b5%d9%85%d8%a7%d9%85%d8%a7%d8%aa-%d8%b0%d8%a7%d8%aa-%d9%84%d8%a7%d8%aa%d9%85%d8%b1%d9%83%d8%b2%d9%8a%d8%a9-%d8%ab%d9%84%d8%a7%d8%ab%d9%8a%d8%a9\\\/\"]}]},{\"@type\":\"ImageObject\",\"inLanguage\":\"ar\",\"@id\":\"https:\\\/\\\/www.ttvvalve.com\\\/ar\\\/%d9%85%d9%86%d8%aa%d8%ac%d8%a7%d8%aa\\\/%d8%b5%d9%85%d8%a7%d9%85%d8%a7%d8%aa-%d8%b0%d8%a7%d8%aa-%d9%84%d8%a7%d8%aa%d9%85%d8%b1%d9%83%d8%b2%d9%8a%d8%a9-%d8%ab%d9%84%d8%a7%d8%ab%d9%8a%d8%a9\\\/#primaryimage\",\"url\":\"https:\\\/\\\/www.ttvvalve.com\\\/wp-content\\\/uploads\\\/elementor\\\/thumbs\\\/INOXIDABLE-prod-red_comp-q764o1gt047ho1krtzhcoc5yfiojktuju2c6rlsxoc.webp\",\"contentUrl\":\"https:\\\/\\\/www.ttvvalve.com\\\/wp-content\\\/uploads\\\/elementor\\\/thumbs\\\/INOXIDABLE-prod-red_comp-q764o1gt047ho1krtzhcoc5yfiojktuju2c6rlsxoc.webp\"},{\"@type\":\"BreadcrumbList\",\"@id\":\"https:\\\/\\\/www.ttvvalve.com\\\/ar\\\/%d9%85%d9%86%d8%aa%d8%ac%d8%a7%d8%aa\\\/%d8%b5%d9%85%d8%a7%d9%85%d8%a7%d8%aa-%d8%b0%d8%a7%d8%aa-%d9%84%d8%a7%d8%aa%d9%85%d8%b1%d9%83%d8%b2%d9%8a%d8%a9-%d8%ab%d9%84%d8%a7%d8%ab%d9%8a%d8%a9\\\/#breadcrumb\",\"itemListElement\":[{\"@type\":\"ListItem\",\"position\":1,\"name\":\"Portada\",\"item\":\"https:\\\/\\\/www.ttvvalve.com\\\/ar\\\/\"},{\"@type\":\"ListItem\",\"position\":2,\"name\":\"\u0627\u0644\u0645\u0646\u062a\u062c\u0627\u062a\",\"item\":\"https:\\\/\\\/www.ttvvalve.com\\\/ar\\\/%d9%85%d9%86%d8%aa%d8%ac%d8%a7%d8%aa\\\/\"},{\"@type\":\"ListItem\",\"position\":3,\"name\":\"\u0635\u0645\u0627\u0645\u0627\u062a \u0630\u0627\u062a \u0644\u0627\u062a\u0645\u0631\u0643\u0632\u064a\u0629 \u062b\u0644\u0627\u062b\u064a\u0629\"}]},{\"@type\":\"WebSite\",\"@id\":\"https:\\\/\\\/www.ttvvalve.com\\\/#website\",\"url\":\"https:\\\/\\\/www.ttvvalve.com\\\/\",\"name\":\"TTV\",\"description\":\"Fabricaci\u00f3n y Distribuci\u00f3n de V\u00e1lvulas\",\"publisher\":{\"@id\":\"https:\\\/\\\/www.ttvvalve.com\\\/#organization\"},\"potentialAction\":[{\"@type\":\"SearchAction\",\"target\":{\"@type\":\"EntryPoint\",\"urlTemplate\":\"https:\\\/\\\/www.ttvvalve.com\\\/?s={search_term_string}\"},\"query-input\":{\"@type\":\"PropertyValueSpecification\",\"valueRequired\":true,\"valueName\":\"search_term_string\"}}],\"inLanguage\":\"ar\"},{\"@type\":\"Organization\",\"@id\":\"https:\\\/\\\/www.ttvvalve.com\\\/#organization\",\"name\":\"TTV\",\"url\":\"https:\\\/\\\/www.ttvvalve.com\\\/\",\"logo\":{\"@type\":\"ImageObject\",\"inLanguage\":\"ar\",\"@id\":\"https:\\\/\\\/www.ttvvalve.com\\\/#\\\/schema\\\/logo\\\/image\\\/\",\"url\":\"https:\\\/\\\/www.ttvvalve.com\\\/wp-content\\\/uploads\\\/2022\\\/07\\\/logo-ttv-reducido.jpg\",\"contentUrl\":\"https:\\\/\\\/www.ttvvalve.com\\\/wp-content\\\/uploads\\\/2022\\\/07\\\/logo-ttv-reducido.jpg\",\"width\":100,\"height\":58,\"caption\":\"TTV\"},\"image\":{\"@id\":\"https:\\\/\\\/www.ttvvalve.com\\\/#\\\/schema\\\/logo\\\/image\\\/\"}}]}<\/script>\n<!-- \/ Yoast SEO plugin. -->","yoast_head_json":{"title":"\u0635\u0645\u0627\u0645\u0627\u062a \u0630\u0627\u062a \u0644\u0627\u062a\u0645\u0631\u0643\u0632\u064a\u0629 \u062b\u0644\u0627\u062b\u064a\u0629 - TTV","description":"\u062a\u0648\u0641\u0631 \u0627\u0644\u0635\u0645\u0627\u0645\u0627\u062a \u0630\u0627\u062a \u0627\u0644\u0644\u0627\u062a\u0645\u0631\u0643\u0632\u064a\u0629 \u0627\u0644\u062b\u0644\u0627\u062b\u064a\u0629 \u0623\u0648 \u0630\u0627\u062a \u0627\u0644\u0633\u0627\u0642 \u062b\u0644\u0627\u062b\u064a\u0629 \u0627\u0644\u0625\u0632\u0627\u062d\u0629 \u0645\u0646 \u062a\u0643\u0646\u064a\u0643\u0627\u0633 \u062a\u0631\u0627\u0646\u0633\u0641\u0648\u0631\u0645\u0627\u0633\u064a\u0648\u0646\u0633 \u0627\u064a \u0628\u064a\u0646\u062a\u0627\u0633 \u0623\u062f\u0627\u0621\u064b \u0639\u0627\u0644\u064a\u064b\u0627 \u0645\u0639 \u062a\u0635\u0645\u064a\u0645\u0627\u062a \u0645\u062a\u0648\u0627\u0641\u0642\u0629 \u0645\u0639 \u0645\u0639\u0627\u064a\u064a\u0631 \u0627\u0644\u0645\u0646\u0638\u0645\u0629 \u0627\u0644\u062f\u0648\u0644\u064a\u0629 \u0644\u062a\u0648\u062d\u064a\u062f \u0627\u0644\u0645\u0642\u0627\u064a\u064a\u0633.","robots":{"index":"index","follow":"follow","max-snippet":"max-snippet:-1","max-image-preview":"max-image-preview:large","max-video-preview":"max-video-preview:-1"},"canonical":"https:\/\/www.ttvvalve.com\/ar\/\u0645\u0646\u062a\u062c\u0627\u062a\/\u0635\u0645\u0627\u0645\u0627\u062a-\u0630\u0627\u062a-\u0644\u0627\u062a\u0645\u0631\u0643\u0632\u064a\u0629-\u062b\u0644\u0627\u062b\u064a\u0629\/","og_locale":"ar_AR","og_type":"article","og_title":"\u0635\u0645\u0627\u0645\u0627\u062a \u0630\u0627\u062a \u0644\u0627\u062a\u0645\u0631\u0643\u0632\u064a\u0629 \u062b\u0644\u0627\u062b\u064a\u0629 - TTV","og_description":"\u062a\u0648\u0641\u0631 \u0627\u0644\u0635\u0645\u0627\u0645\u0627\u062a \u0630\u0627\u062a \u0627\u0644\u0644\u0627\u062a\u0645\u0631\u0643\u0632\u064a\u0629 \u0627\u0644\u062b\u0644\u0627\u062b\u064a\u0629 \u0623\u0648 \u0630\u0627\u062a \u0627\u0644\u0633\u0627\u0642 \u062b\u0644\u0627\u062b\u064a\u0629 \u0627\u0644\u0625\u0632\u0627\u062d\u0629 \u0645\u0646 \u062a\u0643\u0646\u064a\u0643\u0627\u0633 \u062a\u0631\u0627\u0646\u0633\u0641\u0648\u0631\u0645\u0627\u0633\u064a\u0648\u0646\u0633 \u0627\u064a \u0628\u064a\u0646\u062a\u0627\u0633 \u0623\u062f\u0627\u0621\u064b \u0639\u0627\u0644\u064a\u064b\u0627 \u0645\u0639 \u062a\u0635\u0645\u064a\u0645\u0627\u062a \u0645\u062a\u0648\u0627\u0641\u0642\u0629 \u0645\u0639 \u0645\u0639\u0627\u064a\u064a\u0631 \u0627\u0644\u0645\u0646\u0638\u0645\u0629 \u0627\u0644\u062f\u0648\u0644\u064a\u0629 \u0644\u062a\u0648\u062d\u064a\u062f \u0627\u0644\u0645\u0642\u0627\u064a\u064a\u0633.","og_url":"https:\/\/www.ttvvalve.com\/ar\/\u0645\u0646\u062a\u062c\u0627\u062a\/\u0635\u0645\u0627\u0645\u0627\u062a-\u0630\u0627\u062a-\u0644\u0627\u062a\u0645\u0631\u0643\u0632\u064a\u0629-\u062b\u0644\u0627\u062b\u064a\u0629\/","og_site_name":"TTV","article_modified_time":"2023-07-26T09:51:22+00:00","og_image":[{"url":"https:\/\/www.ttvvalve.com\/wp-content\/uploads\/elementor\/thumbs\/INOXIDABLE-prod-red_comp-q764o1gt047ho1krtzhcoc5yfiojktuju2c6rlsxoc.webp","type":"","width":"","height":""}],"twitter_card":"summary_large_image","schema":{"@context":"https:\/\/schema.org","@graph":[{"@type":"WebPage","@id":"https:\/\/www.ttvvalve.com\/ar\/%d9%85%d9%86%d8%aa%d8%ac%d8%a7%d8%aa\/%d8%b5%d9%85%d8%a7%d9%85%d8%a7%d8%aa-%d8%b0%d8%a7%d8%aa-%d9%84%d8%a7%d8%aa%d9%85%d8%b1%d9%83%d8%b2%d9%8a%d8%a9-%d8%ab%d9%84%d8%a7%d8%ab%d9%8a%d8%a9\/","url":"https:\/\/www.ttvvalve.com\/ar\/%d9%85%d9%86%d8%aa%d8%ac%d8%a7%d8%aa\/%d8%b5%d9%85%d8%a7%d9%85%d8%a7%d8%aa-%d8%b0%d8%a7%d8%aa-%d9%84%d8%a7%d8%aa%d9%85%d8%b1%d9%83%d8%b2%d9%8a%d8%a9-%d8%ab%d9%84%d8%a7%d8%ab%d9%8a%d8%a9\/","name":"\u0635\u0645\u0627\u0645\u0627\u062a \u0630\u0627\u062a \u0644\u0627\u062a\u0645\u0631\u0643\u0632\u064a\u0629 \u062b\u0644\u0627\u062b\u064a\u0629 - TTV","isPartOf":{"@id":"https:\/\/www.ttvvalve.com\/#website"},"primaryImageOfPage":{"@id":"https:\/\/www.ttvvalve.com\/ar\/%d9%85%d9%86%d8%aa%d8%ac%d8%a7%d8%aa\/%d8%b5%d9%85%d8%a7%d9%85%d8%a7%d8%aa-%d8%b0%d8%a7%d8%aa-%d9%84%d8%a7%d8%aa%d9%85%d8%b1%d9%83%d8%b2%d9%8a%d8%a9-%d8%ab%d9%84%d8%a7%d8%ab%d9%8a%d8%a9\/#primaryimage"},"image":{"@id":"https:\/\/www.ttvvalve.com\/ar\/%d9%85%d9%86%d8%aa%d8%ac%d8%a7%d8%aa\/%d8%b5%d9%85%d8%a7%d9%85%d8%a7%d8%aa-%d8%b0%d8%a7%d8%aa-%d9%84%d8%a7%d8%aa%d9%85%d8%b1%d9%83%d8%b2%d9%8a%d8%a9-%d8%ab%d9%84%d8%a7%d8%ab%d9%8a%d8%a9\/#primaryimage"},"thumbnailUrl":"https:\/\/www.ttvvalve.com\/wp-content\/uploads\/elementor\/thumbs\/INOXIDABLE-prod-red_comp-q764o1gt047ho1krtzhcoc5yfiojktuju2c6rlsxoc.webp","datePublished":"2022-08-12T08:06:19+00:00","dateModified":"2023-07-26T09:51:22+00:00","description":"\u062a\u0648\u0641\u0631 \u0627\u0644\u0635\u0645\u0627\u0645\u0627\u062a \u0630\u0627\u062a \u0627\u0644\u0644\u0627\u062a\u0645\u0631\u0643\u0632\u064a\u0629 \u0627\u0644\u062b\u0644\u0627\u062b\u064a\u0629 \u0623\u0648 \u0630\u0627\u062a \u0627\u0644\u0633\u0627\u0642 \u062b\u0644\u0627\u062b\u064a\u0629 \u0627\u0644\u0625\u0632\u0627\u062d\u0629 \u0645\u0646 \u062a\u0643\u0646\u064a\u0643\u0627\u0633 \u062a\u0631\u0627\u0646\u0633\u0641\u0648\u0631\u0645\u0627\u0633\u064a\u0648\u0646\u0633 \u0627\u064a \u0628\u064a\u0646\u062a\u0627\u0633 \u0623\u062f\u0627\u0621\u064b \u0639\u0627\u0644\u064a\u064b\u0627 \u0645\u0639 \u062a\u0635\u0645\u064a\u0645\u0627\u062a \u0645\u062a\u0648\u0627\u0641\u0642\u0629 \u0645\u0639 \u0645\u0639\u0627\u064a\u064a\u0631 \u0627\u0644\u0645\u0646\u0638\u0645\u0629 \u0627\u0644\u062f\u0648\u0644\u064a\u0629 \u0644\u062a\u0648\u062d\u064a\u062f \u0627\u0644\u0645\u0642\u0627\u064a\u064a\u0633.","breadcrumb":{"@id":"https:\/\/www.ttvvalve.com\/ar\/%d9%85%d9%86%d8%aa%d8%ac%d8%a7%d8%aa\/%d8%b5%d9%85%d8%a7%d9%85%d8%a7%d8%aa-%d8%b0%d8%a7%d8%aa-%d9%84%d8%a7%d8%aa%d9%85%d8%b1%d9%83%d8%b2%d9%8a%d8%a9-%d8%ab%d9%84%d8%a7%d8%ab%d9%8a%d8%a9\/#breadcrumb"},"inLanguage":"ar","potentialAction":[{"@type":"ReadAction","target":["https:\/\/www.ttvvalve.com\/ar\/%d9%85%d9%86%d8%aa%d8%ac%d8%a7%d8%aa\/%d8%b5%d9%85%d8%a7%d9%85%d8%a7%d8%aa-%d8%b0%d8%a7%d8%aa-%d9%84%d8%a7%d8%aa%d9%85%d8%b1%d9%83%d8%b2%d9%8a%d8%a9-%d8%ab%d9%84%d8%a7%d8%ab%d9%8a%d8%a9\/"]}]},{"@type":"ImageObject","inLanguage":"ar","@id":"https:\/\/www.ttvvalve.com\/ar\/%d9%85%d9%86%d8%aa%d8%ac%d8%a7%d8%aa\/%d8%b5%d9%85%d8%a7%d9%85%d8%a7%d8%aa-%d8%b0%d8%a7%d8%aa-%d9%84%d8%a7%d8%aa%d9%85%d8%b1%d9%83%d8%b2%d9%8a%d8%a9-%d8%ab%d9%84%d8%a7%d8%ab%d9%8a%d8%a9\/#primaryimage","url":"https:\/\/www.ttvvalve.com\/wp-content\/uploads\/elementor\/thumbs\/INOXIDABLE-prod-red_comp-q764o1gt047ho1krtzhcoc5yfiojktuju2c6rlsxoc.webp","contentUrl":"https:\/\/www.ttvvalve.com\/wp-content\/uploads\/elementor\/thumbs\/INOXIDABLE-prod-red_comp-q764o1gt047ho1krtzhcoc5yfiojktuju2c6rlsxoc.webp"},{"@type":"BreadcrumbList","@id":"https:\/\/www.ttvvalve.com\/ar\/%d9%85%d9%86%d8%aa%d8%ac%d8%a7%d8%aa\/%d8%b5%d9%85%d8%a7%d9%85%d8%a7%d8%aa-%d8%b0%d8%a7%d8%aa-%d9%84%d8%a7%d8%aa%d9%85%d8%b1%d9%83%d8%b2%d9%8a%d8%a9-%d8%ab%d9%84%d8%a7%d8%ab%d9%8a%d8%a9\/#breadcrumb","itemListElement":[{"@type":"ListItem","position":1,"name":"Portada","item":"https:\/\/www.ttvvalve.com\/ar\/"},{"@type":"ListItem","position":2,"name":"\u0627\u0644\u0645\u0646\u062a\u062c\u0627\u062a","item":"https:\/\/www.ttvvalve.com\/ar\/%d9%85%d9%86%d8%aa%d8%ac%d8%a7%d8%aa\/"},{"@type":"ListItem","position":3,"name":"\u0635\u0645\u0627\u0645\u0627\u062a \u0630\u0627\u062a \u0644\u0627\u062a\u0645\u0631\u0643\u0632\u064a\u0629 \u062b\u0644\u0627\u062b\u064a\u0629"}]},{"@type":"WebSite","@id":"https:\/\/www.ttvvalve.com\/#website","url":"https:\/\/www.ttvvalve.com\/","name":"TTV","description":"Fabricaci\u00f3n y Distribuci\u00f3n de V\u00e1lvulas","publisher":{"@id":"https:\/\/www.ttvvalve.com\/#organization"},"potentialAction":[{"@type":"SearchAction","target":{"@type":"EntryPoint","urlTemplate":"https:\/\/www.ttvvalve.com\/?s={search_term_string}"},"query-input":{"@type":"PropertyValueSpecification","valueRequired":true,"valueName":"search_term_string"}}],"inLanguage":"ar"},{"@type":"Organization","@id":"https:\/\/www.ttvvalve.com\/#organization","name":"TTV","url":"https:\/\/www.ttvvalve.com\/","logo":{"@type":"ImageObject","inLanguage":"ar","@id":"https:\/\/www.ttvvalve.com\/#\/schema\/logo\/image\/","url":"https:\/\/www.ttvvalve.com\/wp-content\/uploads\/2022\/07\/logo-ttv-reducido.jpg","contentUrl":"https:\/\/www.ttvvalve.com\/wp-content\/uploads\/2022\/07\/logo-ttv-reducido.jpg","width":100,"height":58,"caption":"TTV"},"image":{"@id":"https:\/\/www.ttvvalve.com\/#\/schema\/logo\/image\/"}}]}},"_links":{"self":[{"href":"https:\/\/www.ttvvalve.com\/ar\/wp-json\/wp\/v2\/pages\/3689","targetHints":{"allow":["GET"]}}],"collection":[{"href":"https:\/\/www.ttvvalve.com\/ar\/wp-json\/wp\/v2\/pages"}],"about":[{"href":"https:\/\/www.ttvvalve.com\/ar\/wp-json\/wp\/v2\/types\/page"}],"author":[{"embeddable":true,"href":"https:\/\/www.ttvvalve.com\/ar\/wp-json\/wp\/v2\/users\/1"}],"replies":[{"embeddable":true,"href":"https:\/\/www.ttvvalve.com\/ar\/wp-json\/wp\/v2\/comments?post=3689"}],"version-history":[{"count":1,"href":"https:\/\/www.ttvvalve.com\/ar\/wp-json\/wp\/v2\/pages\/3689\/revisions"}],"predecessor-version":[{"id":3690,"href":"https:\/\/www.ttvvalve.com\/ar\/wp-json\/wp\/v2\/pages\/3689\/revisions\/3690"}],"up":[{"embeddable":true,"href":"https:\/\/www.ttvvalve.com\/ar\/wp-json\/wp\/v2\/pages\/1405"}],"wp:attachment":[{"href":"https:\/\/www.ttvvalve.com\/ar\/wp-json\/wp\/v2\/media?parent=3689"}],"curies":[{"name":"wp","href":"https:\/\/api.w.org\/{rel}","templated":true}]}}