{"id":3555,"date":"2023-06-15T07:20:06","date_gmt":"2023-06-15T07:20:06","guid":{"rendered":"https:\/\/www.ttvvalve.com\/%d8%a5%d8%b4%d8%b9%d8%a7%d8%b1-%d9%82%d8%a7%d9%86%d9%88%d9%86%d9%8a\/"},"modified":"2023-07-26T09:51:38","modified_gmt":"2023-07-26T09:51:38","slug":"%d8%a5%d8%b4%d8%b9%d8%a7%d8%b1-%d9%82%d8%a7%d9%86%d9%88%d9%86%d9%8a","status":"publish","type":"page","link":"https:\/\/www.ttvvalve.com\/ar\/%d8%a5%d8%b4%d8%b9%d8%a7%d8%b1-%d9%82%d8%a7%d9%86%d9%88%d9%86%d9%8a\/","title":{"rendered":"\u0625\u0634\u0639\u0627\u0631 \u0642\u0627\u0646\u0648\u0646\u064a"},"content":{"rendered":"\t\t<div data-elementor-type=\"wp-page\" data-elementor-id=\"3555\" class=\"elementor elementor-3555 elementor-3207\" data-elementor-post-type=\"page\">\n\t\t\t\t\t\t<section class=\"elementor-section elementor-top-section elementor-element elementor-element-5ba23e6 elementor-section-boxed elementor-section-height-default elementor-section-height-default\" data-id=\"5ba23e6\" data-element_type=\"section\" data-e-type=\"section\">\n\t\t\t\t\t\t<div class=\"elementor-container elementor-column-gap-default\">\n\t\t\t\t\t<div class=\"elementor-column elementor-col-100 elementor-top-column elementor-element elementor-element-b62e41b\" data-id=\"b62e41b\" data-element_type=\"column\" data-e-type=\"column\">\n\t\t\t<div class=\"elementor-widget-wrap elementor-element-populated\">\n\t\t\t\t\t\t<div class=\"elementor-element elementor-element-53d4612 elementor-widget elementor-widget-heading\" data-id=\"53d4612\" data-element_type=\"widget\" data-e-type=\"widget\" data-widget_type=\"heading.default\">\n\t\t\t\t<div class=\"elementor-widget-container\">\n\t\t\t\t\t<h2 class=\"elementor-heading-title elementor-size-xxl\">\u0625\u0634\u0639\u0627\u0631 \u0642\u0627\u0646\u0648\u0646\u064a<\/h2>\t\t\t\t<\/div>\n\t\t\t\t<\/div>\n\t\t\t\t<div class=\"elementor-element elementor-element-b270f83 elementor-widget elementor-widget-text-editor\" data-id=\"b270f83\" data-element_type=\"widget\" data-e-type=\"widget\" data-widget_type=\"text-editor.default\">\n\t\t\t\t<div class=\"elementor-widget-container\">\n\t\t\t\t\t\t\t\t\t<p dir=\"rtl\">\u0645\u0627\u0644\u0643 &nbsp;\u0627\u0644\u0645\u0648\u0642\u0639 \u0627\u0644\u0625\u0644\u0643\u062a\u0631\u0648\u0646\u064a <a href=\"https:\/\/www.ttvvalve.com\" dir=\"rtl\"> https:\/\/www.ttvvalve.com<\/a> \u0647\u0648 \u0627\u0644\u0634\u0631\u0643\u0629 \u0627\u0644\u0645\u0633\u0627\u0647\u0645\u0629 \u062a\u0643\u0646\u064a\u0643\u0627\u0633 \u062a\u0631\u0627\u0646\u0633\u0641\u0648\u0631\u0645\u0627\u0633\u064a\u0648\u0646\u0633 \u0627\u064a \u0628\u064a\u0646\u062a\u0627\u0633 \u0628\u0631\u0642\u0645 \u062a\u0639\u0631\u064a\u0641 \u0636\u0631\u064a\u0628\u064a A28775237\u060c \u0648\u0645\u0642\u0631\u0647\u0627 \u0641\u064a 11 \u0634\u0627\u0631\u0639 \u0633\u064a\u0641\u064a\u0631\u0648 \u0623\u0648\u062a\u0634\u0648\u0627\u060c \u0627\u0644\u0631\u0645\u0632 \u0627\u0644\u0628\u0631\u064a\u062f\u064a 28914\u060c \u0644\u064a\u062c\u0627\u0646\u064a\u0633 (\u0645\u062f\u0631\u064a\u062f). &nbsp;\u0648\u0627\u0644\u0634\u0631\u0643\u0629 \u0645\u0633\u062c\u0644\u0629 \u0641\u064a \u0627\u0644\u0633\u062c\u0644 \u0627\u0644\u062a\u062c\u0627\u0631\u064a \u0628\u0628\u064a\u0627\u0646\u0627\u062a \u0627\u0644\u062a\u0633\u062c\u064a\u0644 \u0627\u0644\u062a\u0627\u0644\u064a\u0629: \u0627\u0644\u0633\u062c\u0644 \u0627\u0644\u062a\u062c\u0627\u0631\u064a \u0644\u0645\u062f\u0631\u064a\u062f\u060c \u0627\u0644\u0645\u062c\u0644\u062f \u0631\u0642\u0645 4798\u060c \u0627\u0644\u0645\u0644\u0641 \u0631\u0642\u0645 1\u060c \u0627\u0644\u0642\u0633\u0645 \u0631\u0642\u0645 8\u060c \u0627\u0644\u0635\u062d\u064a\u0641\u0629 \u0631\u0642\u0645 M-78794\u060c \u0627\u0644\u062a\u0633\u062c\u064a\u0644 \u0631\u0642\u0645 9. \u0648\u0633\u0639\u064a\u064b\u0627 \u0644\u062c\u0639\u0644 \u0627\u0633\u062a\u062e\u062f\u0627\u0645 \u0627\u0644\u0645\u0648\u0642\u0639 \u0627\u0644\u0625\u0644\u0643\u062a\u0631\u0648\u0646\u064a \u064a\u062a\u0648\u0627\u0641\u0642 \u0645\u0639 \u0645\u0639\u0627\u064a\u064a\u0631 \u0627\u0644\u0634\u0641\u0627\u0641\u064a\u0629\u060c \u0648\u0627\u0644\u0648\u0636\u0648\u062d\u060c \u0648\u0627\u0644\u0628\u0633\u0627\u0637\u0629\u060c \u062a\u064f\u0639\u0644\u0650\u0645\u064f \u0627\u0644\u0634\u0631\u0643\u0629 \u0627\u0644\u0645\u0633\u0627\u0647\u0645\u0629 \u062a\u0643\u0646\u064a\u0643\u0627\u0633 \u062a\u0631\u0627\u0646\u0633\u0641\u0648\u0631\u0645\u0627\u0633\u064a\u0648\u0646\u0633 \u0627\u064a \u0628\u064a\u0646\u062a\u0627\u0633 \u0627\u0644\u0645\u0633\u062a\u062e\u062f\u0645 \u0623\u0646 \u0623\u064a \u0627\u0642\u062a\u0631\u0627\u062d\u060c \u0623\u0648 \u0645\u0634\u0643\u0644\u0629\u060c \u0623\u0648 \u0627\u0633\u062a\u0641\u0633\u0627\u0631 \u062d\u0648\u0644 \u0647\u0630\u0627 \u0627\u0644\u0625\u0634\u0639\u0627\u0631 \u0627\u0644\u0642\u0627\u0646\u0648\u0646\u064a \u0623\u0648 \u0623\u064a \u0648\u062b\u064a\u0642\u0629 \u0645\u0639\u0644\u0648\u0645\u0627\u062a \u0623\u062e\u0631\u0649 \u0644\u0644\u0645\u0648\u0642\u0639 \u0627\u0644\u0625\u0644\u0643\u062a\u0631\u0648\u0646\u064a \u0633\u064a\u062a\u0645 \u062a\u0644\u0642\u064a\u0647 \u0648\u0627\u0644\u062a\u0639\u0627\u0645\u0644 \u0645\u0639\u0647 \u0639\u0646 \u0637\u0631\u064a\u0642 \u0627\u0644\u062a\u0648\u0627\u0635\u0644 \u0645\u0639 \u0627\u0644\u0634\u0631\u0643\u0629 \u0627\u0644\u0645\u0633\u0627\u0647\u0645\u0629 \u062a\u0643\u0646\u064a\u0643\u0627\u0633 \u062a\u0631\u0627\u0646\u0633\u0641\u0648\u0631\u0645\u0627\u0633\u064a\u0648\u0646\u0633 \u0627\u064a \u0628\u064a\u0646\u062a\u0627\u0633 \u0645\u0646 \u062e\u0644\u0627\u0644 \u0639\u0646\u0648\u0627\u0646 \u0627\u0644\u0628\u0631\u064a\u062f \u0627\u0644\u0625\u0644\u0643\u062a\u0631\u0648\u0646\u064a: &nbsp;<strong dir=\"rtl\"><a href=\"mailto:valves@ttv.es\" dir=\"rtl\"> valves@ttv.es <\/a><\/strong><\/p>\n\t\t\t\t\t\t\t\t<\/div>\n\t\t\t\t<\/div>\n\t\t\t\t<div class=\"elementor-element elementor-element-4a59bae elementor-widget elementor-widget-heading\" data-id=\"4a59bae\" data-element_type=\"widget\" data-e-type=\"widget\" data-widget_type=\"heading.default\">\n\t\t\t\t<div class=\"elementor-widget-container\">\n\t\t\t\t\t<h2 class=\"elementor-heading-title elementor-size-default\">\u0627\u0644\u0645\u0644\u0643\u064a\u0629 \u0627\u0644\u0641\u0643\u0631\u064a\u0629<\/h2>\t\t\t\t<\/div>\n\t\t\t\t<\/div>\n\t\t\t\t<div class=\"elementor-element elementor-element-72c863d elementor-widget elementor-widget-text-editor\" data-id=\"72c863d\" data-element_type=\"widget\" data-e-type=\"widget\" data-widget_type=\"text-editor.default\">\n\t\t\t\t<div class=\"elementor-widget-container\">\n\t\t\t\t\t\t\t\t\t<p dir=\"rtl\">\u0643\u0627\u0641\u0629 \u0627\u0644\u0645\u062d\u062a\u0648\u064a\u0627\u062a \u0627\u0644\u0645\u0639\u0631\u0648\u0636\u0629 \u0639\u0644\u0649 \u0647\u0630\u0627 \u0627\u0644\u0645\u0648\u0642\u0639 \u0627\u0644\u0625\u0644\u0643\u062a\u0631\u0648\u0646\u064a\u060c \u062e\u0627\u0635\u0629\u064b \u0627\u0644\u062a\u0635\u0627\u0645\u064a\u0645\u060c \u0623\u0648 \u0627\u0644\u0646\u0635\u0648\u0635\u060c \u0623\u0648 \u0627\u0644\u0635\u0648\u0631\u060c \u0623\u0648 \u0627\u0644\u0634\u0639\u0627\u0631\u0627\u062a\u060c \u0623\u0648 \u0627\u0644\u0631\u0645\u0648\u0632\u060c \u0623\u0648 \u0627\u0644\u0623\u0633\u0645\u0627\u0621 \u0627\u0644\u062a\u062c\u0627\u0631\u064a\u0629\u060c \u0623\u0648 \u0627\u0644\u0639\u0644\u0627\u0645\u0627\u062a \u0627\u0644\u062a\u062c\u0627\u0631\u064a\u0629\u060c \u0623\u0648 \u0623\u064a \u0645\u0639\u0644\u0648\u0645\u0627\u062a \u0623\u062e\u0631\u0649 \u0642\u0627\u0628\u0644\u0629 \u0644\u0644\u0627\u0633\u062a\u062e\u062f\u0627\u0645 \u0627\u0644\u0635\u0646\u0627\u0639\u064a \u0648\/\u0623\u0648 \u0627\u0644\u062a\u062c\u0627\u0631\u064a\u060c \u0645\u062d\u0645\u064a\u0629 \u0628\u0645\u0648\u062c\u0628 \u062d\u0642\u0648\u0642 \u0627\u0644\u062a\u0623\u0644\u064a\u0641 \u0648\u0627\u0644\u0646\u0634\u0631 \u0630\u0627\u062a \u0627\u0644\u0635\u0644\u0629 \u062f\u0648\u0646 \u0627\u0644\u0633\u0645\u0627\u062d \u0628\u0646\u0633\u062e\u0647\u0627\u060c \u0623\u0648 \u0646\u0642\u0644\u0647\u0627\u060c \u0623\u0648 \u062a\u0633\u062c\u064a\u0644 \u0627\u0644\u0645\u0639\u0644\u0648\u0645\u0627\u062a \u0625\u0644\u0627 \u0628\u0625\u0630\u0646 \u0645\u0633\u0628\u0642 \u0645\u0646 \u0635\u0627\u062d\u0628 \u0627\u0644\u0645\u0648\u0642\u0639\u061b \u0623\u064a \u0627\u0644\u0634\u0631\u0643\u0629 \u0627\u0644\u0645\u0633\u0627\u0647\u0645\u0629 \u062a\u0643\u0646\u064a\u0643\u0627\u0633 \u062a\u0631\u0627\u0646\u0633\u0641\u0648\u0631\u0645\u0627\u0633\u064a\u0648\u0646\u0633 \u0627\u064a \u0628\u064a\u0646\u062a\u0627\u0633. \u0648\u0645\u0639 \u0630\u0644\u0643\u060c \u064a\u062c\u0648\u0632 \u0644\u0644\u0645\u0633\u062a\u062e\u062f\u0645 \u0627\u0633\u062a\u062e\u062f\u0627\u0645 \u0627\u0644\u0645\u0639\u0644\u0648\u0645\u0627\u062a \u0627\u0644\u0645\u0642\u062f\u0645\u0629 \u0644\u0625\u062f\u0627\u0631\u0629 \u0637\u0644\u0628\u0627\u062a\u0647 \u0648\u0645\u0639\u0644\u0648\u0645\u0627\u062a \u0627\u0644\u0627\u062a\u0635\u0627\u0644 \u0630\u0627\u062a \u0627\u0644\u0635\u0644\u0629.<\/p>\n\t\t\t\t\t\t\t\t<\/div>\n\t\t\t\t<\/div>\n\t\t\t\t<div class=\"elementor-element elementor-element-be04bb6 elementor-widget elementor-widget-heading\" data-id=\"be04bb6\" data-element_type=\"widget\" data-e-type=\"widget\" data-widget_type=\"heading.default\">\n\t\t\t\t<div class=\"elementor-widget-container\">\n\t\t\t\t\t<h2 class=\"elementor-heading-title elementor-size-default\">\u0627\u0644\u0631\u0648\u0627\u0628\u0637 \u0627\u0644\u0625\u0644\u0643\u062a\u0631\u0648\u0646\u064a\u0629<\/h2>\t\t\t\t<\/div>\n\t\t\t\t<\/div>\n\t\t\t\t<div class=\"elementor-element elementor-element-9a2ab25 elementor-widget elementor-widget-text-editor\" data-id=\"9a2ab25\" data-element_type=\"widget\" data-e-type=\"widget\" data-widget_type=\"text-editor.default\">\n\t\t\t\t<div class=\"elementor-widget-container\">\n\t\t\t\t\t\t\t\t\t<p dir=\"rtl\">\u0644\u0627 \u062a\u062a\u062d\u0645\u0644 \u0627\u0644\u0634\u0631\u0643\u0629 \u0627\u0644\u0645\u0633\u0627\u0647\u0645\u0629 \u062a\u0643\u0646\u064a\u0643\u0627\u0633 \u062a\u0631\u0627\u0646\u0633\u0641\u0648\u0631\u0645\u0627\u0633\u064a\u0648\u0646\u0633 \u0627\u064a \u0628\u064a\u0646\u062a\u0627\u0633 \u0623\u064a \u0645\u0633\u0624\u0648\u0644\u064a\u0629 \u0639\u0646 \u0627\u0644\u0631\u0648\u0627\u0628\u0637 \u0627\u0644\u062a\u064a \u062a\u0642\u0648\u062f \u0625\u0644\u0649 \u0645\u0648\u0627\u0642\u0639 \u0623\u0648 \u0635\u0641\u062d\u0627\u062a \u0625\u0644\u0643\u062a\u0631\u0648\u0646\u064a\u0629 \u0623\u062e\u0631\u0649 \u064a\u0645\u0643\u0646 \u062a\u0636\u0645\u064a\u0646\u0647\u0627 \u0641\u064a \u0627\u0644\u0645\u0648\u0642\u0639 \u0627\u0644\u0625\u0644\u0643\u062a\u0631\u0648\u0646\u064a \u0644\u0644\u0634\u0631\u0643\u0629\u060c \u0639\u0646\u062f \u0627\u0644\u0627\u0642\u062a\u0636\u0627\u0621\u061b \u0644\u0623\u0646\u0647\u0627 \u0644\u0627 \u062a\u0645\u0644\u0643 \u0623\u064a \u0646\u0648\u0639 \u0645\u0646 \u0627\u0644\u0633\u064a\u0637\u0631\u0629 \u0639\u0644\u064a\u0647\u0627\u060c \u0644\u0630\u0644\u0643 \u064a\u0637\u0644\u0639 \u0627\u0644\u0645\u0633\u062a\u062e\u062f\u0645 \u0639\u0644\u0649 \u0627\u0644\u0645\u062d\u062a\u0648\u0649 \u062a\u062d\u062a \u0645\u0633\u0624\u0648\u0644\u064a\u062a\u0647 \u0648\u062d\u062f\u0647 \u0648\u0628\u0645\u0648\u062c\u0628 \u0634\u0631\u0648\u0637 \u0627\u0644\u0627\u0633\u062a\u062e\u062f\u0627\u0645 \u0627\u0644\u062a\u064a \u062a\u062d\u0643\u0645 \u0647\u0630\u0647 \u0627\u0644\u0645\u0648\u0627\u0642\u0639 \u0648\u0627\u0644\u0635\u0641\u062d\u0627\u062a.<\/p>\n\t\t\t\t\t\t\t\t<\/div>\n\t\t\t\t<\/div>\n\t\t\t\t\t<\/div>\n\t\t<\/div>\n\t\t\t\t\t<\/div>\n\t\t<\/section>\n\t\t\t\t<\/div>\n\t\t","protected":false},"excerpt":{"rendered":"<p>\u0625\u0634\u0639\u0627\u0631 \u0642\u0627\u0646\u0648\u0646\u064a \u0645\u0627\u0644\u0643 &nbsp;\u0627\u0644\u0645\u0648\u0642\u0639 \u0627\u0644\u0625\u0644\u0643\u062a\u0631\u0648\u0646\u064a https:\/\/www.ttvvalve.com \u0647\u0648 \u0627\u0644\u0634\u0631\u0643\u0629 \u0627\u0644\u0645\u0633\u0627\u0647\u0645\u0629 \u062a\u0643\u0646\u064a\u0643\u0627\u0633 \u062a\u0631\u0627\u0646\u0633\u0641\u0648\u0631\u0645\u0627\u0633\u064a\u0648\u0646\u0633 \u0627\u064a \u0628\u064a\u0646\u062a\u0627\u0633 \u0628\u0631\u0642\u0645 \u062a\u0639\u0631\u064a\u0641 \u0636\u0631\u064a\u0628\u064a A28775237\u060c \u0648\u0645\u0642\u0631\u0647\u0627 \u0641\u064a 11 \u0634\u0627\u0631\u0639 \u0633\u064a\u0641\u064a\u0631\u0648 \u0623\u0648\u062a\u0634\u0648\u0627\u060c \u0627\u0644\u0631\u0645\u0632 \u0627\u0644\u0628\u0631\u064a\u062f\u064a 28914\u060c \u0644\u064a\u062c\u0627\u0646\u064a\u0633 (\u0645\u062f\u0631\u064a\u062f). &nbsp;\u0648\u0627\u0644\u0634\u0631\u0643\u0629 \u0645\u0633\u062c\u0644\u0629 \u0641\u064a \u0627\u0644\u0633\u062c\u0644 \u0627\u0644\u062a\u062c\u0627\u0631\u064a \u0628\u0628\u064a\u0627\u0646\u0627\u062a \u0627\u0644\u062a\u0633\u062c\u064a\u0644 \u0627\u0644\u062a\u0627\u0644\u064a\u0629: \u0627\u0644\u0633\u062c\u0644 \u0627\u0644\u062a\u062c\u0627\u0631\u064a \u0644\u0645\u062f\u0631\u064a\u062f\u060c \u0627\u0644\u0645\u062c\u0644\u062f \u0631\u0642\u0645 4798\u060c \u0627\u0644\u0645\u0644\u0641 \u0631\u0642\u0645 1\u060c \u0627\u0644\u0642\u0633\u0645 \u0631\u0642\u0645 8\u060c \u0627\u0644\u0635\u062d\u064a\u0641\u0629 \u0631\u0642\u0645 M-78794\u060c \u0627\u0644\u062a\u0633\u062c\u064a\u0644 \u0631\u0642\u0645 9. \u0648\u0633\u0639\u064a\u064b\u0627 [&hellip;]<\/p>\n","protected":false},"author":1,"featured_media":0,"parent":0,"menu_order":0,"comment_status":"closed","ping_status":"closed","template":"","meta":{"footnotes":""},"class_list":["post-3555","page","type-page","status-publish","hentry"],"yoast_head":"<!-- This site is optimized with the Yoast SEO plugin v27.5 - https:\/\/yoast.com\/product\/yoast-seo-wordpress\/ -->\n<title>\u0625\u0634\u0639\u0627\u0631 \u0642\u0627\u0646\u0648\u0646\u064a - TTV<\/title>\n<meta name=\"robots\" content=\"index, follow, max-snippet:-1, max-image-preview:large, max-video-preview:-1\" \/>\n<link rel=\"canonical\" href=\"https:\/\/www.ttvvalve.com\/ar\/\u0625\u0634\u0639\u0627\u0631-\u0642\u0627\u0646\u0648\u0646\u064a\/\" \/>\n<meta property=\"og:locale\" content=\"ar_AR\" \/>\n<meta property=\"og:type\" content=\"article\" \/>\n<meta property=\"og:title\" content=\"\u0625\u0634\u0639\u0627\u0631 \u0642\u0627\u0646\u0648\u0646\u064a - TTV\" \/>\n<meta property=\"og:description\" content=\"\u0625\u0634\u0639\u0627\u0631 \u0642\u0627\u0646\u0648\u0646\u064a \u0645\u0627\u0644\u0643 &nbsp;\u0627\u0644\u0645\u0648\u0642\u0639 \u0627\u0644\u0625\u0644\u0643\u062a\u0631\u0648\u0646\u064a https:\/\/www.ttvvalve.com \u0647\u0648 \u0627\u0644\u0634\u0631\u0643\u0629 \u0627\u0644\u0645\u0633\u0627\u0647\u0645\u0629 \u062a\u0643\u0646\u064a\u0643\u0627\u0633 \u062a\u0631\u0627\u0646\u0633\u0641\u0648\u0631\u0645\u0627\u0633\u064a\u0648\u0646\u0633 \u0627\u064a \u0628\u064a\u0646\u062a\u0627\u0633 \u0628\u0631\u0642\u0645 \u062a\u0639\u0631\u064a\u0641 \u0636\u0631\u064a\u0628\u064a A28775237\u060c \u0648\u0645\u0642\u0631\u0647\u0627 \u0641\u064a 11 \u0634\u0627\u0631\u0639 \u0633\u064a\u0641\u064a\u0631\u0648 \u0623\u0648\u062a\u0634\u0648\u0627\u060c \u0627\u0644\u0631\u0645\u0632 \u0627\u0644\u0628\u0631\u064a\u062f\u064a 28914\u060c \u0644\u064a\u062c\u0627\u0646\u064a\u0633 (\u0645\u062f\u0631\u064a\u062f). &nbsp;\u0648\u0627\u0644\u0634\u0631\u0643\u0629 \u0645\u0633\u062c\u0644\u0629 \u0641\u064a \u0627\u0644\u0633\u062c\u0644 \u0627\u0644\u062a\u062c\u0627\u0631\u064a \u0628\u0628\u064a\u0627\u0646\u0627\u062a \u0627\u0644\u062a\u0633\u062c\u064a\u0644 \u0627\u0644\u062a\u0627\u0644\u064a\u0629: \u0627\u0644\u0633\u062c\u0644 \u0627\u0644\u062a\u062c\u0627\u0631\u064a \u0644\u0645\u062f\u0631\u064a\u062f\u060c \u0627\u0644\u0645\u062c\u0644\u062f \u0631\u0642\u0645 4798\u060c \u0627\u0644\u0645\u0644\u0641 \u0631\u0642\u0645 1\u060c \u0627\u0644\u0642\u0633\u0645 \u0631\u0642\u0645 8\u060c \u0627\u0644\u0635\u062d\u064a\u0641\u0629 \u0631\u0642\u0645 M-78794\u060c \u0627\u0644\u062a\u0633\u062c\u064a\u0644 \u0631\u0642\u0645 9. \u0648\u0633\u0639\u064a\u064b\u0627 [&hellip;]\" \/>\n<meta property=\"og:url\" content=\"https:\/\/www.ttvvalve.com\/ar\/\u0625\u0634\u0639\u0627\u0631-\u0642\u0627\u0646\u0648\u0646\u064a\/\" \/>\n<meta property=\"og:site_name\" content=\"TTV\" \/>\n<meta property=\"article:modified_time\" content=\"2023-07-26T09:51:38+00:00\" \/>\n<meta name=\"twitter:card\" content=\"summary_large_image\" \/>\n<script type=\"application\/ld+json\" class=\"yoast-schema-graph\">{\"@context\":\"https:\\\/\\\/schema.org\",\"@graph\":[{\"@type\":\"WebPage\",\"@id\":\"https:\\\/\\\/www.ttvvalve.com\\\/ar\\\/%d8%a5%d8%b4%d8%b9%d8%a7%d8%b1-%d9%82%d8%a7%d9%86%d9%88%d9%86%d9%8a\\\/\",\"url\":\"https:\\\/\\\/www.ttvvalve.com\\\/ar\\\/%d8%a5%d8%b4%d8%b9%d8%a7%d8%b1-%d9%82%d8%a7%d9%86%d9%88%d9%86%d9%8a\\\/\",\"name\":\"\u0625\u0634\u0639\u0627\u0631 \u0642\u0627\u0646\u0648\u0646\u064a - TTV\",\"isPartOf\":{\"@id\":\"https:\\\/\\\/www.ttvvalve.com\\\/#website\"},\"datePublished\":\"2023-06-15T07:20:06+00:00\",\"dateModified\":\"2023-07-26T09:51:38+00:00\",\"breadcrumb\":{\"@id\":\"https:\\\/\\\/www.ttvvalve.com\\\/ar\\\/%d8%a5%d8%b4%d8%b9%d8%a7%d8%b1-%d9%82%d8%a7%d9%86%d9%88%d9%86%d9%8a\\\/#breadcrumb\"},\"inLanguage\":\"ar\",\"potentialAction\":[{\"@type\":\"ReadAction\",\"target\":[\"https:\\\/\\\/www.ttvvalve.com\\\/ar\\\/%d8%a5%d8%b4%d8%b9%d8%a7%d8%b1-%d9%82%d8%a7%d9%86%d9%88%d9%86%d9%8a\\\/\"]}]},{\"@type\":\"BreadcrumbList\",\"@id\":\"https:\\\/\\\/www.ttvvalve.com\\\/ar\\\/%d8%a5%d8%b4%d8%b9%d8%a7%d8%b1-%d9%82%d8%a7%d9%86%d9%88%d9%86%d9%8a\\\/#breadcrumb\",\"itemListElement\":[{\"@type\":\"ListItem\",\"position\":1,\"name\":\"Portada\",\"item\":\"https:\\\/\\\/www.ttvvalve.com\\\/ar\\\/\"},{\"@type\":\"ListItem\",\"position\":2,\"name\":\"\u0625\u0634\u0639\u0627\u0631 \u0642\u0627\u0646\u0648\u0646\u064a\"}]},{\"@type\":\"WebSite\",\"@id\":\"https:\\\/\\\/www.ttvvalve.com\\\/#website\",\"url\":\"https:\\\/\\\/www.ttvvalve.com\\\/\",\"name\":\"TTV\",\"description\":\"Fabricaci\u00f3n y Distribuci\u00f3n de V\u00e1lvulas\",\"publisher\":{\"@id\":\"https:\\\/\\\/www.ttvvalve.com\\\/#organization\"},\"potentialAction\":[{\"@type\":\"SearchAction\",\"target\":{\"@type\":\"EntryPoint\",\"urlTemplate\":\"https:\\\/\\\/www.ttvvalve.com\\\/?s={search_term_string}\"},\"query-input\":{\"@type\":\"PropertyValueSpecification\",\"valueRequired\":true,\"valueName\":\"search_term_string\"}}],\"inLanguage\":\"ar\"},{\"@type\":\"Organization\",\"@id\":\"https:\\\/\\\/www.ttvvalve.com\\\/#organization\",\"name\":\"TTV\",\"url\":\"https:\\\/\\\/www.ttvvalve.com\\\/\",\"logo\":{\"@type\":\"ImageObject\",\"inLanguage\":\"ar\",\"@id\":\"https:\\\/\\\/www.ttvvalve.com\\\/#\\\/schema\\\/logo\\\/image\\\/\",\"url\":\"https:\\\/\\\/www.ttvvalve.com\\\/wp-content\\\/uploads\\\/2022\\\/07\\\/logo-ttv-reducido.jpg\",\"contentUrl\":\"https:\\\/\\\/www.ttvvalve.com\\\/wp-content\\\/uploads\\\/2022\\\/07\\\/logo-ttv-reducido.jpg\",\"width\":100,\"height\":58,\"caption\":\"TTV\"},\"image\":{\"@id\":\"https:\\\/\\\/www.ttvvalve.com\\\/#\\\/schema\\\/logo\\\/image\\\/\"}}]}<\/script>\n<!-- \/ Yoast SEO plugin. -->","yoast_head_json":{"title":"\u0625\u0634\u0639\u0627\u0631 \u0642\u0627\u0646\u0648\u0646\u064a - TTV","robots":{"index":"index","follow":"follow","max-snippet":"max-snippet:-1","max-image-preview":"max-image-preview:large","max-video-preview":"max-video-preview:-1"},"canonical":"https:\/\/www.ttvvalve.com\/ar\/\u0625\u0634\u0639\u0627\u0631-\u0642\u0627\u0646\u0648\u0646\u064a\/","og_locale":"ar_AR","og_type":"article","og_title":"\u0625\u0634\u0639\u0627\u0631 \u0642\u0627\u0646\u0648\u0646\u064a - TTV","og_description":"\u0625\u0634\u0639\u0627\u0631 \u0642\u0627\u0646\u0648\u0646\u064a \u0645\u0627\u0644\u0643 &nbsp;\u0627\u0644\u0645\u0648\u0642\u0639 \u0627\u0644\u0625\u0644\u0643\u062a\u0631\u0648\u0646\u064a https:\/\/www.ttvvalve.com \u0647\u0648 \u0627\u0644\u0634\u0631\u0643\u0629 \u0627\u0644\u0645\u0633\u0627\u0647\u0645\u0629 \u062a\u0643\u0646\u064a\u0643\u0627\u0633 \u062a\u0631\u0627\u0646\u0633\u0641\u0648\u0631\u0645\u0627\u0633\u064a\u0648\u0646\u0633 \u0627\u064a \u0628\u064a\u0646\u062a\u0627\u0633 \u0628\u0631\u0642\u0645 \u062a\u0639\u0631\u064a\u0641 \u0636\u0631\u064a\u0628\u064a A28775237\u060c \u0648\u0645\u0642\u0631\u0647\u0627 \u0641\u064a 11 \u0634\u0627\u0631\u0639 \u0633\u064a\u0641\u064a\u0631\u0648 \u0623\u0648\u062a\u0634\u0648\u0627\u060c \u0627\u0644\u0631\u0645\u0632 \u0627\u0644\u0628\u0631\u064a\u062f\u064a 28914\u060c \u0644\u064a\u062c\u0627\u0646\u064a\u0633 (\u0645\u062f\u0631\u064a\u062f). &nbsp;\u0648\u0627\u0644\u0634\u0631\u0643\u0629 \u0645\u0633\u062c\u0644\u0629 \u0641\u064a \u0627\u0644\u0633\u062c\u0644 \u0627\u0644\u062a\u062c\u0627\u0631\u064a \u0628\u0628\u064a\u0627\u0646\u0627\u062a \u0627\u0644\u062a\u0633\u062c\u064a\u0644 \u0627\u0644\u062a\u0627\u0644\u064a\u0629: \u0627\u0644\u0633\u062c\u0644 \u0627\u0644\u062a\u062c\u0627\u0631\u064a \u0644\u0645\u062f\u0631\u064a\u062f\u060c \u0627\u0644\u0645\u062c\u0644\u062f \u0631\u0642\u0645 4798\u060c \u0627\u0644\u0645\u0644\u0641 \u0631\u0642\u0645 1\u060c \u0627\u0644\u0642\u0633\u0645 \u0631\u0642\u0645 8\u060c \u0627\u0644\u0635\u062d\u064a\u0641\u0629 \u0631\u0642\u0645 M-78794\u060c \u0627\u0644\u062a\u0633\u062c\u064a\u0644 \u0631\u0642\u0645 9. \u0648\u0633\u0639\u064a\u064b\u0627 [&hellip;]","og_url":"https:\/\/www.ttvvalve.com\/ar\/\u0625\u0634\u0639\u0627\u0631-\u0642\u0627\u0646\u0648\u0646\u064a\/","og_site_name":"TTV","article_modified_time":"2023-07-26T09:51:38+00:00","twitter_card":"summary_large_image","schema":{"@context":"https:\/\/schema.org","@graph":[{"@type":"WebPage","@id":"https:\/\/www.ttvvalve.com\/ar\/%d8%a5%d8%b4%d8%b9%d8%a7%d8%b1-%d9%82%d8%a7%d9%86%d9%88%d9%86%d9%8a\/","url":"https:\/\/www.ttvvalve.com\/ar\/%d8%a5%d8%b4%d8%b9%d8%a7%d8%b1-%d9%82%d8%a7%d9%86%d9%88%d9%86%d9%8a\/","name":"\u0625\u0634\u0639\u0627\u0631 \u0642\u0627\u0646\u0648\u0646\u064a - TTV","isPartOf":{"@id":"https:\/\/www.ttvvalve.com\/#website"},"datePublished":"2023-06-15T07:20:06+00:00","dateModified":"2023-07-26T09:51:38+00:00","breadcrumb":{"@id":"https:\/\/www.ttvvalve.com\/ar\/%d8%a5%d8%b4%d8%b9%d8%a7%d8%b1-%d9%82%d8%a7%d9%86%d9%88%d9%86%d9%8a\/#breadcrumb"},"inLanguage":"ar","potentialAction":[{"@type":"ReadAction","target":["https:\/\/www.ttvvalve.com\/ar\/%d8%a5%d8%b4%d8%b9%d8%a7%d8%b1-%d9%82%d8%a7%d9%86%d9%88%d9%86%d9%8a\/"]}]},{"@type":"BreadcrumbList","@id":"https:\/\/www.ttvvalve.com\/ar\/%d8%a5%d8%b4%d8%b9%d8%a7%d8%b1-%d9%82%d8%a7%d9%86%d9%88%d9%86%d9%8a\/#breadcrumb","itemListElement":[{"@type":"ListItem","position":1,"name":"Portada","item":"https:\/\/www.ttvvalve.com\/ar\/"},{"@type":"ListItem","position":2,"name":"\u0625\u0634\u0639\u0627\u0631 \u0642\u0627\u0646\u0648\u0646\u064a"}]},{"@type":"WebSite","@id":"https:\/\/www.ttvvalve.com\/#website","url":"https:\/\/www.ttvvalve.com\/","name":"TTV","description":"Fabricaci\u00f3n y Distribuci\u00f3n de V\u00e1lvulas","publisher":{"@id":"https:\/\/www.ttvvalve.com\/#organization"},"potentialAction":[{"@type":"SearchAction","target":{"@type":"EntryPoint","urlTemplate":"https:\/\/www.ttvvalve.com\/?s={search_term_string}"},"query-input":{"@type":"PropertyValueSpecification","valueRequired":true,"valueName":"search_term_string"}}],"inLanguage":"ar"},{"@type":"Organization","@id":"https:\/\/www.ttvvalve.com\/#organization","name":"TTV","url":"https:\/\/www.ttvvalve.com\/","logo":{"@type":"ImageObject","inLanguage":"ar","@id":"https:\/\/www.ttvvalve.com\/#\/schema\/logo\/image\/","url":"https:\/\/www.ttvvalve.com\/wp-content\/uploads\/2022\/07\/logo-ttv-reducido.jpg","contentUrl":"https:\/\/www.ttvvalve.com\/wp-content\/uploads\/2022\/07\/logo-ttv-reducido.jpg","width":100,"height":58,"caption":"TTV"},"image":{"@id":"https:\/\/www.ttvvalve.com\/#\/schema\/logo\/image\/"}}]}},"_links":{"self":[{"href":"https:\/\/www.ttvvalve.com\/ar\/wp-json\/wp\/v2\/pages\/3555","targetHints":{"allow":["GET"]}}],"collection":[{"href":"https:\/\/www.ttvvalve.com\/ar\/wp-json\/wp\/v2\/pages"}],"about":[{"href":"https:\/\/www.ttvvalve.com\/ar\/wp-json\/wp\/v2\/types\/page"}],"author":[{"embeddable":true,"href":"https:\/\/www.ttvvalve.com\/ar\/wp-json\/wp\/v2\/users\/1"}],"replies":[{"embeddable":true,"href":"https:\/\/www.ttvvalve.com\/ar\/wp-json\/wp\/v2\/comments?post=3555"}],"version-history":[{"count":2,"href":"https:\/\/www.ttvvalve.com\/ar\/wp-json\/wp\/v2\/pages\/3555\/revisions"}],"predecessor-version":[{"id":3697,"href":"https:\/\/www.ttvvalve.com\/ar\/wp-json\/wp\/v2\/pages\/3555\/revisions\/3697"}],"wp:attachment":[{"href":"https:\/\/www.ttvvalve.com\/ar\/wp-json\/wp\/v2\/media?parent=3555"}],"curies":[{"name":"wp","href":"https:\/\/api.w.org\/{rel}","templated":true}]}}