{"id":1436,"date":"2022-07-06T09:01:43","date_gmt":"2022-07-06T09:01:43","guid":{"rendered":"https:\/\/www.ttvvalve.com\/%d8%a7%d8%aa%d8%b5%d8%a7%d9%84\/"},"modified":"2023-08-07T07:45:50","modified_gmt":"2023-08-07T07:45:50","slug":"%d8%a7%d8%aa%d8%b5%d8%a7%d9%84","status":"publish","type":"page","link":"https:\/\/www.ttvvalve.com\/ar\/%d8%a7%d8%aa%d8%b5%d8%a7%d9%84\/","title":{"rendered":"\u0645\u0639\u0644\u0648\u0645\u0627\u062a \u0627\u0644\u0627\u062a\u0635\u0627\u0644"},"content":{"rendered":"\t\t<div data-elementor-type=\"wp-post\" data-elementor-id=\"1436\" class=\"elementor elementor-1436 elementor-255\" data-elementor-post-type=\"page\">\n\t\t\t\t\t\t<section class=\"elementor-section elementor-top-section elementor-element elementor-element-3deb3b6 elementor-section-boxed elementor-section-height-default elementor-section-height-default\" data-id=\"3deb3b6\" data-element_type=\"section\" data-e-type=\"section\">\n\t\t\t\t\t\t<div class=\"elementor-container elementor-column-gap-default\">\n\t\t\t\t\t<div class=\"elementor-column elementor-col-100 elementor-top-column elementor-element elementor-element-b42ce2a\" data-id=\"b42ce2a\" data-element_type=\"column\" data-e-type=\"column\">\n\t\t\t<div class=\"elementor-widget-wrap elementor-element-populated\">\n\t\t\t\t\t\t<div class=\"elementor-element elementor-element-841db41 elementor-widget elementor-widget-heading\" data-id=\"841db41\" data-element_type=\"widget\" data-e-type=\"widget\" data-widget_type=\"heading.default\">\n\t\t\t\t<div class=\"elementor-widget-container\">\n\t\t\t\t\t<h2 class=\"elementor-heading-title elementor-size-xxl\"><a href=\"#\">\u0634\u0631\u0643\u0629 \u062a\u0643\u0646\u064a\u0643\u0627\u0633 \u062a\u0631\u0627\u0646\u0633\u0641\u0648\u0631\u0645\u0627\u0633\u064a\u0648\u0646\u0633 \u0627\u064a \u0628\u064a\u0646\u062a\u0627\u0633 \u0644\u0644\u0635\u0645\u0627\u0645\u0627\u062a<\/a><\/h2>\t\t\t\t<\/div>\n\t\t\t\t<\/div>\n\t\t\t\t<div class=\"elementor-element elementor-element-8894b49 elementor-widget elementor-widget-text-editor\" data-id=\"8894b49\" data-element_type=\"widget\" data-e-type=\"widget\" data-widget_type=\"text-editor.default\">\n\t\t\t\t<div class=\"elementor-widget-container\">\n\t\t\t\t\t\t\t\t\t<h2 style=\"font-size: 20px; margin: 0;\" dir=\"rtl\">\u0646\u062d\u0646 \u0645\u0648\u062c\u0648\u062f\u0648\u0646 \u0644\u0645\u0633\u0627\u0639\u062f\u062a\u0643.<\/h2>\n\t\t\t\t\t\t\t\t<\/div>\n\t\t\t\t<\/div>\n\t\t\t\t\t<\/div>\n\t\t<\/div>\n\t\t\t\t\t<\/div>\n\t\t<\/section>\n\t\t\t\t<section class=\"elementor-section elementor-top-section elementor-element elementor-element-a3db495 elementor-section-boxed elementor-section-height-default elementor-section-height-default\" data-id=\"a3db495\" data-element_type=\"section\" data-e-type=\"section\">\n\t\t\t\t\t\t<div class=\"elementor-container elementor-column-gap-default\">\n\t\t\t\t\t<div class=\"elementor-column elementor-col-50 elementor-top-column elementor-element elementor-element-7f6cc1c\" data-id=\"7f6cc1c\" data-element_type=\"column\" data-e-type=\"column\">\n\t\t\t<div class=\"elementor-widget-wrap elementor-element-populated\">\n\t\t\t\t\t\t<div class=\"elementor-element elementor-element-802c603 elementor-widget elementor-widget-text-editor\" data-id=\"802c603\" data-element_type=\"widget\" data-e-type=\"widget\" data-widget_type=\"text-editor.default\">\n\t\t\t\t<div class=\"elementor-widget-container\">\n\t\t\t\t\t\t\t\t\t<h3 style=\"font-size: 18px; font-weight: bold; color: #000;\" dir=\"rtl\">\u0645\u0635\u0646\u0639 \u062a\u0643\u0646\u064a\u0643\u0627\u0633 \u062a\u0631\u0627\u0646\u0633\u0641\u0648\u0631\u0645\u0627\u0633\u064a\u0648\u0646\u0633 \u0627\u064a \u0628\u064a\u0646\u062a\u0627\u0633 \u0644\u0644\u0635\u0645\u0627\u0645\u0627\u062a<\/h3>\n<p style=\"margin: 0;\" dir=\"rtl\">11 \u0634\u0627\u0631\u0639 \u0633\u064a\u0641\u064a\u0631\u0648 \u0623\u0648\u062a\u0634\u0648\u0627<\/p>\n<p style=\"margin: 0;\" dir=\"rtl\">\u0627\u0644\u0645\u0646\u0637\u0642\u0629 \u0627\u0644\u0635\u0646\u0627\u0639\u064a\u0629 \u0646\u0648\u0633\u062a\u0631\u0627 \u0633\u064a\u0646\u064a\u0648\u0631\u0627 \u062f\u0649 \u0628\u0648\u062a\u0627\u0631\u0643\u0649<\/p>\n<p style=\"margin: 0;\" dir=\"rtl\">\u0627\u0644\u0631\u0645\u0632 \u0627\u0644\u0628\u0631\u064a\u062f\u064a 28914\u060c \u0644\u064a\u062c\u0627\u0646\u064a\u0633 (\u0645\u062f\u0631\u064a\u062f)<\/p>\n<p style=\"margin: 0; padding-bottom: 15px;\" dir=\"rtl\">\u0625\u0633\u0628\u0627\u0646\u064a\u0627<\/p>\n<p style=\"margin: 0; padding-bottom: 15px;\" dir=\"rtl\">\u0631\u0642\u0645 \u0627\u0644\u0647\u0627\u062a\u0641: 916857365 34<\/p>\n\u0639\u0646\u0648\u0627\u0646 \u0627\u0644\u0628\u0631\u064a\u062f \u0627\u0644\u0625\u0644\u0643\u062a\u0631\u0648\u0646\u064a: <a href=\"mailto:valves@ttv.es\" dir=\"rtl\">valves@ttv.es\t\t\t\t\t\t\t\t<\/div>\n\t\t\t\t<\/div>\n\t\t\t\t<div class=\"elementor-element elementor-element-6108c88 e-grid-align-left elementor-shape-rounded elementor-grid-0 elementor-widget elementor-widget-social-icons\" data-id=\"6108c88\" data-element_type=\"widget\" data-e-type=\"widget\" data-widget_type=\"social-icons.default\">\n\t\t\t\t<div class=\"elementor-widget-container\">\n\t\t\t\t\t\t\t<div class=\"elementor-social-icons-wrapper elementor-grid\" role=\"list\">\n\t\t\t\t\t\t\t<span class=\"elementor-grid-item\" role=\"listitem\">\n\t\t\t\t\t<a class=\"elementor-icon elementor-social-icon elementor-social-icon-linkedin elementor-repeater-item-57a0797\" href=\"https:\/\/es.linkedin.com\/company\/ttv-v%C3%A1lvulas\" target=\"_blank\">\n\t\t\t\t\t\t<span class=\"elementor-screen-only\">Linkedin<\/span>\n\t\t\t\t\t\t<i aria-hidden=\"true\" class=\"fab fa-linkedin\"><\/i>\t\t\t\t\t<\/a>\n\t\t\t\t<\/span>\n\t\t\t\t\t\t\t<span class=\"elementor-grid-item\" role=\"listitem\">\n\t\t\t\t\t<a class=\"elementor-icon elementor-social-icon elementor-social-icon-instagram elementor-repeater-item-01b8fe6\" href=\"https:\/\/www.instagram.com\/ttv_valves\/\" target=\"_blank\">\n\t\t\t\t\t\t<span class=\"elementor-screen-only\">Instagram<\/span>\n\t\t\t\t\t\t<i aria-hidden=\"true\" class=\"fab fa-instagram\"><\/i>\t\t\t\t\t<\/a>\n\t\t\t\t<\/span>\n\t\t\t\t\t<\/div>\n\t\t\t\t\t\t<\/div>\n\t\t\t\t<\/div>\n\t\t\t\t\t<\/div>\n\t\t<\/div>\n\t\t\t\t<div class=\"elementor-column elementor-col-50 elementor-top-column elementor-element elementor-element-4be6d1c\" data-id=\"4be6d1c\" data-element_type=\"column\" data-e-type=\"column\">\n\t\t\t<div class=\"elementor-widget-wrap elementor-element-populated\">\n\t\t\t\t\t\t<div class=\"elementor-element elementor-element-945d320 elementor-widget elementor-widget-shortcode\" data-id=\"945d320\" data-element_type=\"widget\" data-e-type=\"widget\" data-widget_type=\"shortcode.default\">\n\t\t\t\t<div class=\"elementor-widget-container\">\n\t\t\t\t\t\t\t<div class=\"elementor-shortcode\">\n<div class=\"wpcf7 no-js\" id=\"wpcf7-f4228-o1\" lang=\"ar\" dir=\"rtl\" data-wpcf7-id=\"4228\">\n<div class=\"screen-reader-response\"><p role=\"status\" aria-live=\"polite\" aria-atomic=\"true\"><\/p> <ul><\/ul><\/div>\n<form action=\"\/ar\/wp-json\/wp\/v2\/pages\/1436#wpcf7-f4228-o1\" method=\"post\" class=\"wpcf7-form init\" aria-label=\"\u0646\u0645\u0648\u0630\u062c \u0627\u0644\u0627\u062a\u0635\u0627\u0644\" novalidate=\"novalidate\" data-status=\"init\">\n<fieldset class=\"hidden-fields-container\"><input type=\"hidden\" name=\"_wpcf7\" value=\"4228\" \/><input type=\"hidden\" name=\"_wpcf7_version\" value=\"6.1.5\" \/><input type=\"hidden\" name=\"_wpcf7_locale\" value=\"ar\" \/><input type=\"hidden\" name=\"_wpcf7_unit_tag\" value=\"wpcf7-f4228-o1\" \/><input type=\"hidden\" name=\"_wpcf7_container_post\" value=\"0\" \/><input type=\"hidden\" name=\"_wpcf7_posted_data_hash\" value=\"\" \/><input type=\"hidden\" name=\"_wpcf7_recaptcha_response\" value=\"\" \/>\n<\/fieldset>\n<p><label dir=\"rtl\"> \u0627\u0644\u0627\u0633\u0645 *<br \/>\n<span class=\"wpcf7-form-control-wrap\" data-name=\"your-name\"><input size=\"40\" maxlength=\"400\" class=\"wpcf7-form-control wpcf7-text wpcf7-validates-as-required\" aria-required=\"true\" aria-invalid=\"false\" value=\"\" type=\"text\" name=\"your-name\" \/><\/span> <\/label>\n<\/p>\n<p><label dir=\"rtl\"> \u0627\u0644\u0628\u0631\u064a\u062f \u0627\u0644\u0625\u0644\u0643\u062a\u0631\u0648\u0646\u064a *<br \/>\n<span class=\"wpcf7-form-control-wrap\" data-name=\"your-email\"><input size=\"40\" maxlength=\"400\" class=\"wpcf7-form-control wpcf7-email wpcf7-validates-as-required wpcf7-text wpcf7-validates-as-email\" aria-required=\"true\" aria-invalid=\"false\" value=\"\" type=\"email\" name=\"your-email\" \/><\/span> <\/label>\n<\/p>\n<p><label dir=\"rtl\"> \u0627\u0644\u0634\u0631\u0643\u0629<br \/>\n<span class=\"wpcf7-form-control-wrap\" data-name=\"your-subject\"><input size=\"40\" maxlength=\"400\" class=\"wpcf7-form-control wpcf7-text\" aria-invalid=\"false\" value=\"\" type=\"text\" name=\"your-subject\" \/><\/span> <\/label>\n<\/p>\n<p><label dir=\"rtl\"> \u0627\u0644\u0628\u0644\u062f<br \/>\n<span class=\"wpcf7-form-control-wrap\" data-name=\"menu-142\"><select class=\"wpcf7-form-control wpcf7-select\" aria-invalid=\"false\" name=\"menu-142\"><option value=\"\u0625\u0633\u0628\u0627\u0646\u064a\u0627\">\u0625\u0633\u0628\u0627\u0646\u064a\u0627<\/option><option value=\"\u0631\u0648\u0633\u064a\u0627\">\u0631\u0648\u0633\u064a\u0627<\/option><option value=\"\u0627\u0644\u0625\u0645\u0627\u0631\u0627\u062a \u0627\u0644\u0639\u0631\u0628\u064a\u0629 \u0627\u0644\u0645\u062a\u062d\u062f\u0629\">\u0627\u0644\u0625\u0645\u0627\u0631\u0627\u062a \u0627\u0644\u0639\u0631\u0628\u064a\u0629 \u0627\u0644\u0645\u062a\u062d\u062f\u0629<\/option><option value=\"\u0627\u0644\u0647\u0646\u062f\">\u0627\u0644\u0647\u0646\u062f<\/option><option value=\"\u0627\u0644\u0635\u064a\u0646\">\u0627\u0644\u0635\u064a\u0646<\/option><option value=\"\u0633\u0646\u063a\u0627\u0641\u0648\u0631\u0629\">\u0633\u0646\u063a\u0627\u0641\u0648\u0631\u0629<\/option><option value=\"\u0643\u0646\u062f\u0627\">\u0643\u0646\u062f\u0627<\/option><option value=\"\u0623\u0633\u062a\u0631\u0627\u0644\u064a\u0627\">\u0623\u0633\u062a\u0631\u0627\u0644\u064a\u0627<\/option><\/select><\/span> <\/label>\n<\/p>\n<p><label dir=\"rtl\"> \u0627\u0644\u0631\u0633\u0627\u0644\u0629 *<br \/>\n<span class=\"wpcf7-form-control-wrap\" data-name=\"your-message\"><textarea cols=\"40\" rows=\"10\" maxlength=\"2000\" class=\"wpcf7-form-control wpcf7-textarea wpcf7-validates-as-required\" aria-required=\"true\" aria-invalid=\"false\" name=\"your-message\"><\/textarea><\/span> <\/label>\n<\/p>\n<p><label dir=\"rtl\"> * \u062d\u0642\u0648\u0644 \u0645\u0637\u0644\u0648\u0628\u0629 <\/label>\n<\/p>\n<p><span class=\"wpcf7-form-control-wrap\" data-name=\"privacy\"><span class=\"wpcf7-form-control wpcf7-acceptance\"><span class=\"wpcf7-list-item\"><label><input type=\"checkbox\" name=\"privacy\" value=\"1\" aria-invalid=\"false\" \/><span class=\"wpcf7-list-item-label\">\u0644\u0642\u062f \u0642\u0631\u0623\u062a \u0648\u0648\u0627\u0641\u0642\u062a<\/a> \u0639\u0644\u0649 <a href=\"https:\/\/www.ttvvalve.com\/ar\/%d8%b3%d9%8a%d8%a7%d8%b3%d8%a9-%d8%a7%d9%84%d8%ae%d8%b5%d9%88%d8%b5%d9%8a%d8%a9\/\"> \u0633\u064a\u0627\u0633\u0629 \u0627\u0644\u062e\u0635\u0648\u0635\u064a\u0629<\/span><\/label><\/span><\/span><\/span>\n<\/p>\n<p><input class=\"wpcf7-form-control wpcf7-submit has-spinner\" type=\"submit\" value=\"\u064a\u0631\u0633\u0644\" \/>\n<\/p><div class=\"wpcf7-response-output\" aria-hidden=\"true\"><\/div>\n<\/form>\n<\/div>\n<\/div>\n\t\t\t\t\t\t<\/div>\n\t\t\t\t<\/div>\n\t\t\t\t\t<\/div>\n\t\t<\/div>\n\t\t\t\t\t<\/div>\n\t\t<\/section>\n\t\t\t\t<\/div>\n\t\t","protected":false},"excerpt":{"rendered":"<p>\u0634\u0631\u0643\u0629 \u062a\u0643\u0646\u064a\u0643\u0627\u0633 \u062a\u0631\u0627\u0646\u0633\u0641\u0648\u0631\u0645\u0627\u0633\u064a\u0648\u0646\u0633 \u0627\u064a \u0628\u064a\u0646\u062a\u0627\u0633 \u0644\u0644\u0635\u0645\u0627\u0645\u0627\u062a \u0646\u062d\u0646 \u0645\u0648\u062c\u0648\u062f\u0648\u0646 \u0644\u0645\u0633\u0627\u0639\u062f\u062a\u0643. \u0645\u0635\u0646\u0639 \u062a\u0643\u0646\u064a\u0643\u0627\u0633 \u062a\u0631\u0627\u0646\u0633\u0641\u0648\u0631\u0645\u0627\u0633\u064a\u0648\u0646\u0633 \u0627\u064a \u0628\u064a\u0646\u062a\u0627\u0633 \u0644\u0644\u0635\u0645\u0627\u0645\u0627\u062a 11 \u0634\u0627\u0631\u0639 \u0633\u064a\u0641\u064a\u0631\u0648 \u0623\u0648\u062a\u0634\u0648\u0627 \u0627\u0644\u0645\u0646\u0637\u0642\u0629 \u0627\u0644\u0635\u0646\u0627\u0639\u064a\u0629 \u0646\u0648\u0633\u062a\u0631\u0627 \u0633\u064a\u0646\u064a\u0648\u0631\u0627 \u062f\u0649 \u0628\u0648\u062a\u0627\u0631\u0643\u0649 \u0627\u0644\u0631\u0645\u0632 \u0627\u0644\u0628\u0631\u064a\u062f\u064a 28914\u060c \u0644\u064a\u062c\u0627\u0646\u064a\u0633 (\u0645\u062f\u0631\u064a\u062f) \u0625\u0633\u0628\u0627\u0646\u064a\u0627 \u0631\u0642\u0645 \u0627\u0644\u0647\u0627\u062a\u0641: 916857365 34 \u0639\u0646\u0648\u0627\u0646 \u0627\u0644\u0628\u0631\u064a\u062f \u0627\u0644\u0625\u0644\u0643\u062a\u0631\u0648\u0646\u064a: valves@ttv.es Linkedin Instagram<\/p>\n","protected":false},"author":1,"featured_media":0,"parent":0,"menu_order":0,"comment_status":"closed","ping_status":"closed","template":"","meta":{"footnotes":""},"class_list":["post-1436","page","type-page","status-publish","hentry"],"yoast_head":"<!-- This site is optimized with the Yoast SEO plugin v27.5 - https:\/\/yoast.com\/product\/yoast-seo-wordpress\/ -->\n<title>\u0645\u0639\u0644\u0648\u0645\u0627\u062a \u0627\u0644\u0627\u062a\u0635\u0627\u0644 - TTV<\/title>\n<meta name=\"description\" content=\"\u0647\u0644 \u064a\u062b\u064a\u0631 \u0639\u0645\u0644\u0646\u0627 \u0627\u0647\u062a\u0645\u0627\u0645\u0643\u061f \u062a\u0648\u0627\u0635\u0644 \u0645\u0639\u0646\u0627 \u0639\u0646 \u0637\u0631\u064a\u0642 \u0645\u0644\u0621 \u0646\u0645\u0648\u0630\u062c \u0645\u0639\u0644\u0648\u0645\u0627\u062a \u0627\u0644\u0627\u062a\u0635\u0627\u0644 \u0627\u0644\u0630\u064a \u0646\u0642\u062f\u0645\u0647 \u0648\u0633\u0648\u0641 \u062a\u062a\u0644\u0642\u0649 \u0631\u062f\u064b\u0627 \u062e\u0644\u0627\u0644 \u0648\u0642\u062a \u0642\u0635\u064a\u0631.\" \/>\n<meta name=\"robots\" content=\"index, follow, max-snippet:-1, max-image-preview:large, max-video-preview:-1\" \/>\n<link rel=\"canonical\" href=\"https:\/\/www.ttvvalve.com\/ar\/\u0627\u062a\u0635\u0627\u0644\/\" \/>\n<meta property=\"og:locale\" content=\"ar_AR\" \/>\n<meta property=\"og:type\" content=\"article\" \/>\n<meta property=\"og:title\" content=\"\u0645\u0639\u0644\u0648\u0645\u0627\u062a \u0627\u0644\u0627\u062a\u0635\u0627\u0644 - TTV\" \/>\n<meta property=\"og:description\" content=\"\u0647\u0644 \u064a\u062b\u064a\u0631 \u0639\u0645\u0644\u0646\u0627 \u0627\u0647\u062a\u0645\u0627\u0645\u0643\u061f \u062a\u0648\u0627\u0635\u0644 \u0645\u0639\u0646\u0627 \u0639\u0646 \u0637\u0631\u064a\u0642 \u0645\u0644\u0621 \u0646\u0645\u0648\u0630\u062c \u0645\u0639\u0644\u0648\u0645\u0627\u062a \u0627\u0644\u0627\u062a\u0635\u0627\u0644 \u0627\u0644\u0630\u064a \u0646\u0642\u062f\u0645\u0647 \u0648\u0633\u0648\u0641 \u062a\u062a\u0644\u0642\u0649 \u0631\u062f\u064b\u0627 \u062e\u0644\u0627\u0644 \u0648\u0642\u062a \u0642\u0635\u064a\u0631.\" \/>\n<meta property=\"og:url\" content=\"https:\/\/www.ttvvalve.com\/ar\/\u0627\u062a\u0635\u0627\u0644\/\" \/>\n<meta property=\"og:site_name\" content=\"TTV\" \/>\n<meta property=\"article:modified_time\" content=\"2023-08-07T07:45:50+00:00\" \/>\n<meta name=\"twitter:card\" content=\"summary_large_image\" \/>\n<meta name=\"twitter:label1\" content=\"\u0648\u0642\u062a \u0627\u0644\u0642\u0631\u0627\u0621\u0629 \u0627\u0644\u0645\u064f\u0642\u062f\u0651\u0631\" \/>\n\t<meta name=\"twitter:data1\" content=\"1 \u062f\u0642\u064a\u0642\u0629\" \/>\n<script type=\"application\/ld+json\" class=\"yoast-schema-graph\">{\"@context\":\"https:\\\/\\\/schema.org\",\"@graph\":[{\"@type\":\"WebPage\",\"@id\":\"https:\\\/\\\/www.ttvvalve.com\\\/ar\\\/%d8%a7%d8%aa%d8%b5%d8%a7%d9%84\\\/\",\"url\":\"https:\\\/\\\/www.ttvvalve.com\\\/ar\\\/%d8%a7%d8%aa%d8%b5%d8%a7%d9%84\\\/\",\"name\":\"\u0645\u0639\u0644\u0648\u0645\u0627\u062a \u0627\u0644\u0627\u062a\u0635\u0627\u0644 - TTV\",\"isPartOf\":{\"@id\":\"https:\\\/\\\/www.ttvvalve.com\\\/#website\"},\"datePublished\":\"2022-07-06T09:01:43+00:00\",\"dateModified\":\"2023-08-07T07:45:50+00:00\",\"description\":\"\u0647\u0644 \u064a\u062b\u064a\u0631 \u0639\u0645\u0644\u0646\u0627 \u0627\u0647\u062a\u0645\u0627\u0645\u0643\u061f \u062a\u0648\u0627\u0635\u0644 \u0645\u0639\u0646\u0627 \u0639\u0646 \u0637\u0631\u064a\u0642 \u0645\u0644\u0621 \u0646\u0645\u0648\u0630\u062c \u0645\u0639\u0644\u0648\u0645\u0627\u062a \u0627\u0644\u0627\u062a\u0635\u0627\u0644 \u0627\u0644\u0630\u064a \u0646\u0642\u062f\u0645\u0647 \u0648\u0633\u0648\u0641 \u062a\u062a\u0644\u0642\u0649 \u0631\u062f\u064b\u0627 \u062e\u0644\u0627\u0644 \u0648\u0642\u062a \u0642\u0635\u064a\u0631.\",\"breadcrumb\":{\"@id\":\"https:\\\/\\\/www.ttvvalve.com\\\/ar\\\/%d8%a7%d8%aa%d8%b5%d8%a7%d9%84\\\/#breadcrumb\"},\"inLanguage\":\"ar\",\"potentialAction\":[{\"@type\":\"ReadAction\",\"target\":[\"https:\\\/\\\/www.ttvvalve.com\\\/ar\\\/%d8%a7%d8%aa%d8%b5%d8%a7%d9%84\\\/\"]}]},{\"@type\":\"BreadcrumbList\",\"@id\":\"https:\\\/\\\/www.ttvvalve.com\\\/ar\\\/%d8%a7%d8%aa%d8%b5%d8%a7%d9%84\\\/#breadcrumb\",\"itemListElement\":[{\"@type\":\"ListItem\",\"position\":1,\"name\":\"Portada\",\"item\":\"https:\\\/\\\/www.ttvvalve.com\\\/ar\\\/\"},{\"@type\":\"ListItem\",\"position\":2,\"name\":\"\u0645\u0639\u0644\u0648\u0645\u0627\u062a \u0627\u0644\u0627\u062a\u0635\u0627\u0644\"}]},{\"@type\":\"WebSite\",\"@id\":\"https:\\\/\\\/www.ttvvalve.com\\\/#website\",\"url\":\"https:\\\/\\\/www.ttvvalve.com\\\/\",\"name\":\"TTV\",\"description\":\"Fabricaci\u00f3n y Distribuci\u00f3n de V\u00e1lvulas\",\"publisher\":{\"@id\":\"https:\\\/\\\/www.ttvvalve.com\\\/#organization\"},\"potentialAction\":[{\"@type\":\"SearchAction\",\"target\":{\"@type\":\"EntryPoint\",\"urlTemplate\":\"https:\\\/\\\/www.ttvvalve.com\\\/?s={search_term_string}\"},\"query-input\":{\"@type\":\"PropertyValueSpecification\",\"valueRequired\":true,\"valueName\":\"search_term_string\"}}],\"inLanguage\":\"ar\"},{\"@type\":\"Organization\",\"@id\":\"https:\\\/\\\/www.ttvvalve.com\\\/#organization\",\"name\":\"TTV\",\"url\":\"https:\\\/\\\/www.ttvvalve.com\\\/\",\"logo\":{\"@type\":\"ImageObject\",\"inLanguage\":\"ar\",\"@id\":\"https:\\\/\\\/www.ttvvalve.com\\\/#\\\/schema\\\/logo\\\/image\\\/\",\"url\":\"https:\\\/\\\/www.ttvvalve.com\\\/wp-content\\\/uploads\\\/2022\\\/07\\\/logo-ttv-reducido.jpg\",\"contentUrl\":\"https:\\\/\\\/www.ttvvalve.com\\\/wp-content\\\/uploads\\\/2022\\\/07\\\/logo-ttv-reducido.jpg\",\"width\":100,\"height\":58,\"caption\":\"TTV\"},\"image\":{\"@id\":\"https:\\\/\\\/www.ttvvalve.com\\\/#\\\/schema\\\/logo\\\/image\\\/\"}}]}<\/script>\n<!-- \/ Yoast SEO plugin. -->","yoast_head_json":{"title":"\u0645\u0639\u0644\u0648\u0645\u0627\u062a \u0627\u0644\u0627\u062a\u0635\u0627\u0644 - TTV","description":"\u0647\u0644 \u064a\u062b\u064a\u0631 \u0639\u0645\u0644\u0646\u0627 \u0627\u0647\u062a\u0645\u0627\u0645\u0643\u061f \u062a\u0648\u0627\u0635\u0644 \u0645\u0639\u0646\u0627 \u0639\u0646 \u0637\u0631\u064a\u0642 \u0645\u0644\u0621 \u0646\u0645\u0648\u0630\u062c \u0645\u0639\u0644\u0648\u0645\u0627\u062a \u0627\u0644\u0627\u062a\u0635\u0627\u0644 \u0627\u0644\u0630\u064a \u0646\u0642\u062f\u0645\u0647 \u0648\u0633\u0648\u0641 \u062a\u062a\u0644\u0642\u0649 \u0631\u062f\u064b\u0627 \u062e\u0644\u0627\u0644 \u0648\u0642\u062a \u0642\u0635\u064a\u0631.","robots":{"index":"index","follow":"follow","max-snippet":"max-snippet:-1","max-image-preview":"max-image-preview:large","max-video-preview":"max-video-preview:-1"},"canonical":"https:\/\/www.ttvvalve.com\/ar\/\u0627\u062a\u0635\u0627\u0644\/","og_locale":"ar_AR","og_type":"article","og_title":"\u0645\u0639\u0644\u0648\u0645\u0627\u062a \u0627\u0644\u0627\u062a\u0635\u0627\u0644 - TTV","og_description":"\u0647\u0644 \u064a\u062b\u064a\u0631 \u0639\u0645\u0644\u0646\u0627 \u0627\u0647\u062a\u0645\u0627\u0645\u0643\u061f \u062a\u0648\u0627\u0635\u0644 \u0645\u0639\u0646\u0627 \u0639\u0646 \u0637\u0631\u064a\u0642 \u0645\u0644\u0621 \u0646\u0645\u0648\u0630\u062c \u0645\u0639\u0644\u0648\u0645\u0627\u062a \u0627\u0644\u0627\u062a\u0635\u0627\u0644 \u0627\u0644\u0630\u064a \u0646\u0642\u062f\u0645\u0647 \u0648\u0633\u0648\u0641 \u062a\u062a\u0644\u0642\u0649 \u0631\u062f\u064b\u0627 \u062e\u0644\u0627\u0644 \u0648\u0642\u062a \u0642\u0635\u064a\u0631.","og_url":"https:\/\/www.ttvvalve.com\/ar\/\u0627\u062a\u0635\u0627\u0644\/","og_site_name":"TTV","article_modified_time":"2023-08-07T07:45:50+00:00","twitter_card":"summary_large_image","twitter_misc":{"\u0648\u0642\u062a \u0627\u0644\u0642\u0631\u0627\u0621\u0629 \u0627\u0644\u0645\u064f\u0642\u062f\u0651\u0631":"1 \u062f\u0642\u064a\u0642\u0629"},"schema":{"@context":"https:\/\/schema.org","@graph":[{"@type":"WebPage","@id":"https:\/\/www.ttvvalve.com\/ar\/%d8%a7%d8%aa%d8%b5%d8%a7%d9%84\/","url":"https:\/\/www.ttvvalve.com\/ar\/%d8%a7%d8%aa%d8%b5%d8%a7%d9%84\/","name":"\u0645\u0639\u0644\u0648\u0645\u0627\u062a \u0627\u0644\u0627\u062a\u0635\u0627\u0644 - TTV","isPartOf":{"@id":"https:\/\/www.ttvvalve.com\/#website"},"datePublished":"2022-07-06T09:01:43+00:00","dateModified":"2023-08-07T07:45:50+00:00","description":"\u0647\u0644 \u064a\u062b\u064a\u0631 \u0639\u0645\u0644\u0646\u0627 \u0627\u0647\u062a\u0645\u0627\u0645\u0643\u061f \u062a\u0648\u0627\u0635\u0644 \u0645\u0639\u0646\u0627 \u0639\u0646 \u0637\u0631\u064a\u0642 \u0645\u0644\u0621 \u0646\u0645\u0648\u0630\u062c \u0645\u0639\u0644\u0648\u0645\u0627\u062a \u0627\u0644\u0627\u062a\u0635\u0627\u0644 \u0627\u0644\u0630\u064a \u0646\u0642\u062f\u0645\u0647 \u0648\u0633\u0648\u0641 \u062a\u062a\u0644\u0642\u0649 \u0631\u062f\u064b\u0627 \u062e\u0644\u0627\u0644 \u0648\u0642\u062a \u0642\u0635\u064a\u0631.","breadcrumb":{"@id":"https:\/\/www.ttvvalve.com\/ar\/%d8%a7%d8%aa%d8%b5%d8%a7%d9%84\/#breadcrumb"},"inLanguage":"ar","potentialAction":[{"@type":"ReadAction","target":["https:\/\/www.ttvvalve.com\/ar\/%d8%a7%d8%aa%d8%b5%d8%a7%d9%84\/"]}]},{"@type":"BreadcrumbList","@id":"https:\/\/www.ttvvalve.com\/ar\/%d8%a7%d8%aa%d8%b5%d8%a7%d9%84\/#breadcrumb","itemListElement":[{"@type":"ListItem","position":1,"name":"Portada","item":"https:\/\/www.ttvvalve.com\/ar\/"},{"@type":"ListItem","position":2,"name":"\u0645\u0639\u0644\u0648\u0645\u0627\u062a \u0627\u0644\u0627\u062a\u0635\u0627\u0644"}]},{"@type":"WebSite","@id":"https:\/\/www.ttvvalve.com\/#website","url":"https:\/\/www.ttvvalve.com\/","name":"TTV","description":"Fabricaci\u00f3n y Distribuci\u00f3n de V\u00e1lvulas","publisher":{"@id":"https:\/\/www.ttvvalve.com\/#organization"},"potentialAction":[{"@type":"SearchAction","target":{"@type":"EntryPoint","urlTemplate":"https:\/\/www.ttvvalve.com\/?s={search_term_string}"},"query-input":{"@type":"PropertyValueSpecification","valueRequired":true,"valueName":"search_term_string"}}],"inLanguage":"ar"},{"@type":"Organization","@id":"https:\/\/www.ttvvalve.com\/#organization","name":"TTV","url":"https:\/\/www.ttvvalve.com\/","logo":{"@type":"ImageObject","inLanguage":"ar","@id":"https:\/\/www.ttvvalve.com\/#\/schema\/logo\/image\/","url":"https:\/\/www.ttvvalve.com\/wp-content\/uploads\/2022\/07\/logo-ttv-reducido.jpg","contentUrl":"https:\/\/www.ttvvalve.com\/wp-content\/uploads\/2022\/07\/logo-ttv-reducido.jpg","width":100,"height":58,"caption":"TTV"},"image":{"@id":"https:\/\/www.ttvvalve.com\/#\/schema\/logo\/image\/"}}]}},"_links":{"self":[{"href":"https:\/\/www.ttvvalve.com\/ar\/wp-json\/wp\/v2\/pages\/1436","targetHints":{"allow":["GET"]}}],"collection":[{"href":"https:\/\/www.ttvvalve.com\/ar\/wp-json\/wp\/v2\/pages"}],"about":[{"href":"https:\/\/www.ttvvalve.com\/ar\/wp-json\/wp\/v2\/types\/page"}],"author":[{"embeddable":true,"href":"https:\/\/www.ttvvalve.com\/ar\/wp-json\/wp\/v2\/users\/1"}],"replies":[{"embeddable":true,"href":"https:\/\/www.ttvvalve.com\/ar\/wp-json\/wp\/v2\/comments?post=1436"}],"version-history":[{"count":5,"href":"https:\/\/www.ttvvalve.com\/ar\/wp-json\/wp\/v2\/pages\/1436\/revisions"}],"predecessor-version":[{"id":4237,"href":"https:\/\/www.ttvvalve.com\/ar\/wp-json\/wp\/v2\/pages\/1436\/revisions\/4237"}],"wp:attachment":[{"href":"https:\/\/www.ttvvalve.com\/ar\/wp-json\/wp\/v2\/media?parent=1436"}],"curies":[{"name":"wp","href":"https:\/\/api.w.org\/{rel}","templated":true}]}}