{"id":1406,"date":"2022-05-11T08:12:44","date_gmt":"2022-05-11T08:12:44","guid":{"rendered":"https:\/\/www.ttvvalve.com\/%d8%a7%d9%84%d9%85%d9%86%d8%b4%d9%88%d8%b1%d8%a7%d8%aa\/"},"modified":"2023-08-08T07:15:07","modified_gmt":"2023-08-08T07:15:07","slug":"%d8%a7%d9%84%d9%85%d9%86%d8%b4%d9%88%d8%b1%d8%a7%d8%aa","status":"publish","type":"page","link":"https:\/\/www.ttvvalve.com\/ar\/%d8%a7%d9%84%d9%85%d9%86%d8%b4%d9%88%d8%b1%d8%a7%d8%aa\/","title":{"rendered":"\u0627\u0644\u0645\u0646\u0634\u0648\u0631\u0627\u062a"},"content":{"rendered":"\t\t<div data-elementor-type=\"wp-post\" data-elementor-id=\"1406\" class=\"elementor elementor-1406 elementor-7\" data-elementor-post-type=\"page\">\n\t\t\t\t\t\t<section class=\"elementor-section elementor-top-section elementor-element elementor-element-b760fba elementor-section-boxed elementor-section-height-default elementor-section-height-default\" data-id=\"b760fba\" data-element_type=\"section\" data-e-type=\"section\">\n\t\t\t\t\t\t<div class=\"elementor-container elementor-column-gap-default\">\n\t\t\t\t\t<div class=\"elementor-column elementor-col-100 elementor-top-column elementor-element elementor-element-059c0c9\" data-id=\"059c0c9\" data-element_type=\"column\" data-e-type=\"column\">\n\t\t\t<div class=\"elementor-widget-wrap elementor-element-populated\">\n\t\t\t\t\t\t<div class=\"elementor-element elementor-element-efd38a6 elementor-widget elementor-widget-shortcode\" data-id=\"efd38a6\" data-element_type=\"widget\" data-e-type=\"widget\" data-widget_type=\"shortcode.default\">\n\t\t\t\t<div class=\"elementor-widget-container\">\n\t\t\t\t\t\t\t<div class=\"elementor-shortcode\"><div class=\"juicer-feed\" data-feed-id=\"ttv-valvulas\"><\/div><script type=\"text\/javascript\" src=\"\/\/www.juicer.io\/embed\/ttv-valvulas\/wp-plugin-1-12.js?nojquery=true\"><\/script><\/div>\n\t\t\t\t\t\t<\/div>\n\t\t\t\t<\/div>\n\t\t\t\t\t<\/div>\n\t\t<\/div>\n\t\t\t\t\t<\/div>\n\t\t<\/section>\n\t\t\t\t<\/div>\n\t\t","protected":false},"excerpt":{"rendered":"","protected":false},"author":1,"featured_media":0,"parent":0,"menu_order":0,"comment_status":"closed","ping_status":"closed","template":"","meta":{"footnotes":""},"class_list":["post-1406","page","type-page","status-publish","hentry"],"yoast_head":"<!-- This site is optimized with the Yoast SEO plugin v27.5 - https:\/\/yoast.com\/product\/yoast-seo-wordpress\/ -->\n<title>\u0627\u0644\u0645\u0646\u0634\u0648\u0631\u0627\u062a - TTV<\/title>\n<meta name=\"description\" content=\"\u0627\u0637\u0644\u0639 \u0639\u0644\u0649 \u062c\u0645\u064a\u0639 \u0627\u0644\u0645\u0646\u0634\u0648\u0631\u0627\u062a \u0627\u0644\u0645\u0642\u062f\u0645\u0629 \u0645\u0646 \u062c\u0627\u0646\u0628\u0646\u0627\u060c \u0634\u0631\u0643\u0629 \u062a\u0643\u0646\u064a\u0643\u0627\u0633 \u062a\u0631\u0627\u0646\u0633\u0641\u0648\u0631\u0645\u0627\u0633\u064a\u0648\u0646\u0633 \u0627\u064a \u0628\u064a\u0646\u062a\u0627\u0633. \u0633\u0648\u0641 \u062a\u0643\u0648\u0646 \u0642\u0627\u062f\u0631\u064b\u0627 \u0639\u0644\u0649 \u0631\u0624\u064a\u0629 \u0627\u0644\u0623\u0639\u0645\u0627\u0644 \u0648\u0627\u0644\u0645\u0633\u062a\u062c\u062f\u0627\u062a \u0627\u0644\u062a\u064a \u0646\u0642\u062f\u0645\u0647\u0627 \u0641\u064a\u0645\u0627 \u064a\u062a\u0639\u0644\u0642 \u0628\u0627\u0644\u0635\u0645\u0627\u0645\u0627\u062a \u062d\u062a\u0649 \u0627\u0644\u0622\u0646.\" \/>\n<meta name=\"robots\" content=\"index, follow, max-snippet:-1, max-image-preview:large, max-video-preview:-1\" \/>\n<link rel=\"canonical\" href=\"https:\/\/www.ttvvalve.com\/ar\/\u0627\u0644\u0645\u0646\u0634\u0648\u0631\u0627\u062a\/\" \/>\n<meta property=\"og:locale\" content=\"ar_AR\" \/>\n<meta property=\"og:type\" content=\"article\" \/>\n<meta property=\"og:title\" content=\"\u0627\u0644\u0645\u0646\u0634\u0648\u0631\u0627\u062a - TTV\" \/>\n<meta property=\"og:description\" content=\"\u0627\u0637\u0644\u0639 \u0639\u0644\u0649 \u062c\u0645\u064a\u0639 \u0627\u0644\u0645\u0646\u0634\u0648\u0631\u0627\u062a \u0627\u0644\u0645\u0642\u062f\u0645\u0629 \u0645\u0646 \u062c\u0627\u0646\u0628\u0646\u0627\u060c \u0634\u0631\u0643\u0629 \u062a\u0643\u0646\u064a\u0643\u0627\u0633 \u062a\u0631\u0627\u0646\u0633\u0641\u0648\u0631\u0645\u0627\u0633\u064a\u0648\u0646\u0633 \u0627\u064a \u0628\u064a\u0646\u062a\u0627\u0633. \u0633\u0648\u0641 \u062a\u0643\u0648\u0646 \u0642\u0627\u062f\u0631\u064b\u0627 \u0639\u0644\u0649 \u0631\u0624\u064a\u0629 \u0627\u0644\u0623\u0639\u0645\u0627\u0644 \u0648\u0627\u0644\u0645\u0633\u062a\u062c\u062f\u0627\u062a \u0627\u0644\u062a\u064a \u0646\u0642\u062f\u0645\u0647\u0627 \u0641\u064a\u0645\u0627 \u064a\u062a\u0639\u0644\u0642 \u0628\u0627\u0644\u0635\u0645\u0627\u0645\u0627\u062a \u062d\u062a\u0649 \u0627\u0644\u0622\u0646.\" \/>\n<meta property=\"og:url\" content=\"https:\/\/www.ttvvalve.com\/ar\/\u0627\u0644\u0645\u0646\u0634\u0648\u0631\u0627\u062a\/\" \/>\n<meta property=\"og:site_name\" content=\"TTV\" \/>\n<meta property=\"article:modified_time\" content=\"2023-08-08T07:15:07+00:00\" \/>\n<meta name=\"twitter:card\" content=\"summary_large_image\" \/>\n<meta name=\"twitter:label1\" content=\"\u0648\u0642\u062a \u0627\u0644\u0642\u0631\u0627\u0621\u0629 \u0627\u0644\u0645\u064f\u0642\u062f\u0651\u0631\" \/>\n\t<meta name=\"twitter:data1\" content=\"1 \u062f\u0642\u064a\u0642\u0629\" \/>\n<script type=\"application\/ld+json\" class=\"yoast-schema-graph\">{\"@context\":\"https:\\\/\\\/schema.org\",\"@graph\":[{\"@type\":\"WebPage\",\"@id\":\"https:\\\/\\\/www.ttvvalve.com\\\/ar\\\/%d8%a7%d9%84%d9%85%d9%86%d8%b4%d9%88%d8%b1%d8%a7%d8%aa\\\/\",\"url\":\"https:\\\/\\\/www.ttvvalve.com\\\/ar\\\/%d8%a7%d9%84%d9%85%d9%86%d8%b4%d9%88%d8%b1%d8%a7%d8%aa\\\/\",\"name\":\"\u0627\u0644\u0645\u0646\u0634\u0648\u0631\u0627\u062a - TTV\",\"isPartOf\":{\"@id\":\"https:\\\/\\\/www.ttvvalve.com\\\/#website\"},\"datePublished\":\"2022-05-11T08:12:44+00:00\",\"dateModified\":\"2023-08-08T07:15:07+00:00\",\"description\":\"\u0627\u0637\u0644\u0639 \u0639\u0644\u0649 \u062c\u0645\u064a\u0639 \u0627\u0644\u0645\u0646\u0634\u0648\u0631\u0627\u062a \u0627\u0644\u0645\u0642\u062f\u0645\u0629 \u0645\u0646 \u062c\u0627\u0646\u0628\u0646\u0627\u060c \u0634\u0631\u0643\u0629 \u062a\u0643\u0646\u064a\u0643\u0627\u0633 \u062a\u0631\u0627\u0646\u0633\u0641\u0648\u0631\u0645\u0627\u0633\u064a\u0648\u0646\u0633 \u0627\u064a \u0628\u064a\u0646\u062a\u0627\u0633. \u0633\u0648\u0641 \u062a\u0643\u0648\u0646 \u0642\u0627\u062f\u0631\u064b\u0627 \u0639\u0644\u0649 \u0631\u0624\u064a\u0629 \u0627\u0644\u0623\u0639\u0645\u0627\u0644 \u0648\u0627\u0644\u0645\u0633\u062a\u062c\u062f\u0627\u062a \u0627\u0644\u062a\u064a \u0646\u0642\u062f\u0645\u0647\u0627 \u0641\u064a\u0645\u0627 \u064a\u062a\u0639\u0644\u0642 \u0628\u0627\u0644\u0635\u0645\u0627\u0645\u0627\u062a \u062d\u062a\u0649 \u0627\u0644\u0622\u0646.\",\"breadcrumb\":{\"@id\":\"https:\\\/\\\/www.ttvvalve.com\\\/ar\\\/%d8%a7%d9%84%d9%85%d9%86%d8%b4%d9%88%d8%b1%d8%a7%d8%aa\\\/#breadcrumb\"},\"inLanguage\":\"ar\",\"potentialAction\":[{\"@type\":\"ReadAction\",\"target\":[\"https:\\\/\\\/www.ttvvalve.com\\\/ar\\\/%d8%a7%d9%84%d9%85%d9%86%d8%b4%d9%88%d8%b1%d8%a7%d8%aa\\\/\"]}]},{\"@type\":\"BreadcrumbList\",\"@id\":\"https:\\\/\\\/www.ttvvalve.com\\\/ar\\\/%d8%a7%d9%84%d9%85%d9%86%d8%b4%d9%88%d8%b1%d8%a7%d8%aa\\\/#breadcrumb\",\"itemListElement\":[{\"@type\":\"ListItem\",\"position\":1,\"name\":\"Portada\",\"item\":\"https:\\\/\\\/www.ttvvalve.com\\\/ar\\\/\"},{\"@type\":\"ListItem\",\"position\":2,\"name\":\"\u0627\u0644\u0645\u0646\u0634\u0648\u0631\u0627\u062a\"}]},{\"@type\":\"WebSite\",\"@id\":\"https:\\\/\\\/www.ttvvalve.com\\\/#website\",\"url\":\"https:\\\/\\\/www.ttvvalve.com\\\/\",\"name\":\"TTV\",\"description\":\"Fabricaci\u00f3n y Distribuci\u00f3n de V\u00e1lvulas\",\"publisher\":{\"@id\":\"https:\\\/\\\/www.ttvvalve.com\\\/#organization\"},\"potentialAction\":[{\"@type\":\"SearchAction\",\"target\":{\"@type\":\"EntryPoint\",\"urlTemplate\":\"https:\\\/\\\/www.ttvvalve.com\\\/?s={search_term_string}\"},\"query-input\":{\"@type\":\"PropertyValueSpecification\",\"valueRequired\":true,\"valueName\":\"search_term_string\"}}],\"inLanguage\":\"ar\"},{\"@type\":\"Organization\",\"@id\":\"https:\\\/\\\/www.ttvvalve.com\\\/#organization\",\"name\":\"TTV\",\"url\":\"https:\\\/\\\/www.ttvvalve.com\\\/\",\"logo\":{\"@type\":\"ImageObject\",\"inLanguage\":\"ar\",\"@id\":\"https:\\\/\\\/www.ttvvalve.com\\\/#\\\/schema\\\/logo\\\/image\\\/\",\"url\":\"https:\\\/\\\/www.ttvvalve.com\\\/wp-content\\\/uploads\\\/2022\\\/07\\\/logo-ttv-reducido.jpg\",\"contentUrl\":\"https:\\\/\\\/www.ttvvalve.com\\\/wp-content\\\/uploads\\\/2022\\\/07\\\/logo-ttv-reducido.jpg\",\"width\":100,\"height\":58,\"caption\":\"TTV\"},\"image\":{\"@id\":\"https:\\\/\\\/www.ttvvalve.com\\\/#\\\/schema\\\/logo\\\/image\\\/\"}}]}<\/script>\n<!-- \/ Yoast SEO plugin. -->","yoast_head_json":{"title":"\u0627\u0644\u0645\u0646\u0634\u0648\u0631\u0627\u062a - TTV","description":"\u0627\u0637\u0644\u0639 \u0639\u0644\u0649 \u062c\u0645\u064a\u0639 \u0627\u0644\u0645\u0646\u0634\u0648\u0631\u0627\u062a \u0627\u0644\u0645\u0642\u062f\u0645\u0629 \u0645\u0646 \u062c\u0627\u0646\u0628\u0646\u0627\u060c \u0634\u0631\u0643\u0629 \u062a\u0643\u0646\u064a\u0643\u0627\u0633 \u062a\u0631\u0627\u0646\u0633\u0641\u0648\u0631\u0645\u0627\u0633\u064a\u0648\u0646\u0633 \u0627\u064a \u0628\u064a\u0646\u062a\u0627\u0633. \u0633\u0648\u0641 \u062a\u0643\u0648\u0646 \u0642\u0627\u062f\u0631\u064b\u0627 \u0639\u0644\u0649 \u0631\u0624\u064a\u0629 \u0627\u0644\u0623\u0639\u0645\u0627\u0644 \u0648\u0627\u0644\u0645\u0633\u062a\u062c\u062f\u0627\u062a \u0627\u0644\u062a\u064a \u0646\u0642\u062f\u0645\u0647\u0627 \u0641\u064a\u0645\u0627 \u064a\u062a\u0639\u0644\u0642 \u0628\u0627\u0644\u0635\u0645\u0627\u0645\u0627\u062a \u062d\u062a\u0649 \u0627\u0644\u0622\u0646.","robots":{"index":"index","follow":"follow","max-snippet":"max-snippet:-1","max-image-preview":"max-image-preview:large","max-video-preview":"max-video-preview:-1"},"canonical":"https:\/\/www.ttvvalve.com\/ar\/\u0627\u0644\u0645\u0646\u0634\u0648\u0631\u0627\u062a\/","og_locale":"ar_AR","og_type":"article","og_title":"\u0627\u0644\u0645\u0646\u0634\u0648\u0631\u0627\u062a - TTV","og_description":"\u0627\u0637\u0644\u0639 \u0639\u0644\u0649 \u062c\u0645\u064a\u0639 \u0627\u0644\u0645\u0646\u0634\u0648\u0631\u0627\u062a \u0627\u0644\u0645\u0642\u062f\u0645\u0629 \u0645\u0646 \u062c\u0627\u0646\u0628\u0646\u0627\u060c \u0634\u0631\u0643\u0629 \u062a\u0643\u0646\u064a\u0643\u0627\u0633 \u062a\u0631\u0627\u0646\u0633\u0641\u0648\u0631\u0645\u0627\u0633\u064a\u0648\u0646\u0633 \u0627\u064a \u0628\u064a\u0646\u062a\u0627\u0633. \u0633\u0648\u0641 \u062a\u0643\u0648\u0646 \u0642\u0627\u062f\u0631\u064b\u0627 \u0639\u0644\u0649 \u0631\u0624\u064a\u0629 \u0627\u0644\u0623\u0639\u0645\u0627\u0644 \u0648\u0627\u0644\u0645\u0633\u062a\u062c\u062f\u0627\u062a \u0627\u0644\u062a\u064a \u0646\u0642\u062f\u0645\u0647\u0627 \u0641\u064a\u0645\u0627 \u064a\u062a\u0639\u0644\u0642 \u0628\u0627\u0644\u0635\u0645\u0627\u0645\u0627\u062a \u062d\u062a\u0649 \u0627\u0644\u0622\u0646.","og_url":"https:\/\/www.ttvvalve.com\/ar\/\u0627\u0644\u0645\u0646\u0634\u0648\u0631\u0627\u062a\/","og_site_name":"TTV","article_modified_time":"2023-08-08T07:15:07+00:00","twitter_card":"summary_large_image","twitter_misc":{"\u0648\u0642\u062a \u0627\u0644\u0642\u0631\u0627\u0621\u0629 \u0627\u0644\u0645\u064f\u0642\u062f\u0651\u0631":"1 \u062f\u0642\u064a\u0642\u0629"},"schema":{"@context":"https:\/\/schema.org","@graph":[{"@type":"WebPage","@id":"https:\/\/www.ttvvalve.com\/ar\/%d8%a7%d9%84%d9%85%d9%86%d8%b4%d9%88%d8%b1%d8%a7%d8%aa\/","url":"https:\/\/www.ttvvalve.com\/ar\/%d8%a7%d9%84%d9%85%d9%86%d8%b4%d9%88%d8%b1%d8%a7%d8%aa\/","name":"\u0627\u0644\u0645\u0646\u0634\u0648\u0631\u0627\u062a - TTV","isPartOf":{"@id":"https:\/\/www.ttvvalve.com\/#website"},"datePublished":"2022-05-11T08:12:44+00:00","dateModified":"2023-08-08T07:15:07+00:00","description":"\u0627\u0637\u0644\u0639 \u0639\u0644\u0649 \u062c\u0645\u064a\u0639 \u0627\u0644\u0645\u0646\u0634\u0648\u0631\u0627\u062a \u0627\u0644\u0645\u0642\u062f\u0645\u0629 \u0645\u0646 \u062c\u0627\u0646\u0628\u0646\u0627\u060c \u0634\u0631\u0643\u0629 \u062a\u0643\u0646\u064a\u0643\u0627\u0633 \u062a\u0631\u0627\u0646\u0633\u0641\u0648\u0631\u0645\u0627\u0633\u064a\u0648\u0646\u0633 \u0627\u064a \u0628\u064a\u0646\u062a\u0627\u0633. \u0633\u0648\u0641 \u062a\u0643\u0648\u0646 \u0642\u0627\u062f\u0631\u064b\u0627 \u0639\u0644\u0649 \u0631\u0624\u064a\u0629 \u0627\u0644\u0623\u0639\u0645\u0627\u0644 \u0648\u0627\u0644\u0645\u0633\u062a\u062c\u062f\u0627\u062a \u0627\u0644\u062a\u064a \u0646\u0642\u062f\u0645\u0647\u0627 \u0641\u064a\u0645\u0627 \u064a\u062a\u0639\u0644\u0642 \u0628\u0627\u0644\u0635\u0645\u0627\u0645\u0627\u062a \u062d\u062a\u0649 \u0627\u0644\u0622\u0646.","breadcrumb":{"@id":"https:\/\/www.ttvvalve.com\/ar\/%d8%a7%d9%84%d9%85%d9%86%d8%b4%d9%88%d8%b1%d8%a7%d8%aa\/#breadcrumb"},"inLanguage":"ar","potentialAction":[{"@type":"ReadAction","target":["https:\/\/www.ttvvalve.com\/ar\/%d8%a7%d9%84%d9%85%d9%86%d8%b4%d9%88%d8%b1%d8%a7%d8%aa\/"]}]},{"@type":"BreadcrumbList","@id":"https:\/\/www.ttvvalve.com\/ar\/%d8%a7%d9%84%d9%85%d9%86%d8%b4%d9%88%d8%b1%d8%a7%d8%aa\/#breadcrumb","itemListElement":[{"@type":"ListItem","position":1,"name":"Portada","item":"https:\/\/www.ttvvalve.com\/ar\/"},{"@type":"ListItem","position":2,"name":"\u0627\u0644\u0645\u0646\u0634\u0648\u0631\u0627\u062a"}]},{"@type":"WebSite","@id":"https:\/\/www.ttvvalve.com\/#website","url":"https:\/\/www.ttvvalve.com\/","name":"TTV","description":"Fabricaci\u00f3n y Distribuci\u00f3n de V\u00e1lvulas","publisher":{"@id":"https:\/\/www.ttvvalve.com\/#organization"},"potentialAction":[{"@type":"SearchAction","target":{"@type":"EntryPoint","urlTemplate":"https:\/\/www.ttvvalve.com\/?s={search_term_string}"},"query-input":{"@type":"PropertyValueSpecification","valueRequired":true,"valueName":"search_term_string"}}],"inLanguage":"ar"},{"@type":"Organization","@id":"https:\/\/www.ttvvalve.com\/#organization","name":"TTV","url":"https:\/\/www.ttvvalve.com\/","logo":{"@type":"ImageObject","inLanguage":"ar","@id":"https:\/\/www.ttvvalve.com\/#\/schema\/logo\/image\/","url":"https:\/\/www.ttvvalve.com\/wp-content\/uploads\/2022\/07\/logo-ttv-reducido.jpg","contentUrl":"https:\/\/www.ttvvalve.com\/wp-content\/uploads\/2022\/07\/logo-ttv-reducido.jpg","width":100,"height":58,"caption":"TTV"},"image":{"@id":"https:\/\/www.ttvvalve.com\/#\/schema\/logo\/image\/"}}]}},"_links":{"self":[{"href":"https:\/\/www.ttvvalve.com\/ar\/wp-json\/wp\/v2\/pages\/1406","targetHints":{"allow":["GET"]}}],"collection":[{"href":"https:\/\/www.ttvvalve.com\/ar\/wp-json\/wp\/v2\/pages"}],"about":[{"href":"https:\/\/www.ttvvalve.com\/ar\/wp-json\/wp\/v2\/types\/page"}],"author":[{"embeddable":true,"href":"https:\/\/www.ttvvalve.com\/ar\/wp-json\/wp\/v2\/users\/1"}],"replies":[{"embeddable":true,"href":"https:\/\/www.ttvvalve.com\/ar\/wp-json\/wp\/v2\/comments?post=1406"}],"version-history":[{"count":8,"href":"https:\/\/www.ttvvalve.com\/ar\/wp-json\/wp\/v2\/pages\/1406\/revisions"}],"predecessor-version":[{"id":4262,"href":"https:\/\/www.ttvvalve.com\/ar\/wp-json\/wp\/v2\/pages\/1406\/revisions\/4262"}],"wp:attachment":[{"href":"https:\/\/www.ttvvalve.com\/ar\/wp-json\/wp\/v2\/media?parent=1406"}],"curies":[{"name":"wp","href":"https:\/\/api.w.org\/{rel}","templated":true}]}}